{"id":1086,"date":"2021-06-04T22:25:57","date_gmt":"2021-06-05T04:25:57","guid":{"rendered":"https:\/\/marcon-services.com\/inicio\/?page_id=1086"},"modified":"2024-06-12T16:12:21","modified_gmt":"2024-06-12T22:12:21","slug":"productos-para-la-industria-postimpresion","status":"publish","type":"page","link":"https:\/\/marcon-services.com\/inicio\/es_co\/productos-para-la-industria-postimpresion\/","title":{"rendered":"Productos para la industria postimpresi\u00f3n"},"content":{"rendered":"<h3>CUCHILLOS Y HERRAMIENTAS DE CORTE PARA LA INDUSTRIA DE LA POSIMPRESI\u00d3N<\/h3>\n\n\n<div data-aos= \"zoom-in-down\" data-aos-duration=\"400\" data-aos-delay=\"0\" data-aos-easing=\"ease\" data-aos-once=\"true\" class=\"wp-block-uagb-container uagb-block-dce96173 alignfull uagb-is-root-container\"><div class=\"uagb-container-inner-blocks-wrap\">\n<div class=\"wp-block-uagb-container uagb-block-f962c851\">\n<div class=\"wp-block-uagb-image aligncenter uagb-block-a9c83a9e wp-block-uagb-image--layout-overlay wp-block-uagb-image--effect-zoomin wp-block-uagb-image--align-center\"><figure class=\"wp-block-uagb-image__figure\"><a class=\"\" href=\"https:\/\/marcon-services.com\/inicio\/es_co\/cuchillas-para-cortar-papel\/\" target=\"\" rel=\"noopener\"><img decoding=\"async\" srcset=\"https:\/\/marcon-services.com\/wp-content\/uploads\/2021\/06\/cuchillasparacortarpapel.png ,https:\/\/marcon-services.com\/wp-content\/uploads\/2021\/06\/cuchillasparacortarpapel.png 780w, https:\/\/marcon-services.com\/wp-content\/uploads\/2021\/06\/cuchillasparacortarpapel.png 360w\" sizes=\"(max-width: 480px) 150px\" src=\"https:\/\/marcon-services.com\/wp-content\/uploads\/2021\/06\/cuchillasparacortarpapel.png\" alt=\"cuchillas para cortar papel\" class=\"uag-image-1226\" width=\"800\" height=\"179\" title=\"cuchillasparacortarpapel\" loading=\"lazy\" role=\"img\"\/><\/a><div class=\"wp-block-uagb-image--layout-overlay__color-wrapper\"><\/div><div class=\"wp-block-uagb-image--layout-overlay__inner center-center\"><a class=\"wp-block-uagb-image--layout-overlay-link\" href=\"https:\/\/marcon-services.com\/inicio\/es_co\/cuchillas-para-cortar-papel\/\" target=\"\" rel=\"noopener\"><\/a><h2 class=\"uagb-image-heading\">Cuchillas para cortar papel<\/h2><\/div><\/figure><\/div>\n<\/div>\n\n\n\n<div class=\"wp-block-uagb-container uagb-block-56d6745f\">\n<div class=\"wp-block-uagb-image aligncenter uagb-block-4426b933 wp-block-uagb-image--layout-overlay wp-block-uagb-image--effect-zoomin wp-block-uagb-image--align-center\"><figure class=\"wp-block-uagb-image__figure\"><a class=\"\" href=\"https:\/\/marcon-services.com\/inicio\/es_co\/cuchillas-de-corte-de-tres-vias\/\" target=\"\" rel=\"noopener\"><img decoding=\"async\" srcset=\"https:\/\/marcon-services.com\/wp-content\/uploads\/2021\/06\/cuchillasrecortadorasdetresvias-150x150.png ,https:\/\/marcon-services.com\/wp-content\/uploads\/2021\/06\/cuchillasrecortadorasdetresvias.png 780w, https:\/\/marcon-services.com\/wp-content\/uploads\/2021\/06\/cuchillasrecortadorasdetresvias.png 360w\" sizes=\"(max-width: 480px) 150px\" src=\"https:\/\/marcon-services.com\/wp-content\/uploads\/2021\/06\/cuchillasrecortadorasdetresvias-150x150.png\" alt=\"cuchillas de corte de 3 v\u00edas\" class=\"uag-image-1230\" width=\"800\" height=\"179\" title=\"cuchillasrecortadorasdetresvias\" loading=\"lazy\" role=\"img\"\/><\/a><div class=\"wp-block-uagb-image--layout-overlay__color-wrapper\"><\/div><div class=\"wp-block-uagb-image--layout-overlay__inner center-center\"><a class=\"wp-block-uagb-image--layout-overlay-link\" href=\"https:\/\/marcon-services.com\/inicio\/es_co\/cuchillas-de-corte-de-tres-vias\/\" target=\"\" rel=\"noopener\"><\/a><h2 class=\"uagb-image-heading\">Cuchillas corte tres v\u00edas<\/h2><\/div><\/figure><\/div>\n<\/div>\n\n\n\n<div class=\"wp-block-uagb-container uagb-block-d752409e\">\n<div class=\"wp-block-uagb-image aligncenter uagb-block-4e9b31d8 wp-block-uagb-image--layout-overlay wp-block-uagb-image--effect-zoomin wp-block-uagb-image--align-center\"><figure class=\"wp-block-uagb-image__figure\"><a class=\"\" href=\"https:\/\/marcon-services.com\/inicio\/es_co\/cuchillas-cortadoras-rotativas\/\" target=\"\" rel=\"noopener\"><img decoding=\"async\" srcset=\"https:\/\/marcon-services.com\/wp-content\/uploads\/2021\/06\/cuchillascortadorasrotativas.png ,https:\/\/marcon-services.com\/wp-content\/uploads\/2021\/06\/cuchillascortadorasrotativas.png 780w, https:\/\/marcon-services.com\/wp-content\/uploads\/2021\/06\/cuchillascortadorasrotativas.png 360w\" sizes=\"(max-width: 480px) 150px\" src=\"https:\/\/marcon-services.com\/wp-content\/uploads\/2021\/06\/cuchillascortadorasrotativas.png\" alt=\"cuchillas cortadoras rotativas\" class=\"uag-image-1235\" width=\"800\" height=\"179\" title=\"cuchillascortadorasrotativas\" loading=\"lazy\" role=\"img\"\/><\/a><div class=\"wp-block-uagb-image--layout-overlay__color-wrapper\"><\/div><div class=\"wp-block-uagb-image--layout-overlay__inner center-center\"><a class=\"wp-block-uagb-image--layout-overlay-link\" href=\"https:\/\/marcon-services.com\/inicio\/es_co\/cuchillas-cortadoras-rotativas\/\" target=\"\" rel=\"noopener\"><\/a><h2 class=\"uagb-image-heading\">Cuchillas cortadoras rotativas<\/h2><\/div><\/figure><\/div>\n<\/div>\n\n\n\n<div class=\"wp-block-uagb-container uagb-block-add0d971\">\n<div class=\"wp-block-uagb-image aligncenter uagb-block-241a5538 wp-block-uagb-image--layout-overlay wp-block-uagb-image--effect-zoomin wp-block-uagb-image--align-center\"><figure class=\"wp-block-uagb-image__figure\"><a class=\"\" href=\"https:\/\/marcon-services.com\/inicio\/es_co\/cuchillas-cortadoras\/\" target=\"\" rel=\"noopener\"><img decoding=\"async\" srcset=\"https:\/\/marcon-services.com\/wp-content\/uploads\/2021\/06\/cuchillascortadoras-1024x872.gif ,https:\/\/marcon-services.com\/wp-content\/uploads\/2021\/06\/cuchillascortadoras-1024x872.gif 780w, https:\/\/marcon-services.com\/wp-content\/uploads\/2021\/06\/cuchillascortadoras.gif 360w\" sizes=\"(max-width: 480px) 150px\" src=\"https:\/\/marcon-services.com\/wp-content\/uploads\/2021\/06\/cuchillascortadoras-1024x872.gif\" alt=\"cuchillas cortadoras\" class=\"uag-image-1239\" width=\"1024\" height=\"178\" title=\"cuchillascortadoras\" loading=\"lazy\" role=\"img\"\/><\/a><div class=\"wp-block-uagb-image--layout-overlay__color-wrapper\"><\/div><div class=\"wp-block-uagb-image--layout-overlay__inner center-center\"><a class=\"wp-block-uagb-image--layout-overlay-link\" href=\"https:\/\/marcon-services.com\/inicio\/es_co\/cuchillas-cortadoras\/\" target=\"\" rel=\"noopener\"><\/a><h2 class=\"uagb-image-heading\">Cuchillas cortadoras<\/h2><\/div><\/figure><\/div>\n<\/div>\n<\/div><\/div>","protected":false},"excerpt":{"rendered":"<p>CUCHILLOS Y HERRAMIENTAS DE CORTE PARA LA INDUSTRIA DE LA POSIMPRESI\u00d3N<\/p>","protected":false},"author":2,"featured_media":1087,"parent":0,"menu_order":0,"comment_status":"closed","ping_status":"closed","template":"","meta":{"_uag_custom_page_level_css":"","site-sidebar-layout":"no-sidebar","site-content-layout":"plain-container","ast-site-content-layout":"normal-width-container","site-content-style":"unboxed","site-sidebar-style":"unboxed","ast-global-header-display":"","ast-banner-title-visibility":"","ast-main-header-display":"","ast-hfb-above-header-display":"","ast-hfb-below-header-display":"","ast-hfb-mobile-header-display":"","site-post-title":"disabled","ast-breadcrumbs-content":"","ast-featured-img":"disabled","footer-sml-layout":"","theme-transparent-header-meta":"","adv-header-id-meta":"","stick-header-meta":"","header-above-stick-meta":"","header-main-stick-meta":"","header-below-stick-meta":"","astra-migrate-meta-layouts":"set","ast-page-background-enabled":"default","ast-page-background-meta":{"desktop":{"background-color":"var(--ast-global-color-4)","background-image":"","background-repeat":"repeat","background-position":"center center","background-size":"auto","background-attachment":"scroll","background-type":"","background-media":"","overlay-type":"","overlay-color":"","overlay-opacity":"","overlay-gradient":""},"tablet":{"background-color":"","background-image":"","background-repeat":"repeat","background-position":"center center","background-size":"auto","background-attachment":"scroll","background-type":"","background-media":"","overlay-type":"","overlay-color":"","overlay-opacity":"","overlay-gradient":""},"mobile":{"background-color":"","background-image":"","background-repeat":"repeat","background-position":"center center","background-size":"auto","background-attachment":"scroll","background-type":"","background-media":"","overlay-type":"","overlay-color":"","overlay-opacity":"","overlay-gradient":""}},"ast-content-background-meta":{"desktop":{"background-color":"var(--ast-global-color-5)","background-image":"","background-repeat":"repeat","background-position":"center center","background-size":"auto","background-attachment":"scroll","background-type":"","background-media":"","overlay-type":"","overlay-color":"","overlay-opacity":"","overlay-gradient":""},"tablet":{"background-color":"var(--ast-global-color-5)","background-image":"","background-repeat":"repeat","background-position":"center center","background-size":"auto","background-attachment":"scroll","background-type":"","background-media":"","overlay-type":"","overlay-color":"","overlay-opacity":"","overlay-gradient":""},"mobile":{"background-color":"var(--ast-global-color-5)","background-image":"","background-repeat":"repeat","background-position":"center center","background-size":"auto","background-attachment":"scroll","background-type":"","background-media":"","overlay-type":"","overlay-color":"","overlay-opacity":"","overlay-gradient":""}},"footnotes":""},"yoast_head":"<!-- This site is optimized with the Yoast SEO plugin v23.8 - https:\/\/yoast.com\/wordpress\/plugins\/seo\/ -->\n<title>Productos para la industria postimpresi\u00f3n - Marcon Soluciones Para Impresores<\/title>\n<meta name=\"robots\" content=\"index, follow, max-snippet:-1, max-image-preview:large, max-video-preview:-1\" \/>\n<link rel=\"canonical\" href=\"https:\/\/marcon-services.com\/inicio\/es_co\/productos-para-la-industria-postimpresion\/\" \/>\n<meta property=\"og:locale\" content=\"es_ES\" \/>\n<meta property=\"og:type\" content=\"article\" \/>\n<meta property=\"og:title\" content=\"Productos para la industria postimpresi\u00f3n - Marcon Soluciones Para Impresores\" \/>\n<meta property=\"og:description\" content=\"CUCHILLOS Y HERRAMIENTAS DE CORTE PARA LA INDUSTRIA DE LA POSIMPRESI\u00d3N\" \/>\n<meta property=\"og:url\" content=\"https:\/\/marcon-services.com\/inicio\/es_co\/productos-para-la-industria-postimpresion\/\" \/>\n<meta property=\"og:site_name\" content=\"Marcon Soluciones Para Impresores\" \/>\n<meta property=\"article:modified_time\" content=\"2024-06-12T22:12:21+00:00\" \/>\n<meta property=\"og:image\" content=\"https:\/\/marcon-services.com\/wp-content\/uploads\/2021\/06\/postpress.png\" \/>\n\t<meta property=\"og:image:width\" content=\"437\" \/>\n\t<meta property=\"og:image:height\" content=\"368\" \/>\n\t<meta property=\"og:image:type\" content=\"image\/png\" \/>\n<meta name=\"twitter:card\" content=\"summary_large_image\" \/>\n<script type=\"application\/ld+json\" class=\"yoast-schema-graph\">{\"@context\":\"https:\/\/schema.org\",\"@graph\":[{\"@type\":\"WebPage\",\"@id\":\"https:\/\/marcon-services.com\/inicio\/productos-para-la-industria-postimpresion\/\",\"url\":\"https:\/\/marcon-services.com\/inicio\/productos-para-la-industria-postimpresion\/\",\"name\":\"Productos para la industria postimpresi\u00f3n - Marcon Soluciones Para Impresores\",\"isPartOf\":{\"@id\":\"https:\/\/marcon-services.com\/inicio\/#website\"},\"primaryImageOfPage\":{\"@id\":\"https:\/\/marcon-services.com\/inicio\/productos-para-la-industria-postimpresion\/#primaryimage\"},\"image\":{\"@id\":\"https:\/\/marcon-services.com\/inicio\/productos-para-la-industria-postimpresion\/#primaryimage\"},\"thumbnailUrl\":\"https:\/\/marcon-services.com\/wp-content\/uploads\/2021\/06\/postpress.png\",\"datePublished\":\"2021-06-05T04:25:57+00:00\",\"dateModified\":\"2024-06-12T22:12:21+00:00\",\"breadcrumb\":{\"@id\":\"https:\/\/marcon-services.com\/inicio\/productos-para-la-industria-postimpresion\/#breadcrumb\"},\"inLanguage\":\"es-CO\",\"potentialAction\":[{\"@type\":\"ReadAction\",\"target\":[\"https:\/\/marcon-services.com\/inicio\/productos-para-la-industria-postimpresion\/\"]}]},{\"@type\":\"ImageObject\",\"inLanguage\":\"es-CO\",\"@id\":\"https:\/\/marcon-services.com\/inicio\/productos-para-la-industria-postimpresion\/#primaryimage\",\"url\":\"https:\/\/marcon-services.com\/wp-content\/uploads\/2021\/06\/postpress.png\",\"contentUrl\":\"https:\/\/marcon-services.com\/wp-content\/uploads\/2021\/06\/postpress.png\",\"width\":437,\"height\":368,\"caption\":\"postpress\"},{\"@type\":\"BreadcrumbList\",\"@id\":\"https:\/\/marcon-services.com\/inicio\/productos-para-la-industria-postimpresion\/#breadcrumb\",\"itemListElement\":[{\"@type\":\"ListItem\",\"position\":1,\"name\":\"Inicio\",\"item\":\"https:\/\/marcon-services.com\/inicio\/\"},{\"@type\":\"ListItem\",\"position\":2,\"name\":\"Productos para la industria postimpresi\u00f3n\"}]},{\"@type\":\"WebSite\",\"@id\":\"https:\/\/marcon-services.com\/inicio\/#website\",\"url\":\"https:\/\/marcon-services.com\/inicio\/\",\"name\":\"Marcon Soluciones Para Impresores\",\"description\":\"Somos una empresa din\u00e1mica fundada en el 2006 enfocada a la industria gr\u00e1fica, pl\u00e1stica, rotograbado, textil y de empaque.  En MARCON representamos y distribuimos oficialmente en M\u00e9xico y Latinoam\u00e9rica marcas l\u00edderes en el mercado de impresi\u00f3n y pl\u00e1stico.\",\"publisher\":{\"@id\":\"https:\/\/marcon-services.com\/inicio\/#organization\"},\"potentialAction\":[{\"@type\":\"SearchAction\",\"target\":{\"@type\":\"EntryPoint\",\"urlTemplate\":\"https:\/\/marcon-services.com\/inicio\/?s={search_term_string}\"},\"query-input\":{\"@type\":\"PropertyValueSpecification\",\"valueRequired\":true,\"valueName\":\"search_term_string\"}}],\"inLanguage\":\"es-CO\"},{\"@type\":\"Organization\",\"@id\":\"https:\/\/marcon-services.com\/inicio\/#organization\",\"name\":\"Marcon Soluciones Para Impresores\",\"url\":\"https:\/\/marcon-services.com\/inicio\/\",\"logo\":{\"@type\":\"ImageObject\",\"inLanguage\":\"es-CO\",\"@id\":\"https:\/\/marcon-services.com\/inicio\/#\/schema\/logo\/image\/\",\"url\":\"https:\/\/marcon-services.com\/wp-content\/uploads\/2021\/10\/LOGO-marcon-soluciones-sin-fondo-1.png\",\"contentUrl\":\"https:\/\/marcon-services.com\/wp-content\/uploads\/2021\/10\/LOGO-marcon-soluciones-sin-fondo-1.png\",\"width\":2872,\"height\":805,\"caption\":\"Marcon Soluciones Para Impresores\"},\"image\":{\"@id\":\"https:\/\/marcon-services.com\/inicio\/#\/schema\/logo\/image\/\"}}]}<\/script>\n<!-- \/ Yoast SEO plugin. -->","yoast_head_json":{"title":"Productos para la industria postimpresi\u00f3n - Marcon Soluciones Para Impresores","robots":{"index":"index","follow":"follow","max-snippet":"max-snippet:-1","max-image-preview":"max-image-preview:large","max-video-preview":"max-video-preview:-1"},"canonical":"https:\/\/marcon-services.com\/inicio\/es_co\/productos-para-la-industria-postimpresion\/","og_locale":"es_ES","og_type":"article","og_title":"Productos para la industria postimpresi\u00f3n - Marcon Soluciones Para Impresores","og_description":"CUCHILLOS Y HERRAMIENTAS DE CORTE PARA LA INDUSTRIA DE LA POSIMPRESI\u00d3N","og_url":"https:\/\/marcon-services.com\/inicio\/es_co\/productos-para-la-industria-postimpresion\/","og_site_name":"Marcon Soluciones Para Impresores","article_modified_time":"2024-06-12T22:12:21+00:00","og_image":[{"width":437,"height":368,"url":"https:\/\/marcon-services.com\/wp-content\/uploads\/2021\/06\/postpress.png","type":"image\/png"}],"twitter_card":"summary_large_image","schema":{"@context":"https:\/\/schema.org","@graph":[{"@type":"WebPage","@id":"https:\/\/marcon-services.com\/inicio\/productos-para-la-industria-postimpresion\/","url":"https:\/\/marcon-services.com\/inicio\/productos-para-la-industria-postimpresion\/","name":"Productos para la industria postimpresi\u00f3n - Marcon Soluciones Para Impresores","isPartOf":{"@id":"https:\/\/marcon-services.com\/inicio\/#website"},"primaryImageOfPage":{"@id":"https:\/\/marcon-services.com\/inicio\/productos-para-la-industria-postimpresion\/#primaryimage"},"image":{"@id":"https:\/\/marcon-services.com\/inicio\/productos-para-la-industria-postimpresion\/#primaryimage"},"thumbnailUrl":"https:\/\/marcon-services.com\/wp-content\/uploads\/2021\/06\/postpress.png","datePublished":"2021-06-05T04:25:57+00:00","dateModified":"2024-06-12T22:12:21+00:00","breadcrumb":{"@id":"https:\/\/marcon-services.com\/inicio\/productos-para-la-industria-postimpresion\/#breadcrumb"},"inLanguage":"es-CO","potentialAction":[{"@type":"ReadAction","target":["https:\/\/marcon-services.com\/inicio\/productos-para-la-industria-postimpresion\/"]}]},{"@type":"ImageObject","inLanguage":"es-CO","@id":"https:\/\/marcon-services.com\/inicio\/productos-para-la-industria-postimpresion\/#primaryimage","url":"https:\/\/marcon-services.com\/wp-content\/uploads\/2021\/06\/postpress.png","contentUrl":"https:\/\/marcon-services.com\/wp-content\/uploads\/2021\/06\/postpress.png","width":437,"height":368,"caption":"postpress"},{"@type":"BreadcrumbList","@id":"https:\/\/marcon-services.com\/inicio\/productos-para-la-industria-postimpresion\/#breadcrumb","itemListElement":[{"@type":"ListItem","position":1,"name":"Inicio","item":"https:\/\/marcon-services.com\/inicio\/"},{"@type":"ListItem","position":2,"name":"Productos para la industria postimpresi\u00f3n"}]},{"@type":"WebSite","@id":"https:\/\/marcon-services.com\/inicio\/#website","url":"https:\/\/marcon-services.com\/inicio\/","name":"Marcon Soluciones Para Impresores","description":"Somos una empresa din\u00e1mica fundada en el 2006 enfocada a la industria gr\u00e1fica, pl\u00e1stica, rotograbado, textil y de empaque.  En MARCON representamos y distribuimos oficialmente en M\u00e9xico y Latinoam\u00e9rica marcas l\u00edderes en el mercado de impresi\u00f3n y pl\u00e1stico.","publisher":{"@id":"https:\/\/marcon-services.com\/inicio\/#organization"},"potentialAction":[{"@type":"SearchAction","target":{"@type":"EntryPoint","urlTemplate":"https:\/\/marcon-services.com\/inicio\/?s={search_term_string}"},"query-input":{"@type":"PropertyValueSpecification","valueRequired":true,"valueName":"search_term_string"}}],"inLanguage":"es-CO"},{"@type":"Organization","@id":"https:\/\/marcon-services.com\/inicio\/#organization","name":"Marcon Soluciones Para Impresores","url":"https:\/\/marcon-services.com\/inicio\/","logo":{"@type":"ImageObject","inLanguage":"es-CO","@id":"https:\/\/marcon-services.com\/inicio\/#\/schema\/logo\/image\/","url":"https:\/\/marcon-services.com\/wp-content\/uploads\/2021\/10\/LOGO-marcon-soluciones-sin-fondo-1.png","contentUrl":"https:\/\/marcon-services.com\/wp-content\/uploads\/2021\/10\/LOGO-marcon-soluciones-sin-fondo-1.png","width":2872,"height":805,"caption":"Marcon Soluciones Para Impresores"},"image":{"@id":"https:\/\/marcon-services.com\/inicio\/#\/schema\/logo\/image\/"}}]}},"uagb_featured_image_src":{"full":["https:\/\/marcon-services.com\/wp-content\/uploads\/2021\/06\/postpress.png",437,368,false],"thumbnail":["https:\/\/marcon-services.com\/wp-content\/uploads\/2021\/06\/postpress-150x150.png",150,150,true],"medium":["https:\/\/marcon-services.com\/wp-content\/uploads\/2021\/06\/postpress-300x253.png",300,253,true],"medium_large":["https:\/\/marcon-services.com\/wp-content\/uploads\/2021\/06\/postpress.png",437,368,false],"large":["https:\/\/marcon-services.com\/wp-content\/uploads\/2021\/06\/postpress.png",437,368,false],"1536x1536":["https:\/\/marcon-services.com\/wp-content\/uploads\/2021\/06\/postpress.png",437,368,false],"2048x2048":["https:\/\/marcon-services.com\/wp-content\/uploads\/2021\/06\/postpress.png",437,368,false],"trp-custom-language-flag":["https:\/\/marcon-services.com\/wp-content\/uploads\/2021\/06\/postpress.png",14,12,false]},"uagb_author_info":{"display_name":"marcons-web","author_link":"https:\/\/marcon-services.com\/inicio\/es_co\/author\/osvaldo\/"},"uagb_comment_info":0,"uagb_excerpt":"CUCHILLOS Y HERRAMIENTAS DE CORTE PARA LA INDUSTRIA DE LA POSIMPRESI\u00d3N","_links":{"self":[{"href":"https:\/\/marcon-services.com\/inicio\/es_co\/wp-json\/wp\/v2\/pages\/1086"}],"collection":[{"href":"https:\/\/marcon-services.com\/inicio\/es_co\/wp-json\/wp\/v2\/pages"}],"about":[{"href":"https:\/\/marcon-services.com\/inicio\/es_co\/wp-json\/wp\/v2\/types\/page"}],"author":[{"embeddable":true,"href":"https:\/\/marcon-services.com\/inicio\/es_co\/wp-json\/wp\/v2\/users\/2"}],"replies":[{"embeddable":true,"href":"https:\/\/marcon-services.com\/inicio\/es_co\/wp-json\/wp\/v2\/comments?post=1086"}],"version-history":[{"count":24,"href":"https:\/\/marcon-services.com\/inicio\/es_co\/wp-json\/wp\/v2\/pages\/1086\/revisions"}],"predecessor-version":[{"id":2471,"href":"https:\/\/marcon-services.com\/inicio\/es_co\/wp-json\/wp\/v2\/pages\/1086\/revisions\/2471"}],"wp:featuredmedia":[{"embeddable":true,"href":"https:\/\/marcon-services.com\/inicio\/es_co\/wp-json\/wp\/v2\/media\/1087"}],"wp:attachment":[{"href":"https:\/\/marcon-services.com\/inicio\/es_co\/wp-json\/wp\/v2\/media?parent=1086"}],"curies":[{"name":"wp","href":"https:\/\/api.w.org\/{rel}","templated":true}]}}