{"id":1111,"date":"2021-06-04T23:10:47","date_gmt":"2021-06-05T05:10:47","guid":{"rendered":"https:\/\/marcon-services.com\/inicio\/?page_id=1111"},"modified":"2024-06-11T19:28:10","modified_gmt":"2024-06-12T01:28:10","slug":"multi-groove-knife-blocks","status":"publish","type":"page","link":"https:\/\/marcon-services.com\/inicio\/es_co\/multi-groove-knife-blocks\/","title":{"rendered":"Bloques de cuchillas de ranuras m\u00faltiples"},"content":{"rendered":"<div data-aos= \"zoom-in-down\" data-aos-duration=\"400\" data-aos-delay=\"0\" data-aos-easing=\"ease\" data-aos-once=\"true\" class=\"wp-block-uagb-container uagb-block-ffeb6cc8 alignfull uagb-is-root-container\"><div class=\"uagb-container-inner-blocks-wrap\">\n<div class=\"wp-block-uagb-container uagb-block-dfd454f2\">\n<div class=\"wp-block-uagb-container uagb-block-9bda2834\">\n<div class=\"wp-block-uagb-image uagb-block-885d94c5 wp-block-uagb-image--layout-default wp-block-uagb-image--effect-static wp-block-uagb-image--align-none\"><figure class=\"wp-block-uagb-image__figure\"><img decoding=\"async\" srcset=\"https:\/\/marcon-services.com\/wp-content\/uploads\/2021\/06\/Messerbuchsen.png ,https:\/\/marcon-services.com\/wp-content\/uploads\/2021\/06\/Messerbuchsen.png 780w, https:\/\/marcon-services.com\/wp-content\/uploads\/2021\/06\/Messerbuchsen.png 360w\" sizes=\"(max-width: 480px) 150px\" src=\"https:\/\/marcon-services.com\/wp-content\/uploads\/2021\/06\/Messerbuchsen.png\" alt=\"Bloques de cuchillas de ranuras m\u00faltiples\" class=\"uag-image-1109\" width=\"800\" height=\"666\" title=\"Messerb\u00fcchsen\" loading=\"lazy\" role=\"img\"\/><\/figure><\/div>\n<\/div>\n\n\n\n<div class=\"wp-block-uagb-container uagb-block-93b3edb9\">\n<p>Los bloques de cuchillas de ranuras m\u00faltiples TKM para amoladoras est\u00e1n disponibles para los siguientes fabricantes de m\u00e1quinas:<\/p>\n\n\n\n<figure class=\"wp-block-table\"><table><tbody><tr><td>\u2714 Kampf<\/td><td>&nbsp;<\/td><\/tr><tr><td>\u2714 G\u00f6bel<\/td><td>&nbsp;<\/td><\/tr><tr><td>y otros<\/td><\/tr><\/tbody><\/table><\/figure>\n\n\n\n<h4 class=\"wp-block-heading\">Caracter\u00edsticas t\u00e9cnicas especiales<\/h4>\n\n\n\n<ul>\n<li>Diferentes grados disponibles (acero para herramientas, acero cromado, etc.)<\/li>\n\n\n\n<li>Bloques de cuchillas de ranuras m\u00faltiples hasta \u00d8 500 mm<\/li>\n\n\n\n<li>Excentricidad radial 0.02 mm Excentricidad axial 0.02 mm<\/li>\n\n\n\n<li>Posibilidad de tolerancias estrechas del paso de los dientes hasta +\/- 0,01 mm<\/li>\n\n\n\n<li>Producci\u00f3n seg\u00fan especificaci\u00f3n OEM<\/li>\n\n\n\n<li>El servicio de rectificado TKM garantiza la reproducibilidad de la calidad del bloque de cuchillas de m\u00faltiples ranuras del nivel inicial del equipo.<\/li>\n<\/ul>\n<\/div>\n<\/div>\n\n\n\n<figure class=\"wp-block-image aligncenter\"><img decoding=\"async\" src=\"https:\/\/www.tkmgroup.com\/hubfs\/grafik-png-Oct-07-2020-09-41-53-58-AM.png\" alt=\"\"\/><\/figure>\n<\/div><\/div>","protected":false},"excerpt":{"rendered":"<p>Los bloques de cuchillas de ranuras m\u00faltiples TKM para amoladoras est\u00e1n disponibles para los siguientes fabricantes de m\u00e1quinas: \u2714 Kampf &nbsp; \u2714 G\u00f6bel &nbsp; y otros Caracter\u00edsticas t\u00e9cnicas especiales<\/p>","protected":false},"author":2,"featured_media":1109,"parent":0,"menu_order":0,"comment_status":"closed","ping_status":"closed","template":"","meta":{"_uag_custom_page_level_css":"","site-sidebar-layout":"no-sidebar","site-content-layout":"plain-container","ast-site-content-layout":"normal-width-container","site-content-style":"unboxed","site-sidebar-style":"unboxed","ast-global-header-display":"","ast-banner-title-visibility":"","ast-main-header-display":"","ast-hfb-above-header-display":"","ast-hfb-below-header-display":"","ast-hfb-mobile-header-display":"","site-post-title":"disabled","ast-breadcrumbs-content":"","ast-featured-img":"disabled","footer-sml-layout":"","theme-transparent-header-meta":"","adv-header-id-meta":"","stick-header-meta":"","header-above-stick-meta":"","header-main-stick-meta":"","header-below-stick-meta":"","astra-migrate-meta-layouts":"set","ast-page-background-enabled":"default","ast-page-background-meta":{"desktop":{"background-color":"var(--ast-global-color-4)","background-image":"","background-repeat":"repeat","background-position":"center center","background-size":"auto","background-attachment":"scroll","background-type":"","background-media":"","overlay-type":"","overlay-color":"","overlay-opacity":"","overlay-gradient":""},"tablet":{"background-color":"","background-image":"","background-repeat":"repeat","background-position":"center center","background-size":"auto","background-attachment":"scroll","background-type":"","background-media":"","overlay-type":"","overlay-color":"","overlay-opacity":"","overlay-gradient":""},"mobile":{"background-color":"","background-image":"","background-repeat":"repeat","background-position":"center center","background-size":"auto","background-attachment":"scroll","background-type":"","background-media":"","overlay-type":"","overlay-color":"","overlay-opacity":"","overlay-gradient":""}},"ast-content-background-meta":{"desktop":{"background-color":"var(--ast-global-color-5)","background-image":"","background-repeat":"repeat","background-position":"center center","background-size":"auto","background-attachment":"scroll","background-type":"","background-media":"","overlay-type":"","overlay-color":"","overlay-opacity":"","overlay-gradient":""},"tablet":{"background-color":"var(--ast-global-color-5)","background-image":"","background-repeat":"repeat","background-position":"center center","background-size":"auto","background-attachment":"scroll","background-type":"","background-media":"","overlay-type":"","overlay-color":"","overlay-opacity":"","overlay-gradient":""},"mobile":{"background-color":"var(--ast-global-color-5)","background-image":"","background-repeat":"repeat","background-position":"center center","background-size":"auto","background-attachment":"scroll","background-type":"","background-media":"","overlay-type":"","overlay-color":"","overlay-opacity":"","overlay-gradient":""}},"footnotes":""},"yoast_head":"<!-- This site is optimized with the Yoast SEO plugin v23.8 - https:\/\/yoast.com\/wordpress\/plugins\/seo\/ -->\n<title>Bloques de cuchillas de ranuras m\u00faltiples - Marcon Soluciones Para Impresores<\/title>\n<meta name=\"robots\" content=\"index, follow, max-snippet:-1, max-image-preview:large, max-video-preview:-1\" \/>\n<link rel=\"canonical\" href=\"https:\/\/marcon-services.com\/inicio\/es_co\/multi-groove-knife-blocks\/\" \/>\n<meta property=\"og:locale\" content=\"es_ES\" \/>\n<meta property=\"og:type\" content=\"article\" \/>\n<meta property=\"og:title\" content=\"Bloques de cuchillas de ranuras m\u00faltiples - Marcon Soluciones Para Impresores\" \/>\n<meta property=\"og:description\" content=\"Los bloques de cuchillas de ranuras m\u00faltiples TKM para amoladoras est\u00e1n disponibles para los siguientes fabricantes de m\u00e1quinas: \u2714 Kampf &nbsp; \u2714 G\u00f6bel &nbsp; y otros Caracter\u00edsticas t\u00e9cnicas especiales\" \/>\n<meta property=\"og:url\" content=\"https:\/\/marcon-services.com\/inicio\/es_co\/multi-groove-knife-blocks\/\" \/>\n<meta property=\"og:site_name\" content=\"Marcon Soluciones Para Impresores\" \/>\n<meta property=\"article:modified_time\" content=\"2024-06-12T01:28:10+00:00\" \/>\n<meta property=\"og:image\" content=\"https:\/\/marcon-services.com\/wp-content\/uploads\/2021\/06\/Messerbuchsen.png\" \/>\n\t<meta property=\"og:image:width\" content=\"800\" \/>\n\t<meta property=\"og:image:height\" content=\"666\" \/>\n\t<meta property=\"og:image:type\" content=\"image\/png\" \/>\n<meta name=\"twitter:card\" content=\"summary_large_image\" \/>\n<meta name=\"twitter:label1\" content=\"Tiempo de lectura\" \/>\n\t<meta name=\"twitter:data1\" content=\"1 minuto\" \/>\n<script type=\"application\/ld+json\" class=\"yoast-schema-graph\">{\"@context\":\"https:\/\/schema.org\",\"@graph\":[{\"@type\":\"WebPage\",\"@id\":\"https:\/\/marcon-services.com\/inicio\/multi-groove-knife-blocks\/\",\"url\":\"https:\/\/marcon-services.com\/inicio\/multi-groove-knife-blocks\/\",\"name\":\"Bloques de cuchillas de ranuras m\u00faltiples - Marcon Soluciones Para Impresores\",\"isPartOf\":{\"@id\":\"https:\/\/marcon-services.com\/inicio\/#website\"},\"primaryImageOfPage\":{\"@id\":\"https:\/\/marcon-services.com\/inicio\/multi-groove-knife-blocks\/#primaryimage\"},\"image\":{\"@id\":\"https:\/\/marcon-services.com\/inicio\/multi-groove-knife-blocks\/#primaryimage\"},\"thumbnailUrl\":\"https:\/\/marcon-services.com\/wp-content\/uploads\/2021\/06\/Messerbuchsen.png\",\"datePublished\":\"2021-06-05T05:10:47+00:00\",\"dateModified\":\"2024-06-12T01:28:10+00:00\",\"breadcrumb\":{\"@id\":\"https:\/\/marcon-services.com\/inicio\/multi-groove-knife-blocks\/#breadcrumb\"},\"inLanguage\":\"es-CO\",\"potentialAction\":[{\"@type\":\"ReadAction\",\"target\":[\"https:\/\/marcon-services.com\/inicio\/multi-groove-knife-blocks\/\"]}]},{\"@type\":\"ImageObject\",\"inLanguage\":\"es-CO\",\"@id\":\"https:\/\/marcon-services.com\/inicio\/multi-groove-knife-blocks\/#primaryimage\",\"url\":\"https:\/\/marcon-services.com\/wp-content\/uploads\/2021\/06\/Messerbuchsen.png\",\"contentUrl\":\"https:\/\/marcon-services.com\/wp-content\/uploads\/2021\/06\/Messerbuchsen.png\",\"width\":800,\"height\":666,\"caption\":\"Bloques de cuchillas de ranuras m\u00faltiples\"},{\"@type\":\"BreadcrumbList\",\"@id\":\"https:\/\/marcon-services.com\/inicio\/multi-groove-knife-blocks\/#breadcrumb\",\"itemListElement\":[{\"@type\":\"ListItem\",\"position\":1,\"name\":\"Inicio\",\"item\":\"https:\/\/marcon-services.com\/inicio\/\"},{\"@type\":\"ListItem\",\"position\":2,\"name\":\"Bloques de cuchillas de ranuras m\u00faltiples\"}]},{\"@type\":\"WebSite\",\"@id\":\"https:\/\/marcon-services.com\/inicio\/#website\",\"url\":\"https:\/\/marcon-services.com\/inicio\/\",\"name\":\"Marcon Soluciones Para Impresores\",\"description\":\"Somos una empresa din\u00e1mica fundada en el 2006 enfocada a la industria gr\u00e1fica, pl\u00e1stica, rotograbado, textil y de empaque.  En MARCON representamos y distribuimos oficialmente en M\u00e9xico y Latinoam\u00e9rica marcas l\u00edderes en el mercado de impresi\u00f3n y pl\u00e1stico.\",\"publisher\":{\"@id\":\"https:\/\/marcon-services.com\/inicio\/#organization\"},\"potentialAction\":[{\"@type\":\"SearchAction\",\"target\":{\"@type\":\"EntryPoint\",\"urlTemplate\":\"https:\/\/marcon-services.com\/inicio\/?s={search_term_string}\"},\"query-input\":{\"@type\":\"PropertyValueSpecification\",\"valueRequired\":true,\"valueName\":\"search_term_string\"}}],\"inLanguage\":\"es-CO\"},{\"@type\":\"Organization\",\"@id\":\"https:\/\/marcon-services.com\/inicio\/#organization\",\"name\":\"Marcon Soluciones Para Impresores\",\"url\":\"https:\/\/marcon-services.com\/inicio\/\",\"logo\":{\"@type\":\"ImageObject\",\"inLanguage\":\"es-CO\",\"@id\":\"https:\/\/marcon-services.com\/inicio\/#\/schema\/logo\/image\/\",\"url\":\"https:\/\/marcon-services.com\/wp-content\/uploads\/2021\/10\/LOGO-marcon-soluciones-sin-fondo-1.png\",\"contentUrl\":\"https:\/\/marcon-services.com\/wp-content\/uploads\/2021\/10\/LOGO-marcon-soluciones-sin-fondo-1.png\",\"width\":2872,\"height\":805,\"caption\":\"Marcon Soluciones Para Impresores\"},\"image\":{\"@id\":\"https:\/\/marcon-services.com\/inicio\/#\/schema\/logo\/image\/\"}}]}<\/script>\n<!-- \/ Yoast SEO plugin. -->","yoast_head_json":{"title":"Bloques de cuchillas de ranuras m\u00faltiples - Marcon Soluciones Para Impresores","robots":{"index":"index","follow":"follow","max-snippet":"max-snippet:-1","max-image-preview":"max-image-preview:large","max-video-preview":"max-video-preview:-1"},"canonical":"https:\/\/marcon-services.com\/inicio\/es_co\/multi-groove-knife-blocks\/","og_locale":"es_ES","og_type":"article","og_title":"Bloques de cuchillas de ranuras m\u00faltiples - Marcon Soluciones Para Impresores","og_description":"Los bloques de cuchillas de ranuras m\u00faltiples TKM para amoladoras est\u00e1n disponibles para los siguientes fabricantes de m\u00e1quinas: \u2714 Kampf &nbsp; \u2714 G\u00f6bel &nbsp; y otros Caracter\u00edsticas t\u00e9cnicas especiales","og_url":"https:\/\/marcon-services.com\/inicio\/es_co\/multi-groove-knife-blocks\/","og_site_name":"Marcon Soluciones Para Impresores","article_modified_time":"2024-06-12T01:28:10+00:00","og_image":[{"width":800,"height":666,"url":"https:\/\/marcon-services.com\/wp-content\/uploads\/2021\/06\/Messerbuchsen.png","type":"image\/png"}],"twitter_card":"summary_large_image","twitter_misc":{"Tiempo de lectura":"1 minuto"},"schema":{"@context":"https:\/\/schema.org","@graph":[{"@type":"WebPage","@id":"https:\/\/marcon-services.com\/inicio\/multi-groove-knife-blocks\/","url":"https:\/\/marcon-services.com\/inicio\/multi-groove-knife-blocks\/","name":"Bloques de cuchillas de ranuras m\u00faltiples - Marcon Soluciones Para Impresores","isPartOf":{"@id":"https:\/\/marcon-services.com\/inicio\/#website"},"primaryImageOfPage":{"@id":"https:\/\/marcon-services.com\/inicio\/multi-groove-knife-blocks\/#primaryimage"},"image":{"@id":"https:\/\/marcon-services.com\/inicio\/multi-groove-knife-blocks\/#primaryimage"},"thumbnailUrl":"https:\/\/marcon-services.com\/wp-content\/uploads\/2021\/06\/Messerbuchsen.png","datePublished":"2021-06-05T05:10:47+00:00","dateModified":"2024-06-12T01:28:10+00:00","breadcrumb":{"@id":"https:\/\/marcon-services.com\/inicio\/multi-groove-knife-blocks\/#breadcrumb"},"inLanguage":"es-CO","potentialAction":[{"@type":"ReadAction","target":["https:\/\/marcon-services.com\/inicio\/multi-groove-knife-blocks\/"]}]},{"@type":"ImageObject","inLanguage":"es-CO","@id":"https:\/\/marcon-services.com\/inicio\/multi-groove-knife-blocks\/#primaryimage","url":"https:\/\/marcon-services.com\/wp-content\/uploads\/2021\/06\/Messerbuchsen.png","contentUrl":"https:\/\/marcon-services.com\/wp-content\/uploads\/2021\/06\/Messerbuchsen.png","width":800,"height":666,"caption":"Bloques de cuchillas de ranuras m\u00faltiples"},{"@type":"BreadcrumbList","@id":"https:\/\/marcon-services.com\/inicio\/multi-groove-knife-blocks\/#breadcrumb","itemListElement":[{"@type":"ListItem","position":1,"name":"Inicio","item":"https:\/\/marcon-services.com\/inicio\/"},{"@type":"ListItem","position":2,"name":"Bloques de cuchillas de ranuras m\u00faltiples"}]},{"@type":"WebSite","@id":"https:\/\/marcon-services.com\/inicio\/#website","url":"https:\/\/marcon-services.com\/inicio\/","name":"Marcon Soluciones Para Impresores","description":"Somos una empresa din\u00e1mica fundada en el 2006 enfocada a la industria gr\u00e1fica, pl\u00e1stica, rotograbado, textil y de empaque.  En MARCON representamos y distribuimos oficialmente en M\u00e9xico y Latinoam\u00e9rica marcas l\u00edderes en el mercado de impresi\u00f3n y pl\u00e1stico.","publisher":{"@id":"https:\/\/marcon-services.com\/inicio\/#organization"},"potentialAction":[{"@type":"SearchAction","target":{"@type":"EntryPoint","urlTemplate":"https:\/\/marcon-services.com\/inicio\/?s={search_term_string}"},"query-input":{"@type":"PropertyValueSpecification","valueRequired":true,"valueName":"search_term_string"}}],"inLanguage":"es-CO"},{"@type":"Organization","@id":"https:\/\/marcon-services.com\/inicio\/#organization","name":"Marcon Soluciones Para Impresores","url":"https:\/\/marcon-services.com\/inicio\/","logo":{"@type":"ImageObject","inLanguage":"es-CO","@id":"https:\/\/marcon-services.com\/inicio\/#\/schema\/logo\/image\/","url":"https:\/\/marcon-services.com\/wp-content\/uploads\/2021\/10\/LOGO-marcon-soluciones-sin-fondo-1.png","contentUrl":"https:\/\/marcon-services.com\/wp-content\/uploads\/2021\/10\/LOGO-marcon-soluciones-sin-fondo-1.png","width":2872,"height":805,"caption":"Marcon Soluciones Para Impresores"},"image":{"@id":"https:\/\/marcon-services.com\/inicio\/#\/schema\/logo\/image\/"}}]}},"uagb_featured_image_src":{"full":["https:\/\/marcon-services.com\/wp-content\/uploads\/2021\/06\/Messerbuchsen.png",800,666,false],"thumbnail":["https:\/\/marcon-services.com\/wp-content\/uploads\/2021\/06\/Messerbuchsen-150x150.png",150,150,true],"medium":["https:\/\/marcon-services.com\/wp-content\/uploads\/2021\/06\/Messerbuchsen-300x250.png",300,250,true],"medium_large":["https:\/\/marcon-services.com\/wp-content\/uploads\/2021\/06\/Messerbuchsen-768x639.png",768,639,true],"large":["https:\/\/marcon-services.com\/wp-content\/uploads\/2021\/06\/Messerbuchsen.png",800,666,false],"1536x1536":["https:\/\/marcon-services.com\/wp-content\/uploads\/2021\/06\/Messerbuchsen.png",800,666,false],"2048x2048":["https:\/\/marcon-services.com\/wp-content\/uploads\/2021\/06\/Messerbuchsen.png",800,666,false],"trp-custom-language-flag":["https:\/\/marcon-services.com\/wp-content\/uploads\/2021\/06\/Messerbuchsen.png",14,12,false]},"uagb_author_info":{"display_name":"marcons-web","author_link":"https:\/\/marcon-services.com\/inicio\/es_co\/author\/osvaldo\/"},"uagb_comment_info":0,"uagb_excerpt":"Los bloques de cuchillas de ranuras m\u00faltiples TKM para amoladoras est\u00e1n disponibles para los siguientes fabricantes de m\u00e1quinas: \u2714 Kampf &nbsp; \u2714 G\u00f6bel &nbsp; y otros Caracter\u00edsticas t\u00e9cnicas especiales","_links":{"self":[{"href":"https:\/\/marcon-services.com\/inicio\/es_co\/wp-json\/wp\/v2\/pages\/1111"}],"collection":[{"href":"https:\/\/marcon-services.com\/inicio\/es_co\/wp-json\/wp\/v2\/pages"}],"about":[{"href":"https:\/\/marcon-services.com\/inicio\/es_co\/wp-json\/wp\/v2\/types\/page"}],"author":[{"embeddable":true,"href":"https:\/\/marcon-services.com\/inicio\/es_co\/wp-json\/wp\/v2\/users\/2"}],"replies":[{"embeddable":true,"href":"https:\/\/marcon-services.com\/inicio\/es_co\/wp-json\/wp\/v2\/comments?post=1111"}],"version-history":[{"count":7,"href":"https:\/\/marcon-services.com\/inicio\/es_co\/wp-json\/wp\/v2\/pages\/1111\/revisions"}],"predecessor-version":[{"id":2418,"href":"https:\/\/marcon-services.com\/inicio\/es_co\/wp-json\/wp\/v2\/pages\/1111\/revisions\/2418"}],"wp:featuredmedia":[{"embeddable":true,"href":"https:\/\/marcon-services.com\/inicio\/es_co\/wp-json\/wp\/v2\/media\/1109"}],"wp:attachment":[{"href":"https:\/\/marcon-services.com\/inicio\/es_co\/wp-json\/wp\/v2\/media?parent=1111"}],"curies":[{"name":"wp","href":"https:\/\/api.w.org\/{rel}","templated":true}]}}