{"id":1197,"date":"2021-06-18T21:06:57","date_gmt":"2021-06-19T03:06:57","guid":{"rendered":"https:\/\/marcon-services.com\/inicio\/?page_id=1197"},"modified":"2024-06-12T17:17:43","modified_gmt":"2024-06-12T23:17:43","slug":"cuchillas-para-panuelos","status":"publish","type":"page","link":"https:\/\/marcon-services.com\/inicio\/es_co\/cuchillas-para-panuelos\/","title":{"rendered":"Cuchillas para pa\u00f1uelos"},"content":{"rendered":"<div data-aos= \"zoom-in-down\" data-aos-duration=\"400\" data-aos-delay=\"0\" data-aos-easing=\"ease\" data-aos-once=\"true\" class=\"wp-block-uagb-container uagb-block-c15cb821 alignfull uagb-is-root-container\"><div class=\"uagb-container-inner-blocks-wrap\">\n<div class=\"wp-block-uagb-container uagb-block-1e4d582f\">\n<figure class=\"wp-block-image size-full\"><img loading=\"lazy\" decoding=\"async\" width=\"800\" height=\"438\" src=\"https:\/\/marcon-services.com\/wp-content\/uploads\/2021\/06\/cuchillasparapanuelos.jpg\" alt=\"cuchillas para pa\u00f1uelos\" class=\"wp-image-1198\" srcset=\"https:\/\/marcon-services.com\/wp-content\/uploads\/2021\/06\/cuchillasparapanuelos.jpg 800w, https:\/\/marcon-services.com\/wp-content\/uploads\/2021\/06\/cuchillasparapanuelos-300x164.jpg 300w, https:\/\/marcon-services.com\/wp-content\/uploads\/2021\/06\/cuchillasparapanuelos-768x420.jpg 768w\" sizes=\"(max-width: 800px) 100vw, 800px\" \/><\/figure>\n<\/div>\n\n\n\n<div class=\"wp-block-uagb-container uagb-block-d6f4113f\">\n<h1 class=\"tw-mb-6\">Cuchillos para pa\u00f1uelos<\/h1>\n<div class=\"richtext-box big-typo\">\n<p>Cuchillos de m\u00e1quina para la producci\u00f3n de pa\u00f1uelos.\u00a0Hay cuchillos disponibles para las<br \/>siguientes m\u00e1quinas:<\/p>\n<table border=\"1\" cellpadding=\"4\">\n<tbody>\n<tr>\n<td>\u2714 W + D<\/td>\n<td>\u00a0<\/td>\n<\/tr>\n<tr>\n<td>\u2714 Senning\n<p>y otros<\/p>\n<\/td>\n<\/tr>\n<\/tbody>\n<\/table>\n<p>TKM fabrica todos los cuchillos de acuerdo con la calidad OEM:<\/p>\n<ul>\n<li>Cuchillos circulares<\/li>\n<li>Cuchillas de corte<\/li>\n<li>Cuchillos plegables<\/li>\n<li>Cuchillos de embalaje<\/li>\n<\/ul>\n<\/div>\n<\/div>\n<\/div><\/div>","protected":false},"excerpt":{"rendered":"<p>Cuchillos para pa\u00f1uelos Cuchillos de m\u00e1quina para la producci\u00f3n de pa\u00f1uelos.\u00a0Hay cuchillos disponibles para lassiguientes m\u00e1quinas: \u2714 W + D \u00a0 \u2714 Senning y otros TKM fabrica todos los cuchillos de acuerdo con la calidad OEM: Cuchillos circulares Cuchillas de corte Cuchillos plegables Cuchillos de embalaje<\/p>","protected":false},"author":2,"featured_media":1198,"parent":0,"menu_order":0,"comment_status":"closed","ping_status":"closed","template":"","meta":{"_uag_custom_page_level_css":"","site-sidebar-layout":"no-sidebar","site-content-layout":"plain-container","ast-site-content-layout":"normal-width-container","site-content-style":"unboxed","site-sidebar-style":"unboxed","ast-global-header-display":"","ast-banner-title-visibility":"","ast-main-header-display":"","ast-hfb-above-header-display":"","ast-hfb-below-header-display":"","ast-hfb-mobile-header-display":"","site-post-title":"disabled","ast-breadcrumbs-content":"","ast-featured-img":"disabled","footer-sml-layout":"","theme-transparent-header-meta":"default","adv-header-id-meta":"","stick-header-meta":"","header-above-stick-meta":"","header-main-stick-meta":"","header-below-stick-meta":"","astra-migrate-meta-layouts":"set","ast-page-background-enabled":"default","ast-page-background-meta":{"desktop":{"background-color":"var(--ast-global-color-4)","background-image":"","background-repeat":"repeat","background-position":"center center","background-size":"auto","background-attachment":"scroll","background-type":"","background-media":"","overlay-type":"","overlay-color":"","overlay-opacity":"","overlay-gradient":""},"tablet":{"background-color":"","background-image":"","background-repeat":"repeat","background-position":"center center","background-size":"auto","background-attachment":"scroll","background-type":"","background-media":"","overlay-type":"","overlay-color":"","overlay-opacity":"","overlay-gradient":""},"mobile":{"background-color":"","background-image":"","background-repeat":"repeat","background-position":"center center","background-size":"auto","background-attachment":"scroll","background-type":"","background-media":"","overlay-type":"","overlay-color":"","overlay-opacity":"","overlay-gradient":""}},"ast-content-background-meta":{"desktop":{"background-color":"var(--ast-global-color-5)","background-image":"","background-repeat":"repeat","background-position":"center center","background-size":"auto","background-attachment":"scroll","background-type":"","background-media":"","overlay-type":"","overlay-color":"","overlay-opacity":"","overlay-gradient":""},"tablet":{"background-color":"var(--ast-global-color-5)","background-image":"","background-repeat":"repeat","background-position":"center center","background-size":"auto","background-attachment":"scroll","background-type":"","background-media":"","overlay-type":"","overlay-color":"","overlay-opacity":"","overlay-gradient":""},"mobile":{"background-color":"var(--ast-global-color-5)","background-image":"","background-repeat":"repeat","background-position":"center center","background-size":"auto","background-attachment":"scroll","background-type":"","background-media":"","overlay-type":"","overlay-color":"","overlay-opacity":"","overlay-gradient":""}},"footnotes":""},"yoast_head":"<!-- This site is optimized with the Yoast SEO plugin v23.8 - https:\/\/yoast.com\/wordpress\/plugins\/seo\/ -->\n<title>Cuchillas para pa\u00f1uelos - Marcon Soluciones Para Impresores<\/title>\n<meta name=\"robots\" content=\"index, follow, max-snippet:-1, max-image-preview:large, max-video-preview:-1\" \/>\n<link rel=\"canonical\" href=\"https:\/\/marcon-services.com\/inicio\/es_co\/cuchillas-para-panuelos\/\" \/>\n<meta property=\"og:locale\" content=\"es_ES\" \/>\n<meta property=\"og:type\" content=\"article\" \/>\n<meta property=\"og:title\" content=\"Cuchillas para pa\u00f1uelos - Marcon Soluciones Para Impresores\" \/>\n<meta property=\"og:description\" content=\"Cuchillos para pa\u00f1uelos Cuchillos de m\u00e1quina para la producci\u00f3n de pa\u00f1uelos.\u00a0Hay cuchillos disponibles para lassiguientes m\u00e1quinas: \u2714 W + D \u00a0 \u2714 Senning y otros TKM fabrica todos los cuchillos de acuerdo con la calidad OEM: Cuchillos circulares Cuchillas de corte Cuchillos plegables Cuchillos de embalaje\" \/>\n<meta property=\"og:url\" content=\"https:\/\/marcon-services.com\/inicio\/es_co\/cuchillas-para-panuelos\/\" \/>\n<meta property=\"og:site_name\" content=\"Marcon Soluciones Para Impresores\" \/>\n<meta property=\"article:modified_time\" content=\"2024-06-12T23:17:43+00:00\" \/>\n<meta property=\"og:image\" content=\"https:\/\/marcon-services.com\/wp-content\/uploads\/2021\/06\/cuchillasparapanuelos.jpg\" \/>\n\t<meta property=\"og:image:width\" content=\"800\" \/>\n\t<meta property=\"og:image:height\" content=\"438\" \/>\n\t<meta property=\"og:image:type\" content=\"image\/jpeg\" \/>\n<meta name=\"twitter:card\" content=\"summary_large_image\" \/>\n<script type=\"application\/ld+json\" class=\"yoast-schema-graph\">{\"@context\":\"https:\/\/schema.org\",\"@graph\":[{\"@type\":\"WebPage\",\"@id\":\"https:\/\/marcon-services.com\/inicio\/cuchillas-para-panuelos\/\",\"url\":\"https:\/\/marcon-services.com\/inicio\/cuchillas-para-panuelos\/\",\"name\":\"Cuchillas para pa\u00f1uelos - Marcon Soluciones Para Impresores\",\"isPartOf\":{\"@id\":\"https:\/\/marcon-services.com\/inicio\/#website\"},\"primaryImageOfPage\":{\"@id\":\"https:\/\/marcon-services.com\/inicio\/cuchillas-para-panuelos\/#primaryimage\"},\"image\":{\"@id\":\"https:\/\/marcon-services.com\/inicio\/cuchillas-para-panuelos\/#primaryimage\"},\"thumbnailUrl\":\"https:\/\/marcon-services.com\/wp-content\/uploads\/2021\/06\/cuchillasparapanuelos.jpg\",\"datePublished\":\"2021-06-19T03:06:57+00:00\",\"dateModified\":\"2024-06-12T23:17:43+00:00\",\"breadcrumb\":{\"@id\":\"https:\/\/marcon-services.com\/inicio\/cuchillas-para-panuelos\/#breadcrumb\"},\"inLanguage\":\"es-CO\",\"potentialAction\":[{\"@type\":\"ReadAction\",\"target\":[\"https:\/\/marcon-services.com\/inicio\/cuchillas-para-panuelos\/\"]}]},{\"@type\":\"ImageObject\",\"inLanguage\":\"es-CO\",\"@id\":\"https:\/\/marcon-services.com\/inicio\/cuchillas-para-panuelos\/#primaryimage\",\"url\":\"https:\/\/marcon-services.com\/wp-content\/uploads\/2021\/06\/cuchillasparapanuelos.jpg\",\"contentUrl\":\"https:\/\/marcon-services.com\/wp-content\/uploads\/2021\/06\/cuchillasparapanuelos.jpg\",\"width\":800,\"height\":438,\"caption\":\"cuchillas para pa\u00f1uelos\"},{\"@type\":\"BreadcrumbList\",\"@id\":\"https:\/\/marcon-services.com\/inicio\/cuchillas-para-panuelos\/#breadcrumb\",\"itemListElement\":[{\"@type\":\"ListItem\",\"position\":1,\"name\":\"Inicio\",\"item\":\"https:\/\/marcon-services.com\/inicio\/\"},{\"@type\":\"ListItem\",\"position\":2,\"name\":\"Cuchillas para pa\u00f1uelos\"}]},{\"@type\":\"WebSite\",\"@id\":\"https:\/\/marcon-services.com\/inicio\/#website\",\"url\":\"https:\/\/marcon-services.com\/inicio\/\",\"name\":\"Marcon Soluciones Para Impresores\",\"description\":\"Somos una empresa din\u00e1mica fundada en el 2006 enfocada a la industria gr\u00e1fica, pl\u00e1stica, rotograbado, textil y de empaque.  En MARCON representamos y distribuimos oficialmente en M\u00e9xico y Latinoam\u00e9rica marcas l\u00edderes en el mercado de impresi\u00f3n y pl\u00e1stico.\",\"publisher\":{\"@id\":\"https:\/\/marcon-services.com\/inicio\/#organization\"},\"potentialAction\":[{\"@type\":\"SearchAction\",\"target\":{\"@type\":\"EntryPoint\",\"urlTemplate\":\"https:\/\/marcon-services.com\/inicio\/?s={search_term_string}\"},\"query-input\":{\"@type\":\"PropertyValueSpecification\",\"valueRequired\":true,\"valueName\":\"search_term_string\"}}],\"inLanguage\":\"es-CO\"},{\"@type\":\"Organization\",\"@id\":\"https:\/\/marcon-services.com\/inicio\/#organization\",\"name\":\"Marcon Soluciones Para Impresores\",\"url\":\"https:\/\/marcon-services.com\/inicio\/\",\"logo\":{\"@type\":\"ImageObject\",\"inLanguage\":\"es-CO\",\"@id\":\"https:\/\/marcon-services.com\/inicio\/#\/schema\/logo\/image\/\",\"url\":\"https:\/\/marcon-services.com\/wp-content\/uploads\/2021\/10\/LOGO-marcon-soluciones-sin-fondo-1.png\",\"contentUrl\":\"https:\/\/marcon-services.com\/wp-content\/uploads\/2021\/10\/LOGO-marcon-soluciones-sin-fondo-1.png\",\"width\":2872,\"height\":805,\"caption\":\"Marcon Soluciones Para Impresores\"},\"image\":{\"@id\":\"https:\/\/marcon-services.com\/inicio\/#\/schema\/logo\/image\/\"}}]}<\/script>\n<!-- \/ Yoast SEO plugin. -->","yoast_head_json":{"title":"Cuchillas para pa\u00f1uelos - Marcon Soluciones Para Impresores","robots":{"index":"index","follow":"follow","max-snippet":"max-snippet:-1","max-image-preview":"max-image-preview:large","max-video-preview":"max-video-preview:-1"},"canonical":"https:\/\/marcon-services.com\/inicio\/es_co\/cuchillas-para-panuelos\/","og_locale":"es_ES","og_type":"article","og_title":"Cuchillas para pa\u00f1uelos - Marcon Soluciones Para Impresores","og_description":"Cuchillos para pa\u00f1uelos Cuchillos de m\u00e1quina para la producci\u00f3n de pa\u00f1uelos.\u00a0Hay cuchillos disponibles para lassiguientes m\u00e1quinas: \u2714 W + D \u00a0 \u2714 Senning y otros TKM fabrica todos los cuchillos de acuerdo con la calidad OEM: Cuchillos circulares Cuchillas de corte Cuchillos plegables Cuchillos de embalaje","og_url":"https:\/\/marcon-services.com\/inicio\/es_co\/cuchillas-para-panuelos\/","og_site_name":"Marcon Soluciones Para Impresores","article_modified_time":"2024-06-12T23:17:43+00:00","og_image":[{"width":800,"height":438,"url":"https:\/\/marcon-services.com\/wp-content\/uploads\/2021\/06\/cuchillasparapanuelos.jpg","type":"image\/jpeg"}],"twitter_card":"summary_large_image","schema":{"@context":"https:\/\/schema.org","@graph":[{"@type":"WebPage","@id":"https:\/\/marcon-services.com\/inicio\/cuchillas-para-panuelos\/","url":"https:\/\/marcon-services.com\/inicio\/cuchillas-para-panuelos\/","name":"Cuchillas para pa\u00f1uelos - Marcon Soluciones Para Impresores","isPartOf":{"@id":"https:\/\/marcon-services.com\/inicio\/#website"},"primaryImageOfPage":{"@id":"https:\/\/marcon-services.com\/inicio\/cuchillas-para-panuelos\/#primaryimage"},"image":{"@id":"https:\/\/marcon-services.com\/inicio\/cuchillas-para-panuelos\/#primaryimage"},"thumbnailUrl":"https:\/\/marcon-services.com\/wp-content\/uploads\/2021\/06\/cuchillasparapanuelos.jpg","datePublished":"2021-06-19T03:06:57+00:00","dateModified":"2024-06-12T23:17:43+00:00","breadcrumb":{"@id":"https:\/\/marcon-services.com\/inicio\/cuchillas-para-panuelos\/#breadcrumb"},"inLanguage":"es-CO","potentialAction":[{"@type":"ReadAction","target":["https:\/\/marcon-services.com\/inicio\/cuchillas-para-panuelos\/"]}]},{"@type":"ImageObject","inLanguage":"es-CO","@id":"https:\/\/marcon-services.com\/inicio\/cuchillas-para-panuelos\/#primaryimage","url":"https:\/\/marcon-services.com\/wp-content\/uploads\/2021\/06\/cuchillasparapanuelos.jpg","contentUrl":"https:\/\/marcon-services.com\/wp-content\/uploads\/2021\/06\/cuchillasparapanuelos.jpg","width":800,"height":438,"caption":"cuchillas para pa\u00f1uelos"},{"@type":"BreadcrumbList","@id":"https:\/\/marcon-services.com\/inicio\/cuchillas-para-panuelos\/#breadcrumb","itemListElement":[{"@type":"ListItem","position":1,"name":"Inicio","item":"https:\/\/marcon-services.com\/inicio\/"},{"@type":"ListItem","position":2,"name":"Cuchillas para pa\u00f1uelos"}]},{"@type":"WebSite","@id":"https:\/\/marcon-services.com\/inicio\/#website","url":"https:\/\/marcon-services.com\/inicio\/","name":"Marcon Soluciones Para Impresores","description":"Somos una empresa din\u00e1mica fundada en el 2006 enfocada a la industria gr\u00e1fica, pl\u00e1stica, rotograbado, textil y de empaque.  En MARCON representamos y distribuimos oficialmente en M\u00e9xico y Latinoam\u00e9rica marcas l\u00edderes en el mercado de impresi\u00f3n y pl\u00e1stico.","publisher":{"@id":"https:\/\/marcon-services.com\/inicio\/#organization"},"potentialAction":[{"@type":"SearchAction","target":{"@type":"EntryPoint","urlTemplate":"https:\/\/marcon-services.com\/inicio\/?s={search_term_string}"},"query-input":{"@type":"PropertyValueSpecification","valueRequired":true,"valueName":"search_term_string"}}],"inLanguage":"es-CO"},{"@type":"Organization","@id":"https:\/\/marcon-services.com\/inicio\/#organization","name":"Marcon Soluciones Para Impresores","url":"https:\/\/marcon-services.com\/inicio\/","logo":{"@type":"ImageObject","inLanguage":"es-CO","@id":"https:\/\/marcon-services.com\/inicio\/#\/schema\/logo\/image\/","url":"https:\/\/marcon-services.com\/wp-content\/uploads\/2021\/10\/LOGO-marcon-soluciones-sin-fondo-1.png","contentUrl":"https:\/\/marcon-services.com\/wp-content\/uploads\/2021\/10\/LOGO-marcon-soluciones-sin-fondo-1.png","width":2872,"height":805,"caption":"Marcon Soluciones Para Impresores"},"image":{"@id":"https:\/\/marcon-services.com\/inicio\/#\/schema\/logo\/image\/"}}]}},"uagb_featured_image_src":{"full":["https:\/\/marcon-services.com\/wp-content\/uploads\/2021\/06\/cuchillasparapanuelos.jpg",800,438,false],"thumbnail":["https:\/\/marcon-services.com\/wp-content\/uploads\/2021\/06\/cuchillasparapanuelos-150x150.jpg",150,150,true],"medium":["https:\/\/marcon-services.com\/wp-content\/uploads\/2021\/06\/cuchillasparapanuelos-300x164.jpg",300,164,true],"medium_large":["https:\/\/marcon-services.com\/wp-content\/uploads\/2021\/06\/cuchillasparapanuelos-768x420.jpg",768,420,true],"large":["https:\/\/marcon-services.com\/wp-content\/uploads\/2021\/06\/cuchillasparapanuelos.jpg",800,438,false],"1536x1536":["https:\/\/marcon-services.com\/wp-content\/uploads\/2021\/06\/cuchillasparapanuelos.jpg",800,438,false],"2048x2048":["https:\/\/marcon-services.com\/wp-content\/uploads\/2021\/06\/cuchillasparapanuelos.jpg",800,438,false],"trp-custom-language-flag":["https:\/\/marcon-services.com\/wp-content\/uploads\/2021\/06\/cuchillasparapanuelos.jpg",18,10,false]},"uagb_author_info":{"display_name":"marcons-web","author_link":"https:\/\/marcon-services.com\/inicio\/es_co\/author\/osvaldo\/"},"uagb_comment_info":0,"uagb_excerpt":"Cuchillos para pa\u00f1uelos Cuchillos de m\u00e1quina para la producci\u00f3n de pa\u00f1uelos.\u00a0Hay cuchillos disponibles para lassiguientes m\u00e1quinas: \u2714 W + D \u00a0 \u2714 Senning y otros TKM fabrica todos los cuchillos de acuerdo con la calidad OEM: Cuchillos circulares Cuchillas de corte Cuchillos plegables Cuchillos de embalaje","_links":{"self":[{"href":"https:\/\/marcon-services.com\/inicio\/es_co\/wp-json\/wp\/v2\/pages\/1197"}],"collection":[{"href":"https:\/\/marcon-services.com\/inicio\/es_co\/wp-json\/wp\/v2\/pages"}],"about":[{"href":"https:\/\/marcon-services.com\/inicio\/es_co\/wp-json\/wp\/v2\/types\/page"}],"author":[{"embeddable":true,"href":"https:\/\/marcon-services.com\/inicio\/es_co\/wp-json\/wp\/v2\/users\/2"}],"replies":[{"embeddable":true,"href":"https:\/\/marcon-services.com\/inicio\/es_co\/wp-json\/wp\/v2\/comments?post=1197"}],"version-history":[{"count":5,"href":"https:\/\/marcon-services.com\/inicio\/es_co\/wp-json\/wp\/v2\/pages\/1197\/revisions"}],"predecessor-version":[{"id":2494,"href":"https:\/\/marcon-services.com\/inicio\/es_co\/wp-json\/wp\/v2\/pages\/1197\/revisions\/2494"}],"wp:featuredmedia":[{"embeddable":true,"href":"https:\/\/marcon-services.com\/inicio\/es_co\/wp-json\/wp\/v2\/media\/1198"}],"wp:attachment":[{"href":"https:\/\/marcon-services.com\/inicio\/es_co\/wp-json\/wp\/v2\/media?parent=1197"}],"curies":[{"name":"wp","href":"https:\/\/api.w.org\/{rel}","templated":true}]}}