{"id":1210,"date":"2021-06-18T21:21:22","date_gmt":"2021-06-19T03:21:22","guid":{"rendered":"https:\/\/marcon-services.com\/inicio\/?page_id=1210"},"modified":"2024-06-12T17:57:35","modified_gmt":"2024-06-12T23:57:35","slug":"sistema-de-pulverizacion-y-lubriks-05","status":"publish","type":"page","link":"https:\/\/marcon-services.com\/inicio\/es_co\/sistema-de-pulverizacion-y-lubriks-05\/","title":{"rendered":"Sistema de pulverizaci\u00f3n y &#8220;Lubriks-05&#8221;"},"content":{"rendered":"<div data-aos= \"zoom-in-down\" data-aos-duration=\"400\" data-aos-delay=\"0\" data-aos-easing=\"ease\" data-aos-once=\"true\" class=\"wp-block-uagb-container uagb-block-38373f16 alignfull uagb-is-root-container\"><div class=\"uagb-container-inner-blocks-wrap\">\n<div class=\"wp-block-uagb-container uagb-block-3050ab00\">\n<div class=\"wp-block-uagb-container uagb-block-f2e797f0\">\n<figure class=\"wp-block-image size-large\"><img loading=\"lazy\" decoding=\"async\" width=\"1024\" height=\"676\" src=\"https:\/\/marcon-services.com\/wp-content\/uploads\/2021\/06\/sistemadepuverizacionlibriks-1024x676.jpg\" alt=\"Sistema de pulverizaci\u00f3n y &quot;Lubriks-05&quot; La utilizaci\u00f3n del sistema de lubricaci\u00f3n TKM, junto con el lubricante de desarrollo propio LUBRIKS-05 de TKM, permitir\u00e1 una mejor calidad de corte a una velocidad de corte m\u00e1s r\u00e1pida. Ventajas: El lubricante est\u00e1 certificado de acuerdo con H1 de FDA (Incidental Food Contact) Mayor eficiencia de sus m\u00e1quinas de sierra para troncos Menos contaminaci\u00f3n de cola de la hoja Menos cuchillas sobrecalentadas (productos de alta densidad) Calidad de corte mejorada\" class=\"wp-image-1212\" srcset=\"https:\/\/marcon-services.com\/wp-content\/uploads\/2021\/06\/sistemadepuverizacionlibriks-1024x676.jpg 1024w, https:\/\/marcon-services.com\/wp-content\/uploads\/2021\/06\/sistemadepuverizacionlibriks-300x198.jpg 300w, https:\/\/marcon-services.com\/wp-content\/uploads\/2021\/06\/sistemadepuverizacionlibriks-768x507.jpg 768w, https:\/\/marcon-services.com\/wp-content\/uploads\/2021\/06\/sistemadepuverizacionlibriks-1536x1015.jpg 1536w, https:\/\/marcon-services.com\/wp-content\/uploads\/2021\/06\/sistemadepuverizacionlibriks.jpg 2000w\" sizes=\"(max-width: 1024px) 100vw, 1024px\" \/><\/figure>\n<\/div>\n\n\n\n<div class=\"wp-block-uagb-container uagb-block-8d7fda60\">\n<h1 class=\"tw-mb-6\" style=\"text-align: justify;\">Sistema de pulverizaci\u00f3n y &#8220;Lubriks-05&#8221;<\/h1>\n<div class=\"richtext-box big-typo\">\n<p>La utilizaci\u00f3n del sistema de lubricaci\u00f3n TKM, junto con el lubricante de desarrollo propio LUBRIKS-05 de TKM, permitir\u00e1 una mejor calidad de corte a una velocidad de corte m\u00e1s r\u00e1pida.<\/p>\n<p><strong>Ventajas:<\/strong><\/p>\n<ul>\n<li>El lubricante est\u00e1 certificado de acuerdo con H1 de FDA (Incidental Food Contact)<\/li>\n<li>Mayor eficiencia de sus m\u00e1quinas de sierra para troncos<\/li>\n<li>Menos contaminaci\u00f3n de cola de la hoja<\/li>\n<li>Menos cuchillas sobrecalentadas (productos de alta densidad)<\/li>\n<li>Calidad de corte mejorada<\/li>\n<\/ul>\n<\/div>\n<\/div>\n<\/div>\n\n\n\n<div class=\"wp-block-uagb-container uagb-block-de193249 alignfull uagb-is-root-container\"><div class=\"uagb-container-inner-blocks-wrap\">\n<div class=\"wp-block-uagb-container uagb-block-12be5535\">\n<h3 class=\"tw-mb-6\"><span style=\"vertical-align: inherit;\">Reducci\u00f3n de la fricci\u00f3n entre la cuchilla y el producto.<\/span><\/h3>\n<p><span style=\"vertical-align: inherit;\"><img loading=\"lazy\" decoding=\"async\" class=\"alignleft wp-image-1216 size-medium\" src=\"https:\/\/marcon-services.com\/wp-content\/uploads\/2021\/06\/sistemadepuverizacionlibriksreducciondelafriccion-300x169.png\" alt=\"reducci\u00f3n de la fricci\u00f3n entre cuchilla y producto\" width=\"300\" height=\"169\" srcset=\"https:\/\/marcon-services.com\/wp-content\/uploads\/2021\/06\/sistemadepuverizacionlibriksreducciondelafriccion-300x169.png 300w, https:\/\/marcon-services.com\/wp-content\/uploads\/2021\/06\/sistemadepuverizacionlibriksreducciondelafriccion.png 600w\" sizes=\"(max-width: 300px) 100vw, 300px\" \/>El lubricante a base de agua (95% de agua) se atomiza sobre la superficie de la cuchilla mediante boquillas rociadoras de alta tecnolog\u00eda.<\/span><\/p>\n<p><span style=\"vertical-align: inherit;\">Cuando el agua se evapora, queda una pel\u00edcula resbaladiza que evita la acumulaci\u00f3n de pegamento y reduce al m\u00ednimo la fricci\u00f3n entre la cuchilla y el producto.<\/span><\/p>\n<\/div>\n\n\n\n<div class=\"wp-block-uagb-container uagb-block-6e1bf27d\">\n<h3 class=\"tw-mb-6\"><span style=\"vertical-align: inherit;\">Beneficios para sus procesos de fabricaci\u00f3n<\/span><\/h3>\n<p><span style=\"vertical-align: inherit;\"><img loading=\"lazy\" decoding=\"async\" class=\"alignleft wp-image-1215 size-medium\" src=\"https:\/\/marcon-services.com\/wp-content\/uploads\/2021\/06\/sistemadepuverizacionlibriks-05-e1718236636888-300x261.png\" alt=\"sistema de pulverizaci\u00f3n lubriks-05\" width=\"300\" height=\"261\" srcset=\"https:\/\/marcon-services.com\/wp-content\/uploads\/2021\/06\/sistemadepuverizacionlibriks-05-e1718236636888-300x261.png 300w, https:\/\/marcon-services.com\/wp-content\/uploads\/2021\/06\/sistemadepuverizacionlibriks-05-e1718236636888-14x12.png 14w, https:\/\/marcon-services.com\/wp-content\/uploads\/2021\/06\/sistemadepuverizacionlibriks-05-e1718236636888.png 600w\" sizes=\"(max-width: 300px) 100vw, 300px\" \/>\u2714 Evita los residuos de pegamento en la hoja<\/span><\/p>\n<p><span style=\"vertical-align: inherit;\">\u2714 Evita el calentamiento de la hoja al cortar en alta densidad<\/span><\/p>\n<p><span style=\"vertical-align: inherit;\">\u2714 Ideal para procesar rollos o n\u00facleos blandos que no se pueden sujetar correctamente<\/span><\/p>\n<\/div>\n<\/div><\/div>\n<\/div><\/div>","protected":false},"excerpt":{"rendered":"<p>Sistema de pulverizaci\u00f3n y &#8220;Lubriks-05&#8221; La utilizaci\u00f3n del sistema de lubricaci\u00f3n TKM, junto con el lubricante de desarrollo propio LUBRIKS-05 de TKM, permitir\u00e1 una mejor calidad de corte a una velocidad de corte m\u00e1s r\u00e1pida. Ventajas: El lubricante est\u00e1 certificado de acuerdo con H1 de FDA (Incidental Food Contact) Mayor eficiencia de sus m\u00e1quinas de [&hellip;]<\/p>","protected":false},"author":2,"featured_media":1212,"parent":0,"menu_order":0,"comment_status":"closed","ping_status":"closed","template":"","meta":{"_uag_custom_page_level_css":"","site-sidebar-layout":"no-sidebar","site-content-layout":"plain-container","ast-site-content-layout":"normal-width-container","site-content-style":"unboxed","site-sidebar-style":"unboxed","ast-global-header-display":"","ast-banner-title-visibility":"","ast-main-header-display":"","ast-hfb-above-header-display":"","ast-hfb-below-header-display":"","ast-hfb-mobile-header-display":"","site-post-title":"disabled","ast-breadcrumbs-content":"","ast-featured-img":"disabled","footer-sml-layout":"","theme-transparent-header-meta":"","adv-header-id-meta":"","stick-header-meta":"","header-above-stick-meta":"","header-main-stick-meta":"","header-below-stick-meta":"","astra-migrate-meta-layouts":"set","ast-page-background-enabled":"default","ast-page-background-meta":{"desktop":{"background-color":"var(--ast-global-color-4)","background-image":"","background-repeat":"repeat","background-position":"center center","background-size":"auto","background-attachment":"scroll","background-type":"","background-media":"","overlay-type":"","overlay-color":"","overlay-opacity":"","overlay-gradient":""},"tablet":{"background-color":"","background-image":"","background-repeat":"repeat","background-position":"center center","background-size":"auto","background-attachment":"scroll","background-type":"","background-media":"","overlay-type":"","overlay-color":"","overlay-opacity":"","overlay-gradient":""},"mobile":{"background-color":"","background-image":"","background-repeat":"repeat","background-position":"center center","background-size":"auto","background-attachment":"scroll","background-type":"","background-media":"","overlay-type":"","overlay-color":"","overlay-opacity":"","overlay-gradient":""}},"ast-content-background-meta":{"desktop":{"background-color":"var(--ast-global-color-5)","background-image":"","background-repeat":"repeat","background-position":"center center","background-size":"auto","background-attachment":"scroll","background-type":"","background-media":"","overlay-type":"","overlay-color":"","overlay-opacity":"","overlay-gradient":""},"tablet":{"background-color":"var(--ast-global-color-5)","background-image":"","background-repeat":"repeat","background-position":"center center","background-size":"auto","background-attachment":"scroll","background-type":"","background-media":"","overlay-type":"","overlay-color":"","overlay-opacity":"","overlay-gradient":""},"mobile":{"background-color":"var(--ast-global-color-5)","background-image":"","background-repeat":"repeat","background-position":"center center","background-size":"auto","background-attachment":"scroll","background-type":"","background-media":"","overlay-type":"","overlay-color":"","overlay-opacity":"","overlay-gradient":""}},"footnotes":""},"yoast_head":"<!-- This site is optimized with the Yoast SEO plugin v23.8 - https:\/\/yoast.com\/wordpress\/plugins\/seo\/ -->\n<title>Sistema de pulverizaci\u00f3n y &quot;Lubriks-05&quot; - Marcon Soluciones Para Impresores<\/title>\n<meta name=\"robots\" content=\"index, follow, max-snippet:-1, max-image-preview:large, max-video-preview:-1\" \/>\n<link rel=\"canonical\" href=\"https:\/\/marcon-services.com\/inicio\/es_co\/sistema-de-pulverizacion-y-lubriks-05\/\" \/>\n<meta property=\"og:locale\" content=\"es_ES\" \/>\n<meta property=\"og:type\" content=\"article\" \/>\n<meta property=\"og:title\" content=\"Sistema de pulverizaci\u00f3n y &quot;Lubriks-05&quot; - Marcon Soluciones Para Impresores\" \/>\n<meta property=\"og:description\" content=\"Sistema de pulverizaci\u00f3n y &#8220;Lubriks-05&#8221; La utilizaci\u00f3n del sistema de lubricaci\u00f3n TKM, junto con el lubricante de desarrollo propio LUBRIKS-05 de TKM, permitir\u00e1 una mejor calidad de corte a una velocidad de corte m\u00e1s r\u00e1pida. Ventajas: El lubricante est\u00e1 certificado de acuerdo con H1 de FDA (Incidental Food Contact) Mayor eficiencia de sus m\u00e1quinas de [&hellip;]\" \/>\n<meta property=\"og:url\" content=\"https:\/\/marcon-services.com\/inicio\/es_co\/sistema-de-pulverizacion-y-lubriks-05\/\" \/>\n<meta property=\"og:site_name\" content=\"Marcon Soluciones Para Impresores\" \/>\n<meta property=\"article:modified_time\" content=\"2024-06-12T23:57:35+00:00\" \/>\n<meta property=\"og:image\" content=\"https:\/\/marcon-services.com\/wp-content\/uploads\/2021\/06\/sistemadepuverizacionlibriks.jpg\" \/>\n\t<meta property=\"og:image:width\" content=\"2000\" \/>\n\t<meta property=\"og:image:height\" content=\"1321\" \/>\n\t<meta property=\"og:image:type\" content=\"image\/jpeg\" \/>\n<meta name=\"twitter:card\" content=\"summary_large_image\" \/>\n<meta name=\"twitter:label1\" content=\"Tiempo de lectura\" \/>\n\t<meta name=\"twitter:data1\" content=\"1 minuto\" \/>\n<script type=\"application\/ld+json\" class=\"yoast-schema-graph\">{\"@context\":\"https:\/\/schema.org\",\"@graph\":[{\"@type\":\"WebPage\",\"@id\":\"https:\/\/marcon-services.com\/inicio\/sistema-de-pulverizacion-y-lubriks-05\/\",\"url\":\"https:\/\/marcon-services.com\/inicio\/sistema-de-pulverizacion-y-lubriks-05\/\",\"name\":\"Sistema de pulverizaci\u00f3n y \\\"Lubriks-05\\\" - Marcon Soluciones Para Impresores\",\"isPartOf\":{\"@id\":\"https:\/\/marcon-services.com\/inicio\/#website\"},\"primaryImageOfPage\":{\"@id\":\"https:\/\/marcon-services.com\/inicio\/sistema-de-pulverizacion-y-lubriks-05\/#primaryimage\"},\"image\":{\"@id\":\"https:\/\/marcon-services.com\/inicio\/sistema-de-pulverizacion-y-lubriks-05\/#primaryimage\"},\"thumbnailUrl\":\"https:\/\/marcon-services.com\/wp-content\/uploads\/2021\/06\/sistemadepuverizacionlibriks.jpg\",\"datePublished\":\"2021-06-19T03:21:22+00:00\",\"dateModified\":\"2024-06-12T23:57:35+00:00\",\"breadcrumb\":{\"@id\":\"https:\/\/marcon-services.com\/inicio\/sistema-de-pulverizacion-y-lubriks-05\/#breadcrumb\"},\"inLanguage\":\"es-CO\",\"potentialAction\":[{\"@type\":\"ReadAction\",\"target\":[\"https:\/\/marcon-services.com\/inicio\/sistema-de-pulverizacion-y-lubriks-05\/\"]}]},{\"@type\":\"ImageObject\",\"inLanguage\":\"es-CO\",\"@id\":\"https:\/\/marcon-services.com\/inicio\/sistema-de-pulverizacion-y-lubriks-05\/#primaryimage\",\"url\":\"https:\/\/marcon-services.com\/wp-content\/uploads\/2021\/06\/sistemadepuverizacionlibriks.jpg\",\"contentUrl\":\"https:\/\/marcon-services.com\/wp-content\/uploads\/2021\/06\/sistemadepuverizacionlibriks.jpg\",\"width\":2000,\"height\":1321,\"caption\":\"Sistema de pulverizaci\u00f3n y \\\"Lubriks-05\\\" La utilizaci\u00f3n del sistema de lubricaci\u00f3n TKM, junto con el lubricante de desarrollo propio LUBRIKS-05 de TKM, permitir\u00e1 una mejor calidad de corte a una velocidad de corte m\u00e1s r\u00e1pida. Ventajas: El lubricante est\u00e1 certificado de acuerdo con H1 de FDA (Incidental Food Contact) Mayor eficiencia de sus m\u00e1quinas de sierra para troncos Menos contaminaci\u00f3n de cola de la hoja Menos cuchillas sobrecalentadas (productos de alta densidad) Calidad de corte mejorada\"},{\"@type\":\"BreadcrumbList\",\"@id\":\"https:\/\/marcon-services.com\/inicio\/sistema-de-pulverizacion-y-lubriks-05\/#breadcrumb\",\"itemListElement\":[{\"@type\":\"ListItem\",\"position\":1,\"name\":\"Inicio\",\"item\":\"https:\/\/marcon-services.com\/inicio\/\"},{\"@type\":\"ListItem\",\"position\":2,\"name\":\"Sistema de pulverizaci\u00f3n y &#8220;Lubriks-05&#8221;\"}]},{\"@type\":\"WebSite\",\"@id\":\"https:\/\/marcon-services.com\/inicio\/#website\",\"url\":\"https:\/\/marcon-services.com\/inicio\/\",\"name\":\"Marcon Soluciones Para Impresores\",\"description\":\"Somos una empresa din\u00e1mica fundada en el 2006 enfocada a la industria gr\u00e1fica, pl\u00e1stica, rotograbado, textil y de empaque.  En MARCON representamos y distribuimos oficialmente en M\u00e9xico y Latinoam\u00e9rica marcas l\u00edderes en el mercado de impresi\u00f3n y pl\u00e1stico.\",\"publisher\":{\"@id\":\"https:\/\/marcon-services.com\/inicio\/#organization\"},\"potentialAction\":[{\"@type\":\"SearchAction\",\"target\":{\"@type\":\"EntryPoint\",\"urlTemplate\":\"https:\/\/marcon-services.com\/inicio\/?s={search_term_string}\"},\"query-input\":{\"@type\":\"PropertyValueSpecification\",\"valueRequired\":true,\"valueName\":\"search_term_string\"}}],\"inLanguage\":\"es-CO\"},{\"@type\":\"Organization\",\"@id\":\"https:\/\/marcon-services.com\/inicio\/#organization\",\"name\":\"Marcon Soluciones Para Impresores\",\"url\":\"https:\/\/marcon-services.com\/inicio\/\",\"logo\":{\"@type\":\"ImageObject\",\"inLanguage\":\"es-CO\",\"@id\":\"https:\/\/marcon-services.com\/inicio\/#\/schema\/logo\/image\/\",\"url\":\"https:\/\/marcon-services.com\/wp-content\/uploads\/2021\/10\/LOGO-marcon-soluciones-sin-fondo-1.png\",\"contentUrl\":\"https:\/\/marcon-services.com\/wp-content\/uploads\/2021\/10\/LOGO-marcon-soluciones-sin-fondo-1.png\",\"width\":2872,\"height\":805,\"caption\":\"Marcon Soluciones Para Impresores\"},\"image\":{\"@id\":\"https:\/\/marcon-services.com\/inicio\/#\/schema\/logo\/image\/\"}}]}<\/script>\n<!-- \/ Yoast SEO plugin. -->","yoast_head_json":{"title":"Sistema de pulverizaci\u00f3n y \"Lubriks-05\" - Marcon Soluciones Para Impresores","robots":{"index":"index","follow":"follow","max-snippet":"max-snippet:-1","max-image-preview":"max-image-preview:large","max-video-preview":"max-video-preview:-1"},"canonical":"https:\/\/marcon-services.com\/inicio\/es_co\/sistema-de-pulverizacion-y-lubriks-05\/","og_locale":"es_ES","og_type":"article","og_title":"Sistema de pulverizaci\u00f3n y \"Lubriks-05\" - Marcon Soluciones Para Impresores","og_description":"Sistema de pulverizaci\u00f3n y &#8220;Lubriks-05&#8221; La utilizaci\u00f3n del sistema de lubricaci\u00f3n TKM, junto con el lubricante de desarrollo propio LUBRIKS-05 de TKM, permitir\u00e1 una mejor calidad de corte a una velocidad de corte m\u00e1s r\u00e1pida. Ventajas: El lubricante est\u00e1 certificado de acuerdo con H1 de FDA (Incidental Food Contact) Mayor eficiencia de sus m\u00e1quinas de [&hellip;]","og_url":"https:\/\/marcon-services.com\/inicio\/es_co\/sistema-de-pulverizacion-y-lubriks-05\/","og_site_name":"Marcon Soluciones Para Impresores","article_modified_time":"2024-06-12T23:57:35+00:00","og_image":[{"width":2000,"height":1321,"url":"https:\/\/marcon-services.com\/wp-content\/uploads\/2021\/06\/sistemadepuverizacionlibriks.jpg","type":"image\/jpeg"}],"twitter_card":"summary_large_image","twitter_misc":{"Tiempo de lectura":"1 minuto"},"schema":{"@context":"https:\/\/schema.org","@graph":[{"@type":"WebPage","@id":"https:\/\/marcon-services.com\/inicio\/sistema-de-pulverizacion-y-lubriks-05\/","url":"https:\/\/marcon-services.com\/inicio\/sistema-de-pulverizacion-y-lubriks-05\/","name":"Sistema de pulverizaci\u00f3n y \"Lubriks-05\" - Marcon Soluciones Para Impresores","isPartOf":{"@id":"https:\/\/marcon-services.com\/inicio\/#website"},"primaryImageOfPage":{"@id":"https:\/\/marcon-services.com\/inicio\/sistema-de-pulverizacion-y-lubriks-05\/#primaryimage"},"image":{"@id":"https:\/\/marcon-services.com\/inicio\/sistema-de-pulverizacion-y-lubriks-05\/#primaryimage"},"thumbnailUrl":"https:\/\/marcon-services.com\/wp-content\/uploads\/2021\/06\/sistemadepuverizacionlibriks.jpg","datePublished":"2021-06-19T03:21:22+00:00","dateModified":"2024-06-12T23:57:35+00:00","breadcrumb":{"@id":"https:\/\/marcon-services.com\/inicio\/sistema-de-pulverizacion-y-lubriks-05\/#breadcrumb"},"inLanguage":"es-CO","potentialAction":[{"@type":"ReadAction","target":["https:\/\/marcon-services.com\/inicio\/sistema-de-pulverizacion-y-lubriks-05\/"]}]},{"@type":"ImageObject","inLanguage":"es-CO","@id":"https:\/\/marcon-services.com\/inicio\/sistema-de-pulverizacion-y-lubriks-05\/#primaryimage","url":"https:\/\/marcon-services.com\/wp-content\/uploads\/2021\/06\/sistemadepuverizacionlibriks.jpg","contentUrl":"https:\/\/marcon-services.com\/wp-content\/uploads\/2021\/06\/sistemadepuverizacionlibriks.jpg","width":2000,"height":1321,"caption":"Sistema de pulverizaci\u00f3n y \"Lubriks-05\" La utilizaci\u00f3n del sistema de lubricaci\u00f3n TKM, junto con el lubricante de desarrollo propio LUBRIKS-05 de TKM, permitir\u00e1 una mejor calidad de corte a una velocidad de corte m\u00e1s r\u00e1pida. Ventajas: El lubricante est\u00e1 certificado de acuerdo con H1 de FDA (Incidental Food Contact) Mayor eficiencia de sus m\u00e1quinas de sierra para troncos Menos contaminaci\u00f3n de cola de la hoja Menos cuchillas sobrecalentadas (productos de alta densidad) Calidad de corte mejorada"},{"@type":"BreadcrumbList","@id":"https:\/\/marcon-services.com\/inicio\/sistema-de-pulverizacion-y-lubriks-05\/#breadcrumb","itemListElement":[{"@type":"ListItem","position":1,"name":"Inicio","item":"https:\/\/marcon-services.com\/inicio\/"},{"@type":"ListItem","position":2,"name":"Sistema de pulverizaci\u00f3n y &#8220;Lubriks-05&#8221;"}]},{"@type":"WebSite","@id":"https:\/\/marcon-services.com\/inicio\/#website","url":"https:\/\/marcon-services.com\/inicio\/","name":"Marcon Soluciones Para Impresores","description":"Somos una empresa din\u00e1mica fundada en el 2006 enfocada a la industria gr\u00e1fica, pl\u00e1stica, rotograbado, textil y de empaque.  En MARCON representamos y distribuimos oficialmente en M\u00e9xico y Latinoam\u00e9rica marcas l\u00edderes en el mercado de impresi\u00f3n y pl\u00e1stico.","publisher":{"@id":"https:\/\/marcon-services.com\/inicio\/#organization"},"potentialAction":[{"@type":"SearchAction","target":{"@type":"EntryPoint","urlTemplate":"https:\/\/marcon-services.com\/inicio\/?s={search_term_string}"},"query-input":{"@type":"PropertyValueSpecification","valueRequired":true,"valueName":"search_term_string"}}],"inLanguage":"es-CO"},{"@type":"Organization","@id":"https:\/\/marcon-services.com\/inicio\/#organization","name":"Marcon Soluciones Para Impresores","url":"https:\/\/marcon-services.com\/inicio\/","logo":{"@type":"ImageObject","inLanguage":"es-CO","@id":"https:\/\/marcon-services.com\/inicio\/#\/schema\/logo\/image\/","url":"https:\/\/marcon-services.com\/wp-content\/uploads\/2021\/10\/LOGO-marcon-soluciones-sin-fondo-1.png","contentUrl":"https:\/\/marcon-services.com\/wp-content\/uploads\/2021\/10\/LOGO-marcon-soluciones-sin-fondo-1.png","width":2872,"height":805,"caption":"Marcon Soluciones Para Impresores"},"image":{"@id":"https:\/\/marcon-services.com\/inicio\/#\/schema\/logo\/image\/"}}]}},"uagb_featured_image_src":{"full":["https:\/\/marcon-services.com\/wp-content\/uploads\/2021\/06\/sistemadepuverizacionlibriks.jpg",2000,1321,false],"thumbnail":["https:\/\/marcon-services.com\/wp-content\/uploads\/2021\/06\/sistemadepuverizacionlibriks-150x150.jpg",150,150,true],"medium":["https:\/\/marcon-services.com\/wp-content\/uploads\/2021\/06\/sistemadepuverizacionlibriks-300x198.jpg",300,198,true],"medium_large":["https:\/\/marcon-services.com\/wp-content\/uploads\/2021\/06\/sistemadepuverizacionlibriks-768x507.jpg",768,507,true],"large":["https:\/\/marcon-services.com\/wp-content\/uploads\/2021\/06\/sistemadepuverizacionlibriks-1024x676.jpg",1024,676,true],"1536x1536":["https:\/\/marcon-services.com\/wp-content\/uploads\/2021\/06\/sistemadepuverizacionlibriks-1536x1015.jpg",1536,1015,true],"2048x2048":["https:\/\/marcon-services.com\/wp-content\/uploads\/2021\/06\/sistemadepuverizacionlibriks.jpg",2000,1321,false],"trp-custom-language-flag":["https:\/\/marcon-services.com\/wp-content\/uploads\/2021\/06\/sistemadepuverizacionlibriks.jpg",18,12,false]},"uagb_author_info":{"display_name":"marcons-web","author_link":"https:\/\/marcon-services.com\/inicio\/es_co\/author\/osvaldo\/"},"uagb_comment_info":0,"uagb_excerpt":"Sistema de pulverizaci\u00f3n y &#8220;Lubriks-05&#8221; La utilizaci\u00f3n del sistema de lubricaci\u00f3n TKM, junto con el lubricante de desarrollo propio LUBRIKS-05 de TKM, permitir\u00e1 una mejor calidad de corte a una velocidad de corte m\u00e1s r\u00e1pida. Ventajas: El lubricante est\u00e1 certificado de acuerdo con H1 de FDA (Incidental Food Contact) Mayor eficiencia de sus m\u00e1quinas de&hellip;","_links":{"self":[{"href":"https:\/\/marcon-services.com\/inicio\/es_co\/wp-json\/wp\/v2\/pages\/1210"}],"collection":[{"href":"https:\/\/marcon-services.com\/inicio\/es_co\/wp-json\/wp\/v2\/pages"}],"about":[{"href":"https:\/\/marcon-services.com\/inicio\/es_co\/wp-json\/wp\/v2\/types\/page"}],"author":[{"embeddable":true,"href":"https:\/\/marcon-services.com\/inicio\/es_co\/wp-json\/wp\/v2\/users\/2"}],"replies":[{"embeddable":true,"href":"https:\/\/marcon-services.com\/inicio\/es_co\/wp-json\/wp\/v2\/comments?post=1210"}],"version-history":[{"count":11,"href":"https:\/\/marcon-services.com\/inicio\/es_co\/wp-json\/wp\/v2\/pages\/1210\/revisions"}],"predecessor-version":[{"id":2507,"href":"https:\/\/marcon-services.com\/inicio\/es_co\/wp-json\/wp\/v2\/pages\/1210\/revisions\/2507"}],"wp:featuredmedia":[{"embeddable":true,"href":"https:\/\/marcon-services.com\/inicio\/es_co\/wp-json\/wp\/v2\/media\/1212"}],"wp:attachment":[{"href":"https:\/\/marcon-services.com\/inicio\/es_co\/wp-json\/wp\/v2\/media?parent=1210"}],"curies":[{"name":"wp","href":"https:\/\/api.w.org\/{rel}","templated":true}]}}