{"id":1234,"date":"2021-06-19T06:42:46","date_gmt":"2021-06-19T12:42:46","guid":{"rendered":"https:\/\/marcon-services.com\/inicio\/?page_id=1234"},"modified":"2024-06-12T16:03:28","modified_gmt":"2024-06-12T22:03:28","slug":"cuchillas-cortadoras-rotativas","status":"publish","type":"page","link":"https:\/\/marcon-services.com\/inicio\/es_co\/cuchillas-cortadoras-rotativas\/","title":{"rendered":"Cuchillas cortadoras rotativas"},"content":{"rendered":"<div data-aos= \"zoom-in-down\" data-aos-duration=\"400\" data-aos-delay=\"0\" data-aos-easing=\"ease\" data-aos-once=\"true\" class=\"wp-block-uagb-container uagb-block-ce2c3d2a alignfull uagb-is-root-container\"><div class=\"uagb-container-inner-blocks-wrap\">\n<div class=\"wp-block-uagb-container uagb-block-ec78e350\">\n<div class=\"wp-block-uagb-container uagb-block-fc0fda6b\">\n<figure class=\"wp-block-image aligncenter size-full\"><img loading=\"lazy\" decoding=\"async\" width=\"800\" height=\"800\" src=\"https:\/\/marcon-services.com\/wp-content\/uploads\/2021\/06\/cuchillascortadorasrotativas.png\" alt=\"cuchillas cortadoras rotativas\" class=\"wp-image-1235\" srcset=\"https:\/\/marcon-services.com\/wp-content\/uploads\/2021\/06\/cuchillascortadorasrotativas.png 800w, https:\/\/marcon-services.com\/wp-content\/uploads\/2021\/06\/cuchillascortadorasrotativas-300x300.png 300w, https:\/\/marcon-services.com\/wp-content\/uploads\/2021\/06\/cuchillascortadorasrotativas-150x150.png 150w, https:\/\/marcon-services.com\/wp-content\/uploads\/2021\/06\/cuchillascortadorasrotativas-768x768.png 768w, https:\/\/marcon-services.com\/wp-content\/uploads\/2021\/06\/cuchillascortadorasrotativas-250x250.png 250w\" sizes=\"(max-width: 800px) 100vw, 800px\" \/><\/figure>\n<\/div>\n\n\n\n<div class=\"wp-block-uagb-container uagb-block-3ac94bb1\">\n<h1 class=\"tw-mb-6\">Cuchillos cortadores rotativos<\/h1>\n<div class=\"richtext-box big-typo\">\n<p>Cuchillas cortadoras rotativas TKM para todos los tipos de m\u00e1quinas comerciales:\u00a0<\/p>\n<table border=\"1\" cellpadding=\"4\">\n<tbody>\n<tr>\n<td>\u2714 Chivemme<\/td>\n<td>\u2714 RIMA<\/td>\n<\/tr>\n<tr>\n<td>\u2714 G\u00e4mmerler<\/td>\n<td>\u2714 M\u00fcller Martini<\/td>\n<\/tr>\n<tr>\n<td>\u2714 Inlog<\/td>\n<td>\u2714 WRH<\/td>\n<\/tr>\n<tr>\n<td>\u2714 Recmi<\/td>\n<td>y otros<\/td>\n<\/tr>\n<\/tbody>\n<\/table>\n<p>Adem\u00e1s de las aplicaciones est\u00e1ndar, TKM desarrolla soluciones que se adaptan espec\u00edficamente al uso espec\u00edfico del cliente.<\/p>\n<\/div>\n<\/div>\n<\/div>\n\n\n\n<div class=\"wp-block-uagb-container uagb-block-8b608007\">\n<h3 class=\"info-text-box-title md:tw-pl-8\" style=\"text-align: left;\">Comparaci\u00f3n de la vida \u00fatil (calidad de la cuchilla frente a vida \u00fatil)<\/h3>\n<div class=\"aligncenter\">\n<table border=\"3\" cellpadding=\"4\">\n<tbody>\n<tr>\n<td>Calidad<\/td>\n<td>Calidad TKM<\/td>\n<td>Vida \u00fatil<\/td>\n<\/tr>\n<tr>\n<td style=\"text-align: center;\">Est\u00e1ndar<\/td>\n<td>Durapid<\/td>\n<td>1<\/td>\n<\/tr>\n<tr>\n<td>12% acero cromado<\/td>\n<td>Chromalit<\/td>\n<td>1,5 &#8211; 2<\/td>\n<\/tr>\n<tr>\n<td>Acero 18% W.HSS<br \/>(\u00a0acero de\u00a0alta velocidad)<\/td>\n<td>Duritan<\/td>\n<td>&gt; 3<\/td>\n<\/tr>\n<tr>\n<td>Polvo de acero<\/td>\n<td>Duratec<\/td>\n<td>4 &#8211; 6<\/td>\n<\/tr>\n<tr>\n<td>Est\u00e1ndar de carburo<\/td>\n<td>\u00a0<\/td>\n<td>&gt; 10<\/td>\n<\/tr>\n<tr>\n<td>Grano fino de carburo<\/td>\n<td>\u00a0<\/td>\n<td>&gt; 15<\/td>\n<\/tr>\n<tr>\n<td>Grano fino de carburo<\/td>\n<td>Incomet Supremo<\/td>\n<td>&gt; 30<\/td>\n<\/tr>\n<tr>\n<td>Grano ultrafino de carburo<\/td>\n<td>Ultra corte<\/td>\n<td>&gt; 60<\/td>\n<\/tr>\n<\/tbody>\n<\/table>\n<\/div>\n<\/div>\n<\/div><\/div>","protected":false},"excerpt":{"rendered":"<p>Cuchillos cortadores rotativos Cuchillas cortadoras rotativas TKM para todos los tipos de m\u00e1quinas comerciales:\u00a0 \u2714 Chivemme \u2714 RIMA \u2714 G\u00e4mmerler \u2714 M\u00fcller Martini \u2714 Inlog \u2714 WRH \u2714 Recmi y otros Adem\u00e1s de las aplicaciones est\u00e1ndar, TKM desarrolla soluciones que se adaptan espec\u00edficamente al uso espec\u00edfico del cliente. Comparaci\u00f3n de la vida \u00fatil (calidad de [&hellip;]<\/p>","protected":false},"author":2,"featured_media":1235,"parent":0,"menu_order":0,"comment_status":"closed","ping_status":"closed","template":"","meta":{"_uag_custom_page_level_css":"","site-sidebar-layout":"no-sidebar","site-content-layout":"plain-container","ast-site-content-layout":"normal-width-container","site-content-style":"unboxed","site-sidebar-style":"unboxed","ast-global-header-display":"","ast-banner-title-visibility":"","ast-main-header-display":"","ast-hfb-above-header-display":"","ast-hfb-below-header-display":"","ast-hfb-mobile-header-display":"","site-post-title":"disabled","ast-breadcrumbs-content":"","ast-featured-img":"disabled","footer-sml-layout":"","theme-transparent-header-meta":"default","adv-header-id-meta":"","stick-header-meta":"","header-above-stick-meta":"","header-main-stick-meta":"","header-below-stick-meta":"","astra-migrate-meta-layouts":"set","ast-page-background-enabled":"default","ast-page-background-meta":{"desktop":{"background-color":"var(--ast-global-color-4)","background-image":"","background-repeat":"repeat","background-position":"center center","background-size":"auto","background-attachment":"scroll","background-type":"","background-media":"","overlay-type":"","overlay-color":"","overlay-opacity":"","overlay-gradient":""},"tablet":{"background-color":"","background-image":"","background-repeat":"repeat","background-position":"center center","background-size":"auto","background-attachment":"scroll","background-type":"","background-media":"","overlay-type":"","overlay-color":"","overlay-opacity":"","overlay-gradient":""},"mobile":{"background-color":"","background-image":"","background-repeat":"repeat","background-position":"center center","background-size":"auto","background-attachment":"scroll","background-type":"","background-media":"","overlay-type":"","overlay-color":"","overlay-opacity":"","overlay-gradient":""}},"ast-content-background-meta":{"desktop":{"background-color":"var(--ast-global-color-5)","background-image":"","background-repeat":"repeat","background-position":"center center","background-size":"auto","background-attachment":"scroll","background-type":"","background-media":"","overlay-type":"","overlay-color":"","overlay-opacity":"","overlay-gradient":""},"tablet":{"background-color":"var(--ast-global-color-5)","background-image":"","background-repeat":"repeat","background-position":"center center","background-size":"auto","background-attachment":"scroll","background-type":"","background-media":"","overlay-type":"","overlay-color":"","overlay-opacity":"","overlay-gradient":""},"mobile":{"background-color":"var(--ast-global-color-5)","background-image":"","background-repeat":"repeat","background-position":"center center","background-size":"auto","background-attachment":"scroll","background-type":"","background-media":"","overlay-type":"","overlay-color":"","overlay-opacity":"","overlay-gradient":""}},"footnotes":""},"yoast_head":"<!-- This site is optimized with the Yoast SEO plugin v23.8 - https:\/\/yoast.com\/wordpress\/plugins\/seo\/ -->\n<title>Cuchillas cortadoras rotativas - Marcon Soluciones Para Impresores<\/title>\n<meta name=\"robots\" content=\"index, follow, max-snippet:-1, max-image-preview:large, max-video-preview:-1\" \/>\n<link rel=\"canonical\" href=\"https:\/\/marcon-services.com\/inicio\/es_co\/cuchillas-cortadoras-rotativas\/\" \/>\n<meta property=\"og:locale\" content=\"es_ES\" \/>\n<meta property=\"og:type\" content=\"article\" \/>\n<meta property=\"og:title\" content=\"Cuchillas cortadoras rotativas - Marcon Soluciones Para Impresores\" \/>\n<meta property=\"og:description\" content=\"Cuchillos cortadores rotativos Cuchillas cortadoras rotativas TKM para todos los tipos de m\u00e1quinas comerciales:\u00a0 \u2714 Chivemme \u2714 RIMA \u2714 G\u00e4mmerler \u2714 M\u00fcller Martini \u2714 Inlog \u2714 WRH \u2714 Recmi y otros Adem\u00e1s de las aplicaciones est\u00e1ndar, TKM desarrolla soluciones que se adaptan espec\u00edficamente al uso espec\u00edfico del cliente. Comparaci\u00f3n de la vida \u00fatil (calidad de [&hellip;]\" \/>\n<meta property=\"og:url\" content=\"https:\/\/marcon-services.com\/inicio\/es_co\/cuchillas-cortadoras-rotativas\/\" \/>\n<meta property=\"og:site_name\" content=\"Marcon Soluciones Para Impresores\" \/>\n<meta property=\"article:modified_time\" content=\"2024-06-12T22:03:28+00:00\" \/>\n<meta property=\"og:image\" content=\"https:\/\/marcon-services.com\/wp-content\/uploads\/2021\/06\/cuchillascortadorasrotativas.png\" \/>\n\t<meta property=\"og:image:width\" content=\"800\" \/>\n\t<meta property=\"og:image:height\" content=\"800\" \/>\n\t<meta property=\"og:image:type\" content=\"image\/png\" \/>\n<meta name=\"twitter:card\" content=\"summary_large_image\" \/>\n<meta name=\"twitter:label1\" content=\"Tiempo de lectura\" \/>\n\t<meta name=\"twitter:data1\" content=\"1 minuto\" \/>\n<script type=\"application\/ld+json\" class=\"yoast-schema-graph\">{\"@context\":\"https:\/\/schema.org\",\"@graph\":[{\"@type\":\"WebPage\",\"@id\":\"https:\/\/marcon-services.com\/inicio\/cuchillas-cortadoras-rotativas\/\",\"url\":\"https:\/\/marcon-services.com\/inicio\/cuchillas-cortadoras-rotativas\/\",\"name\":\"Cuchillas cortadoras rotativas - Marcon Soluciones Para Impresores\",\"isPartOf\":{\"@id\":\"https:\/\/marcon-services.com\/inicio\/#website\"},\"primaryImageOfPage\":{\"@id\":\"https:\/\/marcon-services.com\/inicio\/cuchillas-cortadoras-rotativas\/#primaryimage\"},\"image\":{\"@id\":\"https:\/\/marcon-services.com\/inicio\/cuchillas-cortadoras-rotativas\/#primaryimage\"},\"thumbnailUrl\":\"https:\/\/marcon-services.com\/wp-content\/uploads\/2021\/06\/cuchillascortadorasrotativas.png\",\"datePublished\":\"2021-06-19T12:42:46+00:00\",\"dateModified\":\"2024-06-12T22:03:28+00:00\",\"breadcrumb\":{\"@id\":\"https:\/\/marcon-services.com\/inicio\/cuchillas-cortadoras-rotativas\/#breadcrumb\"},\"inLanguage\":\"es-CO\",\"potentialAction\":[{\"@type\":\"ReadAction\",\"target\":[\"https:\/\/marcon-services.com\/inicio\/cuchillas-cortadoras-rotativas\/\"]}]},{\"@type\":\"ImageObject\",\"inLanguage\":\"es-CO\",\"@id\":\"https:\/\/marcon-services.com\/inicio\/cuchillas-cortadoras-rotativas\/#primaryimage\",\"url\":\"https:\/\/marcon-services.com\/wp-content\/uploads\/2021\/06\/cuchillascortadorasrotativas.png\",\"contentUrl\":\"https:\/\/marcon-services.com\/wp-content\/uploads\/2021\/06\/cuchillascortadorasrotativas.png\",\"width\":800,\"height\":800,\"caption\":\"cuchillas cortadoras rotativas\"},{\"@type\":\"BreadcrumbList\",\"@id\":\"https:\/\/marcon-services.com\/inicio\/cuchillas-cortadoras-rotativas\/#breadcrumb\",\"itemListElement\":[{\"@type\":\"ListItem\",\"position\":1,\"name\":\"Inicio\",\"item\":\"https:\/\/marcon-services.com\/inicio\/\"},{\"@type\":\"ListItem\",\"position\":2,\"name\":\"Cuchillas cortadoras rotativas\"}]},{\"@type\":\"WebSite\",\"@id\":\"https:\/\/marcon-services.com\/inicio\/#website\",\"url\":\"https:\/\/marcon-services.com\/inicio\/\",\"name\":\"Marcon Soluciones Para Impresores\",\"description\":\"Somos una empresa din\u00e1mica fundada en el 2006 enfocada a la industria gr\u00e1fica, pl\u00e1stica, rotograbado, textil y de empaque.  En MARCON representamos y distribuimos oficialmente en M\u00e9xico y Latinoam\u00e9rica marcas l\u00edderes en el mercado de impresi\u00f3n y pl\u00e1stico.\",\"publisher\":{\"@id\":\"https:\/\/marcon-services.com\/inicio\/#organization\"},\"potentialAction\":[{\"@type\":\"SearchAction\",\"target\":{\"@type\":\"EntryPoint\",\"urlTemplate\":\"https:\/\/marcon-services.com\/inicio\/?s={search_term_string}\"},\"query-input\":{\"@type\":\"PropertyValueSpecification\",\"valueRequired\":true,\"valueName\":\"search_term_string\"}}],\"inLanguage\":\"es-CO\"},{\"@type\":\"Organization\",\"@id\":\"https:\/\/marcon-services.com\/inicio\/#organization\",\"name\":\"Marcon Soluciones Para Impresores\",\"url\":\"https:\/\/marcon-services.com\/inicio\/\",\"logo\":{\"@type\":\"ImageObject\",\"inLanguage\":\"es-CO\",\"@id\":\"https:\/\/marcon-services.com\/inicio\/#\/schema\/logo\/image\/\",\"url\":\"https:\/\/marcon-services.com\/wp-content\/uploads\/2021\/10\/LOGO-marcon-soluciones-sin-fondo-1.png\",\"contentUrl\":\"https:\/\/marcon-services.com\/wp-content\/uploads\/2021\/10\/LOGO-marcon-soluciones-sin-fondo-1.png\",\"width\":2872,\"height\":805,\"caption\":\"Marcon Soluciones Para Impresores\"},\"image\":{\"@id\":\"https:\/\/marcon-services.com\/inicio\/#\/schema\/logo\/image\/\"}}]}<\/script>\n<!-- \/ Yoast SEO plugin. -->","yoast_head_json":{"title":"Cuchillas cortadoras rotativas - Marcon Soluciones Para Impresores","robots":{"index":"index","follow":"follow","max-snippet":"max-snippet:-1","max-image-preview":"max-image-preview:large","max-video-preview":"max-video-preview:-1"},"canonical":"https:\/\/marcon-services.com\/inicio\/es_co\/cuchillas-cortadoras-rotativas\/","og_locale":"es_ES","og_type":"article","og_title":"Cuchillas cortadoras rotativas - Marcon Soluciones Para Impresores","og_description":"Cuchillos cortadores rotativos Cuchillas cortadoras rotativas TKM para todos los tipos de m\u00e1quinas comerciales:\u00a0 \u2714 Chivemme \u2714 RIMA \u2714 G\u00e4mmerler \u2714 M\u00fcller Martini \u2714 Inlog \u2714 WRH \u2714 Recmi y otros Adem\u00e1s de las aplicaciones est\u00e1ndar, TKM desarrolla soluciones que se adaptan espec\u00edficamente al uso espec\u00edfico del cliente. Comparaci\u00f3n de la vida \u00fatil (calidad de [&hellip;]","og_url":"https:\/\/marcon-services.com\/inicio\/es_co\/cuchillas-cortadoras-rotativas\/","og_site_name":"Marcon Soluciones Para Impresores","article_modified_time":"2024-06-12T22:03:28+00:00","og_image":[{"width":800,"height":800,"url":"https:\/\/marcon-services.com\/wp-content\/uploads\/2021\/06\/cuchillascortadorasrotativas.png","type":"image\/png"}],"twitter_card":"summary_large_image","twitter_misc":{"Tiempo de lectura":"1 minuto"},"schema":{"@context":"https:\/\/schema.org","@graph":[{"@type":"WebPage","@id":"https:\/\/marcon-services.com\/inicio\/cuchillas-cortadoras-rotativas\/","url":"https:\/\/marcon-services.com\/inicio\/cuchillas-cortadoras-rotativas\/","name":"Cuchillas cortadoras rotativas - Marcon Soluciones Para Impresores","isPartOf":{"@id":"https:\/\/marcon-services.com\/inicio\/#website"},"primaryImageOfPage":{"@id":"https:\/\/marcon-services.com\/inicio\/cuchillas-cortadoras-rotativas\/#primaryimage"},"image":{"@id":"https:\/\/marcon-services.com\/inicio\/cuchillas-cortadoras-rotativas\/#primaryimage"},"thumbnailUrl":"https:\/\/marcon-services.com\/wp-content\/uploads\/2021\/06\/cuchillascortadorasrotativas.png","datePublished":"2021-06-19T12:42:46+00:00","dateModified":"2024-06-12T22:03:28+00:00","breadcrumb":{"@id":"https:\/\/marcon-services.com\/inicio\/cuchillas-cortadoras-rotativas\/#breadcrumb"},"inLanguage":"es-CO","potentialAction":[{"@type":"ReadAction","target":["https:\/\/marcon-services.com\/inicio\/cuchillas-cortadoras-rotativas\/"]}]},{"@type":"ImageObject","inLanguage":"es-CO","@id":"https:\/\/marcon-services.com\/inicio\/cuchillas-cortadoras-rotativas\/#primaryimage","url":"https:\/\/marcon-services.com\/wp-content\/uploads\/2021\/06\/cuchillascortadorasrotativas.png","contentUrl":"https:\/\/marcon-services.com\/wp-content\/uploads\/2021\/06\/cuchillascortadorasrotativas.png","width":800,"height":800,"caption":"cuchillas cortadoras rotativas"},{"@type":"BreadcrumbList","@id":"https:\/\/marcon-services.com\/inicio\/cuchillas-cortadoras-rotativas\/#breadcrumb","itemListElement":[{"@type":"ListItem","position":1,"name":"Inicio","item":"https:\/\/marcon-services.com\/inicio\/"},{"@type":"ListItem","position":2,"name":"Cuchillas cortadoras rotativas"}]},{"@type":"WebSite","@id":"https:\/\/marcon-services.com\/inicio\/#website","url":"https:\/\/marcon-services.com\/inicio\/","name":"Marcon Soluciones Para Impresores","description":"Somos una empresa din\u00e1mica fundada en el 2006 enfocada a la industria gr\u00e1fica, pl\u00e1stica, rotograbado, textil y de empaque.  En MARCON representamos y distribuimos oficialmente en M\u00e9xico y Latinoam\u00e9rica marcas l\u00edderes en el mercado de impresi\u00f3n y pl\u00e1stico.","publisher":{"@id":"https:\/\/marcon-services.com\/inicio\/#organization"},"potentialAction":[{"@type":"SearchAction","target":{"@type":"EntryPoint","urlTemplate":"https:\/\/marcon-services.com\/inicio\/?s={search_term_string}"},"query-input":{"@type":"PropertyValueSpecification","valueRequired":true,"valueName":"search_term_string"}}],"inLanguage":"es-CO"},{"@type":"Organization","@id":"https:\/\/marcon-services.com\/inicio\/#organization","name":"Marcon Soluciones Para Impresores","url":"https:\/\/marcon-services.com\/inicio\/","logo":{"@type":"ImageObject","inLanguage":"es-CO","@id":"https:\/\/marcon-services.com\/inicio\/#\/schema\/logo\/image\/","url":"https:\/\/marcon-services.com\/wp-content\/uploads\/2021\/10\/LOGO-marcon-soluciones-sin-fondo-1.png","contentUrl":"https:\/\/marcon-services.com\/wp-content\/uploads\/2021\/10\/LOGO-marcon-soluciones-sin-fondo-1.png","width":2872,"height":805,"caption":"Marcon Soluciones Para Impresores"},"image":{"@id":"https:\/\/marcon-services.com\/inicio\/#\/schema\/logo\/image\/"}}]}},"uagb_featured_image_src":{"full":["https:\/\/marcon-services.com\/wp-content\/uploads\/2021\/06\/cuchillascortadorasrotativas.png",800,800,false],"thumbnail":["https:\/\/marcon-services.com\/wp-content\/uploads\/2021\/06\/cuchillascortadorasrotativas-150x150.png",150,150,true],"medium":["https:\/\/marcon-services.com\/wp-content\/uploads\/2021\/06\/cuchillascortadorasrotativas-300x300.png",300,300,true],"medium_large":["https:\/\/marcon-services.com\/wp-content\/uploads\/2021\/06\/cuchillascortadorasrotativas-768x768.png",768,768,true],"large":["https:\/\/marcon-services.com\/wp-content\/uploads\/2021\/06\/cuchillascortadorasrotativas.png",800,800,false],"1536x1536":["https:\/\/marcon-services.com\/wp-content\/uploads\/2021\/06\/cuchillascortadorasrotativas.png",800,800,false],"2048x2048":["https:\/\/marcon-services.com\/wp-content\/uploads\/2021\/06\/cuchillascortadorasrotativas.png",800,800,false],"trp-custom-language-flag":["https:\/\/marcon-services.com\/wp-content\/uploads\/2021\/06\/cuchillascortadorasrotativas.png",12,12,false]},"uagb_author_info":{"display_name":"marcons-web","author_link":"https:\/\/marcon-services.com\/inicio\/es_co\/author\/osvaldo\/"},"uagb_comment_info":0,"uagb_excerpt":"Cuchillos cortadores rotativos Cuchillas cortadoras rotativas TKM para todos los tipos de m\u00e1quinas comerciales:\u00a0 \u2714 Chivemme \u2714 RIMA \u2714 G\u00e4mmerler \u2714 M\u00fcller Martini \u2714 Inlog \u2714 WRH \u2714 Recmi y otros Adem\u00e1s de las aplicaciones est\u00e1ndar, TKM desarrolla soluciones que se adaptan espec\u00edficamente al uso espec\u00edfico del cliente. Comparaci\u00f3n de la vida \u00fatil (calidad de&hellip;","_links":{"self":[{"href":"https:\/\/marcon-services.com\/inicio\/es_co\/wp-json\/wp\/v2\/pages\/1234"}],"collection":[{"href":"https:\/\/marcon-services.com\/inicio\/es_co\/wp-json\/wp\/v2\/pages"}],"about":[{"href":"https:\/\/marcon-services.com\/inicio\/es_co\/wp-json\/wp\/v2\/types\/page"}],"author":[{"embeddable":true,"href":"https:\/\/marcon-services.com\/inicio\/es_co\/wp-json\/wp\/v2\/users\/2"}],"replies":[{"embeddable":true,"href":"https:\/\/marcon-services.com\/inicio\/es_co\/wp-json\/wp\/v2\/comments?post=1234"}],"version-history":[{"count":6,"href":"https:\/\/marcon-services.com\/inicio\/es_co\/wp-json\/wp\/v2\/pages\/1234\/revisions"}],"predecessor-version":[{"id":2467,"href":"https:\/\/marcon-services.com\/inicio\/es_co\/wp-json\/wp\/v2\/pages\/1234\/revisions\/2467"}],"wp:featuredmedia":[{"embeddable":true,"href":"https:\/\/marcon-services.com\/inicio\/es_co\/wp-json\/wp\/v2\/media\/1235"}],"wp:attachment":[{"href":"https:\/\/marcon-services.com\/inicio\/es_co\/wp-json\/wp\/v2\/media?parent=1234"}],"curies":[{"name":"wp","href":"https:\/\/api.w.org\/{rel}","templated":true}]}}