{"id":1238,"date":"2021-06-19T06:49:40","date_gmt":"2021-06-19T12:49:40","guid":{"rendered":"https:\/\/marcon-services.com\/inicio\/?page_id=1238"},"modified":"2024-06-12T16:10:55","modified_gmt":"2024-06-12T22:10:55","slug":"cuchillas-cortadoras","status":"publish","type":"page","link":"https:\/\/marcon-services.com\/inicio\/es_co\/cuchillas-cortadoras\/","title":{"rendered":"Cuchillas cortadoras"},"content":{"rendered":"<div data-aos= \"zoom-in-down\" data-aos-duration=\"400\" data-aos-delay=\"0\" data-aos-easing=\"ease\" data-aos-once=\"true\" class=\"wp-block-uagb-container uagb-block-43ea5084 alignfull uagb-is-root-container\"><div class=\"uagb-container-inner-blocks-wrap\">\n<div class=\"wp-block-uagb-container uagb-block-7d4994bc\">\n<figure class=\"wp-block-image size-large\"><img loading=\"lazy\" decoding=\"async\" width=\"1024\" height=\"872\" src=\"https:\/\/marcon-services.com\/wp-content\/uploads\/2021\/06\/cuchillascortadoras-1024x872.gif\" alt=\"cuchillas cortadoras\" class=\"wp-image-1239\" srcset=\"https:\/\/marcon-services.com\/wp-content\/uploads\/2021\/06\/cuchillascortadoras-1024x872.gif 1024w, https:\/\/marcon-services.com\/wp-content\/uploads\/2021\/06\/cuchillascortadoras-300x256.gif 300w, https:\/\/marcon-services.com\/wp-content\/uploads\/2021\/06\/cuchillascortadoras-768x654.gif 768w\" sizes=\"(max-width: 1024px) 100vw, 1024px\" \/><\/figure>\n<\/div>\n\n\n\n<div class=\"wp-block-uagb-container uagb-block-29a02c1d\">\n<h1 class=\"tw-mb-6\">Cuchillos cortadores<\/h1>\n<div class=\"richtext-box big-typo\">\n<p>Preciso, eficiente, duradero.<\/p>\n<h2>Ventajas y caracter\u00edsticas<\/h2>\n<div class=\"richtext-box tw-mt-6 big-typo tw-mx-auto xl:tw-w-4\/5\">\n<table border=\"1\" cellpadding=\"4\">\n<tbody>\n<tr>\n<td><strong>Cuchillo superior<\/strong><\/td>\n<td><strong>Cuchillo inferior<\/strong><\/td>\n<\/tr>\n<tr>\n<td>Inserto HSS \/ acero para herramientas \/ acero PM \/ carburo\u00a0<\/td>\n<td>Plaquitas de acero completo (acero cromado) o HSS \/ HM- \/ PM-steel<\/td>\n<\/tr>\n<tr>\n<td>Unidad de sujeci\u00f3n simple de 22 \u00b0 -24 \u00b0 (acero)<\/td>\n<td>Rectitud del filo 0,02 mm<\/td>\n<\/tr>\n<tr>\n<td>Marca de desgaste ca.\u00a014 mm de ancho (acero)<\/td>\n<td>Superficie pulida &lt;RA 0,1 \u00b5m<\/td>\n<\/tr>\n<tr>\n<td>Marca de desgaste ca.\u00a07 mm de ancho (HM)<\/td>\n<td>\u00a0<\/td>\n<\/tr>\n<tr>\n<td>21 \u00b0 sustrato \/ 23 \u00b0 (HM) \/ 25 \u00b0<\/td>\n<td>\u00a0<\/td>\n<\/tr>\n<\/tbody>\n<\/table>\n<\/div>\n<\/div>\n<\/div>\n<\/div><\/div>","protected":false},"excerpt":{"rendered":"<p>Cuchillos cortadores Preciso, eficiente, duradero. Ventajas y caracter\u00edsticas Cuchillo superior Cuchillo inferior Inserto HSS \/ acero para herramientas \/ acero PM \/ carburo\u00a0 Plaquitas de acero completo (acero cromado) o HSS \/ HM- \/ PM-steel Unidad de sujeci\u00f3n simple de 22 \u00b0 -24 \u00b0 (acero) Rectitud del filo 0,02 mm Marca de desgaste ca.\u00a014 mm [&hellip;]<\/p>","protected":false},"author":2,"featured_media":1239,"parent":0,"menu_order":0,"comment_status":"closed","ping_status":"closed","template":"","meta":{"_uag_custom_page_level_css":"","site-sidebar-layout":"no-sidebar","site-content-layout":"plain-container","ast-site-content-layout":"normal-width-container","site-content-style":"unboxed","site-sidebar-style":"unboxed","ast-global-header-display":"","ast-banner-title-visibility":"","ast-main-header-display":"","ast-hfb-above-header-display":"","ast-hfb-below-header-display":"","ast-hfb-mobile-header-display":"","site-post-title":"disabled","ast-breadcrumbs-content":"","ast-featured-img":"disabled","footer-sml-layout":"","theme-transparent-header-meta":"default","adv-header-id-meta":"","stick-header-meta":"","header-above-stick-meta":"","header-main-stick-meta":"","header-below-stick-meta":"","astra-migrate-meta-layouts":"set","ast-page-background-enabled":"default","ast-page-background-meta":{"desktop":{"background-color":"var(--ast-global-color-4)","background-image":"","background-repeat":"repeat","background-position":"center center","background-size":"auto","background-attachment":"scroll","background-type":"","background-media":"","overlay-type":"","overlay-color":"","overlay-opacity":"","overlay-gradient":""},"tablet":{"background-color":"","background-image":"","background-repeat":"repeat","background-position":"center center","background-size":"auto","background-attachment":"scroll","background-type":"","background-media":"","overlay-type":"","overlay-color":"","overlay-opacity":"","overlay-gradient":""},"mobile":{"background-color":"","background-image":"","background-repeat":"repeat","background-position":"center center","background-size":"auto","background-attachment":"scroll","background-type":"","background-media":"","overlay-type":"","overlay-color":"","overlay-opacity":"","overlay-gradient":""}},"ast-content-background-meta":{"desktop":{"background-color":"var(--ast-global-color-5)","background-image":"","background-repeat":"repeat","background-position":"center center","background-size":"auto","background-attachment":"scroll","background-type":"","background-media":"","overlay-type":"","overlay-color":"","overlay-opacity":"","overlay-gradient":""},"tablet":{"background-color":"var(--ast-global-color-5)","background-image":"","background-repeat":"repeat","background-position":"center center","background-size":"auto","background-attachment":"scroll","background-type":"","background-media":"","overlay-type":"","overlay-color":"","overlay-opacity":"","overlay-gradient":""},"mobile":{"background-color":"var(--ast-global-color-5)","background-image":"","background-repeat":"repeat","background-position":"center center","background-size":"auto","background-attachment":"scroll","background-type":"","background-media":"","overlay-type":"","overlay-color":"","overlay-opacity":"","overlay-gradient":""}},"footnotes":""},"yoast_head":"<!-- This site is optimized with the Yoast SEO plugin v23.8 - https:\/\/yoast.com\/wordpress\/plugins\/seo\/ -->\n<title>Cuchillas cortadoras - Marcon Soluciones Para Impresores<\/title>\n<meta name=\"robots\" content=\"index, follow, max-snippet:-1, max-image-preview:large, max-video-preview:-1\" \/>\n<link rel=\"canonical\" href=\"https:\/\/marcon-services.com\/inicio\/es_co\/cuchillas-cortadoras\/\" \/>\n<meta property=\"og:locale\" content=\"es_ES\" \/>\n<meta property=\"og:type\" content=\"article\" \/>\n<meta property=\"og:title\" content=\"Cuchillas cortadoras - Marcon Soluciones Para Impresores\" \/>\n<meta property=\"og:description\" content=\"Cuchillos cortadores Preciso, eficiente, duradero. Ventajas y caracter\u00edsticas Cuchillo superior Cuchillo inferior Inserto HSS \/ acero para herramientas \/ acero PM \/ carburo\u00a0 Plaquitas de acero completo (acero cromado) o HSS \/ HM- \/ PM-steel Unidad de sujeci\u00f3n simple de 22 \u00b0 -24 \u00b0 (acero) Rectitud del filo 0,02 mm Marca de desgaste ca.\u00a014 mm [&hellip;]\" \/>\n<meta property=\"og:url\" content=\"https:\/\/marcon-services.com\/inicio\/es_co\/cuchillas-cortadoras\/\" \/>\n<meta property=\"og:site_name\" content=\"Marcon Soluciones Para Impresores\" \/>\n<meta property=\"article:modified_time\" content=\"2024-06-12T22:10:55+00:00\" \/>\n<meta property=\"og:image\" content=\"https:\/\/marcon-services.com\/wp-content\/uploads\/2021\/06\/cuchillascortadoras.gif\" \/>\n\t<meta property=\"og:image:width\" content=\"1200\" \/>\n\t<meta property=\"og:image:height\" content=\"1022\" \/>\n\t<meta property=\"og:image:type\" content=\"image\/gif\" \/>\n<meta name=\"twitter:card\" content=\"summary_large_image\" \/>\n<script type=\"application\/ld+json\" class=\"yoast-schema-graph\">{\"@context\":\"https:\/\/schema.org\",\"@graph\":[{\"@type\":\"WebPage\",\"@id\":\"https:\/\/marcon-services.com\/inicio\/cuchillas-cortadoras\/\",\"url\":\"https:\/\/marcon-services.com\/inicio\/cuchillas-cortadoras\/\",\"name\":\"Cuchillas cortadoras - Marcon Soluciones Para Impresores\",\"isPartOf\":{\"@id\":\"https:\/\/marcon-services.com\/inicio\/#website\"},\"primaryImageOfPage\":{\"@id\":\"https:\/\/marcon-services.com\/inicio\/cuchillas-cortadoras\/#primaryimage\"},\"image\":{\"@id\":\"https:\/\/marcon-services.com\/inicio\/cuchillas-cortadoras\/#primaryimage\"},\"thumbnailUrl\":\"https:\/\/marcon-services.com\/wp-content\/uploads\/2021\/06\/cuchillascortadoras.gif\",\"datePublished\":\"2021-06-19T12:49:40+00:00\",\"dateModified\":\"2024-06-12T22:10:55+00:00\",\"breadcrumb\":{\"@id\":\"https:\/\/marcon-services.com\/inicio\/cuchillas-cortadoras\/#breadcrumb\"},\"inLanguage\":\"es-CO\",\"potentialAction\":[{\"@type\":\"ReadAction\",\"target\":[\"https:\/\/marcon-services.com\/inicio\/cuchillas-cortadoras\/\"]}]},{\"@type\":\"ImageObject\",\"inLanguage\":\"es-CO\",\"@id\":\"https:\/\/marcon-services.com\/inicio\/cuchillas-cortadoras\/#primaryimage\",\"url\":\"https:\/\/marcon-services.com\/wp-content\/uploads\/2021\/06\/cuchillascortadoras.gif\",\"contentUrl\":\"https:\/\/marcon-services.com\/wp-content\/uploads\/2021\/06\/cuchillascortadoras.gif\",\"width\":1200,\"height\":1022,\"caption\":\"cuchillas cortadoras\"},{\"@type\":\"BreadcrumbList\",\"@id\":\"https:\/\/marcon-services.com\/inicio\/cuchillas-cortadoras\/#breadcrumb\",\"itemListElement\":[{\"@type\":\"ListItem\",\"position\":1,\"name\":\"Inicio\",\"item\":\"https:\/\/marcon-services.com\/inicio\/\"},{\"@type\":\"ListItem\",\"position\":2,\"name\":\"Cuchillas cortadoras\"}]},{\"@type\":\"WebSite\",\"@id\":\"https:\/\/marcon-services.com\/inicio\/#website\",\"url\":\"https:\/\/marcon-services.com\/inicio\/\",\"name\":\"Marcon Soluciones Para Impresores\",\"description\":\"Somos una empresa din\u00e1mica fundada en el 2006 enfocada a la industria gr\u00e1fica, pl\u00e1stica, rotograbado, textil y de empaque.  En MARCON representamos y distribuimos oficialmente en M\u00e9xico y Latinoam\u00e9rica marcas l\u00edderes en el mercado de impresi\u00f3n y pl\u00e1stico.\",\"publisher\":{\"@id\":\"https:\/\/marcon-services.com\/inicio\/#organization\"},\"potentialAction\":[{\"@type\":\"SearchAction\",\"target\":{\"@type\":\"EntryPoint\",\"urlTemplate\":\"https:\/\/marcon-services.com\/inicio\/?s={search_term_string}\"},\"query-input\":{\"@type\":\"PropertyValueSpecification\",\"valueRequired\":true,\"valueName\":\"search_term_string\"}}],\"inLanguage\":\"es-CO\"},{\"@type\":\"Organization\",\"@id\":\"https:\/\/marcon-services.com\/inicio\/#organization\",\"name\":\"Marcon Soluciones Para Impresores\",\"url\":\"https:\/\/marcon-services.com\/inicio\/\",\"logo\":{\"@type\":\"ImageObject\",\"inLanguage\":\"es-CO\",\"@id\":\"https:\/\/marcon-services.com\/inicio\/#\/schema\/logo\/image\/\",\"url\":\"https:\/\/marcon-services.com\/wp-content\/uploads\/2021\/10\/LOGO-marcon-soluciones-sin-fondo-1.png\",\"contentUrl\":\"https:\/\/marcon-services.com\/wp-content\/uploads\/2021\/10\/LOGO-marcon-soluciones-sin-fondo-1.png\",\"width\":2872,\"height\":805,\"caption\":\"Marcon Soluciones Para Impresores\"},\"image\":{\"@id\":\"https:\/\/marcon-services.com\/inicio\/#\/schema\/logo\/image\/\"}}]}<\/script>\n<!-- \/ Yoast SEO plugin. -->","yoast_head_json":{"title":"Cuchillas cortadoras - Marcon Soluciones Para Impresores","robots":{"index":"index","follow":"follow","max-snippet":"max-snippet:-1","max-image-preview":"max-image-preview:large","max-video-preview":"max-video-preview:-1"},"canonical":"https:\/\/marcon-services.com\/inicio\/es_co\/cuchillas-cortadoras\/","og_locale":"es_ES","og_type":"article","og_title":"Cuchillas cortadoras - Marcon Soluciones Para Impresores","og_description":"Cuchillos cortadores Preciso, eficiente, duradero. Ventajas y caracter\u00edsticas Cuchillo superior Cuchillo inferior Inserto HSS \/ acero para herramientas \/ acero PM \/ carburo\u00a0 Plaquitas de acero completo (acero cromado) o HSS \/ HM- \/ PM-steel Unidad de sujeci\u00f3n simple de 22 \u00b0 -24 \u00b0 (acero) Rectitud del filo 0,02 mm Marca de desgaste ca.\u00a014 mm [&hellip;]","og_url":"https:\/\/marcon-services.com\/inicio\/es_co\/cuchillas-cortadoras\/","og_site_name":"Marcon Soluciones Para Impresores","article_modified_time":"2024-06-12T22:10:55+00:00","og_image":[{"width":1200,"height":1022,"url":"https:\/\/marcon-services.com\/wp-content\/uploads\/2021\/06\/cuchillascortadoras.gif","type":"image\/gif"}],"twitter_card":"summary_large_image","schema":{"@context":"https:\/\/schema.org","@graph":[{"@type":"WebPage","@id":"https:\/\/marcon-services.com\/inicio\/cuchillas-cortadoras\/","url":"https:\/\/marcon-services.com\/inicio\/cuchillas-cortadoras\/","name":"Cuchillas cortadoras - Marcon Soluciones Para Impresores","isPartOf":{"@id":"https:\/\/marcon-services.com\/inicio\/#website"},"primaryImageOfPage":{"@id":"https:\/\/marcon-services.com\/inicio\/cuchillas-cortadoras\/#primaryimage"},"image":{"@id":"https:\/\/marcon-services.com\/inicio\/cuchillas-cortadoras\/#primaryimage"},"thumbnailUrl":"https:\/\/marcon-services.com\/wp-content\/uploads\/2021\/06\/cuchillascortadoras.gif","datePublished":"2021-06-19T12:49:40+00:00","dateModified":"2024-06-12T22:10:55+00:00","breadcrumb":{"@id":"https:\/\/marcon-services.com\/inicio\/cuchillas-cortadoras\/#breadcrumb"},"inLanguage":"es-CO","potentialAction":[{"@type":"ReadAction","target":["https:\/\/marcon-services.com\/inicio\/cuchillas-cortadoras\/"]}]},{"@type":"ImageObject","inLanguage":"es-CO","@id":"https:\/\/marcon-services.com\/inicio\/cuchillas-cortadoras\/#primaryimage","url":"https:\/\/marcon-services.com\/wp-content\/uploads\/2021\/06\/cuchillascortadoras.gif","contentUrl":"https:\/\/marcon-services.com\/wp-content\/uploads\/2021\/06\/cuchillascortadoras.gif","width":1200,"height":1022,"caption":"cuchillas cortadoras"},{"@type":"BreadcrumbList","@id":"https:\/\/marcon-services.com\/inicio\/cuchillas-cortadoras\/#breadcrumb","itemListElement":[{"@type":"ListItem","position":1,"name":"Inicio","item":"https:\/\/marcon-services.com\/inicio\/"},{"@type":"ListItem","position":2,"name":"Cuchillas cortadoras"}]},{"@type":"WebSite","@id":"https:\/\/marcon-services.com\/inicio\/#website","url":"https:\/\/marcon-services.com\/inicio\/","name":"Marcon Soluciones Para Impresores","description":"Somos una empresa din\u00e1mica fundada en el 2006 enfocada a la industria gr\u00e1fica, pl\u00e1stica, rotograbado, textil y de empaque.  En MARCON representamos y distribuimos oficialmente en M\u00e9xico y Latinoam\u00e9rica marcas l\u00edderes en el mercado de impresi\u00f3n y pl\u00e1stico.","publisher":{"@id":"https:\/\/marcon-services.com\/inicio\/#organization"},"potentialAction":[{"@type":"SearchAction","target":{"@type":"EntryPoint","urlTemplate":"https:\/\/marcon-services.com\/inicio\/?s={search_term_string}"},"query-input":{"@type":"PropertyValueSpecification","valueRequired":true,"valueName":"search_term_string"}}],"inLanguage":"es-CO"},{"@type":"Organization","@id":"https:\/\/marcon-services.com\/inicio\/#organization","name":"Marcon Soluciones Para Impresores","url":"https:\/\/marcon-services.com\/inicio\/","logo":{"@type":"ImageObject","inLanguage":"es-CO","@id":"https:\/\/marcon-services.com\/inicio\/#\/schema\/logo\/image\/","url":"https:\/\/marcon-services.com\/wp-content\/uploads\/2021\/10\/LOGO-marcon-soluciones-sin-fondo-1.png","contentUrl":"https:\/\/marcon-services.com\/wp-content\/uploads\/2021\/10\/LOGO-marcon-soluciones-sin-fondo-1.png","width":2872,"height":805,"caption":"Marcon Soluciones Para Impresores"},"image":{"@id":"https:\/\/marcon-services.com\/inicio\/#\/schema\/logo\/image\/"}}]}},"uagb_featured_image_src":{"full":["https:\/\/marcon-services.com\/wp-content\/uploads\/2021\/06\/cuchillascortadoras.gif",1200,1022,false],"thumbnail":["https:\/\/marcon-services.com\/wp-content\/uploads\/2021\/06\/cuchillascortadoras-150x150.gif",150,150,true],"medium":["https:\/\/marcon-services.com\/wp-content\/uploads\/2021\/06\/cuchillascortadoras-300x256.gif",300,256,true],"medium_large":["https:\/\/marcon-services.com\/wp-content\/uploads\/2021\/06\/cuchillascortadoras-768x654.gif",768,654,true],"large":["https:\/\/marcon-services.com\/wp-content\/uploads\/2021\/06\/cuchillascortadoras-1024x872.gif",1024,872,true],"1536x1536":["https:\/\/marcon-services.com\/wp-content\/uploads\/2021\/06\/cuchillascortadoras.gif",1200,1022,false],"2048x2048":["https:\/\/marcon-services.com\/wp-content\/uploads\/2021\/06\/cuchillascortadoras.gif",1200,1022,false],"trp-custom-language-flag":["https:\/\/marcon-services.com\/wp-content\/uploads\/2021\/06\/cuchillascortadoras.gif",14,12,false]},"uagb_author_info":{"display_name":"marcons-web","author_link":"https:\/\/marcon-services.com\/inicio\/es_co\/author\/osvaldo\/"},"uagb_comment_info":0,"uagb_excerpt":"Cuchillos cortadores Preciso, eficiente, duradero. Ventajas y caracter\u00edsticas Cuchillo superior Cuchillo inferior Inserto HSS \/ acero para herramientas \/ acero PM \/ carburo\u00a0 Plaquitas de acero completo (acero cromado) o HSS \/ HM- \/ PM-steel Unidad de sujeci\u00f3n simple de 22 \u00b0 -24 \u00b0 (acero) Rectitud del filo 0,02 mm Marca de desgaste ca.\u00a014 mm&hellip;","_links":{"self":[{"href":"https:\/\/marcon-services.com\/inicio\/es_co\/wp-json\/wp\/v2\/pages\/1238"}],"collection":[{"href":"https:\/\/marcon-services.com\/inicio\/es_co\/wp-json\/wp\/v2\/pages"}],"about":[{"href":"https:\/\/marcon-services.com\/inicio\/es_co\/wp-json\/wp\/v2\/types\/page"}],"author":[{"embeddable":true,"href":"https:\/\/marcon-services.com\/inicio\/es_co\/wp-json\/wp\/v2\/users\/2"}],"replies":[{"embeddable":true,"href":"https:\/\/marcon-services.com\/inicio\/es_co\/wp-json\/wp\/v2\/comments?post=1238"}],"version-history":[{"count":4,"href":"https:\/\/marcon-services.com\/inicio\/es_co\/wp-json\/wp\/v2\/pages\/1238\/revisions"}],"predecessor-version":[{"id":2469,"href":"https:\/\/marcon-services.com\/inicio\/es_co\/wp-json\/wp\/v2\/pages\/1238\/revisions\/2469"}],"wp:featuredmedia":[{"embeddable":true,"href":"https:\/\/marcon-services.com\/inicio\/es_co\/wp-json\/wp\/v2\/media\/1239"}],"wp:attachment":[{"href":"https:\/\/marcon-services.com\/inicio\/es_co\/wp-json\/wp\/v2\/media?parent=1238"}],"curies":[{"name":"wp","href":"https:\/\/api.w.org\/{rel}","templated":true}]}}