{"id":1276,"date":"2021-07-02T10:36:11","date_gmt":"2021-07-02T16:36:11","guid":{"rendered":"https:\/\/marcon-services.com\/inicio\/?page_id=1276"},"modified":"2024-06-09T15:22:50","modified_gmt":"2024-06-09T21:22:50","slug":"tkm-power-print","status":"publish","type":"page","link":"https:\/\/marcon-services.com\/inicio\/es_co\/tkm-power-print\/","title":{"rendered":"Rasqueta TKM Power Print"},"content":{"rendered":"<section class=\"wp-block-uagb-columns uagb-columns__wrap uagb-columns__background-none uagb-columns__stack-mobile uagb-columns__valign- uagb-columns__gap-10 align uagb-block-3696374f uagb-columns__columns-2 uagb-columns__max_width-theme\"><div class=\"uagb-columns__overlay\"><\/div><div class=\"uagb-columns__inner-wrap uagb-columns__columns-2\">\n<div class=\"wp-block-uagb-column uagb-column__wrap uagb-column__background-undefined uagb-block-0b0f1797\"><div class=\"uagb-column__overlay\"><\/div>\n<div data-aos= \"slide-right\" data-aos-duration=\"400\" data-aos-delay=\"0\" data-aos-easing=\"ease\" data-aos-once=\"true\" class=\"wp-block-uagb-image uagb-block-8597b538 wp-block-uagb-image--layout-default wp-block-uagb-image--effect-static wp-block-uagb-image--align-none\"><figure class=\"wp-block-uagb-image__figure\"><img decoding=\"async\" srcset=\"https:\/\/marcon-services.com\/wp-content\/uploads\/2021\/07\/PowerPrint_rasqueta.png ,https:\/\/marcon-services.com\/wp-content\/uploads\/2021\/07\/PowerPrint_rasqueta.png 780w, https:\/\/marcon-services.com\/wp-content\/uploads\/2021\/07\/PowerPrint_rasqueta.png 360w\" sizes=\"(max-width: 480px) 150px\" src=\"https:\/\/marcon-services.com\/wp-content\/uploads\/2021\/07\/PowerPrint_rasqueta.png\" alt=\"PowerPrint TKM\" class=\"uag-image-1277\" width=\"560\" height=\"560\" title=\"PowerPrint_rasqueta\" loading=\"lazy\" role=\"img\"\/><\/figure><\/div>\n<\/div>\n\n\n\n<div data-aos= \"slide-left\" data-aos-duration=\"400\" data-aos-delay=\"0\" data-aos-easing=\"ease\" data-aos-once=\"true\" class=\"wp-block-uagb-column uagb-column__wrap uagb-column__background-undefined uagb-block-883c050f\"><div class=\"uagb-column__overlay\"><\/div>\n<h1 class=\"wp-block-heading\">Rasqueta TKM Power Print<\/h1>\n\n\n\n<p><strong>Caracter\u00edsticas y ventajas<\/strong><\/p>\n\n\n\n<ul>\n<li>Altas velocidades de la m\u00e1quina<\/li>\n\n\n\n<li>Suave para cilindros cromados y rodillos anilox<\/li>\n\n\n\n<li>Excelentes resultados contra problemas de sangrado y manchas<\/li>\n\n\n\n<li>Tiempos de puesta en marcha reducidos<\/li>\n\n\n\n<li>Mayor durabilidad garantizada<\/li>\n\n\n\n<li>Doctor absolutamente limpio<\/li>\n\n\n\n<li>Control estricto y preciso de la fabricaci\u00f3n de la punta.<\/li>\n<\/ul>\n\n\n\n<p>Para TKM PowerPrint, utilizamos acero para herramientas de alta aleaci\u00f3n que se produce exclusivamente para TKM Meyer.&nbsp;Esta estructura de acero especial tiene una excelente resistencia al desgaste y evita la contaminaci\u00f3n del sistema de entintado por residuos de part\u00edculas de acero.<\/p>\n<\/div>\n<\/div><\/section>\n\n\n<p>El acero se utiliza en hojas de sierra para trabajos pesados \u200b\u200by en hojas de corte de precisi\u00f3n.\u00a0Hemos adaptado el material a los requisitos de la industria gr\u00e1fica y, en cooperaci\u00f3n con nuestros proveedores, lo hemos orientado a la ilustraci\u00f3n y la impresi\u00f3n de embalajes.<\/p>\n<table border=\"1\" cellpadding=\"4\">\n<tbody>\n<tr>\n<td><strong>Forma de la Rasqueta<\/strong><\/td>\n<td><strong>Aplicaciones<\/strong><\/td>\n<\/tr>\n<tr>\n<td><a href=\"https:\/\/www-tkmgroup-com.sandbox.hs-sites.com\/en\/doctor-blades-consumables?hsLang=en&amp;__hstc=191250741.7150a182951fda7f66a6d5949883445c.1622582664487.1625240446698.1625242822904.15&amp;__hssc=191250741.8.1625242822904&amp;__hsfp=781934624#Lamellenrakel\" target=\"_blank\" rel=\"noopener\"><img loading=\"lazy\" decoding=\"async\" class=\"\" src=\"https:\/\/www.tkmgroup.com\/hubfs\/grafik-png-Oct-22-2020-11-55-21-53-AM.png\" alt=\"https:\/\/www-tkmgroup-com.sandbox.hs-sites.com\/en\/doctor-blades-consumables-0#Lamellenrakel\" width=\"307\" height=\"116\" \/><\/a><\/td>\n<td>Impresi\u00f3n flexogr\u00e1fica<\/td>\n<\/tr>\n<tr>\n<td><a href=\"https:\/\/www-tkmgroup-com.sandbox.hs-sites.com\/en\/doctor-blades-consumables?hsLang=en&amp;__hstc=191250741.7150a182951fda7f66a6d5949883445c.1622582664487.1625240446698.1625242822904.15&amp;__hssc=191250741.8.1625242822904&amp;__hsfp=781934624#Stabilrakel\" target=\"_blank\" rel=\"noopener\"><img decoding=\"async\" src=\"https:\/\/www.tkmgroup.com\/hubfs\/grafik-png-Oct-22-2020-11-58-24-62-AM.png\" alt=\"https:\/\/www-tkmgroup-com.sandbox.hs-sites.com\/en\/doctor-blades-consumables-0#Stabilrakel\" \/><\/a><\/td>\n<td>Impresi\u00f3n flexogr\u00e1fica<\/td>\n<\/tr>\n<tr>\n<td><a href=\"https:\/\/www-tkmgroup-com.sandbox.hs-sites.com\/en\/doctor-blades-consumables?hsLang=en&amp;__hstc=191250741.7150a182951fda7f66a6d5949883445c.1622582664487.1625240446698.1625242822904.15&amp;__hssc=191250741.8.1625242822904&amp;__hsfp=781934624#Flexotip\" target=\"_blank\" rel=\"noopener\"><img loading=\"lazy\" decoding=\"async\" class=\"\" src=\"https:\/\/www.tkmgroup.com\/hubfs\/grafik-png-Oct-22-2020-11-59-14-24-AM.png\" width=\"303\" height=\"114\" \/><\/a><\/td>\n<td>Impresi\u00f3n flexogr\u00e1fica<\/td>\n<\/tr>\n<\/tbody>\n<\/table>\n<p><strong>\u00a0<\/strong><strong>Obtenga resultados de impresi\u00f3n de calidad a\u00fan mayor con ESP y Protect<\/strong><br \/>El tratamiento ESP y el recubrimiento\u00a0<strong>Protect de<\/strong>\u00a0TKM aumentar\u00e1n la durabilidad de sus cuchillas dosificadoras y sus cilindros, lo que conducir\u00e1 a resultados de impresi\u00f3n de calidad significativamente mayor, con las siguientes ventajas:<\/p>\n<ul>\n<li>Zona de contacto con la mayor calidad de superficie posible<\/li>\n<li>Menor formaci\u00f3n de rebabas<\/li>\n<li>Protecci\u00f3n contra la corrosi\u00f3n<\/li>\n<li>Menos gasto<\/li>\n<li>Ahorro de tiempo en la puesta en marcha<\/li>\n<li>Menos desgaste<\/li>\n<li>Mayor durabilidad<\/li>\n<\/ul>\n<p><img decoding=\"async\" src=\"https:\/\/www.tkmgroup.com\/hs-fs\/hubfs\/Rakel_ESP_ES_2.png?width=373&amp;name=Rakel_ESP_ES_2.png\" alt=\"Rakel_ESP_ES_2\" \/><\/p>","protected":false},"excerpt":{"rendered":"<p>Rasqueta TKM Power Print Caracter\u00edsticas y ventajas Para TKM PowerPrint, utilizamos acero para herramientas de alta aleaci\u00f3n que se produce exclusivamente para TKM Meyer.&nbsp;Esta estructura de acero especial tiene una excelente resistencia al desgaste y evita la contaminaci\u00f3n del sistema de entintado por residuos de part\u00edculas de acero. El acero se utiliza en hojas de [&hellip;]<\/p>","protected":false},"author":2,"featured_media":1277,"parent":0,"menu_order":0,"comment_status":"closed","ping_status":"closed","template":"","meta":{"_uag_custom_page_level_css":"","site-sidebar-layout":"no-sidebar","site-content-layout":"plain-container","ast-site-content-layout":"normal-width-container","site-content-style":"unboxed","site-sidebar-style":"unboxed","ast-global-header-display":"","ast-banner-title-visibility":"","ast-main-header-display":"","ast-hfb-above-header-display":"","ast-hfb-below-header-display":"","ast-hfb-mobile-header-display":"","site-post-title":"disabled","ast-breadcrumbs-content":"","ast-featured-img":"disabled","footer-sml-layout":"","theme-transparent-header-meta":"default","adv-header-id-meta":"","stick-header-meta":"","header-above-stick-meta":"","header-main-stick-meta":"","header-below-stick-meta":"","astra-migrate-meta-layouts":"set","ast-page-background-enabled":"default","ast-page-background-meta":{"desktop":{"background-color":"var(--ast-global-color-4)","background-image":"","background-repeat":"repeat","background-position":"center center","background-size":"auto","background-attachment":"scroll","background-type":"","background-media":"","overlay-type":"","overlay-color":"","overlay-opacity":"","overlay-gradient":""},"tablet":{"background-color":"","background-image":"","background-repeat":"repeat","background-position":"center center","background-size":"auto","background-attachment":"scroll","background-type":"","background-media":"","overlay-type":"","overlay-color":"","overlay-opacity":"","overlay-gradient":""},"mobile":{"background-color":"","background-image":"","background-repeat":"repeat","background-position":"center center","background-size":"auto","background-attachment":"scroll","background-type":"","background-media":"","overlay-type":"","overlay-color":"","overlay-opacity":"","overlay-gradient":""}},"ast-content-background-meta":{"desktop":{"background-color":"var(--ast-global-color-5)","background-image":"","background-repeat":"repeat","background-position":"center center","background-size":"auto","background-attachment":"scroll","background-type":"","background-media":"","overlay-type":"","overlay-color":"","overlay-opacity":"","overlay-gradient":""},"tablet":{"background-color":"var(--ast-global-color-5)","background-image":"","background-repeat":"repeat","background-position":"center center","background-size":"auto","background-attachment":"scroll","background-type":"","background-media":"","overlay-type":"","overlay-color":"","overlay-opacity":"","overlay-gradient":""},"mobile":{"background-color":"var(--ast-global-color-5)","background-image":"","background-repeat":"repeat","background-position":"center center","background-size":"auto","background-attachment":"scroll","background-type":"","background-media":"","overlay-type":"","overlay-color":"","overlay-opacity":"","overlay-gradient":""}},"footnotes":""},"yoast_head":"<!-- This site is optimized with the Yoast SEO plugin v23.8 - https:\/\/yoast.com\/wordpress\/plugins\/seo\/ -->\n<title>Rasqueta TKM Power Print - Marcon Soluciones Para Impresores<\/title>\n<meta name=\"robots\" content=\"index, follow, max-snippet:-1, max-image-preview:large, max-video-preview:-1\" \/>\n<link rel=\"canonical\" href=\"https:\/\/marcon-services.com\/inicio\/es_co\/tkm-power-print\/\" \/>\n<meta property=\"og:locale\" content=\"es_ES\" \/>\n<meta property=\"og:type\" content=\"article\" \/>\n<meta property=\"og:title\" content=\"Rasqueta TKM Power Print - Marcon Soluciones Para Impresores\" \/>\n<meta property=\"og:description\" content=\"Rasqueta TKM Power Print Caracter\u00edsticas y ventajas Para TKM PowerPrint, utilizamos acero para herramientas de alta aleaci\u00f3n que se produce exclusivamente para TKM Meyer.&nbsp;Esta estructura de acero especial tiene una excelente resistencia al desgaste y evita la contaminaci\u00f3n del sistema de entintado por residuos de part\u00edculas de acero. El acero se utiliza en hojas de [&hellip;]\" \/>\n<meta property=\"og:url\" content=\"https:\/\/marcon-services.com\/inicio\/es_co\/tkm-power-print\/\" \/>\n<meta property=\"og:site_name\" content=\"Marcon Soluciones Para Impresores\" \/>\n<meta property=\"article:modified_time\" content=\"2024-06-09T21:22:50+00:00\" \/>\n<meta property=\"og:image\" content=\"https:\/\/marcon-services.com\/wp-content\/uploads\/2021\/07\/PowerPrint_rasqueta.png\" \/>\n\t<meta property=\"og:image:width\" content=\"600\" \/>\n\t<meta property=\"og:image:height\" content=\"400\" \/>\n\t<meta property=\"og:image:type\" content=\"image\/png\" \/>\n<meta name=\"twitter:card\" content=\"summary_large_image\" \/>\n<meta name=\"twitter:label1\" content=\"Tiempo de lectura\" \/>\n\t<meta name=\"twitter:data1\" content=\"2 minutos\" \/>\n<script type=\"application\/ld+json\" class=\"yoast-schema-graph\">{\"@context\":\"https:\/\/schema.org\",\"@graph\":[{\"@type\":\"WebPage\",\"@id\":\"https:\/\/marcon-services.com\/inicio\/tkm-power-print\/\",\"url\":\"https:\/\/marcon-services.com\/inicio\/tkm-power-print\/\",\"name\":\"Rasqueta TKM Power Print - Marcon Soluciones Para Impresores\",\"isPartOf\":{\"@id\":\"https:\/\/marcon-services.com\/inicio\/#website\"},\"primaryImageOfPage\":{\"@id\":\"https:\/\/marcon-services.com\/inicio\/tkm-power-print\/#primaryimage\"},\"image\":{\"@id\":\"https:\/\/marcon-services.com\/inicio\/tkm-power-print\/#primaryimage\"},\"thumbnailUrl\":\"https:\/\/marcon-services.com\/wp-content\/uploads\/2021\/07\/PowerPrint_rasqueta.png\",\"datePublished\":\"2021-07-02T16:36:11+00:00\",\"dateModified\":\"2024-06-09T21:22:50+00:00\",\"breadcrumb\":{\"@id\":\"https:\/\/marcon-services.com\/inicio\/tkm-power-print\/#breadcrumb\"},\"inLanguage\":\"es-CO\",\"potentialAction\":[{\"@type\":\"ReadAction\",\"target\":[\"https:\/\/marcon-services.com\/inicio\/tkm-power-print\/\"]}]},{\"@type\":\"ImageObject\",\"inLanguage\":\"es-CO\",\"@id\":\"https:\/\/marcon-services.com\/inicio\/tkm-power-print\/#primaryimage\",\"url\":\"https:\/\/marcon-services.com\/wp-content\/uploads\/2021\/07\/PowerPrint_rasqueta.png\",\"contentUrl\":\"https:\/\/marcon-services.com\/wp-content\/uploads\/2021\/07\/PowerPrint_rasqueta.png\",\"width\":600,\"height\":400,\"caption\":\"Power print\"},{\"@type\":\"BreadcrumbList\",\"@id\":\"https:\/\/marcon-services.com\/inicio\/tkm-power-print\/#breadcrumb\",\"itemListElement\":[{\"@type\":\"ListItem\",\"position\":1,\"name\":\"Inicio\",\"item\":\"https:\/\/marcon-services.com\/inicio\/\"},{\"@type\":\"ListItem\",\"position\":2,\"name\":\"Rasqueta TKM Power Print\"}]},{\"@type\":\"WebSite\",\"@id\":\"https:\/\/marcon-services.com\/inicio\/#website\",\"url\":\"https:\/\/marcon-services.com\/inicio\/\",\"name\":\"Marcon Soluciones Para Impresores\",\"description\":\"Somos una empresa din\u00e1mica fundada en el 2006 enfocada a la industria gr\u00e1fica, pl\u00e1stica, rotograbado, textil y de empaque.  En MARCON representamos y distribuimos oficialmente en M\u00e9xico y Latinoam\u00e9rica marcas l\u00edderes en el mercado de impresi\u00f3n y pl\u00e1stico.\",\"publisher\":{\"@id\":\"https:\/\/marcon-services.com\/inicio\/#organization\"},\"potentialAction\":[{\"@type\":\"SearchAction\",\"target\":{\"@type\":\"EntryPoint\",\"urlTemplate\":\"https:\/\/marcon-services.com\/inicio\/?s={search_term_string}\"},\"query-input\":{\"@type\":\"PropertyValueSpecification\",\"valueRequired\":true,\"valueName\":\"search_term_string\"}}],\"inLanguage\":\"es-CO\"},{\"@type\":\"Organization\",\"@id\":\"https:\/\/marcon-services.com\/inicio\/#organization\",\"name\":\"Marcon Soluciones Para Impresores\",\"url\":\"https:\/\/marcon-services.com\/inicio\/\",\"logo\":{\"@type\":\"ImageObject\",\"inLanguage\":\"es-CO\",\"@id\":\"https:\/\/marcon-services.com\/inicio\/#\/schema\/logo\/image\/\",\"url\":\"https:\/\/marcon-services.com\/wp-content\/uploads\/2021\/10\/LOGO-marcon-soluciones-sin-fondo-1.png\",\"contentUrl\":\"https:\/\/marcon-services.com\/wp-content\/uploads\/2021\/10\/LOGO-marcon-soluciones-sin-fondo-1.png\",\"width\":2872,\"height\":805,\"caption\":\"Marcon Soluciones Para Impresores\"},\"image\":{\"@id\":\"https:\/\/marcon-services.com\/inicio\/#\/schema\/logo\/image\/\"}}]}<\/script>\n<!-- \/ Yoast SEO plugin. -->","yoast_head_json":{"title":"Rasqueta TKM Power Print - Marcon Soluciones Para Impresores","robots":{"index":"index","follow":"follow","max-snippet":"max-snippet:-1","max-image-preview":"max-image-preview:large","max-video-preview":"max-video-preview:-1"},"canonical":"https:\/\/marcon-services.com\/inicio\/es_co\/tkm-power-print\/","og_locale":"es_ES","og_type":"article","og_title":"Rasqueta TKM Power Print - Marcon Soluciones Para Impresores","og_description":"Rasqueta TKM Power Print Caracter\u00edsticas y ventajas Para TKM PowerPrint, utilizamos acero para herramientas de alta aleaci\u00f3n que se produce exclusivamente para TKM Meyer.&nbsp;Esta estructura de acero especial tiene una excelente resistencia al desgaste y evita la contaminaci\u00f3n del sistema de entintado por residuos de part\u00edculas de acero. El acero se utiliza en hojas de [&hellip;]","og_url":"https:\/\/marcon-services.com\/inicio\/es_co\/tkm-power-print\/","og_site_name":"Marcon Soluciones Para Impresores","article_modified_time":"2024-06-09T21:22:50+00:00","og_image":[{"width":600,"height":400,"url":"https:\/\/marcon-services.com\/wp-content\/uploads\/2021\/07\/PowerPrint_rasqueta.png","type":"image\/png"}],"twitter_card":"summary_large_image","twitter_misc":{"Tiempo de lectura":"2 minutos"},"schema":{"@context":"https:\/\/schema.org","@graph":[{"@type":"WebPage","@id":"https:\/\/marcon-services.com\/inicio\/tkm-power-print\/","url":"https:\/\/marcon-services.com\/inicio\/tkm-power-print\/","name":"Rasqueta TKM Power Print - Marcon Soluciones Para Impresores","isPartOf":{"@id":"https:\/\/marcon-services.com\/inicio\/#website"},"primaryImageOfPage":{"@id":"https:\/\/marcon-services.com\/inicio\/tkm-power-print\/#primaryimage"},"image":{"@id":"https:\/\/marcon-services.com\/inicio\/tkm-power-print\/#primaryimage"},"thumbnailUrl":"https:\/\/marcon-services.com\/wp-content\/uploads\/2021\/07\/PowerPrint_rasqueta.png","datePublished":"2021-07-02T16:36:11+00:00","dateModified":"2024-06-09T21:22:50+00:00","breadcrumb":{"@id":"https:\/\/marcon-services.com\/inicio\/tkm-power-print\/#breadcrumb"},"inLanguage":"es-CO","potentialAction":[{"@type":"ReadAction","target":["https:\/\/marcon-services.com\/inicio\/tkm-power-print\/"]}]},{"@type":"ImageObject","inLanguage":"es-CO","@id":"https:\/\/marcon-services.com\/inicio\/tkm-power-print\/#primaryimage","url":"https:\/\/marcon-services.com\/wp-content\/uploads\/2021\/07\/PowerPrint_rasqueta.png","contentUrl":"https:\/\/marcon-services.com\/wp-content\/uploads\/2021\/07\/PowerPrint_rasqueta.png","width":600,"height":400,"caption":"Power print"},{"@type":"BreadcrumbList","@id":"https:\/\/marcon-services.com\/inicio\/tkm-power-print\/#breadcrumb","itemListElement":[{"@type":"ListItem","position":1,"name":"Inicio","item":"https:\/\/marcon-services.com\/inicio\/"},{"@type":"ListItem","position":2,"name":"Rasqueta TKM Power Print"}]},{"@type":"WebSite","@id":"https:\/\/marcon-services.com\/inicio\/#website","url":"https:\/\/marcon-services.com\/inicio\/","name":"Marcon Soluciones Para Impresores","description":"Somos una empresa din\u00e1mica fundada en el 2006 enfocada a la industria gr\u00e1fica, pl\u00e1stica, rotograbado, textil y de empaque.  En MARCON representamos y distribuimos oficialmente en M\u00e9xico y Latinoam\u00e9rica marcas l\u00edderes en el mercado de impresi\u00f3n y pl\u00e1stico.","publisher":{"@id":"https:\/\/marcon-services.com\/inicio\/#organization"},"potentialAction":[{"@type":"SearchAction","target":{"@type":"EntryPoint","urlTemplate":"https:\/\/marcon-services.com\/inicio\/?s={search_term_string}"},"query-input":{"@type":"PropertyValueSpecification","valueRequired":true,"valueName":"search_term_string"}}],"inLanguage":"es-CO"},{"@type":"Organization","@id":"https:\/\/marcon-services.com\/inicio\/#organization","name":"Marcon Soluciones Para Impresores","url":"https:\/\/marcon-services.com\/inicio\/","logo":{"@type":"ImageObject","inLanguage":"es-CO","@id":"https:\/\/marcon-services.com\/inicio\/#\/schema\/logo\/image\/","url":"https:\/\/marcon-services.com\/wp-content\/uploads\/2021\/10\/LOGO-marcon-soluciones-sin-fondo-1.png","contentUrl":"https:\/\/marcon-services.com\/wp-content\/uploads\/2021\/10\/LOGO-marcon-soluciones-sin-fondo-1.png","width":2872,"height":805,"caption":"Marcon Soluciones Para Impresores"},"image":{"@id":"https:\/\/marcon-services.com\/inicio\/#\/schema\/logo\/image\/"}}]}},"uagb_featured_image_src":{"full":["https:\/\/marcon-services.com\/wp-content\/uploads\/2021\/07\/PowerPrint_rasqueta.png",600,400,false],"thumbnail":["https:\/\/marcon-services.com\/wp-content\/uploads\/2021\/07\/PowerPrint_rasqueta-150x150.png",150,150,true],"medium":["https:\/\/marcon-services.com\/wp-content\/uploads\/2021\/07\/PowerPrint_rasqueta-300x200.png",300,200,true],"medium_large":["https:\/\/marcon-services.com\/wp-content\/uploads\/2021\/07\/PowerPrint_rasqueta.png",600,400,false],"large":["https:\/\/marcon-services.com\/wp-content\/uploads\/2021\/07\/PowerPrint_rasqueta.png",600,400,false],"1536x1536":["https:\/\/marcon-services.com\/wp-content\/uploads\/2021\/07\/PowerPrint_rasqueta.png",600,400,false],"2048x2048":["https:\/\/marcon-services.com\/wp-content\/uploads\/2021\/07\/PowerPrint_rasqueta.png",600,400,false],"trp-custom-language-flag":["https:\/\/marcon-services.com\/wp-content\/uploads\/2021\/07\/PowerPrint_rasqueta.png",18,12,false]},"uagb_author_info":{"display_name":"marcons-web","author_link":"https:\/\/marcon-services.com\/inicio\/es_co\/author\/osvaldo\/"},"uagb_comment_info":0,"uagb_excerpt":"Rasqueta TKM Power Print Caracter\u00edsticas y ventajas Para TKM PowerPrint, utilizamos acero para herramientas de alta aleaci\u00f3n que se produce exclusivamente para TKM Meyer.&nbsp;Esta estructura de acero especial tiene una excelente resistencia al desgaste y evita la contaminaci\u00f3n del sistema de entintado por residuos de part\u00edculas de acero. El acero se utiliza en hojas de&hellip;","_links":{"self":[{"href":"https:\/\/marcon-services.com\/inicio\/es_co\/wp-json\/wp\/v2\/pages\/1276"}],"collection":[{"href":"https:\/\/marcon-services.com\/inicio\/es_co\/wp-json\/wp\/v2\/pages"}],"about":[{"href":"https:\/\/marcon-services.com\/inicio\/es_co\/wp-json\/wp\/v2\/types\/page"}],"author":[{"embeddable":true,"href":"https:\/\/marcon-services.com\/inicio\/es_co\/wp-json\/wp\/v2\/users\/2"}],"replies":[{"embeddable":true,"href":"https:\/\/marcon-services.com\/inicio\/es_co\/wp-json\/wp\/v2\/comments?post=1276"}],"version-history":[{"count":12,"href":"https:\/\/marcon-services.com\/inicio\/es_co\/wp-json\/wp\/v2\/pages\/1276\/revisions"}],"predecessor-version":[{"id":2358,"href":"https:\/\/marcon-services.com\/inicio\/es_co\/wp-json\/wp\/v2\/pages\/1276\/revisions\/2358"}],"wp:featuredmedia":[{"embeddable":true,"href":"https:\/\/marcon-services.com\/inicio\/es_co\/wp-json\/wp\/v2\/media\/1277"}],"wp:attachment":[{"href":"https:\/\/marcon-services.com\/inicio\/es_co\/wp-json\/wp\/v2\/media?parent=1276"}],"curies":[{"name":"wp","href":"https:\/\/api.w.org\/{rel}","templated":true}]}}