{"id":1321,"date":"2021-07-06T07:22:54","date_gmt":"2021-07-06T13:22:54","guid":{"rendered":"https:\/\/marcon-services.com\/inicio\/?page_id=1321"},"modified":"2024-06-09T15:44:52","modified_gmt":"2024-06-09T21:44:52","slug":"tkm-duroblades","status":"publish","type":"page","link":"https:\/\/marcon-services.com\/inicio\/es_co\/tkm-duroblades\/","title":{"rendered":"Rasqueta TKM DuroBlades\u00ae"},"content":{"rendered":"<div class=\"wp-block-uagb-container uagb-block-cf70f903 alignfull uagb-is-root-container\"><div class=\"uagb-container-inner-blocks-wrap\">\n<div class=\"wp-block-uagb-container uagb-block-f5f75347\">\n<div data-aos= \"slide-right\" data-aos-duration=\"400\" data-aos-delay=\"0\" data-aos-easing=\"ease\" data-aos-once=\"true\" class=\"wp-block-uagb-image aligncenter uagb-block-bb2bb5d5 wp-block-uagb-image--layout-default wp-block-uagb-image--effect-static wp-block-uagb-image--align-center\"><figure class=\"wp-block-uagb-image__figure\"><img decoding=\"async\" srcset=\"https:\/\/marcon-services.com\/wp-content\/uploads\/2021\/07\/DuroBlade_rasquetas.png ,https:\/\/marcon-services.com\/wp-content\/uploads\/2021\/07\/DuroBlade_rasquetas.png 780w, https:\/\/marcon-services.com\/wp-content\/uploads\/2021\/07\/DuroBlade_rasquetas.png 360w\" sizes=\"(max-width: 480px) 150px\" src=\"https:\/\/marcon-services.com\/wp-content\/uploads\/2021\/07\/DuroBlade_rasquetas.png\" alt=\"DuroBlade_rasquetas\" class=\"uag-image-1323\" width=\"600\" height=\"400\" title=\"DuroBlade_rasquetas\" loading=\"lazy\" role=\"img\"\/><\/figure><\/div>\n<\/div>\n\n\n\n<div data-aos= \"slide-left\" data-aos-duration=\"400\" data-aos-delay=\"0\" data-aos-easing=\"ease\" data-aos-once=\"true\" class=\"wp-block-uagb-container uagb-block-ec536000\">\n<h1 class=\"wp-block-heading\">Rasqueta TKM DuroBlade\u00ae<\/h1>\n\n\n\n<p><strong>Caracter\u00edsticas y ventajas<\/strong><\/p>\n\n\n\n<ul>\n<li>Reduce el n\u00famero de cambios de hoja<\/li>\n\n\n\n<li>Durabilidad extremadamente alta<\/li>\n\n\n\n<li>Reducci\u00f3n del coeficiente de fricci\u00f3n mediante una menor presi\u00f3n de la hoja<\/li>\n\n\n\n<li>Reduce los costos de impresi\u00f3n<\/li>\n\n\n\n<li>Especialmente adecuado para sistemas abrasivos de entintado, barnizado y revestimiento<\/li>\n\n\n\n<li>Evita las l\u00edneas de puntuaci\u00f3n<\/li>\n\n\n\n<li>Es suave con las superficies de los cilindros<\/li>\n\n\n\n<li>Permite espesores de recubrimiento consistentemente ultraprecisos<\/li>\n<\/ul>\n<\/div>\n<\/div><\/div>\n\n\n<p><span style=\"background-color: var(--ast-global-color-4); color: var(--ast-global-color-3); font-size: 1rem; font-weight: inherit;\">TKM DuroBlade es la soluci\u00f3n \u00f3ptima para sistemas de entintado, barnizado y recubrimiento altamente abrasivos en impresi\u00f3n flexogr\u00e1fica. La cuchilla dosificadora se desgasta de manera uniforme y limpia, logrando la mayor durabilidad. Debido al desgaste extremadamente bajo durante el proceso de producci\u00f3n, DuroBlade tambi\u00e9n es la primera opci\u00f3n para sistemas de recubrimiento abrasivo, lo que garantiza un recubrimiento y espesores de tinta de alta precisi\u00f3n constante.<\/span><\/p>\n<p>El revestimiento patentado garantiza una calidad de impresi\u00f3n uniforme con una ganancia de punto muy baja.\u00a0DuroBlade tiene un n\u00facleo NiroPrint (acero inoxidable) resistente a la corrosi\u00f3n, que es suave con los rodillos anilox y los cilindros cromados.<\/p>","protected":false},"excerpt":{"rendered":"<p>Rasqueta TKM DuroBlade\u00ae Caracter\u00edsticas y ventajas TKM DuroBlade es la soluci\u00f3n \u00f3ptima para sistemas de entintado, barnizado y recubrimiento altamente abrasivos en impresi\u00f3n flexogr\u00e1fica. La cuchilla dosificadora se desgasta de manera uniforme y limpia, logrando la mayor durabilidad. Debido al desgaste extremadamente bajo durante el proceso de producci\u00f3n, DuroBlade tambi\u00e9n es la primera opci\u00f3n para [&hellip;]<\/p>","protected":false},"author":2,"featured_media":1323,"parent":0,"menu_order":0,"comment_status":"closed","ping_status":"closed","template":"","meta":{"_uag_custom_page_level_css":"","site-sidebar-layout":"no-sidebar","site-content-layout":"plain-container","ast-site-content-layout":"normal-width-container","site-content-style":"unboxed","site-sidebar-style":"unboxed","ast-global-header-display":"","ast-banner-title-visibility":"","ast-main-header-display":"","ast-hfb-above-header-display":"","ast-hfb-below-header-display":"","ast-hfb-mobile-header-display":"","site-post-title":"disabled","ast-breadcrumbs-content":"","ast-featured-img":"disabled","footer-sml-layout":"","theme-transparent-header-meta":"default","adv-header-id-meta":"","stick-header-meta":"","header-above-stick-meta":"","header-main-stick-meta":"","header-below-stick-meta":"","astra-migrate-meta-layouts":"set","ast-page-background-enabled":"default","ast-page-background-meta":{"desktop":{"background-color":"var(--ast-global-color-4)","background-image":"","background-repeat":"repeat","background-position":"center center","background-size":"auto","background-attachment":"scroll","background-type":"","background-media":"","overlay-type":"","overlay-color":"","overlay-opacity":"","overlay-gradient":""},"tablet":{"background-color":"","background-image":"","background-repeat":"repeat","background-position":"center center","background-size":"auto","background-attachment":"scroll","background-type":"","background-media":"","overlay-type":"","overlay-color":"","overlay-opacity":"","overlay-gradient":""},"mobile":{"background-color":"","background-image":"","background-repeat":"repeat","background-position":"center center","background-size":"auto","background-attachment":"scroll","background-type":"","background-media":"","overlay-type":"","overlay-color":"","overlay-opacity":"","overlay-gradient":""}},"ast-content-background-meta":{"desktop":{"background-color":"var(--ast-global-color-5)","background-image":"","background-repeat":"repeat","background-position":"center center","background-size":"auto","background-attachment":"scroll","background-type":"","background-media":"","overlay-type":"","overlay-color":"","overlay-opacity":"","overlay-gradient":""},"tablet":{"background-color":"var(--ast-global-color-5)","background-image":"","background-repeat":"repeat","background-position":"center center","background-size":"auto","background-attachment":"scroll","background-type":"","background-media":"","overlay-type":"","overlay-color":"","overlay-opacity":"","overlay-gradient":""},"mobile":{"background-color":"var(--ast-global-color-5)","background-image":"","background-repeat":"repeat","background-position":"center center","background-size":"auto","background-attachment":"scroll","background-type":"","background-media":"","overlay-type":"","overlay-color":"","overlay-opacity":"","overlay-gradient":""}},"footnotes":""},"yoast_head":"<!-- This site is optimized with the Yoast SEO plugin v23.8 - https:\/\/yoast.com\/wordpress\/plugins\/seo\/ -->\n<title>Rasqueta TKM DuroBlades\u00ae - Marcon Soluciones Para Impresores<\/title>\n<meta name=\"robots\" content=\"index, follow, max-snippet:-1, max-image-preview:large, max-video-preview:-1\" \/>\n<link rel=\"canonical\" href=\"https:\/\/marcon-services.com\/inicio\/es_co\/tkm-duroblades\/\" \/>\n<meta property=\"og:locale\" content=\"es_ES\" \/>\n<meta property=\"og:type\" content=\"article\" \/>\n<meta property=\"og:title\" content=\"Rasqueta TKM DuroBlades\u00ae - Marcon Soluciones Para Impresores\" \/>\n<meta property=\"og:description\" content=\"Rasqueta TKM DuroBlade\u00ae Caracter\u00edsticas y ventajas TKM DuroBlade es la soluci\u00f3n \u00f3ptima para sistemas de entintado, barnizado y recubrimiento altamente abrasivos en impresi\u00f3n flexogr\u00e1fica. La cuchilla dosificadora se desgasta de manera uniforme y limpia, logrando la mayor durabilidad. Debido al desgaste extremadamente bajo durante el proceso de producci\u00f3n, DuroBlade tambi\u00e9n es la primera opci\u00f3n para [&hellip;]\" \/>\n<meta property=\"og:url\" content=\"https:\/\/marcon-services.com\/inicio\/es_co\/tkm-duroblades\/\" \/>\n<meta property=\"og:site_name\" content=\"Marcon Soluciones Para Impresores\" \/>\n<meta property=\"article:modified_time\" content=\"2024-06-09T21:44:52+00:00\" \/>\n<meta property=\"og:image\" content=\"https:\/\/marcon-services.com\/wp-content\/uploads\/2021\/07\/DuroBlade_rasquetas.png\" \/>\n\t<meta property=\"og:image:width\" content=\"600\" \/>\n\t<meta property=\"og:image:height\" content=\"400\" \/>\n\t<meta property=\"og:image:type\" content=\"image\/png\" \/>\n<meta name=\"twitter:card\" content=\"summary_large_image\" \/>\n<meta name=\"twitter:label1\" content=\"Tiempo de lectura\" \/>\n\t<meta name=\"twitter:data1\" content=\"1 minuto\" \/>\n<script type=\"application\/ld+json\" class=\"yoast-schema-graph\">{\"@context\":\"https:\/\/schema.org\",\"@graph\":[{\"@type\":\"WebPage\",\"@id\":\"https:\/\/marcon-services.com\/inicio\/tkm-duroblades\/\",\"url\":\"https:\/\/marcon-services.com\/inicio\/tkm-duroblades\/\",\"name\":\"Rasqueta TKM DuroBlades\u00ae - Marcon Soluciones Para Impresores\",\"isPartOf\":{\"@id\":\"https:\/\/marcon-services.com\/inicio\/#website\"},\"primaryImageOfPage\":{\"@id\":\"https:\/\/marcon-services.com\/inicio\/tkm-duroblades\/#primaryimage\"},\"image\":{\"@id\":\"https:\/\/marcon-services.com\/inicio\/tkm-duroblades\/#primaryimage\"},\"thumbnailUrl\":\"https:\/\/marcon-services.com\/wp-content\/uploads\/2021\/07\/DuroBlade_rasquetas.png\",\"datePublished\":\"2021-07-06T13:22:54+00:00\",\"dateModified\":\"2024-06-09T21:44:52+00:00\",\"breadcrumb\":{\"@id\":\"https:\/\/marcon-services.com\/inicio\/tkm-duroblades\/#breadcrumb\"},\"inLanguage\":\"es-CO\",\"potentialAction\":[{\"@type\":\"ReadAction\",\"target\":[\"https:\/\/marcon-services.com\/inicio\/tkm-duroblades\/\"]}]},{\"@type\":\"ImageObject\",\"inLanguage\":\"es-CO\",\"@id\":\"https:\/\/marcon-services.com\/inicio\/tkm-duroblades\/#primaryimage\",\"url\":\"https:\/\/marcon-services.com\/wp-content\/uploads\/2021\/07\/DuroBlade_rasquetas.png\",\"contentUrl\":\"https:\/\/marcon-services.com\/wp-content\/uploads\/2021\/07\/DuroBlade_rasquetas.png\",\"width\":600,\"height\":400,\"caption\":\"DuroBlade_rasquetas\"},{\"@type\":\"BreadcrumbList\",\"@id\":\"https:\/\/marcon-services.com\/inicio\/tkm-duroblades\/#breadcrumb\",\"itemListElement\":[{\"@type\":\"ListItem\",\"position\":1,\"name\":\"Inicio\",\"item\":\"https:\/\/marcon-services.com\/inicio\/\"},{\"@type\":\"ListItem\",\"position\":2,\"name\":\"Rasqueta TKM DuroBlades\u00ae\"}]},{\"@type\":\"WebSite\",\"@id\":\"https:\/\/marcon-services.com\/inicio\/#website\",\"url\":\"https:\/\/marcon-services.com\/inicio\/\",\"name\":\"Marcon Soluciones Para Impresores\",\"description\":\"Somos una empresa din\u00e1mica fundada en el 2006 enfocada a la industria gr\u00e1fica, pl\u00e1stica, rotograbado, textil y de empaque.  En MARCON representamos y distribuimos oficialmente en M\u00e9xico y Latinoam\u00e9rica marcas l\u00edderes en el mercado de impresi\u00f3n y pl\u00e1stico.\",\"publisher\":{\"@id\":\"https:\/\/marcon-services.com\/inicio\/#organization\"},\"potentialAction\":[{\"@type\":\"SearchAction\",\"target\":{\"@type\":\"EntryPoint\",\"urlTemplate\":\"https:\/\/marcon-services.com\/inicio\/?s={search_term_string}\"},\"query-input\":{\"@type\":\"PropertyValueSpecification\",\"valueRequired\":true,\"valueName\":\"search_term_string\"}}],\"inLanguage\":\"es-CO\"},{\"@type\":\"Organization\",\"@id\":\"https:\/\/marcon-services.com\/inicio\/#organization\",\"name\":\"Marcon Soluciones Para Impresores\",\"url\":\"https:\/\/marcon-services.com\/inicio\/\",\"logo\":{\"@type\":\"ImageObject\",\"inLanguage\":\"es-CO\",\"@id\":\"https:\/\/marcon-services.com\/inicio\/#\/schema\/logo\/image\/\",\"url\":\"https:\/\/marcon-services.com\/wp-content\/uploads\/2021\/10\/LOGO-marcon-soluciones-sin-fondo-1.png\",\"contentUrl\":\"https:\/\/marcon-services.com\/wp-content\/uploads\/2021\/10\/LOGO-marcon-soluciones-sin-fondo-1.png\",\"width\":2872,\"height\":805,\"caption\":\"Marcon Soluciones Para Impresores\"},\"image\":{\"@id\":\"https:\/\/marcon-services.com\/inicio\/#\/schema\/logo\/image\/\"}}]}<\/script>\n<!-- \/ Yoast SEO plugin. -->","yoast_head_json":{"title":"Rasqueta TKM DuroBlades\u00ae - Marcon Soluciones Para Impresores","robots":{"index":"index","follow":"follow","max-snippet":"max-snippet:-1","max-image-preview":"max-image-preview:large","max-video-preview":"max-video-preview:-1"},"canonical":"https:\/\/marcon-services.com\/inicio\/es_co\/tkm-duroblades\/","og_locale":"es_ES","og_type":"article","og_title":"Rasqueta TKM DuroBlades\u00ae - Marcon Soluciones Para Impresores","og_description":"Rasqueta TKM DuroBlade\u00ae Caracter\u00edsticas y ventajas TKM DuroBlade es la soluci\u00f3n \u00f3ptima para sistemas de entintado, barnizado y recubrimiento altamente abrasivos en impresi\u00f3n flexogr\u00e1fica. La cuchilla dosificadora se desgasta de manera uniforme y limpia, logrando la mayor durabilidad. Debido al desgaste extremadamente bajo durante el proceso de producci\u00f3n, DuroBlade tambi\u00e9n es la primera opci\u00f3n para [&hellip;]","og_url":"https:\/\/marcon-services.com\/inicio\/es_co\/tkm-duroblades\/","og_site_name":"Marcon Soluciones Para Impresores","article_modified_time":"2024-06-09T21:44:52+00:00","og_image":[{"width":600,"height":400,"url":"https:\/\/marcon-services.com\/wp-content\/uploads\/2021\/07\/DuroBlade_rasquetas.png","type":"image\/png"}],"twitter_card":"summary_large_image","twitter_misc":{"Tiempo de lectura":"1 minuto"},"schema":{"@context":"https:\/\/schema.org","@graph":[{"@type":"WebPage","@id":"https:\/\/marcon-services.com\/inicio\/tkm-duroblades\/","url":"https:\/\/marcon-services.com\/inicio\/tkm-duroblades\/","name":"Rasqueta TKM DuroBlades\u00ae - Marcon Soluciones Para Impresores","isPartOf":{"@id":"https:\/\/marcon-services.com\/inicio\/#website"},"primaryImageOfPage":{"@id":"https:\/\/marcon-services.com\/inicio\/tkm-duroblades\/#primaryimage"},"image":{"@id":"https:\/\/marcon-services.com\/inicio\/tkm-duroblades\/#primaryimage"},"thumbnailUrl":"https:\/\/marcon-services.com\/wp-content\/uploads\/2021\/07\/DuroBlade_rasquetas.png","datePublished":"2021-07-06T13:22:54+00:00","dateModified":"2024-06-09T21:44:52+00:00","breadcrumb":{"@id":"https:\/\/marcon-services.com\/inicio\/tkm-duroblades\/#breadcrumb"},"inLanguage":"es-CO","potentialAction":[{"@type":"ReadAction","target":["https:\/\/marcon-services.com\/inicio\/tkm-duroblades\/"]}]},{"@type":"ImageObject","inLanguage":"es-CO","@id":"https:\/\/marcon-services.com\/inicio\/tkm-duroblades\/#primaryimage","url":"https:\/\/marcon-services.com\/wp-content\/uploads\/2021\/07\/DuroBlade_rasquetas.png","contentUrl":"https:\/\/marcon-services.com\/wp-content\/uploads\/2021\/07\/DuroBlade_rasquetas.png","width":600,"height":400,"caption":"DuroBlade_rasquetas"},{"@type":"BreadcrumbList","@id":"https:\/\/marcon-services.com\/inicio\/tkm-duroblades\/#breadcrumb","itemListElement":[{"@type":"ListItem","position":1,"name":"Inicio","item":"https:\/\/marcon-services.com\/inicio\/"},{"@type":"ListItem","position":2,"name":"Rasqueta TKM DuroBlades\u00ae"}]},{"@type":"WebSite","@id":"https:\/\/marcon-services.com\/inicio\/#website","url":"https:\/\/marcon-services.com\/inicio\/","name":"Marcon Soluciones Para Impresores","description":"Somos una empresa din\u00e1mica fundada en el 2006 enfocada a la industria gr\u00e1fica, pl\u00e1stica, rotograbado, textil y de empaque.  En MARCON representamos y distribuimos oficialmente en M\u00e9xico y Latinoam\u00e9rica marcas l\u00edderes en el mercado de impresi\u00f3n y pl\u00e1stico.","publisher":{"@id":"https:\/\/marcon-services.com\/inicio\/#organization"},"potentialAction":[{"@type":"SearchAction","target":{"@type":"EntryPoint","urlTemplate":"https:\/\/marcon-services.com\/inicio\/?s={search_term_string}"},"query-input":{"@type":"PropertyValueSpecification","valueRequired":true,"valueName":"search_term_string"}}],"inLanguage":"es-CO"},{"@type":"Organization","@id":"https:\/\/marcon-services.com\/inicio\/#organization","name":"Marcon Soluciones Para Impresores","url":"https:\/\/marcon-services.com\/inicio\/","logo":{"@type":"ImageObject","inLanguage":"es-CO","@id":"https:\/\/marcon-services.com\/inicio\/#\/schema\/logo\/image\/","url":"https:\/\/marcon-services.com\/wp-content\/uploads\/2021\/10\/LOGO-marcon-soluciones-sin-fondo-1.png","contentUrl":"https:\/\/marcon-services.com\/wp-content\/uploads\/2021\/10\/LOGO-marcon-soluciones-sin-fondo-1.png","width":2872,"height":805,"caption":"Marcon Soluciones Para Impresores"},"image":{"@id":"https:\/\/marcon-services.com\/inicio\/#\/schema\/logo\/image\/"}}]}},"uagb_featured_image_src":{"full":["https:\/\/marcon-services.com\/wp-content\/uploads\/2021\/07\/DuroBlade_rasquetas.png",600,400,false],"thumbnail":["https:\/\/marcon-services.com\/wp-content\/uploads\/2021\/07\/DuroBlade_rasquetas-150x150.png",150,150,true],"medium":["https:\/\/marcon-services.com\/wp-content\/uploads\/2021\/07\/DuroBlade_rasquetas-300x200.png",300,200,true],"medium_large":["https:\/\/marcon-services.com\/wp-content\/uploads\/2021\/07\/DuroBlade_rasquetas.png",600,400,false],"large":["https:\/\/marcon-services.com\/wp-content\/uploads\/2021\/07\/DuroBlade_rasquetas.png",600,400,false],"1536x1536":["https:\/\/marcon-services.com\/wp-content\/uploads\/2021\/07\/DuroBlade_rasquetas.png",600,400,false],"2048x2048":["https:\/\/marcon-services.com\/wp-content\/uploads\/2021\/07\/DuroBlade_rasquetas.png",600,400,false],"trp-custom-language-flag":["https:\/\/marcon-services.com\/wp-content\/uploads\/2021\/07\/DuroBlade_rasquetas.png",18,12,false]},"uagb_author_info":{"display_name":"marcons-web","author_link":"https:\/\/marcon-services.com\/inicio\/es_co\/author\/osvaldo\/"},"uagb_comment_info":0,"uagb_excerpt":"Rasqueta TKM DuroBlade\u00ae Caracter\u00edsticas y ventajas TKM DuroBlade es la soluci\u00f3n \u00f3ptima para sistemas de entintado, barnizado y recubrimiento altamente abrasivos en impresi\u00f3n flexogr\u00e1fica. La cuchilla dosificadora se desgasta de manera uniforme y limpia, logrando la mayor durabilidad. Debido al desgaste extremadamente bajo durante el proceso de producci\u00f3n, DuroBlade tambi\u00e9n es la primera opci\u00f3n para&hellip;","_links":{"self":[{"href":"https:\/\/marcon-services.com\/inicio\/es_co\/wp-json\/wp\/v2\/pages\/1321"}],"collection":[{"href":"https:\/\/marcon-services.com\/inicio\/es_co\/wp-json\/wp\/v2\/pages"}],"about":[{"href":"https:\/\/marcon-services.com\/inicio\/es_co\/wp-json\/wp\/v2\/types\/page"}],"author":[{"embeddable":true,"href":"https:\/\/marcon-services.com\/inicio\/es_co\/wp-json\/wp\/v2\/users\/2"}],"replies":[{"embeddable":true,"href":"https:\/\/marcon-services.com\/inicio\/es_co\/wp-json\/wp\/v2\/comments?post=1321"}],"version-history":[{"count":12,"href":"https:\/\/marcon-services.com\/inicio\/es_co\/wp-json\/wp\/v2\/pages\/1321\/revisions"}],"predecessor-version":[{"id":2364,"href":"https:\/\/marcon-services.com\/inicio\/es_co\/wp-json\/wp\/v2\/pages\/1321\/revisions\/2364"}],"wp:featuredmedia":[{"embeddable":true,"href":"https:\/\/marcon-services.com\/inicio\/es_co\/wp-json\/wp\/v2\/media\/1323"}],"wp:attachment":[{"href":"https:\/\/marcon-services.com\/inicio\/es_co\/wp-json\/wp\/v2\/media?parent=1321"}],"curies":[{"name":"wp","href":"https:\/\/api.w.org\/{rel}","templated":true}]}}