{"id":1328,"date":"2021-07-06T07:34:20","date_gmt":"2021-07-06T13:34:20","guid":{"rendered":"https:\/\/marcon-services.com\/inicio\/?page_id=1328"},"modified":"2024-06-10T17:30:28","modified_gmt":"2024-06-10T23:30:28","slug":"tkm-niro-print","status":"publish","type":"page","link":"https:\/\/marcon-services.com\/inicio\/es_co\/tkm-niro-print\/","title":{"rendered":"Rasqueta TKM Niro Print"},"content":{"rendered":"<div data-aos= \"zoom-in\" data-aos-duration=\"400\" data-aos-delay=\"0\" data-aos-easing=\"ease\" data-aos-once=\"true\" class=\"wp-block-uagb-container uagb-block-c8314df0 alignfull uagb-is-root-container\"><div class=\"uagb-container-inner-blocks-wrap\">\n<div class=\"wp-block-uagb-container uagb-block-9a579e73\">\n<div class=\"wp-block-uagb-image uagb-block-bc77db8b wp-block-uagb-image--layout-default wp-block-uagb-image--effect-static wp-block-uagb-image--align-none\"><figure class=\"wp-block-uagb-image__figure\"><img decoding=\"async\" srcset=\"https:\/\/marcon-services.com\/wp-content\/uploads\/2021\/07\/NiroPrint_rasquetas.png ,https:\/\/marcon-services.com\/wp-content\/uploads\/2021\/07\/NiroPrint_rasquetas.png 780w, https:\/\/marcon-services.com\/wp-content\/uploads\/2021\/07\/NiroPrint_rasquetas.png 360w\" sizes=\"(max-width: 480px) 150px\" src=\"https:\/\/marcon-services.com\/wp-content\/uploads\/2021\/07\/NiroPrint_rasquetas.png\" alt=\"NiroPrint_rasquetas\" class=\"uag-image-1329\" width=\"600\" height=\"400\" title=\"NiroPrint_rasquetas\" loading=\"lazy\" role=\"img\"\/><\/figure><\/div>\n<\/div>\n\n\n\n<div class=\"wp-block-uagb-container uagb-block-86e8b46c\">\n<h1 class=\"wp-block-heading\">Rasqueta TKM Niro Print<\/h1>\n\n\n\n<p><strong>Caracter\u00edsticas y ventajas<\/strong><\/p>\n\n\n\n<ul>\n<li>Resistente a la corrosi\u00f3n<\/li>\n\n\n\n<li>Para valores extremos de pH<\/li>\n\n\n\n<li>Para sistemas a base de agua<\/li>\n\n\n\n<li>Para todos los sistemas abrasivos y agresivos<\/li>\n\n\n\n<li>Tambi\u00e9n apto para impresi\u00f3n decorativa<\/li>\n\n\n\n<li>Zona de contacto sin rebabas, lo que conduce a un asentamiento r\u00e1pido<\/li>\n<\/ul>\n<\/div>\n<\/div><\/div>\n\n\n<div class=\"richtext-box big-typo\">\n<p><span style=\"font-size: 1rem; font-weight: inherit; color: var(--ast-global-color-3); background-color: var(--ast-global-color-4);\">La rasqueta resistente a la corrosi\u00f3n es la soluci\u00f3n \u00f3ptima para todos los sistemas de impresi\u00f3n agresivos o a base de agua. TKM NiroPrint evita la corrosi\u00f3n de la cuchilla rascadora, incluso en la zona de contacto cr\u00edtica.<\/span><\/p>\n<\/div>\n<p>TKM Meyer debe su posici\u00f3n l\u00edder en el mercado de la impresi\u00f3n flexogr\u00e1fica a base de agua en parte al grado de acero resistente a la corrosi\u00f3n utilizado.\u00a0NiroPrint tambi\u00e9n se utiliza en diferentes variedades de puntas, adem\u00e1s de la impresi\u00f3n flexogr\u00e1fica, principalmente en unidades de barnizado y, por lo tanto, en impresi\u00f3n offset.<\/p>\n<p>Por supuesto, suministramos hojas de respaldo adecuadas para nuestras hojas rascadoras de alto rendimiento y sus aplicaciones individuales.<\/p>\n<table border=\"1\" cellpadding=\"4\">\n<tbody>\n<tr>\n<td><strong>Forma de la Rasqueta<\/strong><\/td>\n<td><strong>Aplicaciones<\/strong><\/td>\n<\/tr>\n<tr>\n<td><a href=\"https:\/\/www-tkmgroup-com.sandbox.hs-sites.com\/en\/doctor-blades-consumables?hsLang=en&amp;__hstc=191250741.7150a182951fda7f66a6d5949883445c.1622582664487.1625318001320.1625577241052.18&amp;__hssc=191250741.6.1625577241052&amp;__hsfp=781934624#Lamellenrakel\" target=\"_blank\" rel=\"noopener\"><img decoding=\"async\" src=\"https:\/\/www.tkmgroup.com\/hubfs\/grafik-png-Oct-22-2020-11-55-21-53-AM.png\" alt=\"https:\/\/www-tkmgroup-com.sandbox.hs-sites.com\/en\/doctor-blades-consumables-0#Lamellenrakel\" \/><\/a><\/td>\n<td>Impresi\u00f3n flexogr\u00e1fica<\/td>\n<\/tr>\n<tr>\n<td><a href=\"https:\/\/www-tkmgroup-com.sandbox.hs-sites.com\/en\/doctor-blades-consumables?hsLang=en&amp;__hstc=191250741.7150a182951fda7f66a6d5949883445c.1622582664487.1625318001320.1625577241052.18&amp;__hssc=191250741.6.1625577241052&amp;__hsfp=781934624#Stabilrakel\" target=\"_blank\" rel=\"noopener\"><img loading=\"lazy\" decoding=\"async\" class=\"\" src=\"https:\/\/www.tkmgroup.com\/hubfs\/grafik-png-Oct-22-2020-11-58-24-62-AM.png\" alt=\"https:\/\/www-tkmgroup-com.sandbox.hs-sites.com\/en\/doctor-blades-consumables-0#Stabilrakel\" width=\"297\" height=\"108\" \/><\/a><\/td>\n<td>Impresi\u00f3n flexogr\u00e1fica<\/td>\n<\/tr>\n<tr>\n<td><a href=\"https:\/\/www-tkmgroup-com.sandbox.hs-sites.com\/en\/doctor-blades-consumables?hsLang=en&amp;__hstc=191250741.7150a182951fda7f66a6d5949883445c.1622582664487.1625318001320.1625577241052.18&amp;__hssc=191250741.6.1625577241052&amp;__hsfp=781934624#Flexotip\" target=\"_blank\" rel=\"noopener\"><img loading=\"lazy\" decoding=\"async\" class=\"\" src=\"https:\/\/www.tkmgroup.com\/hubfs\/grafik-png-Oct-22-2020-11-59-14-24-AM.png\" width=\"298\" height=\"112\" \/><\/a><\/td>\n<td>Impresi\u00f3n flexogr\u00e1fica<\/td>\n<\/tr>\n<\/tbody>\n<\/table>\n<p>\u00a0<\/p>","protected":false},"excerpt":{"rendered":"<p>Rasqueta TKM Niro Print Caracter\u00edsticas y ventajas La rasqueta resistente a la corrosi\u00f3n es la soluci\u00f3n \u00f3ptima para todos los sistemas de impresi\u00f3n agresivos o a base de agua. TKM NiroPrint evita la corrosi\u00f3n de la cuchilla rascadora, incluso en la zona de contacto cr\u00edtica. TKM Meyer debe su posici\u00f3n l\u00edder en el mercado de [&hellip;]<\/p>","protected":false},"author":2,"featured_media":1329,"parent":0,"menu_order":0,"comment_status":"closed","ping_status":"closed","template":"","meta":{"_uag_custom_page_level_css":"","site-sidebar-layout":"no-sidebar","site-content-layout":"plain-container","ast-site-content-layout":"normal-width-container","site-content-style":"unboxed","site-sidebar-style":"unboxed","ast-global-header-display":"","ast-banner-title-visibility":"","ast-main-header-display":"","ast-hfb-above-header-display":"","ast-hfb-below-header-display":"","ast-hfb-mobile-header-display":"","site-post-title":"disabled","ast-breadcrumbs-content":"","ast-featured-img":"disabled","footer-sml-layout":"","theme-transparent-header-meta":"default","adv-header-id-meta":"","stick-header-meta":"","header-above-stick-meta":"","header-main-stick-meta":"","header-below-stick-meta":"","astra-migrate-meta-layouts":"set","ast-page-background-enabled":"default","ast-page-background-meta":{"desktop":{"background-color":"var(--ast-global-color-4)","background-image":"","background-repeat":"repeat","background-position":"center center","background-size":"auto","background-attachment":"scroll","background-type":"","background-media":"","overlay-type":"","overlay-color":"","overlay-opacity":"","overlay-gradient":""},"tablet":{"background-color":"","background-image":"","background-repeat":"repeat","background-position":"center center","background-size":"auto","background-attachment":"scroll","background-type":"","background-media":"","overlay-type":"","overlay-color":"","overlay-opacity":"","overlay-gradient":""},"mobile":{"background-color":"","background-image":"","background-repeat":"repeat","background-position":"center center","background-size":"auto","background-attachment":"scroll","background-type":"","background-media":"","overlay-type":"","overlay-color":"","overlay-opacity":"","overlay-gradient":""}},"ast-content-background-meta":{"desktop":{"background-color":"var(--ast-global-color-5)","background-image":"","background-repeat":"repeat","background-position":"center center","background-size":"auto","background-attachment":"scroll","background-type":"","background-media":"","overlay-type":"","overlay-color":"","overlay-opacity":"","overlay-gradient":""},"tablet":{"background-color":"var(--ast-global-color-5)","background-image":"","background-repeat":"repeat","background-position":"center center","background-size":"auto","background-attachment":"scroll","background-type":"","background-media":"","overlay-type":"","overlay-color":"","overlay-opacity":"","overlay-gradient":""},"mobile":{"background-color":"var(--ast-global-color-5)","background-image":"","background-repeat":"repeat","background-position":"center center","background-size":"auto","background-attachment":"scroll","background-type":"","background-media":"","overlay-type":"","overlay-color":"","overlay-opacity":"","overlay-gradient":""}},"footnotes":""},"yoast_head":"<!-- This site is optimized with the Yoast SEO plugin v23.8 - https:\/\/yoast.com\/wordpress\/plugins\/seo\/ -->\n<title>Rasqueta TKM Niro Print - Marcon Soluciones Para Impresores<\/title>\n<meta name=\"robots\" content=\"index, follow, max-snippet:-1, max-image-preview:large, max-video-preview:-1\" \/>\n<link rel=\"canonical\" href=\"https:\/\/marcon-services.com\/inicio\/es_co\/tkm-niro-print\/\" \/>\n<meta property=\"og:locale\" content=\"es_ES\" \/>\n<meta property=\"og:type\" content=\"article\" \/>\n<meta property=\"og:title\" content=\"Rasqueta TKM Niro Print - Marcon Soluciones Para Impresores\" \/>\n<meta property=\"og:description\" content=\"Rasqueta TKM Niro Print Caracter\u00edsticas y ventajas La rasqueta resistente a la corrosi\u00f3n es la soluci\u00f3n \u00f3ptima para todos los sistemas de impresi\u00f3n agresivos o a base de agua. TKM NiroPrint evita la corrosi\u00f3n de la cuchilla rascadora, incluso en la zona de contacto cr\u00edtica. TKM Meyer debe su posici\u00f3n l\u00edder en el mercado de [&hellip;]\" \/>\n<meta property=\"og:url\" content=\"https:\/\/marcon-services.com\/inicio\/es_co\/tkm-niro-print\/\" \/>\n<meta property=\"og:site_name\" content=\"Marcon Soluciones Para Impresores\" \/>\n<meta property=\"article:modified_time\" content=\"2024-06-10T23:30:28+00:00\" \/>\n<meta property=\"og:image\" content=\"https:\/\/marcon-services.com\/wp-content\/uploads\/2021\/07\/NiroPrint_rasquetas.png\" \/>\n\t<meta property=\"og:image:width\" content=\"600\" \/>\n\t<meta property=\"og:image:height\" content=\"400\" \/>\n\t<meta property=\"og:image:type\" content=\"image\/png\" \/>\n<meta name=\"twitter:card\" content=\"summary_large_image\" \/>\n<meta name=\"twitter:label1\" content=\"Tiempo de lectura\" \/>\n\t<meta name=\"twitter:data1\" content=\"2 minutos\" \/>\n<script type=\"application\/ld+json\" class=\"yoast-schema-graph\">{\"@context\":\"https:\/\/schema.org\",\"@graph\":[{\"@type\":\"WebPage\",\"@id\":\"https:\/\/marcon-services.com\/inicio\/tkm-niro-print\/\",\"url\":\"https:\/\/marcon-services.com\/inicio\/tkm-niro-print\/\",\"name\":\"Rasqueta TKM Niro Print - Marcon Soluciones Para Impresores\",\"isPartOf\":{\"@id\":\"https:\/\/marcon-services.com\/inicio\/#website\"},\"primaryImageOfPage\":{\"@id\":\"https:\/\/marcon-services.com\/inicio\/tkm-niro-print\/#primaryimage\"},\"image\":{\"@id\":\"https:\/\/marcon-services.com\/inicio\/tkm-niro-print\/#primaryimage\"},\"thumbnailUrl\":\"https:\/\/marcon-services.com\/wp-content\/uploads\/2021\/07\/NiroPrint_rasquetas.png\",\"datePublished\":\"2021-07-06T13:34:20+00:00\",\"dateModified\":\"2024-06-10T23:30:28+00:00\",\"breadcrumb\":{\"@id\":\"https:\/\/marcon-services.com\/inicio\/tkm-niro-print\/#breadcrumb\"},\"inLanguage\":\"es-CO\",\"potentialAction\":[{\"@type\":\"ReadAction\",\"target\":[\"https:\/\/marcon-services.com\/inicio\/tkm-niro-print\/\"]}]},{\"@type\":\"ImageObject\",\"inLanguage\":\"es-CO\",\"@id\":\"https:\/\/marcon-services.com\/inicio\/tkm-niro-print\/#primaryimage\",\"url\":\"https:\/\/marcon-services.com\/wp-content\/uploads\/2021\/07\/NiroPrint_rasquetas.png\",\"contentUrl\":\"https:\/\/marcon-services.com\/wp-content\/uploads\/2021\/07\/NiroPrint_rasquetas.png\",\"width\":600,\"height\":400,\"caption\":\"Niro Print\"},{\"@type\":\"BreadcrumbList\",\"@id\":\"https:\/\/marcon-services.com\/inicio\/tkm-niro-print\/#breadcrumb\",\"itemListElement\":[{\"@type\":\"ListItem\",\"position\":1,\"name\":\"Inicio\",\"item\":\"https:\/\/marcon-services.com\/inicio\/\"},{\"@type\":\"ListItem\",\"position\":2,\"name\":\"Rasqueta TKM Niro Print\"}]},{\"@type\":\"WebSite\",\"@id\":\"https:\/\/marcon-services.com\/inicio\/#website\",\"url\":\"https:\/\/marcon-services.com\/inicio\/\",\"name\":\"Marcon Soluciones Para Impresores\",\"description\":\"Somos una empresa din\u00e1mica fundada en el 2006 enfocada a la industria gr\u00e1fica, pl\u00e1stica, rotograbado, textil y de empaque.  En MARCON representamos y distribuimos oficialmente en M\u00e9xico y Latinoam\u00e9rica marcas l\u00edderes en el mercado de impresi\u00f3n y pl\u00e1stico.\",\"publisher\":{\"@id\":\"https:\/\/marcon-services.com\/inicio\/#organization\"},\"potentialAction\":[{\"@type\":\"SearchAction\",\"target\":{\"@type\":\"EntryPoint\",\"urlTemplate\":\"https:\/\/marcon-services.com\/inicio\/?s={search_term_string}\"},\"query-input\":{\"@type\":\"PropertyValueSpecification\",\"valueRequired\":true,\"valueName\":\"search_term_string\"}}],\"inLanguage\":\"es-CO\"},{\"@type\":\"Organization\",\"@id\":\"https:\/\/marcon-services.com\/inicio\/#organization\",\"name\":\"Marcon Soluciones Para Impresores\",\"url\":\"https:\/\/marcon-services.com\/inicio\/\",\"logo\":{\"@type\":\"ImageObject\",\"inLanguage\":\"es-CO\",\"@id\":\"https:\/\/marcon-services.com\/inicio\/#\/schema\/logo\/image\/\",\"url\":\"https:\/\/marcon-services.com\/wp-content\/uploads\/2021\/10\/LOGO-marcon-soluciones-sin-fondo-1.png\",\"contentUrl\":\"https:\/\/marcon-services.com\/wp-content\/uploads\/2021\/10\/LOGO-marcon-soluciones-sin-fondo-1.png\",\"width\":2872,\"height\":805,\"caption\":\"Marcon Soluciones Para Impresores\"},\"image\":{\"@id\":\"https:\/\/marcon-services.com\/inicio\/#\/schema\/logo\/image\/\"}}]}<\/script>\n<!-- \/ Yoast SEO plugin. -->","yoast_head_json":{"title":"Rasqueta TKM Niro Print - Marcon Soluciones Para Impresores","robots":{"index":"index","follow":"follow","max-snippet":"max-snippet:-1","max-image-preview":"max-image-preview:large","max-video-preview":"max-video-preview:-1"},"canonical":"https:\/\/marcon-services.com\/inicio\/es_co\/tkm-niro-print\/","og_locale":"es_ES","og_type":"article","og_title":"Rasqueta TKM Niro Print - Marcon Soluciones Para Impresores","og_description":"Rasqueta TKM Niro Print Caracter\u00edsticas y ventajas La rasqueta resistente a la corrosi\u00f3n es la soluci\u00f3n \u00f3ptima para todos los sistemas de impresi\u00f3n agresivos o a base de agua. TKM NiroPrint evita la corrosi\u00f3n de la cuchilla rascadora, incluso en la zona de contacto cr\u00edtica. TKM Meyer debe su posici\u00f3n l\u00edder en el mercado de [&hellip;]","og_url":"https:\/\/marcon-services.com\/inicio\/es_co\/tkm-niro-print\/","og_site_name":"Marcon Soluciones Para Impresores","article_modified_time":"2024-06-10T23:30:28+00:00","og_image":[{"width":600,"height":400,"url":"https:\/\/marcon-services.com\/wp-content\/uploads\/2021\/07\/NiroPrint_rasquetas.png","type":"image\/png"}],"twitter_card":"summary_large_image","twitter_misc":{"Tiempo de lectura":"2 minutos"},"schema":{"@context":"https:\/\/schema.org","@graph":[{"@type":"WebPage","@id":"https:\/\/marcon-services.com\/inicio\/tkm-niro-print\/","url":"https:\/\/marcon-services.com\/inicio\/tkm-niro-print\/","name":"Rasqueta TKM Niro Print - Marcon Soluciones Para Impresores","isPartOf":{"@id":"https:\/\/marcon-services.com\/inicio\/#website"},"primaryImageOfPage":{"@id":"https:\/\/marcon-services.com\/inicio\/tkm-niro-print\/#primaryimage"},"image":{"@id":"https:\/\/marcon-services.com\/inicio\/tkm-niro-print\/#primaryimage"},"thumbnailUrl":"https:\/\/marcon-services.com\/wp-content\/uploads\/2021\/07\/NiroPrint_rasquetas.png","datePublished":"2021-07-06T13:34:20+00:00","dateModified":"2024-06-10T23:30:28+00:00","breadcrumb":{"@id":"https:\/\/marcon-services.com\/inicio\/tkm-niro-print\/#breadcrumb"},"inLanguage":"es-CO","potentialAction":[{"@type":"ReadAction","target":["https:\/\/marcon-services.com\/inicio\/tkm-niro-print\/"]}]},{"@type":"ImageObject","inLanguage":"es-CO","@id":"https:\/\/marcon-services.com\/inicio\/tkm-niro-print\/#primaryimage","url":"https:\/\/marcon-services.com\/wp-content\/uploads\/2021\/07\/NiroPrint_rasquetas.png","contentUrl":"https:\/\/marcon-services.com\/wp-content\/uploads\/2021\/07\/NiroPrint_rasquetas.png","width":600,"height":400,"caption":"Niro Print"},{"@type":"BreadcrumbList","@id":"https:\/\/marcon-services.com\/inicio\/tkm-niro-print\/#breadcrumb","itemListElement":[{"@type":"ListItem","position":1,"name":"Inicio","item":"https:\/\/marcon-services.com\/inicio\/"},{"@type":"ListItem","position":2,"name":"Rasqueta TKM Niro Print"}]},{"@type":"WebSite","@id":"https:\/\/marcon-services.com\/inicio\/#website","url":"https:\/\/marcon-services.com\/inicio\/","name":"Marcon Soluciones Para Impresores","description":"Somos una empresa din\u00e1mica fundada en el 2006 enfocada a la industria gr\u00e1fica, pl\u00e1stica, rotograbado, textil y de empaque.  En MARCON representamos y distribuimos oficialmente en M\u00e9xico y Latinoam\u00e9rica marcas l\u00edderes en el mercado de impresi\u00f3n y pl\u00e1stico.","publisher":{"@id":"https:\/\/marcon-services.com\/inicio\/#organization"},"potentialAction":[{"@type":"SearchAction","target":{"@type":"EntryPoint","urlTemplate":"https:\/\/marcon-services.com\/inicio\/?s={search_term_string}"},"query-input":{"@type":"PropertyValueSpecification","valueRequired":true,"valueName":"search_term_string"}}],"inLanguage":"es-CO"},{"@type":"Organization","@id":"https:\/\/marcon-services.com\/inicio\/#organization","name":"Marcon Soluciones Para Impresores","url":"https:\/\/marcon-services.com\/inicio\/","logo":{"@type":"ImageObject","inLanguage":"es-CO","@id":"https:\/\/marcon-services.com\/inicio\/#\/schema\/logo\/image\/","url":"https:\/\/marcon-services.com\/wp-content\/uploads\/2021\/10\/LOGO-marcon-soluciones-sin-fondo-1.png","contentUrl":"https:\/\/marcon-services.com\/wp-content\/uploads\/2021\/10\/LOGO-marcon-soluciones-sin-fondo-1.png","width":2872,"height":805,"caption":"Marcon Soluciones Para Impresores"},"image":{"@id":"https:\/\/marcon-services.com\/inicio\/#\/schema\/logo\/image\/"}}]}},"uagb_featured_image_src":{"full":["https:\/\/marcon-services.com\/wp-content\/uploads\/2021\/07\/NiroPrint_rasquetas.png",600,400,false],"thumbnail":["https:\/\/marcon-services.com\/wp-content\/uploads\/2021\/07\/NiroPrint_rasquetas-150x150.png",150,150,true],"medium":["https:\/\/marcon-services.com\/wp-content\/uploads\/2021\/07\/NiroPrint_rasquetas-300x200.png",300,200,true],"medium_large":["https:\/\/marcon-services.com\/wp-content\/uploads\/2021\/07\/NiroPrint_rasquetas.png",600,400,false],"large":["https:\/\/marcon-services.com\/wp-content\/uploads\/2021\/07\/NiroPrint_rasquetas.png",600,400,false],"1536x1536":["https:\/\/marcon-services.com\/wp-content\/uploads\/2021\/07\/NiroPrint_rasquetas.png",600,400,false],"2048x2048":["https:\/\/marcon-services.com\/wp-content\/uploads\/2021\/07\/NiroPrint_rasquetas.png",600,400,false],"trp-custom-language-flag":["https:\/\/marcon-services.com\/wp-content\/uploads\/2021\/07\/NiroPrint_rasquetas.png",18,12,false]},"uagb_author_info":{"display_name":"marcons-web","author_link":"https:\/\/marcon-services.com\/inicio\/es_co\/author\/osvaldo\/"},"uagb_comment_info":0,"uagb_excerpt":"Rasqueta TKM Niro Print Caracter\u00edsticas y ventajas La rasqueta resistente a la corrosi\u00f3n es la soluci\u00f3n \u00f3ptima para todos los sistemas de impresi\u00f3n agresivos o a base de agua. TKM NiroPrint evita la corrosi\u00f3n de la cuchilla rascadora, incluso en la zona de contacto cr\u00edtica. TKM Meyer debe su posici\u00f3n l\u00edder en el mercado de&hellip;","_links":{"self":[{"href":"https:\/\/marcon-services.com\/inicio\/es_co\/wp-json\/wp\/v2\/pages\/1328"}],"collection":[{"href":"https:\/\/marcon-services.com\/inicio\/es_co\/wp-json\/wp\/v2\/pages"}],"about":[{"href":"https:\/\/marcon-services.com\/inicio\/es_co\/wp-json\/wp\/v2\/types\/page"}],"author":[{"embeddable":true,"href":"https:\/\/marcon-services.com\/inicio\/es_co\/wp-json\/wp\/v2\/users\/2"}],"replies":[{"embeddable":true,"href":"https:\/\/marcon-services.com\/inicio\/es_co\/wp-json\/wp\/v2\/comments?post=1328"}],"version-history":[{"count":9,"href":"https:\/\/marcon-services.com\/inicio\/es_co\/wp-json\/wp\/v2\/pages\/1328\/revisions"}],"predecessor-version":[{"id":2397,"href":"https:\/\/marcon-services.com\/inicio\/es_co\/wp-json\/wp\/v2\/pages\/1328\/revisions\/2397"}],"wp:featuredmedia":[{"embeddable":true,"href":"https:\/\/marcon-services.com\/inicio\/es_co\/wp-json\/wp\/v2\/media\/1329"}],"wp:attachment":[{"href":"https:\/\/marcon-services.com\/inicio\/es_co\/wp-json\/wp\/v2\/media?parent=1328"}],"curies":[{"name":"wp","href":"https:\/\/api.w.org\/{rel}","templated":true}]}}