{"id":242,"date":"2017-12-04T19:55:05","date_gmt":"2017-12-05T01:55:05","guid":{"rendered":"http:\/\/marcon-services.com\/?page_id=242"},"modified":"2021-11-04T14:59:04","modified_gmt":"2021-11-04T20:59:04","slug":"laminas-hotfoil","status":"publish","type":"page","link":"https:\/\/marcon-services.com\/inicio\/es_co\/laminas-hotfoil\/","title":{"rendered":"Hot Foil"},"content":{"rendered":"<p>[vc_row][vc_column width=&#8221;2\/3&#8243;][vc_column_text]<\/p>\n<h3>HOT STAMPING FOIL<\/h3>\n<p>Venta de Rollos de Hot Foil, espec\u00edficamente dise\u00f1adas para cumplir con todos los desaf\u00edos de sustratos, dise\u00f1o y producci\u00f3n en caliente. Ya sea que se utilicen fuera de l\u00ednea o con equipos de estampado rotativos, como resultado los Hot Foil producen una impresi\u00f3n n\u00edtida, duradera y proporcionan el producto terminado de la m\u00e1s alta calidad con un nivel superior de brillo. Con una amplia gama de colores plateados, dorados y brillantes, as\u00ed como con patrones de hojas hologr\u00e1ficas y de papel llamativos.<\/p>\n<p>El objetivo es hacer que su marca brille usando Hot Foil con el aluminio de mejor rendimiento en la industria gr\u00e1fica. Logrand\u00f3 esto a trav\u00e9s de una extensa investigaci\u00f3n, desarrollo y pruebas para garantizar que los productos de Hot Foil funcionen sin igual en su producto terminado.<\/p>\n<p>Estamos con el l\u00edder mundial en la fabricaci\u00f3n y distribuci\u00f3n de Hot Foil, por lo tanto, nuestros clientes conf\u00edan en nuestros productos todos los d\u00edas para las aplicaciones m\u00e1s exigentes en mercados como los envases y las etiquetas. Al brindar un servicio excepcional y productos de la m\u00e1s alta calidad, esperamos ser un socio con el que pueda sentirse seguro al construir una relaci\u00f3n a largo plazo<\/p>\n<header class=\"entry-header\"><\/header>\n<p>[\/vc_column_text][vc_separator][\/vc_column][vc_column width=&#8221;1\/3&#8243;][vc_single_image image=&#8221;266&#8243; img_size=&#8221;full&#8221; alignment=&#8221;center&#8221; style=&#8221;vc_box_shadow&#8221;][\/vc_column][\/vc_row][vc_row][vc_column width=&#8221;1\/3&#8243;][vc_single_image image=&#8221;264&#8243; img_size=&#8221;full&#8221; alignment=&#8221;center&#8221; style=&#8221;vc_box_shadow&#8221;][\/vc_column][vc_column width=&#8221;2\/3&#8243;][vc_column_text]<\/p>\n<p><strong>Aplicaciones principales:<\/strong><\/p>\n<ul>\n<li>Libros<\/li>\n<li>Cajas plegables<\/li>\n<li>Envoltorios de cajas Etiquetas principales<\/li>\n<li>Etiquetas principales<\/li>\n<li>Envoltorios de cajas<\/li>\n<li>Tapas de libros y cubiertas de libros<\/li>\n<li>Cajas plegables<\/li>\n<\/ul>\n<p><strong>Caracter\u00edsticas:<\/strong><\/p>\n<ul>\n<li>Formulado para gr\u00e1ficos finos a medios en prensas alimentadas con hojas.<\/li>\n<li>Da una definici\u00f3n n\u00edtida y buena resistencia al calor.<\/li>\n<li>Adecuado para estampado vertical de alta velocidad y una l\u00e1mina excelente para aplicaciones rotativas de etiquetas.<\/li>\n<li>Sobrecargar\u00e1 la mayor\u00eda de los revestimientos y tintas.<\/li>\n<\/ul>\n<p><strong>Sustratos:<\/strong><\/p>\n<ul>\n<li>Papel estucado y sin recubrir<\/li>\n<li>Variedad de tintas y recubrimientos<\/li>\n<li>Etiquetas de pel\u00edcula y PSA<\/li>\n<\/ul>\n<p>[\/vc_column_text][\/vc_column][\/vc_row][vc_row][vc_column width=&#8221;2\/3&#8243;][vc_column_text]<\/p>\n<table>\n<tbody>\n<tr>\n<td><strong>Caracter\u00edsticas<\/strong><\/td>\n<td><\/td>\n<td><strong>Beneficios<\/strong><\/td>\n<\/tr>\n<tr>\n<td>Baja temperatura y presi\u00f3n<\/td>\n<td>\u2192<\/td>\n<td>Reduce el tiempo de preparaci\u00f3n<\/td>\n<\/tr>\n<tr>\n<td>Baja temperatura de activaci\u00f3n<\/td>\n<td>\u2192<\/td>\n<td>Menos distorsi\u00f3n en existencia<\/td>\n<\/tr>\n<tr>\n<td>Over Stampable<\/td>\n<td>\u2192<\/td>\n<td>Dise\u00f1ado para trabajar con todas las l\u00e1minas ITW<\/td>\n<\/tr>\n<tr>\n<td>Facilidad de instalaci\u00f3n<\/td>\n<td>\u2192<\/td>\n<td>Mejor Rendimiento<\/td>\n<\/tr>\n<\/tbody>\n<\/table>\n<p>[\/vc_column_text][\/vc_column][vc_column width=&#8221;1\/3&#8243;][vc_single_image image=&#8221;267&#8243; img_size=&#8221;full&#8221;][\/vc_column][\/vc_row][vc_row][vc_column][vc_separator][vc_column_text]<\/p>\n<h3>Colores Disponibles, Ejemplos:<\/h3>\n<p>Hay disponible una gran variedad de oros y oro brillantes y satinados, y tenga en cuenta que las representaciones de color de la pantalla pueden no ser precisas.<\/p>\n<p>Pregunta por la disponibilidad de los diferentes colores<\/p>\n<p>Nuestros Colores Est\u00e1ndar son, OGP: plata (100) oro (220, 213) UX (100), oro (225, 222)[\/vc_column_text][vc_separator][\/vc_column][\/vc_row][vc_row][vc_column][vc_column_text]<\/p>\n<h3>Beneficios<\/h3>\n<ul>\n<li>La capacidad de relieve ofrece una lujosa variedad de oportunidades decorativas<\/li>\n<li>Grabaci\u00f3n en relieve \/ grabado y capacidades de grabado<\/li>\n<li>Puede aplicarse de muchas maneras, en casi cualquier sustrato<\/li>\n<li>Se puede usar con varios niveles de detalle y cobertura<\/li>\n<li>Disponible en una amplia gama de colores<\/li>\n<li>Sin limitaciones en el n\u00famero de patrones \/ colores por hoja<\/li>\n<li>Sin l\u00edmite en el tama\u00f1o del papel<\/li>\n<li>Se pueden desarrollar l\u00e1minas personalizadas con nuestro equipo de origen hologr\u00e1fico<\/li>\n<li>Percepci\u00f3n de calidad superior asociada con la apariencia reconocible de estampado en caliente<\/li>\n<li>El atractivo t\u00e1ctil y el acabado brillante brillante aumentan la visibilidad y la diferenciaci\u00f3n<\/li>\n<li>Caracter\u00edsticas suaves de protecci\u00f3n \/ resistencia<\/li>\n<li>No hay necesidad de sacrificar la sostenibilidad por el brillo: brillante, biodegradable y puede reciclarse utilizando t\u00e9cnicas convencionales, suponiendo que otros componentes tambi\u00e9n sean biodegradables y reciclables.<\/li>\n<\/ul>\n<h3>Beneficios al Impresor<\/h3>\n<ul>\n<li>Disponible en muchas formulaciones para manejar la mayor\u00eda de los desaf\u00edos de producci\u00f3n<\/li>\n<li>La opacidad de las l\u00e1minas met\u00e1licas proporciona una excelente cobertura<\/li>\n<li>Rendimiento confiable<\/li>\n<li>Excelente respuesta y valor<\/li>\n<li>Nuestras l\u00e1minas calientes son una soluci\u00f3n ideal en todo el mundo, incluso para las aplicaciones de l\u00e1minas m\u00e1s desafiantes.<\/li>\n<\/ul>\n<p>[\/vc_column_text][\/vc_column][\/vc_row][vc_row][vc_column][vc_column_text]<\/p>\n<h2>Ejemplos de Hot Foil<\/h2>\n<p>[\/vc_column_text][vc_gallery type=&#8221;image_grid&#8221; images=&#8221;247,248,249,250,251,252,253,254,255,256,257,258,259,260,261,262,263,264,265,266,267&#8243;][vc_separator][\/vc_column][\/vc_row][vc_row][vc_column][vc_column_text]<\/p>\n<h2>Fichas T\u00e9cnicas<\/h2>\n<p>[\/vc_column_text][vc_column_text]<\/p>\n<ul>\n<li><a href=\"http:\/\/marcon-services.com\/inicio\/es_co\/descargas\/OGPSeriesTechData.pdf\/\">OGP<\/a><\/li>\n<li><a href=\"http:\/\/marcon-services.com\/inicio\/es_co\/descargas\/UXSeriesTechData.pdf\/\">UX<\/a><\/li>\n<\/ul>\n<p>[\/vc_column_text][vc_separator][\/vc_column][\/vc_row][vc_row][vc_column][vc_column_text]Cont\u00e1ctanos Para un Presupuesto sin Ning\u00fan Compromiso[\/vc_column_text][vc_column_text]Av. Vallarta # 6503 Int. B-20<br \/>\nCol. Ciudad Granja, 45010<br \/>\nZapopan, Jal. M\u00e9xico<br \/>\nPLAZA CONCENTRO<br \/>\n<a href=\"tel:(33)36271970\">+ 52 (33) 3627 1970<\/a> \/ <a href=\"tel:(33)31101642\">3110 1642<\/a><br \/>\n<a href=\"mailto:atencion.clientes@marcon-services.com\">atencion.clientes@marcon-services.com<\/a>[\/vc_column_text]\n<div class=\"wpcf7 no-js\" id=\"wpcf7-f182-o1\" lang=\"es-ES\" dir=\"ltr\">\n<div class=\"screen-reader-response\"><p role=\"status\" aria-live=\"polite\" aria-atomic=\"true\"><\/p> <ul><\/ul><\/div>\n<form action=\"\/inicio\/wp-json\/wp\/v2\/pages\/242\" method=\"post\" class=\"wpcf7-form init\" aria-label=\"Formulario de contacto\" novalidate=\"novalidate\" data-status=\"init\" data-trp-original-action=\"\/inicio\/es_co\/wp-json\/wp\/v2\/pages\/242#wpcf7-f182-o1\">\n<div style=\"display: none;\">\n<input type=\"hidden\" name=\"_wpcf7\" value=\"182\" \/>\n<input type=\"hidden\" name=\"_wpcf7_version\" value=\"5.9.6\" \/>\n<input type=\"hidden\" name=\"_wpcf7_locale\" value=\"es_ES\" \/>\n<input type=\"hidden\" name=\"_wpcf7_unit_tag\" value=\"wpcf7-f182-o1\" \/>\n<input type=\"hidden\" name=\"_wpcf7_container_post\" value=\"0\" \/>\n<input type=\"hidden\" name=\"_wpcf7_posted_data_hash\" value=\"\" \/>\n<\/div>\n<table class=\"noborder\">\n\t<tr>\n\t\t<td class=\"noborder\">\n\t\t\t<p>Nombre (requerido)\n\t\t\t<\/p>\n\t\t<\/td>\n\t\t<td class=\"noborder\">\n\t\t\t<p>Tu correo electr\u00f3nico (requerido)\n\t\t\t<\/p>\n\t\t<\/td>\n\t\t<td class=\"noborder\">\n\t\t\t<p>Mensaje\n\t\t\t<\/p>\n\t\t<\/td>\n\t<\/tr>\n\t<tr>\n\t\t<td class=\"noborder\">\n\t\t\t<p><span class=\"wpcf7-form-control-wrap\" data-name=\"your-name\"><input size=\"40\" maxlength=\"80\" class=\"wpcf7-form-control wpcf7-text wpcf7-validates-as-required\" aria-required=\"true\" aria-invalid=\"false\" value=\"\" type=\"text\" name=\"your-name\" \/><\/span>\n\t\t\t<\/p>\n\t\t<\/td>\n\t\t<td class=\"noborder\">\n\t\t\t<p><span class=\"wpcf7-form-control-wrap\" data-name=\"your-email\"><input size=\"40\" maxlength=\"80\" class=\"wpcf7-form-control wpcf7-email wpcf7-validates-as-required wpcf7-text wpcf7-validates-as-email\" aria-required=\"true\" aria-invalid=\"false\" value=\"\" type=\"email\" name=\"your-email\" \/><\/span>\n\t\t\t<\/p>\n\t\t<\/td>\n\t\t<td class=\"noborder\">\n\t\t\t<p><span class=\"wpcf7-form-control-wrap\" data-name=\"your-message\"><textarea cols=\"40\" rows=\"10\" maxlength=\"400\" class=\"wpcf7-form-control wpcf7-textarea\" aria-invalid=\"false\" name=\"your-message\"><\/textarea><\/span>\n\t\t\t<\/p>\n\t\t<\/td>\n\t<\/tr>\n<\/table>\n<p><div class=\"anr_captcha_field\"><div id=\"anr_captcha_field_1\" class=\"anr_captcha_field_div\"><\/div><\/div><span class=\"wpcf7-form-control-wrap g-recaptcha-response\"><\/span><br \/>\n<input class=\"wpcf7-form-control wpcf7-submit has-spinner\" type=\"submit\" value=\"Enviar\" \/>\n<\/p><div class=\"wpcf7-response-output\" aria-hidden=\"true\"><\/div>\n<input type=\"hidden\" name=\"trp-form-language\" value=\"es_co\"\/><\/form>\n<\/div>\n[\/vc_column][\/vc_row]<\/p>","protected":false},"excerpt":{"rendered":"<p>[vc_row][vc_column width=&#8221;2\/3&#8243;][vc_column_text] HOT STAMPING FOIL Venta de Rollos de Hot Foil, espec\u00edficamente dise\u00f1adas para cumplir con todos los desaf\u00edos de sustratos, dise\u00f1o y producci\u00f3n en caliente. Ya sea que se utilicen fuera de l\u00ednea o con equipos de estampado rotativos, como resultado los Hot Foil producen una impresi\u00f3n n\u00edtida, duradera y proporcionan el producto terminado [&hellip;]<\/p>","protected":false},"author":2,"featured_media":0,"parent":0,"menu_order":0,"comment_status":"closed","ping_status":"closed","template":"","meta":{"_uag_custom_page_level_css":"","site-sidebar-layout":"no-sidebar","site-content-layout":"plain-container","ast-site-content-layout":"","site-content-style":"default","site-sidebar-style":"default","ast-global-header-display":"","ast-banner-title-visibility":"","ast-main-header-display":"","ast-hfb-above-header-display":"","ast-hfb-below-header-display":"","ast-hfb-mobile-header-display":"","site-post-title":"disabled","ast-breadcrumbs-content":"","ast-featured-img":"disabled","footer-sml-layout":"","theme-transparent-header-meta":"default","adv-header-id-meta":"","stick-header-meta":"","header-above-stick-meta":"","header-main-stick-meta":"","header-below-stick-meta":"","astra-migrate-meta-layouts":"default","ast-page-background-enabled":"default","ast-page-background-meta":{"desktop":{"background-color":"var(--ast-global-color-4)","background-image":"","background-repeat":"repeat","background-position":"center center","background-size":"auto","background-attachment":"scroll","background-type":"","background-media":"","overlay-type":"","overlay-color":"","overlay-opacity":"","overlay-gradient":""},"tablet":{"background-color":"","background-image":"","background-repeat":"repeat","background-position":"center center","background-size":"auto","background-attachment":"scroll","background-type":"","background-media":"","overlay-type":"","overlay-color":"","overlay-opacity":"","overlay-gradient":""},"mobile":{"background-color":"","background-image":"","background-repeat":"repeat","background-position":"center center","background-size":"auto","background-attachment":"scroll","background-type":"","background-media":"","overlay-type":"","overlay-color":"","overlay-opacity":"","overlay-gradient":""}},"ast-content-background-meta":{"desktop":{"background-color":"var(--ast-global-color-5)","background-image":"","background-repeat":"repeat","background-position":"center center","background-size":"auto","background-attachment":"scroll","background-type":"","background-media":"","overlay-type":"","overlay-color":"","overlay-opacity":"","overlay-gradient":""},"tablet":{"background-color":"var(--ast-global-color-5)","background-image":"","background-repeat":"repeat","background-position":"center center","background-size":"auto","background-attachment":"scroll","background-type":"","background-media":"","overlay-type":"","overlay-color":"","overlay-opacity":"","overlay-gradient":""},"mobile":{"background-color":"var(--ast-global-color-5)","background-image":"","background-repeat":"repeat","background-position":"center center","background-size":"auto","background-attachment":"scroll","background-type":"","background-media":"","overlay-type":"","overlay-color":"","overlay-opacity":"","overlay-gradient":""}},"footnotes":""},"yoast_head":"<!-- This site is optimized with the Yoast SEO plugin v23.8 - https:\/\/yoast.com\/wordpress\/plugins\/seo\/ -->\n<title>Hot Foil - Marcon Soluciones Para Impresores<\/title>\n<meta name=\"robots\" content=\"index, follow, max-snippet:-1, max-image-preview:large, max-video-preview:-1\" \/>\n<link rel=\"canonical\" href=\"https:\/\/marcon-services.com\/inicio\/es_co\/laminas-hotfoil\/\" \/>\n<meta property=\"og:locale\" content=\"es_ES\" \/>\n<meta property=\"og:type\" content=\"article\" \/>\n<meta property=\"og:title\" content=\"Hot Foil - Marcon Soluciones Para Impresores\" \/>\n<meta property=\"og:description\" content=\"[vc_row][vc_column width=&#8221;2\/3&#8243;][vc_column_text] HOT STAMPING FOIL Venta de Rollos de Hot Foil, espec\u00edficamente dise\u00f1adas para cumplir con todos los desaf\u00edos de sustratos, dise\u00f1o y producci\u00f3n en caliente. Ya sea que se utilicen fuera de l\u00ednea o con equipos de estampado rotativos, como resultado los Hot Foil producen una impresi\u00f3n n\u00edtida, duradera y proporcionan el producto terminado [&hellip;]\" \/>\n<meta property=\"og:url\" content=\"https:\/\/marcon-services.com\/inicio\/es_co\/laminas-hotfoil\/\" \/>\n<meta property=\"og:site_name\" content=\"Marcon Soluciones Para Impresores\" \/>\n<meta property=\"article:modified_time\" content=\"2021-11-04T20:59:04+00:00\" \/>\n<meta name=\"twitter:card\" content=\"summary_large_image\" \/>\n<meta name=\"twitter:label1\" content=\"Tiempo de lectura\" \/>\n\t<meta name=\"twitter:data1\" content=\"3 minutos\" \/>\n<script type=\"application\/ld+json\" class=\"yoast-schema-graph\">{\"@context\":\"https:\/\/schema.org\",\"@graph\":[{\"@type\":\"WebPage\",\"@id\":\"https:\/\/marcon-services.com\/inicio\/laminas-hotfoil\/\",\"url\":\"https:\/\/marcon-services.com\/inicio\/laminas-hotfoil\/\",\"name\":\"Hot Foil - Marcon Soluciones Para Impresores\",\"isPartOf\":{\"@id\":\"https:\/\/marcon-services.com\/inicio\/#website\"},\"datePublished\":\"2017-12-05T01:55:05+00:00\",\"dateModified\":\"2021-11-04T20:59:04+00:00\",\"breadcrumb\":{\"@id\":\"https:\/\/marcon-services.com\/inicio\/laminas-hotfoil\/#breadcrumb\"},\"inLanguage\":\"es-CO\",\"potentialAction\":[{\"@type\":\"ReadAction\",\"target\":[\"https:\/\/marcon-services.com\/inicio\/laminas-hotfoil\/\"]}]},{\"@type\":\"BreadcrumbList\",\"@id\":\"https:\/\/marcon-services.com\/inicio\/laminas-hotfoil\/#breadcrumb\",\"itemListElement\":[{\"@type\":\"ListItem\",\"position\":1,\"name\":\"Inicio\",\"item\":\"https:\/\/marcon-services.com\/inicio\/\"},{\"@type\":\"ListItem\",\"position\":2,\"name\":\"Hot Foil\"}]},{\"@type\":\"WebSite\",\"@id\":\"https:\/\/marcon-services.com\/inicio\/#website\",\"url\":\"https:\/\/marcon-services.com\/inicio\/\",\"name\":\"Marcon Soluciones Para Impresores\",\"description\":\"Somos una empresa din\u00e1mica fundada en el 2006 enfocada a la industria gr\u00e1fica, pl\u00e1stica, rotograbado, textil y de empaque.  En MARCON representamos y distribuimos oficialmente en M\u00e9xico y Latinoam\u00e9rica marcas l\u00edderes en el mercado de impresi\u00f3n y pl\u00e1stico.\",\"publisher\":{\"@id\":\"https:\/\/marcon-services.com\/inicio\/#organization\"},\"potentialAction\":[{\"@type\":\"SearchAction\",\"target\":{\"@type\":\"EntryPoint\",\"urlTemplate\":\"https:\/\/marcon-services.com\/inicio\/?s={search_term_string}\"},\"query-input\":{\"@type\":\"PropertyValueSpecification\",\"valueRequired\":true,\"valueName\":\"search_term_string\"}}],\"inLanguage\":\"es-CO\"},{\"@type\":\"Organization\",\"@id\":\"https:\/\/marcon-services.com\/inicio\/#organization\",\"name\":\"Marcon Soluciones Para Impresores\",\"url\":\"https:\/\/marcon-services.com\/inicio\/\",\"logo\":{\"@type\":\"ImageObject\",\"inLanguage\":\"es-CO\",\"@id\":\"https:\/\/marcon-services.com\/inicio\/#\/schema\/logo\/image\/\",\"url\":\"https:\/\/marcon-services.com\/wp-content\/uploads\/2021\/10\/LOGO-marcon-soluciones-sin-fondo-1.png\",\"contentUrl\":\"https:\/\/marcon-services.com\/wp-content\/uploads\/2021\/10\/LOGO-marcon-soluciones-sin-fondo-1.png\",\"width\":2872,\"height\":805,\"caption\":\"Marcon Soluciones Para Impresores\"},\"image\":{\"@id\":\"https:\/\/marcon-services.com\/inicio\/#\/schema\/logo\/image\/\"}}]}<\/script>\n<!-- \/ Yoast SEO plugin. -->","yoast_head_json":{"title":"Hot Foil - Marcon Soluciones Para Impresores","robots":{"index":"index","follow":"follow","max-snippet":"max-snippet:-1","max-image-preview":"max-image-preview:large","max-video-preview":"max-video-preview:-1"},"canonical":"https:\/\/marcon-services.com\/inicio\/es_co\/laminas-hotfoil\/","og_locale":"es_ES","og_type":"article","og_title":"Hot Foil - Marcon Soluciones Para Impresores","og_description":"[vc_row][vc_column width=&#8221;2\/3&#8243;][vc_column_text] HOT STAMPING FOIL Venta de Rollos de Hot Foil, espec\u00edficamente dise\u00f1adas para cumplir con todos los desaf\u00edos de sustratos, dise\u00f1o y producci\u00f3n en caliente. Ya sea que se utilicen fuera de l\u00ednea o con equipos de estampado rotativos, como resultado los Hot Foil producen una impresi\u00f3n n\u00edtida, duradera y proporcionan el producto terminado [&hellip;]","og_url":"https:\/\/marcon-services.com\/inicio\/es_co\/laminas-hotfoil\/","og_site_name":"Marcon Soluciones Para Impresores","article_modified_time":"2021-11-04T20:59:04+00:00","twitter_card":"summary_large_image","twitter_misc":{"Tiempo de lectura":"3 minutos"},"schema":{"@context":"https:\/\/schema.org","@graph":[{"@type":"WebPage","@id":"https:\/\/marcon-services.com\/inicio\/laminas-hotfoil\/","url":"https:\/\/marcon-services.com\/inicio\/laminas-hotfoil\/","name":"Hot Foil - Marcon Soluciones Para Impresores","isPartOf":{"@id":"https:\/\/marcon-services.com\/inicio\/#website"},"datePublished":"2017-12-05T01:55:05+00:00","dateModified":"2021-11-04T20:59:04+00:00","breadcrumb":{"@id":"https:\/\/marcon-services.com\/inicio\/laminas-hotfoil\/#breadcrumb"},"inLanguage":"es-CO","potentialAction":[{"@type":"ReadAction","target":["https:\/\/marcon-services.com\/inicio\/laminas-hotfoil\/"]}]},{"@type":"BreadcrumbList","@id":"https:\/\/marcon-services.com\/inicio\/laminas-hotfoil\/#breadcrumb","itemListElement":[{"@type":"ListItem","position":1,"name":"Inicio","item":"https:\/\/marcon-services.com\/inicio\/"},{"@type":"ListItem","position":2,"name":"Hot Foil"}]},{"@type":"WebSite","@id":"https:\/\/marcon-services.com\/inicio\/#website","url":"https:\/\/marcon-services.com\/inicio\/","name":"Marcon Soluciones Para Impresores","description":"Somos una empresa din\u00e1mica fundada en el 2006 enfocada a la industria gr\u00e1fica, pl\u00e1stica, rotograbado, textil y de empaque.  En MARCON representamos y distribuimos oficialmente en M\u00e9xico y Latinoam\u00e9rica marcas l\u00edderes en el mercado de impresi\u00f3n y pl\u00e1stico.","publisher":{"@id":"https:\/\/marcon-services.com\/inicio\/#organization"},"potentialAction":[{"@type":"SearchAction","target":{"@type":"EntryPoint","urlTemplate":"https:\/\/marcon-services.com\/inicio\/?s={search_term_string}"},"query-input":{"@type":"PropertyValueSpecification","valueRequired":true,"valueName":"search_term_string"}}],"inLanguage":"es-CO"},{"@type":"Organization","@id":"https:\/\/marcon-services.com\/inicio\/#organization","name":"Marcon Soluciones Para Impresores","url":"https:\/\/marcon-services.com\/inicio\/","logo":{"@type":"ImageObject","inLanguage":"es-CO","@id":"https:\/\/marcon-services.com\/inicio\/#\/schema\/logo\/image\/","url":"https:\/\/marcon-services.com\/wp-content\/uploads\/2021\/10\/LOGO-marcon-soluciones-sin-fondo-1.png","contentUrl":"https:\/\/marcon-services.com\/wp-content\/uploads\/2021\/10\/LOGO-marcon-soluciones-sin-fondo-1.png","width":2872,"height":805,"caption":"Marcon Soluciones Para Impresores"},"image":{"@id":"https:\/\/marcon-services.com\/inicio\/#\/schema\/logo\/image\/"}}]}},"uagb_featured_image_src":{"full":false,"thumbnail":false,"medium":false,"medium_large":false,"large":false,"1536x1536":false,"2048x2048":false,"trp-custom-language-flag":false},"uagb_author_info":{"display_name":"marcons-web","author_link":"https:\/\/marcon-services.com\/inicio\/es_co\/author\/osvaldo\/"},"uagb_comment_info":0,"uagb_excerpt":"[vc_row][vc_column width=&#8221;2\/3&#8243;][vc_column_text] HOT STAMPING FOIL Venta de Rollos de Hot Foil, espec\u00edficamente dise\u00f1adas para cumplir con todos los desaf\u00edos de sustratos, dise\u00f1o y producci\u00f3n en caliente. Ya sea que se utilicen fuera de l\u00ednea o con equipos de estampado rotativos, como resultado los Hot Foil producen una impresi\u00f3n n\u00edtida, duradera y proporcionan el producto terminado&hellip;","_links":{"self":[{"href":"https:\/\/marcon-services.com\/inicio\/es_co\/wp-json\/wp\/v2\/pages\/242"}],"collection":[{"href":"https:\/\/marcon-services.com\/inicio\/es_co\/wp-json\/wp\/v2\/pages"}],"about":[{"href":"https:\/\/marcon-services.com\/inicio\/es_co\/wp-json\/wp\/v2\/types\/page"}],"author":[{"embeddable":true,"href":"https:\/\/marcon-services.com\/inicio\/es_co\/wp-json\/wp\/v2\/users\/2"}],"replies":[{"embeddable":true,"href":"https:\/\/marcon-services.com\/inicio\/es_co\/wp-json\/wp\/v2\/comments?post=242"}],"version-history":[{"count":32,"href":"https:\/\/marcon-services.com\/inicio\/es_co\/wp-json\/wp\/v2\/pages\/242\/revisions"}],"predecessor-version":[{"id":2188,"href":"https:\/\/marcon-services.com\/inicio\/es_co\/wp-json\/wp\/v2\/pages\/242\/revisions\/2188"}],"wp:attachment":[{"href":"https:\/\/marcon-services.com\/inicio\/es_co\/wp-json\/wp\/v2\/media?parent=242"}],"curies":[{"name":"wp","href":"https:\/\/api.w.org\/{rel}","templated":true}]}}