{"id":383,"date":"2018-05-21T21:07:51","date_gmt":"2018-05-22T03:07:51","guid":{"rendered":"http:\/\/marcon-services.com\/?page_id=383"},"modified":"2025-06-06T12:05:20","modified_gmt":"2025-06-06T18:05:20","slug":"inicio","status":"publish","type":"page","link":"https:\/\/marcon-services.com\/inicio\/es_co\/","title":{"rendered":"Inicio"},"content":{"rendered":"<div class=\"n2_clear\"><ss3-force-full-width data-overflow-x=\"body\" data-horizontal-selector=\"body\"><div class=\"n2-section-smartslider fitvidsignore  n2_clear\" data-ssid=\"3\"><div id=\"n2-ss-3-align\" class=\"n2-ss-align\"><div class=\"n2-padding\"><div id=\"n2-ss-3\" data-creator=\"Smart Slider 3\" data-responsive=\"fullwidth\" class=\"n2-ss-slider n2-ow n2-has-hover n2notransition\">\n        <div class=\"n2-ss-slider-1 n2_ss__touch_element n2-ow\">\n            <div class=\"n2-ss-slider-2 n2-ow\">\n                                                    <div class=\"n2-ss-background-animation n2-ow\"><\/div>\n                                <div class=\"n2-ss-slider-3 n2-ow\">\n\n                    <div class=\"n2-ss-slide-backgrounds n2-ow-all\"><div class=\"n2-ss-slide-background\" data-public-id=\"1\" data-mode=\"fill\"><div class=\"n2-ss-slide-background-image\" data-blur=\"0\" data-opacity=\"100\" data-x=\"17\" data-y=\"28\" data-alt=\"rasquetas para flexografia y retrograbado tkm\" data-title=\"\" style=\"--ss-o-pos-x:17%;--ss-o-pos-y:28%\"><picture class=\"skip-lazy\" data-skip-lazy=\"1\"><img decoding=\"async\" src=\"\/\/marcon-services.com\/wp-content\/uploads\/2021\/07\/rasquetasyconsumiblestkm-e1625240415187.png\" alt=\"rasquetas para flexografia y retrograbado tkm\" title=\"\" loading=\"lazy\" class=\"skip-lazy\" data-skip-lazy=\"1\"><\/picture><\/div><div data-color=\"RGBA(0,0,0,0.5)\" style=\"background-color: RGBA(0,0,0,0.5);\" class=\"n2-ss-slide-background-color\" data-overlay=\"1\"><\/div><\/div><\/div>                    <div class=\"n2-ss-slider-4 n2-ow\">\n                        <svg xmlns=\"http:\/\/www.w3.org\/2000\/svg\" viewbox=\"0 0 1200 400\" data-related-device=\"desktopPortrait\" class=\"n2-ow n2-ss-preserve-size n2-ss-preserve-size--slider n2-ss-slide-limiter\"><\/svg><div data-first=\"1\" data-slide-duration=\"0\" data-id=\"3\" data-slide-public-id=\"1\" data-title=\"rasquetasyconsumiblestkm\" class=\"n2-ss-slide n2-ow  n2-ss-slide-3\"><div role=\"note\" class=\"n2-ss-slide--focus\" tabindex=\"-1\">rasquetasyconsumiblestkm<\/div><div class=\"n2-ss-layers-container n2-ss-slide-limiter n2-ow\"><div class=\"n2-ss-layer n2-ow n-uc-zj7mqTg7LKM1\" data-sstype=\"slide\" data-pm=\"default\"><div class=\"n2-ss-layer n2-ow n-uc-qwJRkPB4sS2U\" data-pm=\"default\" data-sstype=\"content\" data-hasbackground=\"0\"><div class=\"n2-ss-section-main-content n2-ss-layer-with-background n2-ss-layer-content n2-ow n-uc-qwJRkPB4sS2U-inner\"><div class=\"n2-ss-layer n2-ow n-uc-8sHzQYK4dhc9\" data-pm=\"normal\" data-sstype=\"layer\"><div class=\"n2-ss-item-content n2-ss-text n2-ow-all\"><div data-hide-desktoplandscape=\"1\" data-hide-desktopportrait=\"1\" data-hide-tabletlandscape=\"1\" data-hide-tabletportrait=\"1\"><\/div><div class=\"\" data-hide-mobilelandscape=\"1\" data-hide-mobileportrait=\"1\"><p class=\"n2-font-db065d5ff09a919c983874186b3e9bc5-paragraph\">Bienvenidos a Marcon<\/p>\n<\/div><\/div><\/div><div class=\"n2-ss-layer n2-ow n-uc-hEyNZb5r7Rwj\" data-pm=\"normal\" data-sstype=\"layer\"><div class=\"n2-ss-item-content n2-ss-text n2-ow-all\"><div data-hide-desktoplandscape=\"1\" data-hide-desktopportrait=\"1\" data-hide-tabletlandscape=\"1\" data-hide-tabletportrait=\"1\"><p class=\"n2-font-3e24fb0c08207387a90e0014bd55aedc-paragraph\">Somos una empresa din\u00e1mica fundada en el 2006 enfocada a la industria gr\u00e1fica, pl\u00e1stica, rotograbado, textil y de empaque.<\/p>\n<p class=\"n2-font-3e24fb0c08207387a90e0014bd55aedc-paragraph\">En MARCON representamos y distribuimos oficialmente en M\u00e9xico y Latinoam\u00e9rica marcas l\u00edderes en el mercado de impresi\u00f3n y pl\u00e1stico.<\/p>\n<\/div><div class=\"\" data-hide-desktoplandscape=\"1\" data-hide-desktopportrait=\"1\" data-hide-mobilelandscape=\"1\" data-hide-mobileportrait=\"1\"><p class=\"n2-font-3e24fb0c08207387a90e0014bd55aedc-paragraph\">Somos una empresa din\u00e1mica fundada en el 2006 enfocada a la industria gr\u00e1fica, pl\u00e1stica, rotograbado, textil y de empaque.<\/p>\n<p class=\"n2-font-3e24fb0c08207387a90e0014bd55aedc-paragraph\">En MARCON representamos y distribuimos oficialmente en M\u00e9xico y Latinoam\u00e9rica marcas l\u00edderes en el mercado de impresi\u00f3n y pl\u00e1stico.<\/p>\n<\/div><div class=\"\" data-hide-mobilelandscape=\"1\" data-hide-mobileportrait=\"1\" data-hide-tabletlandscape=\"1\" data-hide-tabletportrait=\"1\"><p class=\"n2-font-3e24fb0c08207387a90e0014bd55aedc-paragraph\">Somos una empresa din\u00e1mica fundada en el 2006 enfocada a la industria gr\u00e1fica, pl\u00e1stica, rotograbado, textil y de empaque.<\/p>\n<p class=\"n2-font-3e24fb0c08207387a90e0014bd55aedc-paragraph\">En MARCON representamos y distribuimos oficialmente en M\u00e9xico y Latinoam\u00e9rica marcas l\u00edderes en el mercado de impresi\u00f3n y pl\u00e1stico.<\/p>\n<\/div><\/div><\/div><\/div><\/div><\/div><\/div><\/div>                    <\/div>\n\n                                    <\/div>\n            <\/div>\n        <\/div>\n        <\/div><ss3-loader><\/ss3-loader><\/div><\/div><div class=\"n2_clear\"><\/div><\/div><\/ss3-force-full-width><\/div>\n\n\n<figure class=\"wp-block-video\"><video autoplay controls src=\"https:\/\/marcon-services.com\/wp-content\/uploads\/2023\/09\/marcon-services-video.mp4\"><\/video><figcaption class=\"wp-element-caption\">marcon services <\/figcaption><\/figure>\n\n\n\n<div class=\"wp-block-uagb-container uagb-block-83ec6f0f alignfull uagb-is-root-container\"><div class=\"uagb-container-inner-blocks-wrap\">\n<div class=\"wp-block-uagb-container uagb-block-1a00e520\">\n<figure class=\"wp-block-image size-full\"><img loading=\"lazy\" decoding=\"async\" width=\"488\" height=\"471\" src=\"https:\/\/marcon-services.com\/wp-content\/uploads\/2021\/08\/tkmshow-1.png\" alt=\"rasquetas\" class=\"wp-image-1917\" srcset=\"https:\/\/marcon-services.com\/wp-content\/uploads\/2021\/08\/tkmshow-1.png 488w, https:\/\/marcon-services.com\/wp-content\/uploads\/2021\/08\/tkmshow-1-300x290.png 300w\" sizes=\"(max-width: 488px) 100vw, 488px\" \/><\/figure>\n\n\n\n<div class=\"wp-block-uagb-buttons uagb-buttons__outer-wrap uagb-btn__default-btn uagb-btn-tablet__default-btn uagb-btn-mobile__default-btn uagb-block-8b19168e\"><div class=\"uagb-buttons__wrap uagb-buttons-layout-wrap\">\n<div class=\"wp-block-uagb-buttons-child uagb-buttons__outer-wrap uagb-block-f22fee4e wp-block-button\"><div class=\"uagb-button__wrapper\"><a class=\"uagb-buttons-repeater wp-block-button__link\" aria-label=\"\" href=\"https:\/\/marcon-services.com\/inicio\/es_co\/rasquetas-tkm-meyer-3\/\" rel=\"follow noopener\" target=\"_self\" role=\"button\"><div class=\"uagb-button__link\">Rasquetas<\/div><\/a><\/div><\/div>\n<\/div><\/div>\n<\/div>\n\n\n\n<div class=\"wp-block-uagb-container uagb-block-93d8ca10\">\n<figure class=\"wp-block-image aligncenter size-full\"><img loading=\"lazy\" decoding=\"async\" width=\"488\" height=\"471\" src=\"https:\/\/marcon-services.com\/wp-content\/uploads\/2018\/07\/enpurexshow.jpg\" alt=\"ENPUREX LIMPIADOR ANILOX\" class=\"wp-image-472\" srcset=\"https:\/\/marcon-services.com\/wp-content\/uploads\/2018\/07\/enpurexshow.jpg 488w, https:\/\/marcon-services.com\/wp-content\/uploads\/2018\/07\/enpurexshow-300x290.jpg 300w\" sizes=\"(max-width: 488px) 100vw, 488px\" \/><\/figure>\n\n\n\n<div class=\"wp-block-uagb-buttons uagb-buttons__outer-wrap uagb-btn__default-btn uagb-btn-tablet__default-btn uagb-btn-mobile__default-btn uagb-block-9f71bd78\"><div class=\"uagb-buttons__wrap uagb-buttons-layout-wrap\">\n<div class=\"wp-block-uagb-buttons-child uagb-buttons__outer-wrap uagb-block-2f23e6d7 wp-block-button\"><div class=\"uagb-button__wrapper\"><a class=\"uagb-buttons-repeater wp-block-button__link\" aria-label=\"\" href=\"https:\/\/marcon-services.com\/inicio\/es_co\/enpurex\/\" rel=\"follow noopener\" target=\"_self\" role=\"button\"><div class=\"uagb-button__link\">Enpurex<\/div><\/a><\/div><\/div>\n<\/div><\/div>\n<\/div>\n<\/div><\/div>","protected":false},"excerpt":{"rendered":"","protected":false},"author":2,"featured_media":0,"parent":0,"menu_order":0,"comment_status":"closed","ping_status":"closed","template":"","meta":{"_uag_custom_page_level_css":"","site-sidebar-layout":"no-sidebar","site-content-layout":"default","ast-site-content-layout":"default","site-content-style":"default","site-sidebar-style":"default","ast-global-header-display":"","ast-banner-title-visibility":"","ast-main-header-display":"","ast-hfb-above-header-display":"","ast-hfb-below-header-display":"","ast-hfb-mobile-header-display":"","site-post-title":"disabled","ast-breadcrumbs-content":"","ast-featured-img":"disabled","footer-sml-layout":"","theme-transparent-header-meta":"disabled","adv-header-id-meta":"","stick-header-meta":"","header-above-stick-meta":"","header-main-stick-meta":"","header-below-stick-meta":"","astra-migrate-meta-layouts":"set","ast-page-background-enabled":"default","ast-page-background-meta":{"desktop":{"background-color":"var(--ast-global-color-4)","background-image":"","background-repeat":"repeat","background-position":"center center","background-size":"auto","background-attachment":"scroll","background-type":"","background-media":"","overlay-type":"","overlay-color":"","overlay-opacity":"","overlay-gradient":""},"tablet":{"background-color":"","background-image":"","background-repeat":"repeat","background-position":"center center","background-size":"auto","background-attachment":"scroll","background-type":"","background-media":"","overlay-type":"","overlay-color":"","overlay-opacity":"","overlay-gradient":""},"mobile":{"background-color":"","background-image":"","background-repeat":"repeat","background-position":"center center","background-size":"auto","background-attachment":"scroll","background-type":"","background-media":"","overlay-type":"","overlay-color":"","overlay-opacity":"","overlay-gradient":""}},"ast-content-background-meta":{"desktop":{"background-color":"var(--ast-global-color-5)","background-image":"","background-repeat":"repeat","background-position":"center center","background-size":"auto","background-attachment":"scroll","background-type":"","background-media":"","overlay-type":"","overlay-color":"","overlay-opacity":"","overlay-gradient":""},"tablet":{"background-color":"var(--ast-global-color-5)","background-image":"","background-repeat":"repeat","background-position":"center center","background-size":"auto","background-attachment":"scroll","background-type":"","background-media":"","overlay-type":"","overlay-color":"","overlay-opacity":"","overlay-gradient":""},"mobile":{"background-color":"var(--ast-global-color-5)","background-image":"","background-repeat":"repeat","background-position":"center center","background-size":"auto","background-attachment":"scroll","background-type":"","background-media":"","overlay-type":"","overlay-color":"","overlay-opacity":"","overlay-gradient":""}},"footnotes":""},"yoast_head":"<!-- This site is optimized with the Yoast SEO plugin v23.8 - https:\/\/yoast.com\/wordpress\/plugins\/seo\/ -->\n<title>Inicio - Marcon Soluciones Para Impresores<\/title>\n<meta name=\"robots\" content=\"index, follow, max-snippet:-1, max-image-preview:large, max-video-preview:-1\" \/>\n<link rel=\"canonical\" href=\"https:\/\/marcon-services.com\/inicio\/es_co\/\" \/>\n<meta property=\"og:locale\" content=\"es_ES\" \/>\n<meta property=\"og:type\" content=\"article\" \/>\n<meta property=\"og:title\" content=\"Inicio - Marcon Soluciones Para Impresores\" \/>\n<meta property=\"og:url\" content=\"https:\/\/marcon-services.com\/inicio\/es_co\/\" \/>\n<meta property=\"og:site_name\" content=\"Marcon Soluciones Para Impresores\" \/>\n<meta property=\"article:modified_time\" content=\"2025-06-06T18:05:20+00:00\" \/>\n<meta property=\"og:image\" content=\"https:\/\/marcon-services.com\/wp-content\/uploads\/2021\/08\/tkmshow-1.png\" \/>\n<meta name=\"twitter:card\" content=\"summary_large_image\" \/>\n<meta name=\"twitter:label1\" content=\"Tiempo de lectura\" \/>\n\t<meta name=\"twitter:data1\" content=\"2 minutos\" \/>\n<script type=\"application\/ld+json\" class=\"yoast-schema-graph\">{\"@context\":\"https:\/\/schema.org\",\"@graph\":[{\"@type\":\"WebPage\",\"@id\":\"https:\/\/marcon-services.com\/inicio\/\",\"url\":\"https:\/\/marcon-services.com\/inicio\/\",\"name\":\"Inicio - Marcon Soluciones Para Impresores\",\"isPartOf\":{\"@id\":\"https:\/\/marcon-services.com\/inicio\/#website\"},\"primaryImageOfPage\":{\"@id\":\"https:\/\/marcon-services.com\/inicio\/#primaryimage\"},\"image\":{\"@id\":\"https:\/\/marcon-services.com\/inicio\/#primaryimage\"},\"thumbnailUrl\":\"https:\/\/marcon-services.com\/wp-content\/uploads\/2021\/08\/tkmshow-1.png\",\"datePublished\":\"2018-05-22T03:07:51+00:00\",\"dateModified\":\"2025-06-06T18:05:20+00:00\",\"breadcrumb\":{\"@id\":\"https:\/\/marcon-services.com\/inicio\/#breadcrumb\"},\"inLanguage\":\"es-CO\",\"potentialAction\":[{\"@type\":\"ReadAction\",\"target\":[\"https:\/\/marcon-services.com\/inicio\/\"]}]},{\"@type\":\"ImageObject\",\"inLanguage\":\"es-CO\",\"@id\":\"https:\/\/marcon-services.com\/inicio\/#primaryimage\",\"url\":\"https:\/\/marcon-services.com\/wp-content\/uploads\/2021\/08\/tkmshow-1.png\",\"contentUrl\":\"https:\/\/marcon-services.com\/wp-content\/uploads\/2021\/08\/tkmshow-1.png\"},{\"@type\":\"BreadcrumbList\",\"@id\":\"https:\/\/marcon-services.com\/inicio\/#breadcrumb\",\"itemListElement\":[{\"@type\":\"ListItem\",\"position\":1,\"name\":\"Inicio\",\"item\":\"https:\/\/marcon-services.com\/inicio\/\"},{\"@type\":\"ListItem\",\"position\":2,\"name\":\"Inicio\"}]},{\"@type\":\"WebSite\",\"@id\":\"https:\/\/marcon-services.com\/inicio\/#website\",\"url\":\"https:\/\/marcon-services.com\/inicio\/\",\"name\":\"Marcon Soluciones Para Impresores\",\"description\":\"Somos una empresa din\u00e1mica fundada en el 2006 enfocada a la industria gr\u00e1fica, pl\u00e1stica, rotograbado, textil y de empaque.  En MARCON representamos y distribuimos oficialmente en M\u00e9xico y Latinoam\u00e9rica marcas l\u00edderes en el mercado de impresi\u00f3n y pl\u00e1stico.\",\"publisher\":{\"@id\":\"https:\/\/marcon-services.com\/inicio\/#organization\"},\"potentialAction\":[{\"@type\":\"SearchAction\",\"target\":{\"@type\":\"EntryPoint\",\"urlTemplate\":\"https:\/\/marcon-services.com\/inicio\/?s={search_term_string}\"},\"query-input\":{\"@type\":\"PropertyValueSpecification\",\"valueRequired\":true,\"valueName\":\"search_term_string\"}}],\"inLanguage\":\"es-CO\"},{\"@type\":\"Organization\",\"@id\":\"https:\/\/marcon-services.com\/inicio\/#organization\",\"name\":\"Marcon Soluciones Para Impresores\",\"url\":\"https:\/\/marcon-services.com\/inicio\/\",\"logo\":{\"@type\":\"ImageObject\",\"inLanguage\":\"es-CO\",\"@id\":\"https:\/\/marcon-services.com\/inicio\/#\/schema\/logo\/image\/\",\"url\":\"https:\/\/marcon-services.com\/wp-content\/uploads\/2021\/10\/LOGO-marcon-soluciones-sin-fondo-1.png\",\"contentUrl\":\"https:\/\/marcon-services.com\/wp-content\/uploads\/2021\/10\/LOGO-marcon-soluciones-sin-fondo-1.png\",\"width\":2872,\"height\":805,\"caption\":\"Marcon Soluciones Para Impresores\"},\"image\":{\"@id\":\"https:\/\/marcon-services.com\/inicio\/#\/schema\/logo\/image\/\"}}]}<\/script>\n<!-- \/ Yoast SEO plugin. -->","yoast_head_json":{"title":"Inicio - Marcon Soluciones Para Impresores","robots":{"index":"index","follow":"follow","max-snippet":"max-snippet:-1","max-image-preview":"max-image-preview:large","max-video-preview":"max-video-preview:-1"},"canonical":"https:\/\/marcon-services.com\/inicio\/es_co\/","og_locale":"es_ES","og_type":"article","og_title":"Inicio - Marcon Soluciones Para Impresores","og_url":"https:\/\/marcon-services.com\/inicio\/es_co\/","og_site_name":"Marcon Soluciones Para Impresores","article_modified_time":"2025-06-06T18:05:20+00:00","og_image":[{"url":"https:\/\/marcon-services.com\/wp-content\/uploads\/2021\/08\/tkmshow-1.png"}],"twitter_card":"summary_large_image","twitter_misc":{"Tiempo de lectura":"2 minutos"},"schema":{"@context":"https:\/\/schema.org","@graph":[{"@type":"WebPage","@id":"https:\/\/marcon-services.com\/inicio\/","url":"https:\/\/marcon-services.com\/inicio\/","name":"Inicio - Marcon Soluciones Para Impresores","isPartOf":{"@id":"https:\/\/marcon-services.com\/inicio\/#website"},"primaryImageOfPage":{"@id":"https:\/\/marcon-services.com\/inicio\/#primaryimage"},"image":{"@id":"https:\/\/marcon-services.com\/inicio\/#primaryimage"},"thumbnailUrl":"https:\/\/marcon-services.com\/wp-content\/uploads\/2021\/08\/tkmshow-1.png","datePublished":"2018-05-22T03:07:51+00:00","dateModified":"2025-06-06T18:05:20+00:00","breadcrumb":{"@id":"https:\/\/marcon-services.com\/inicio\/#breadcrumb"},"inLanguage":"es-CO","potentialAction":[{"@type":"ReadAction","target":["https:\/\/marcon-services.com\/inicio\/"]}]},{"@type":"ImageObject","inLanguage":"es-CO","@id":"https:\/\/marcon-services.com\/inicio\/#primaryimage","url":"https:\/\/marcon-services.com\/wp-content\/uploads\/2021\/08\/tkmshow-1.png","contentUrl":"https:\/\/marcon-services.com\/wp-content\/uploads\/2021\/08\/tkmshow-1.png"},{"@type":"BreadcrumbList","@id":"https:\/\/marcon-services.com\/inicio\/#breadcrumb","itemListElement":[{"@type":"ListItem","position":1,"name":"Inicio","item":"https:\/\/marcon-services.com\/inicio\/"},{"@type":"ListItem","position":2,"name":"Inicio"}]},{"@type":"WebSite","@id":"https:\/\/marcon-services.com\/inicio\/#website","url":"https:\/\/marcon-services.com\/inicio\/","name":"Marcon Soluciones Para Impresores","description":"Somos una empresa din\u00e1mica fundada en el 2006 enfocada a la industria gr\u00e1fica, pl\u00e1stica, rotograbado, textil y de empaque.  En MARCON representamos y distribuimos oficialmente en M\u00e9xico y Latinoam\u00e9rica marcas l\u00edderes en el mercado de impresi\u00f3n y pl\u00e1stico.","publisher":{"@id":"https:\/\/marcon-services.com\/inicio\/#organization"},"potentialAction":[{"@type":"SearchAction","target":{"@type":"EntryPoint","urlTemplate":"https:\/\/marcon-services.com\/inicio\/?s={search_term_string}"},"query-input":{"@type":"PropertyValueSpecification","valueRequired":true,"valueName":"search_term_string"}}],"inLanguage":"es-CO"},{"@type":"Organization","@id":"https:\/\/marcon-services.com\/inicio\/#organization","name":"Marcon Soluciones Para Impresores","url":"https:\/\/marcon-services.com\/inicio\/","logo":{"@type":"ImageObject","inLanguage":"es-CO","@id":"https:\/\/marcon-services.com\/inicio\/#\/schema\/logo\/image\/","url":"https:\/\/marcon-services.com\/wp-content\/uploads\/2021\/10\/LOGO-marcon-soluciones-sin-fondo-1.png","contentUrl":"https:\/\/marcon-services.com\/wp-content\/uploads\/2021\/10\/LOGO-marcon-soluciones-sin-fondo-1.png","width":2872,"height":805,"caption":"Marcon Soluciones Para Impresores"},"image":{"@id":"https:\/\/marcon-services.com\/inicio\/#\/schema\/logo\/image\/"}}]}},"uagb_featured_image_src":{"full":false,"thumbnail":false,"medium":false,"medium_large":false,"large":false,"1536x1536":false,"2048x2048":false,"trp-custom-language-flag":false},"uagb_author_info":{"display_name":"marcons-web","author_link":"https:\/\/marcon-services.com\/inicio\/es_co\/author\/osvaldo\/"},"uagb_comment_info":0,"uagb_excerpt":null,"_links":{"self":[{"href":"https:\/\/marcon-services.com\/inicio\/es_co\/wp-json\/wp\/v2\/pages\/383"}],"collection":[{"href":"https:\/\/marcon-services.com\/inicio\/es_co\/wp-json\/wp\/v2\/pages"}],"about":[{"href":"https:\/\/marcon-services.com\/inicio\/es_co\/wp-json\/wp\/v2\/types\/page"}],"author":[{"embeddable":true,"href":"https:\/\/marcon-services.com\/inicio\/es_co\/wp-json\/wp\/v2\/users\/2"}],"replies":[{"embeddable":true,"href":"https:\/\/marcon-services.com\/inicio\/es_co\/wp-json\/wp\/v2\/comments?post=383"}],"version-history":[{"count":141,"href":"https:\/\/marcon-services.com\/inicio\/es_co\/wp-json\/wp\/v2\/pages\/383\/revisions"}],"predecessor-version":[{"id":2569,"href":"https:\/\/marcon-services.com\/inicio\/es_co\/wp-json\/wp\/v2\/pages\/383\/revisions\/2569"}],"wp:attachment":[{"href":"https:\/\/marcon-services.com\/inicio\/es_co\/wp-json\/wp\/v2\/media?parent=383"}],"curies":[{"name":"wp","href":"https:\/\/api.w.org\/{rel}","templated":true}]}}