{"id":412,"date":"2018-05-21T21:16:41","date_gmt":"2018-05-22T03:16:41","guid":{"rendered":"http:\/\/marcon-services.com\/?page_id=412"},"modified":"2024-11-11T10:42:51","modified_gmt":"2024-11-11T16:42:51","slug":"rasquetas-tkm-meyer-3","status":"publish","type":"page","link":"https:\/\/marcon-services.com\/inicio\/es_co\/rasquetas-tkm-meyer-3\/","title":{"rendered":"RACLAS"},"content":{"rendered":"<h3 style=\"text-align: center;\">RASQUETAS PARA IMPRESI\u00d3N FLEXOGR\u00c1FICA Y ROTOGRABADO<\/h3>\n<p><img loading=\"lazy\" decoding=\"async\" class=\"aligncenter wp-image-1255\" src=\"https:\/\/marcon-services.com\/wp-content\/uploads\/2021\/07\/rasquetastkm.png\" alt=\"Rasquetas TKM\" width=\"550\" height=\"400\" srcset=\"https:\/\/marcon-services.com\/wp-content\/uploads\/2021\/07\/rasquetastkm.png 800w, https:\/\/marcon-services.com\/wp-content\/uploads\/2021\/07\/rasquetastkm-300x218.png 300w, https:\/\/marcon-services.com\/wp-content\/uploads\/2021\/07\/rasquetastkm-768x559.png 768w\" sizes=\"(max-width: 550px) 100vw, 550px\" \/><\/p>\n<p>Ofrecemos la <strong>VENTA<\/strong> de Rasquetas tambi\u00e9n conocidas como Dr Blades, Racla o Flejes con calidad Alemana. Contamos con T\u00e9cnicos Especializados que pueden asesorarte para elegir la mas adecuada.<\/p>\n<p style=\"text-align: left;\">TKM Meyer con m\u00e1s de 40 a\u00f1os de experiencia en fabricar rasquetas es el l\u00edder en el mercado en EUROPA. Su excelente calidad de rasquetas est\u00e1 desarrollada en conjunto con los fabricantes de m\u00e1quinas de Flexograf\u00eda y Rodillos Anilox.<\/p>\n<p style=\"text-align: left;\">Las rasquetas TKM son confiables y s\u00f3lidas de nuestra l\u00ednea de productos. Cumplen con los est\u00e1ndares de impresi\u00f3n m\u00e1s altos debido a su contenido de cromo comparativamente alto y extremadamente bajo en zufre.<\/p>\n<p style=\"text-align: left;\">La pureza del material de primera clase y el acabado preciso de la punta garantizan un tratamiento limpio, incluso a altas velocidades de la m\u00e1quina.<\/p>\n<p>Siempre se deben hacer pruebas con las rasquetas, <strong>pregunten<\/strong> por sus muestras y cotizaci\u00f3n.<\/p>\n\n\n<div class=\"wp-block-uagb-container uagb-block-60f06b2a alignfull uagb-is-root-container\"><div class=\"uagb-container-inner-blocks-wrap\">\n<div class=\"wp-block-uagb-container uagb-block-2a0db666\">\n<div data-aos= \"zoom-in-up\" data-aos-duration=\"400\" data-aos-delay=\"0\" data-aos-easing=\"ease\" data-aos-once=\"true\" class=\"wp-block-uagb-image aligncenter uagb-block-6ede403d wp-block-uagb-image--layout-overlay wp-block-uagb-image--effect-zoomin wp-block-uagb-image--align-center\"><figure class=\"wp-block-uagb-image__figure\"><a class=\"\" href=\"https:\/\/marcon-services.com\/inicio\/es_co\/tkm-opti-print\/\" target=\"\" rel=\"noopener\"><img decoding=\"async\" srcset=\"https:\/\/marcon-services.com\/wp-content\/uploads\/2021\/07\/MeyerPrint_rasqueta-300x228.jpg ,https:\/\/marcon-services.com\/wp-content\/uploads\/2021\/07\/MeyerPrint_rasqueta.jpg 780w, https:\/\/marcon-services.com\/wp-content\/uploads\/2021\/07\/MeyerPrint_rasqueta.jpg 360w\" sizes=\"(max-width: 480px) 150px\" src=\"https:\/\/marcon-services.com\/wp-content\/uploads\/2021\/07\/MeyerPrint_rasqueta-300x228.jpg\" alt=\"MeyerPrint-OptiPrint_rasqueta\" class=\"uag-image-1259\" width=\"300\" height=\"228\" title=\"OptiPrint-MeyerPrint_rasqueta\" loading=\"lazy\" role=\"img\"\/><\/a><div class=\"wp-block-uagb-image--layout-overlay__color-wrapper\"><\/div><div class=\"wp-block-uagb-image--layout-overlay__inner center-center\"><a class=\"wp-block-uagb-image--layout-overlay-link\" href=\"https:\/\/marcon-services.com\/inicio\/es_co\/tkm-opti-print\/\" target=\"\" rel=\"noopener\"><\/a><h2 class=\"uagb-image-heading\">Opti Print<\/h2><figcaption class=\"uagb-image-caption\">TKM<\/figcaption><\/div><\/figure><\/div>\n<\/div>\n\n\n\n<div class=\"wp-block-uagb-container uagb-block-c3a615a3\">\n<div data-aos= \"zoom-in-up\" data-aos-duration=\"400\" data-aos-delay=\"0\" data-aos-easing=\"ease\" data-aos-once=\"true\" class=\"wp-block-uagb-image aligncenter uagb-block-5564ac89 wp-block-uagb-image--layout-overlay wp-block-uagb-image--effect-zoomin wp-block-uagb-image--align-center\"><figure class=\"wp-block-uagb-image__figure\"><a class=\"\" href=\"https:\/\/marcon-services.com\/inicio\/es_co\/tkm-power-print\/\" target=\"\" rel=\"noopener\"><img decoding=\"async\" srcset=\"https:\/\/marcon-services.com\/wp-content\/uploads\/2021\/07\/PowerPrint_rasqueta-300x200.png ,https:\/\/marcon-services.com\/wp-content\/uploads\/2021\/07\/PowerPrint_rasqueta.png 780w, https:\/\/marcon-services.com\/wp-content\/uploads\/2021\/07\/PowerPrint_rasqueta.png 360w\" sizes=\"(max-width: 480px) 150px\" src=\"https:\/\/marcon-services.com\/wp-content\/uploads\/2021\/07\/PowerPrint_rasqueta-300x200.png\" alt=\"PowerPrint TKM\" class=\"uag-image-1277\" width=\"300\" height=\"200\" title=\"PowerPrint_rasqueta\" loading=\"lazy\" role=\"img\"\/><\/a><div class=\"wp-block-uagb-image--layout-overlay__color-wrapper\"><\/div><div class=\"wp-block-uagb-image--layout-overlay__inner center-center\"><a class=\"wp-block-uagb-image--layout-overlay-link\" href=\"https:\/\/marcon-services.com\/inicio\/es_co\/tkm-power-print\/\" target=\"\" rel=\"noopener\"><\/a><h2 class=\"uagb-image-heading\">Power print<\/h2><figcaption class=\"uagb-image-caption\">TKM<\/figcaption><\/div><\/figure><\/div>\n<\/div>\n\n\n\n<div class=\"wp-block-uagb-container uagb-block-86624f7d\">\n<div data-aos= \"zoom-in-up\" data-aos-duration=\"400\" data-aos-delay=\"0\" data-aos-easing=\"ease\" data-aos-once=\"true\" class=\"wp-block-uagb-image aligncenter uagb-block-aafba1e8 wp-block-uagb-image--layout-overlay wp-block-uagb-image--effect-zoomin wp-block-uagb-image--align-center\"><figure class=\"wp-block-uagb-image__figure\"><a class=\"\" href=\"https:\/\/marcon-services.com\/inicio\/es_co\/tkm-cera-print\/\" target=\"\" rel=\"noopener\"><img decoding=\"async\" srcset=\"https:\/\/marcon-services.com\/wp-content\/uploads\/2021\/07\/CeraPrint_rasqueta-300x200.png ,https:\/\/marcon-services.com\/wp-content\/uploads\/2021\/07\/CeraPrint_rasqueta.png 780w, https:\/\/marcon-services.com\/wp-content\/uploads\/2021\/07\/CeraPrint_rasqueta.png 360w\" sizes=\"(max-width: 480px) 150px\" src=\"https:\/\/marcon-services.com\/wp-content\/uploads\/2021\/07\/CeraPrint_rasqueta-300x200.png\" alt=\"CeraPrint Rasquetas\" class=\"uag-image-1283\" width=\"300\" height=\"200\" title=\"CeraPrint_rasqueta\" loading=\"lazy\" role=\"img\"\/><\/a><div class=\"wp-block-uagb-image--layout-overlay__color-wrapper\"><\/div><div class=\"wp-block-uagb-image--layout-overlay__inner center-center\"><a class=\"wp-block-uagb-image--layout-overlay-link\" href=\"https:\/\/marcon-services.com\/inicio\/es_co\/tkm-cera-print\/\" target=\"\" rel=\"noopener\"><\/a><h2 class=\"uagb-image-heading\">Cera Print<\/h2><figcaption class=\"uagb-image-caption\">TKM<\/figcaption><\/div><\/figure><\/div>\n<\/div>\n\n\n\n<div class=\"wp-block-uagb-container uagb-block-5d54e767\">\n<div data-aos= \"zoom-in-up\" data-aos-duration=\"400\" data-aos-delay=\"0\" data-aos-easing=\"ease\" data-aos-once=\"true\" class=\"wp-block-uagb-image aligncenter uagb-block-639ca022 wp-block-uagb-image--layout-overlay wp-block-uagb-image--effect-zoomin wp-block-uagb-image--align-center\"><figure class=\"wp-block-uagb-image__figure\"><a class=\"\" href=\"https:\/\/marcon-services.com\/inicio\/es_co\/tkm-duroblades\/\" target=\"\" rel=\"noopener\"><img decoding=\"async\" srcset=\"https:\/\/marcon-services.com\/wp-content\/uploads\/2021\/07\/DuroBlade_rasquetas-300x200.png ,https:\/\/marcon-services.com\/wp-content\/uploads\/2021\/07\/DuroBlade_rasquetas.png 780w, https:\/\/marcon-services.com\/wp-content\/uploads\/2021\/07\/DuroBlade_rasquetas.png 360w\" sizes=\"(max-width: 480px) 150px\" src=\"https:\/\/marcon-services.com\/wp-content\/uploads\/2021\/07\/DuroBlade_rasquetas-300x200.png\" alt=\"DuroBlade_rasquetas\" class=\"uag-image-1323\" width=\"300\" height=\"200\" title=\"DuroBlade_rasquetas\" loading=\"lazy\" role=\"img\"\/><\/a><div class=\"wp-block-uagb-image--layout-overlay__color-wrapper\"><\/div><div class=\"wp-block-uagb-image--layout-overlay__inner center-center\"><a class=\"wp-block-uagb-image--layout-overlay-link\" href=\"https:\/\/marcon-services.com\/inicio\/es_co\/tkm-duroblades\/\" target=\"\" rel=\"noopener\"><\/a><h2 class=\"uagb-image-heading\">Duro Blade<\/h2><figcaption class=\"uagb-image-caption\">TKM<\/figcaption><\/div><\/figure><\/div>\n<\/div>\n\n\n\n<div class=\"wp-block-uagb-container uagb-block-6f4aaf13\">\n<div data-aos= \"zoom-in-up\" data-aos-duration=\"400\" data-aos-delay=\"0\" data-aos-easing=\"ease\" data-aos-once=\"true\" class=\"wp-block-uagb-image uagb-block-24d2fa27 wp-block-uagb-image--layout-overlay wp-block-uagb-image--effect-zoomin wp-block-uagb-image--align-none\"><figure class=\"wp-block-uagb-image__figure\"><a class=\"\" href=\"https:\/\/marcon-services.com\/inicio\/es_co\/tkm-niro-print\/\" target=\"\" rel=\"noopener\"><img decoding=\"async\" srcset=\"https:\/\/marcon-services.com\/wp-content\/uploads\/2021\/07\/NiroPrint_rasquetas-300x200.png ,https:\/\/marcon-services.com\/wp-content\/uploads\/2021\/07\/NiroPrint_rasquetas.png 780w, https:\/\/marcon-services.com\/wp-content\/uploads\/2021\/07\/NiroPrint_rasquetas.png 360w\" sizes=\"(max-width: 480px) 150px\" src=\"https:\/\/marcon-services.com\/wp-content\/uploads\/2021\/07\/NiroPrint_rasquetas-300x200.png\" alt=\"NiroPrint_rasquetas\" class=\"uag-image-1329\" width=\"300\" height=\"200\" title=\"NiroPrint_rasquetas\" loading=\"lazy\" role=\"img\"\/><\/a><div class=\"wp-block-uagb-image--layout-overlay__color-wrapper\"><\/div><div class=\"wp-block-uagb-image--layout-overlay__inner center-center\"><a class=\"wp-block-uagb-image--layout-overlay-link\" href=\"https:\/\/marcon-services.com\/inicio\/es_co\/tkm-niro-print\/\" target=\"\" rel=\"noopener\"><\/a><h2 class=\"uagb-image-heading\">Niro Print<\/h2><figcaption class=\"uagb-image-caption\">TKM<\/figcaption><\/div><\/figure><\/div>\n<\/div>\n\n\n\n<div class=\"wp-block-uagb-container uagb-block-9ac1b664\">\n<div data-aos= \"zoom-in-up\" data-aos-duration=\"400\" data-aos-delay=\"0\" data-aos-easing=\"ease\" data-aos-once=\"true\" class=\"wp-block-uagb-image uagb-block-87e18f79 wp-block-uagb-image--layout-overlay wp-block-uagb-image--effect-zoomin wp-block-uagb-image--align-none\"><figure class=\"wp-block-uagb-image__figure\"><a class=\"\" href=\"https:\/\/marcon-services.com\/inicio\/es_co\/tkm-niro-print\/\" target=\"\" rel=\"noopener\"><img decoding=\"async\" srcset=\"https:\/\/marcon-services.com\/wp-content\/uploads\/2021\/07\/NiroPrint_rasquetas-300x200.png ,https:\/\/marcon-services.com\/wp-content\/uploads\/2021\/07\/NiroPrint_rasquetas.png 780w, https:\/\/marcon-services.com\/wp-content\/uploads\/2021\/07\/NiroPrint_rasquetas.png 360w\" sizes=\"(max-width: 480px) 150px\" src=\"https:\/\/marcon-services.com\/wp-content\/uploads\/2021\/07\/NiroPrint_rasquetas-300x200.png\" alt=\"NiroPrint_rasquetas\" class=\"uag-image-1329\" width=\"300\" height=\"200\" title=\"NiroPrint_rasquetas\" loading=\"lazy\" role=\"img\"\/><\/a><div class=\"wp-block-uagb-image--layout-overlay__color-wrapper\"><\/div><div class=\"wp-block-uagb-image--layout-overlay__inner center-center\"><a class=\"wp-block-uagb-image--layout-overlay-link\" href=\"https:\/\/marcon-services.com\/inicio\/es_co\/tkm-niro-print\/\" target=\"\" rel=\"noopener\"><\/a><h2 class=\"uagb-image-heading\">Niro Print<\/h2><figcaption class=\"uagb-image-caption\">TKM<\/figcaption><\/div><\/figure><\/div>\n<\/div>\n\n\n\n<div class=\"wp-block-uagb-container uagb-block-8c375def\">\n<div data-aos= \"zoom-in-up\" data-aos-duration=\"400\" data-aos-delay=\"0\" data-aos-easing=\"ease\" data-aos-once=\"true\" class=\"wp-block-uagb-image uagb-block-5251ed6b wp-block-uagb-image--layout-overlay wp-block-uagb-image--effect-zoomin wp-block-uagb-image--align-none\"><figure class=\"wp-block-uagb-image__figure\"><a class=\"\" href=\"https:\/\/marcon-services.com\/inicio\/es_co\/tkm-softflex\/\" target=\"\" rel=\"noopener\"><img decoding=\"async\" srcset=\"https:\/\/marcon-services.com\/wp-content\/uploads\/2024\/11\/softflex.png ,https:\/\/marcon-services.com\/wp-content\/uploads\/2024\/11\/softflex.png 780w, https:\/\/marcon-services.com\/wp-content\/uploads\/2024\/11\/softflex.png 360w\" sizes=\"(max-width: 480px) 150px\" src=\"https:\/\/marcon-services.com\/wp-content\/uploads\/2024\/11\/softflex.png\" alt=\"tkm softflex rasqueta\" class=\"uag-image-2555\" width=\"300\" height=\"228\" title=\"rasqueta tkm softflex\" loading=\"lazy\" role=\"img\"\/><\/a><div class=\"wp-block-uagb-image--layout-overlay__color-wrapper\"><\/div><div class=\"wp-block-uagb-image--layout-overlay__inner center-center\"><a class=\"wp-block-uagb-image--layout-overlay-link\" href=\"https:\/\/marcon-services.com\/inicio\/es_co\/tkm-softflex\/\" target=\"\" rel=\"noopener\"><\/a><h2 class=\"uagb-image-heading\">SoftFlex<\/h2><figcaption class=\"uagb-image-caption\">TKM<\/figcaption><\/div><\/figure><\/div>\n<\/div>\n<\/div><\/div>","protected":false},"excerpt":{"rendered":"<p>RASQUETAS PARA IMPRESI\u00d3N FLEXOGR\u00c1FICA Y ROTOGRABADO Ofrecemos la VENTA de rasquetas\u00a0 tambi\u00e9n conocidas como Dr Blades con calidad Alemana. Contamos con T\u00e9cnicos Especializados que pueden asesorarte para elegir la mas adecuada. TKM Meyer con m\u00e1s de 40 a\u00f1os de experiencia en fabricar rasquetas es el l\u00edder en el mercado en EUROPA. Su excelente calidad de [&hellip;]<\/p>","protected":false},"author":2,"featured_media":0,"parent":0,"menu_order":0,"comment_status":"closed","ping_status":"closed","template":"","meta":{"_uag_custom_page_level_css":"","site-sidebar-layout":"no-sidebar","site-content-layout":"plain-container","ast-site-content-layout":"normal-width-container","site-content-style":"unboxed","site-sidebar-style":"unboxed","ast-global-header-display":"","ast-banner-title-visibility":"","ast-main-header-display":"","ast-hfb-above-header-display":"","ast-hfb-below-header-display":"","ast-hfb-mobile-header-display":"","site-post-title":"disabled","ast-breadcrumbs-content":"","ast-featured-img":"disabled","footer-sml-layout":"","theme-transparent-header-meta":"default","adv-header-id-meta":"","stick-header-meta":"","header-above-stick-meta":"","header-main-stick-meta":"","header-below-stick-meta":"","astra-migrate-meta-layouts":"set","ast-page-background-enabled":"default","ast-page-background-meta":{"desktop":{"background-color":"var(--ast-global-color-4)","background-image":"","background-repeat":"repeat","background-position":"center center","background-size":"auto","background-attachment":"scroll","background-type":"","background-media":"","overlay-type":"","overlay-color":"","overlay-opacity":"","overlay-gradient":""},"tablet":{"background-color":"","background-image":"","background-repeat":"repeat","background-position":"center center","background-size":"auto","background-attachment":"scroll","background-type":"","background-media":"","overlay-type":"","overlay-color":"","overlay-opacity":"","overlay-gradient":""},"mobile":{"background-color":"","background-image":"","background-repeat":"repeat","background-position":"center center","background-size":"auto","background-attachment":"scroll","background-type":"","background-media":"","overlay-type":"","overlay-color":"","overlay-opacity":"","overlay-gradient":""}},"ast-content-background-meta":{"desktop":{"background-color":"var(--ast-global-color-5)","background-image":"","background-repeat":"repeat","background-position":"center center","background-size":"auto","background-attachment":"scroll","background-type":"","background-media":"","overlay-type":"","overlay-color":"","overlay-opacity":"","overlay-gradient":""},"tablet":{"background-color":"var(--ast-global-color-5)","background-image":"","background-repeat":"repeat","background-position":"center center","background-size":"auto","background-attachment":"scroll","background-type":"","background-media":"","overlay-type":"","overlay-color":"","overlay-opacity":"","overlay-gradient":""},"mobile":{"background-color":"var(--ast-global-color-5)","background-image":"","background-repeat":"repeat","background-position":"center center","background-size":"auto","background-attachment":"scroll","background-type":"","background-media":"","overlay-type":"","overlay-color":"","overlay-opacity":"","overlay-gradient":""}},"footnotes":""},"yoast_head":"<!-- This site is optimized with the Yoast SEO plugin v23.8 - https:\/\/yoast.com\/wordpress\/plugins\/seo\/ -->\n<title>RASQUETAS - Marcon Soluciones Para Impresores<\/title>\n<meta name=\"robots\" content=\"index, follow, max-snippet:-1, max-image-preview:large, max-video-preview:-1\" \/>\n<link rel=\"canonical\" href=\"https:\/\/marcon-services.com\/inicio\/es_co\/rasquetas-tkm-meyer-3\/\" \/>\n<meta property=\"og:locale\" content=\"es_ES\" \/>\n<meta property=\"og:type\" content=\"article\" \/>\n<meta property=\"og:title\" content=\"RASQUETAS - Marcon Soluciones Para Impresores\" \/>\n<meta property=\"og:description\" content=\"RASQUETAS PARA IMPRESI\u00d3N FLEXOGR\u00c1FICA Y ROTOGRABADO Ofrecemos la VENTA de rasquetas\u00a0 tambi\u00e9n conocidas como Dr Blades con calidad Alemana. Contamos con T\u00e9cnicos Especializados que pueden asesorarte para elegir la mas adecuada. TKM Meyer con m\u00e1s de 40 a\u00f1os de experiencia en fabricar rasquetas es el l\u00edder en el mercado en EUROPA. Su excelente calidad de [&hellip;]\" \/>\n<meta property=\"og:url\" content=\"https:\/\/marcon-services.com\/inicio\/es_co\/rasquetas-tkm-meyer-3\/\" \/>\n<meta property=\"og:site_name\" content=\"Marcon Soluciones Para Impresores\" \/>\n<meta property=\"article:modified_time\" content=\"2024-11-11T16:42:51+00:00\" \/>\n<meta property=\"og:image\" content=\"https:\/\/marcon-services.com\/wp-content\/uploads\/2021\/07\/rasquetastkm.png\" \/>\n\t<meta property=\"og:image:width\" content=\"800\" \/>\n\t<meta property=\"og:image:height\" content=\"582\" \/>\n\t<meta property=\"og:image:type\" content=\"image\/png\" \/>\n<meta name=\"twitter:card\" content=\"summary_large_image\" \/>\n<meta name=\"twitter:label1\" content=\"Tiempo de lectura\" \/>\n\t<meta name=\"twitter:data1\" content=\"1 minuto\" \/>\n<script type=\"application\/ld+json\" class=\"yoast-schema-graph\">{\"@context\":\"https:\/\/schema.org\",\"@graph\":[{\"@type\":\"WebPage\",\"@id\":\"https:\/\/marcon-services.com\/inicio\/rasquetas-tkm-meyer-3\/\",\"url\":\"https:\/\/marcon-services.com\/inicio\/rasquetas-tkm-meyer-3\/\",\"name\":\"RASQUETAS - Marcon Soluciones Para Impresores\",\"isPartOf\":{\"@id\":\"https:\/\/marcon-services.com\/inicio\/#website\"},\"primaryImageOfPage\":{\"@id\":\"https:\/\/marcon-services.com\/inicio\/rasquetas-tkm-meyer-3\/#primaryimage\"},\"image\":{\"@id\":\"https:\/\/marcon-services.com\/inicio\/rasquetas-tkm-meyer-3\/#primaryimage\"},\"thumbnailUrl\":\"https:\/\/marcon-services.com\/wp-content\/uploads\/2021\/07\/rasquetastkm.png\",\"datePublished\":\"2018-05-22T03:16:41+00:00\",\"dateModified\":\"2024-11-11T16:42:51+00:00\",\"breadcrumb\":{\"@id\":\"https:\/\/marcon-services.com\/inicio\/rasquetas-tkm-meyer-3\/#breadcrumb\"},\"inLanguage\":\"es-CO\",\"potentialAction\":[{\"@type\":\"ReadAction\",\"target\":[\"https:\/\/marcon-services.com\/inicio\/rasquetas-tkm-meyer-3\/\"]}]},{\"@type\":\"ImageObject\",\"inLanguage\":\"es-CO\",\"@id\":\"https:\/\/marcon-services.com\/inicio\/rasquetas-tkm-meyer-3\/#primaryimage\",\"url\":\"https:\/\/marcon-services.com\/wp-content\/uploads\/2021\/07\/rasquetastkm.png\",\"contentUrl\":\"https:\/\/marcon-services.com\/wp-content\/uploads\/2021\/07\/rasquetastkm.png\"},{\"@type\":\"BreadcrumbList\",\"@id\":\"https:\/\/marcon-services.com\/inicio\/rasquetas-tkm-meyer-3\/#breadcrumb\",\"itemListElement\":[{\"@type\":\"ListItem\",\"position\":1,\"name\":\"Inicio\",\"item\":\"https:\/\/marcon-services.com\/inicio\/\"},{\"@type\":\"ListItem\",\"position\":2,\"name\":\"RASQUETAS\"}]},{\"@type\":\"WebSite\",\"@id\":\"https:\/\/marcon-services.com\/inicio\/#website\",\"url\":\"https:\/\/marcon-services.com\/inicio\/\",\"name\":\"Marcon Soluciones Para Impresores\",\"description\":\"Somos una empresa din\u00e1mica fundada en el 2006 enfocada a la industria gr\u00e1fica, pl\u00e1stica, rotograbado, textil y de empaque.  En MARCON representamos y distribuimos oficialmente en M\u00e9xico y Latinoam\u00e9rica marcas l\u00edderes en el mercado de impresi\u00f3n y pl\u00e1stico.\",\"publisher\":{\"@id\":\"https:\/\/marcon-services.com\/inicio\/#organization\"},\"potentialAction\":[{\"@type\":\"SearchAction\",\"target\":{\"@type\":\"EntryPoint\",\"urlTemplate\":\"https:\/\/marcon-services.com\/inicio\/?s={search_term_string}\"},\"query-input\":{\"@type\":\"PropertyValueSpecification\",\"valueRequired\":true,\"valueName\":\"search_term_string\"}}],\"inLanguage\":\"es-CO\"},{\"@type\":\"Organization\",\"@id\":\"https:\/\/marcon-services.com\/inicio\/#organization\",\"name\":\"Marcon Soluciones Para Impresores\",\"url\":\"https:\/\/marcon-services.com\/inicio\/\",\"logo\":{\"@type\":\"ImageObject\",\"inLanguage\":\"es-CO\",\"@id\":\"https:\/\/marcon-services.com\/inicio\/#\/schema\/logo\/image\/\",\"url\":\"https:\/\/marcon-services.com\/wp-content\/uploads\/2021\/10\/LOGO-marcon-soluciones-sin-fondo-1.png\",\"contentUrl\":\"https:\/\/marcon-services.com\/wp-content\/uploads\/2021\/10\/LOGO-marcon-soluciones-sin-fondo-1.png\",\"width\":2872,\"height\":805,\"caption\":\"Marcon Soluciones Para Impresores\"},\"image\":{\"@id\":\"https:\/\/marcon-services.com\/inicio\/#\/schema\/logo\/image\/\"}}]}<\/script>\n<!-- \/ Yoast SEO plugin. -->","yoast_head_json":{"title":"RASQUETAS - Marcon Soluciones Para Impresores","robots":{"index":"index","follow":"follow","max-snippet":"max-snippet:-1","max-image-preview":"max-image-preview:large","max-video-preview":"max-video-preview:-1"},"canonical":"https:\/\/marcon-services.com\/inicio\/es_co\/rasquetas-tkm-meyer-3\/","og_locale":"es_ES","og_type":"article","og_title":"RASQUETAS - Marcon Soluciones Para Impresores","og_description":"RASQUETAS PARA IMPRESI\u00d3N FLEXOGR\u00c1FICA Y ROTOGRABADO Ofrecemos la VENTA de rasquetas\u00a0 tambi\u00e9n conocidas como Dr Blades con calidad Alemana. Contamos con T\u00e9cnicos Especializados que pueden asesorarte para elegir la mas adecuada. TKM Meyer con m\u00e1s de 40 a\u00f1os de experiencia en fabricar rasquetas es el l\u00edder en el mercado en EUROPA. Su excelente calidad de [&hellip;]","og_url":"https:\/\/marcon-services.com\/inicio\/es_co\/rasquetas-tkm-meyer-3\/","og_site_name":"Marcon Soluciones Para Impresores","article_modified_time":"2024-11-11T16:42:51+00:00","og_image":[{"width":800,"height":582,"url":"https:\/\/marcon-services.com\/wp-content\/uploads\/2021\/07\/rasquetastkm.png","type":"image\/png"}],"twitter_card":"summary_large_image","twitter_misc":{"Tiempo de lectura":"1 minuto"},"schema":{"@context":"https:\/\/schema.org","@graph":[{"@type":"WebPage","@id":"https:\/\/marcon-services.com\/inicio\/rasquetas-tkm-meyer-3\/","url":"https:\/\/marcon-services.com\/inicio\/rasquetas-tkm-meyer-3\/","name":"RASQUETAS - Marcon Soluciones Para Impresores","isPartOf":{"@id":"https:\/\/marcon-services.com\/inicio\/#website"},"primaryImageOfPage":{"@id":"https:\/\/marcon-services.com\/inicio\/rasquetas-tkm-meyer-3\/#primaryimage"},"image":{"@id":"https:\/\/marcon-services.com\/inicio\/rasquetas-tkm-meyer-3\/#primaryimage"},"thumbnailUrl":"https:\/\/marcon-services.com\/wp-content\/uploads\/2021\/07\/rasquetastkm.png","datePublished":"2018-05-22T03:16:41+00:00","dateModified":"2024-11-11T16:42:51+00:00","breadcrumb":{"@id":"https:\/\/marcon-services.com\/inicio\/rasquetas-tkm-meyer-3\/#breadcrumb"},"inLanguage":"es-CO","potentialAction":[{"@type":"ReadAction","target":["https:\/\/marcon-services.com\/inicio\/rasquetas-tkm-meyer-3\/"]}]},{"@type":"ImageObject","inLanguage":"es-CO","@id":"https:\/\/marcon-services.com\/inicio\/rasquetas-tkm-meyer-3\/#primaryimage","url":"https:\/\/marcon-services.com\/wp-content\/uploads\/2021\/07\/rasquetastkm.png","contentUrl":"https:\/\/marcon-services.com\/wp-content\/uploads\/2021\/07\/rasquetastkm.png"},{"@type":"BreadcrumbList","@id":"https:\/\/marcon-services.com\/inicio\/rasquetas-tkm-meyer-3\/#breadcrumb","itemListElement":[{"@type":"ListItem","position":1,"name":"Inicio","item":"https:\/\/marcon-services.com\/inicio\/"},{"@type":"ListItem","position":2,"name":"RASQUETAS"}]},{"@type":"WebSite","@id":"https:\/\/marcon-services.com\/inicio\/#website","url":"https:\/\/marcon-services.com\/inicio\/","name":"Marcon Soluciones Para Impresores","description":"Somos una empresa din\u00e1mica fundada en el 2006 enfocada a la industria gr\u00e1fica, pl\u00e1stica, rotograbado, textil y de empaque.  En MARCON representamos y distribuimos oficialmente en M\u00e9xico y Latinoam\u00e9rica marcas l\u00edderes en el mercado de impresi\u00f3n y pl\u00e1stico.","publisher":{"@id":"https:\/\/marcon-services.com\/inicio\/#organization"},"potentialAction":[{"@type":"SearchAction","target":{"@type":"EntryPoint","urlTemplate":"https:\/\/marcon-services.com\/inicio\/?s={search_term_string}"},"query-input":{"@type":"PropertyValueSpecification","valueRequired":true,"valueName":"search_term_string"}}],"inLanguage":"es-CO"},{"@type":"Organization","@id":"https:\/\/marcon-services.com\/inicio\/#organization","name":"Marcon Soluciones Para Impresores","url":"https:\/\/marcon-services.com\/inicio\/","logo":{"@type":"ImageObject","inLanguage":"es-CO","@id":"https:\/\/marcon-services.com\/inicio\/#\/schema\/logo\/image\/","url":"https:\/\/marcon-services.com\/wp-content\/uploads\/2021\/10\/LOGO-marcon-soluciones-sin-fondo-1.png","contentUrl":"https:\/\/marcon-services.com\/wp-content\/uploads\/2021\/10\/LOGO-marcon-soluciones-sin-fondo-1.png","width":2872,"height":805,"caption":"Marcon Soluciones Para Impresores"},"image":{"@id":"https:\/\/marcon-services.com\/inicio\/#\/schema\/logo\/image\/"}}]}},"uagb_featured_image_src":{"full":false,"thumbnail":false,"medium":false,"medium_large":false,"large":false,"1536x1536":false,"2048x2048":false,"trp-custom-language-flag":false},"uagb_author_info":{"display_name":"marcons-web","author_link":"https:\/\/marcon-services.com\/inicio\/es_co\/author\/osvaldo\/"},"uagb_comment_info":0,"uagb_excerpt":"RASQUETAS PARA IMPRESI\u00d3N FLEXOGR\u00c1FICA Y ROTOGRABADO Ofrecemos la VENTA de rasquetas\u00a0 tambi\u00e9n conocidas como Dr Blades con calidad Alemana. Contamos con T\u00e9cnicos Especializados que pueden asesorarte para elegir la mas adecuada. TKM Meyer con m\u00e1s de 40 a\u00f1os de experiencia en fabricar rasquetas es el l\u00edder en el mercado en EUROPA. Su excelente calidad de&hellip;","_links":{"self":[{"href":"https:\/\/marcon-services.com\/inicio\/es_co\/wp-json\/wp\/v2\/pages\/412"}],"collection":[{"href":"https:\/\/marcon-services.com\/inicio\/es_co\/wp-json\/wp\/v2\/pages"}],"about":[{"href":"https:\/\/marcon-services.com\/inicio\/es_co\/wp-json\/wp\/v2\/types\/page"}],"author":[{"embeddable":true,"href":"https:\/\/marcon-services.com\/inicio\/es_co\/wp-json\/wp\/v2\/users\/2"}],"replies":[{"embeddable":true,"href":"https:\/\/marcon-services.com\/inicio\/es_co\/wp-json\/wp\/v2\/comments?post=412"}],"version-history":[{"count":89,"href":"https:\/\/marcon-services.com\/inicio\/es_co\/wp-json\/wp\/v2\/pages\/412\/revisions"}],"predecessor-version":[{"id":2562,"href":"https:\/\/marcon-services.com\/inicio\/es_co\/wp-json\/wp\/v2\/pages\/412\/revisions\/2562"}],"wp:attachment":[{"href":"https:\/\/marcon-services.com\/inicio\/es_co\/wp-json\/wp\/v2\/media?parent=412"}],"curies":[{"name":"wp","href":"https:\/\/api.w.org\/{rel}","templated":true}]}}