{"id":1077,"date":"2021-06-04T11:33:06","date_gmt":"2021-06-04T17:33:06","guid":{"rendered":"https:\/\/marcon-services.com\/inicio\/?page_id=1077"},"modified":"2024-06-11T20:11:24","modified_gmt":"2024-06-12T02:11:24","slug":"productos-para-la-industria-de-procesamiento-de-papel","status":"publish","type":"page","link":"https:\/\/marcon-services.com\/inicio\/productos-para-la-industria-de-procesamiento-de-papel\/","title":{"rendered":"Productos para la industria de procesamiento de papel"},"content":{"rendered":"\n<div data-aos= \"zoom-in\" data-aos-duration=\"400\" data-aos-delay=\"0\" data-aos-easing=\"ease\" data-aos-once=\"true\" class=\"wp-block-uagb-container uagb-block-a7f0b5cc alignfull uagb-is-root-container\"><div class=\"uagb-container-inner-blocks-wrap\">\n<div class=\"wp-block-uagb-container uagb-block-ec811e18\">\n<div class=\"wp-block-uagb-image aligncenter uagb-block-debb554b wp-block-uagb-image--layout-overlay wp-block-uagb-image--effect-grayscale wp-block-uagb-image--align-center\"><figure class=\"wp-block-uagb-image__figure\"><a class=\"\" href=\"https:\/\/marcon-services.com\/inicio\/top-slitter-knives\/\" target=\"\" rel=\"noopener\"><img decoding=\"async\" srcset=\"https:\/\/marcon-services.com\/wp-content\/uploads\/2021\/06\/Kreisobermesser_Gruppe.png ,https:\/\/marcon-services.com\/wp-content\/uploads\/2021\/06\/Kreisobermesser_Gruppe.png 780w, https:\/\/marcon-services.com\/wp-content\/uploads\/2021\/06\/Kreisobermesser_Gruppe.png 360w\" sizes=\"(max-width: 480px) 150px\" src=\"https:\/\/marcon-services.com\/wp-content\/uploads\/2021\/06\/Kreisobermesser_Gruppe.png\" alt=\"cuchillas corte superior\" class=\"uag-image-1091\" width=\"600\" height=\"546\" title=\"Kreisobermesser_Gruppe\" loading=\"lazy\" role=\"img\"\/><\/a><div class=\"wp-block-uagb-image--layout-overlay__color-wrapper\"><\/div><div class=\"wp-block-uagb-image--layout-overlay__inner center-center\"><a class=\"wp-block-uagb-image--layout-overlay-link \" href=\"https:\/\/marcon-services.com\/inicio\/top-slitter-knives\/\" target=\"\" rel=\"noopener\"><\/a><h2 class=\"uagb-image-heading\">Cuchillas corte superior<\/h2><figcaption class=\"uagb-image-caption\"> <\/figcaption><\/div><\/figure><\/div>\n<\/div>\n\n\n\n<div class=\"wp-block-uagb-container uagb-block-d1579f7e\">\n<div class=\"wp-block-uagb-image aligncenter uagb-block-3f6e0fb5 wp-block-uagb-image--layout-overlay wp-block-uagb-image--effect-grayscale wp-block-uagb-image--align-center\"><figure class=\"wp-block-uagb-image__figure\"><a class=\"\" href=\"https:\/\/marcon-services.com\/inicio\/bottom-sliter-knives\/\" target=\"\" rel=\"noopener\"><img decoding=\"async\" srcset=\"https:\/\/marcon-services.com\/wp-content\/uploads\/2021\/06\/Kreismesser_unten_3er_Gruppe.png ,https:\/\/marcon-services.com\/wp-content\/uploads\/2021\/06\/Kreismesser_unten_3er_Gruppe.png 780w, https:\/\/marcon-services.com\/wp-content\/uploads\/2021\/06\/Kreismesser_unten_3er_Gruppe.png 360w\" sizes=\"(max-width: 480px) 150px\" src=\"https:\/\/marcon-services.com\/wp-content\/uploads\/2021\/06\/Kreismesser_unten_3er_Gruppe.png\" alt=\"Cuchillas corte inferior\" class=\"uag-image-1108\" width=\"800\" height=\"892\" title=\"Kreismesser_unten_3er_Gruppe\" loading=\"lazy\" role=\"img\"\/><\/a><div class=\"wp-block-uagb-image--layout-overlay__color-wrapper\"><\/div><div class=\"wp-block-uagb-image--layout-overlay__inner center-center\"><a class=\"wp-block-uagb-image--layout-overlay-link \" href=\"https:\/\/marcon-services.com\/inicio\/bottom-sliter-knives\/\" target=\"\" rel=\"noopener\"><\/a><h2 class=\"uagb-image-heading\">Cuchillas corte inferior<\/h2><\/div><\/figure><\/div>\n<\/div>\n\n\n\n<div class=\"wp-block-uagb-container uagb-block-6e98ec3d\">\n<div class=\"wp-block-uagb-image aligncenter uagb-block-6bc21dc7 wp-block-uagb-image--layout-overlay wp-block-uagb-image--effect-grayscale wp-block-uagb-image--align-center\"><figure class=\"wp-block-uagb-image__figure\"><a class=\"\" href=\"https:\/\/marcon-services.com\/inicio\/multi-groove-knife-blocks\/\" target=\"\" rel=\"noopener\"><img decoding=\"async\" srcset=\"https:\/\/marcon-services.com\/wp-content\/uploads\/2021\/06\/Messerbuchsen.png ,https:\/\/marcon-services.com\/wp-content\/uploads\/2021\/06\/Messerbuchsen.png 780w, https:\/\/marcon-services.com\/wp-content\/uploads\/2021\/06\/Messerbuchsen.png 360w\" sizes=\"(max-width: 480px) 150px\" src=\"https:\/\/marcon-services.com\/wp-content\/uploads\/2021\/06\/Messerbuchsen.png\" alt=\"Bloques de cuchillas de ranuras m\u00faltiples\" class=\"uag-image-1109\" width=\"800\" height=\"666\" title=\"Messerb\u00fcchsen\" loading=\"lazy\" role=\"img\"\/><\/a><div class=\"wp-block-uagb-image--layout-overlay__color-wrapper\"><\/div><div class=\"wp-block-uagb-image--layout-overlay__inner center-center\"><a class=\"wp-block-uagb-image--layout-overlay-link \" href=\"https:\/\/marcon-services.com\/inicio\/multi-groove-knife-blocks\/\" target=\"\" rel=\"noopener\"><\/a><h2 class=\"uagb-image-heading\">Bloques de cuchillas de ranuras m\u00faltiples<\/h2><figcaption class=\"uagb-image-caption\"> <\/figcaption><\/div><\/figure><\/div>\n<\/div>\n\n\n\n<div class=\"wp-block-uagb-container uagb-block-23bf4a13\">\n<div class=\"wp-block-uagb-image aligncenter uagb-block-98ba0499 wp-block-uagb-image--layout-overlay wp-block-uagb-image--effect-grayscale wp-block-uagb-image--align-center\"><figure class=\"wp-block-uagb-image__figure\"><a class=\"\" href=\"https:\/\/marcon-services.com\/inicio\/cuchillas-de-plato-circular-y-bandas-inferiore\/\" target=\"\" rel=\"noopener\"><img decoding=\"async\" srcset=\"https:\/\/marcon-services.com\/wp-content\/uploads\/2021\/06\/cuchillascirculares.png ,https:\/\/marcon-services.com\/wp-content\/uploads\/2021\/06\/cuchillascirculares.png 780w, https:\/\/marcon-services.com\/wp-content\/uploads\/2021\/06\/cuchillascirculares.png 360w\" sizes=\"(max-width: 480px) 150px\" src=\"https:\/\/marcon-services.com\/wp-content\/uploads\/2021\/06\/cuchillascirculares.png\" alt=\"cuchillas plato circular y banda inferior\" class=\"uag-image-1161\" width=\"300\" height=\"140\" title=\"cuchillas de plato circulares\" loading=\"lazy\" role=\"img\"\/><\/a><div class=\"wp-block-uagb-image--layout-overlay__color-wrapper\"><\/div><div class=\"wp-block-uagb-image--layout-overlay__inner center-center\"><a class=\"wp-block-uagb-image--layout-overlay-link \" href=\"https:\/\/marcon-services.com\/inicio\/cuchillas-de-plato-circular-y-bandas-inferiore\/\" target=\"\" rel=\"noopener\"><\/a><h2 class=\"uagb-image-heading\">Cuchillas plato circular y banda inferior<\/h2><figcaption class=\"uagb-image-caption\"> <\/figcaption><\/div><\/figure><\/div>\n<\/div>\n\n\n\n<div class=\"wp-block-uagb-container uagb-block-a836f14c\">\n<div class=\"wp-block-uagb-image aligncenter uagb-block-c7dbac6f wp-block-uagb-image--layout-overlay wp-block-uagb-image--effect-grayscale wp-block-uagb-image--align-center\"><figure class=\"wp-block-uagb-image__figure\"><a class=\"\" href=\"https:\/\/marcon-services.com\/inicio\/cuchillas-laminadora-y-transversales\/\" target=\"\" rel=\"noopener\"><img decoding=\"async\" srcset=\"https:\/\/marcon-services.com\/wp-content\/uploads\/2021\/06\/cuchillaslaminadorastransversales.png ,https:\/\/marcon-services.com\/wp-content\/uploads\/2021\/06\/cuchillaslaminadorastransversales.png 780w, https:\/\/marcon-services.com\/wp-content\/uploads\/2021\/06\/cuchillaslaminadorastransversales.png 360w\" sizes=\"(max-width: 480px) 150px\" src=\"https:\/\/marcon-services.com\/wp-content\/uploads\/2021\/06\/cuchillaslaminadorastransversales.png\" alt=\"cuchillas laminadoras y transversales\" class=\"uag-image-1171\" width=\"800\" height=\"475\" title=\"cuchillaslaminadorastransversales\" loading=\"lazy\" role=\"img\"\/><\/a><div class=\"wp-block-uagb-image--layout-overlay__color-wrapper\"><\/div><div class=\"wp-block-uagb-image--layout-overlay__inner center-center\"><a class=\"wp-block-uagb-image--layout-overlay-link \" href=\"https:\/\/marcon-services.com\/inicio\/cuchillas-laminadora-y-transversales\/\" target=\"\" rel=\"noopener\"><\/a><h2 class=\"uagb-image-heading\">Cuchillas laminadoras y transversales<\/h2><figcaption class=\"uagb-image-caption\"> <\/figcaption><\/div><\/figure><\/div>\n<\/div>\n<\/div><\/div>\n","protected":false},"excerpt":{"rendered":"","protected":false},"author":2,"featured_media":1065,"parent":0,"menu_order":0,"comment_status":"closed","ping_status":"closed","template":"","meta":{"_uag_custom_page_level_css":"","site-sidebar-layout":"no-sidebar","site-content-layout":"plain-container","ast-site-content-layout":"normal-width-container","site-content-style":"unboxed","site-sidebar-style":"unboxed","ast-global-header-display":"","ast-banner-title-visibility":"","ast-main-header-display":"","ast-hfb-above-header-display":"","ast-hfb-below-header-display":"","ast-hfb-mobile-header-display":"","site-post-title":"disabled","ast-breadcrumbs-content":"","ast-featured-img":"disabled","footer-sml-layout":"","theme-transparent-header-meta":"","adv-header-id-meta":"","stick-header-meta":"","header-above-stick-meta":"","header-main-stick-meta":"","header-below-stick-meta":"","astra-migrate-meta-layouts":"set","ast-page-background-enabled":"default","ast-page-background-meta":{"desktop":{"background-color":"var(--ast-global-color-4)","background-image":"","background-repeat":"repeat","background-position":"center center","background-size":"auto","background-attachment":"scroll","background-type":"","background-media":"","overlay-type":"","overlay-color":"","overlay-opacity":"","overlay-gradient":""},"tablet":{"background-color":"","background-image":"","background-repeat":"repeat","background-position":"center center","background-size":"auto","background-attachment":"scroll","background-type":"","background-media":"","overlay-type":"","overlay-color":"","overlay-opacity":"","overlay-gradient":""},"mobile":{"background-color":"","background-image":"","background-repeat":"repeat","background-position":"center center","background-size":"auto","background-attachment":"scroll","background-type":"","background-media":"","overlay-type":"","overlay-color":"","overlay-opacity":"","overlay-gradient":""}},"ast-content-background-meta":{"desktop":{"background-color":"var(--ast-global-color-5)","background-image":"","background-repeat":"repeat","background-position":"center center","background-size":"auto","background-attachment":"scroll","background-type":"","background-media":"","overlay-type":"","overlay-color":"","overlay-opacity":"","overlay-gradient":""},"tablet":{"background-color":"var(--ast-global-color-5)","background-image":"","background-repeat":"repeat","background-position":"center center","background-size":"auto","background-attachment":"scroll","background-type":"","background-media":"","overlay-type":"","overlay-color":"","overlay-opacity":"","overlay-gradient":""},"mobile":{"background-color":"var(--ast-global-color-5)","background-image":"","background-repeat":"repeat","background-position":"center center","background-size":"auto","background-attachment":"scroll","background-type":"","background-media":"","overlay-type":"","overlay-color":"","overlay-opacity":"","overlay-gradient":""}},"footnotes":""},"yoast_head":"<!-- This site is optimized with the Yoast SEO plugin v23.8 - https:\/\/yoast.com\/wordpress\/plugins\/seo\/ -->\n<title>Productos para la industria de procesamiento de papel - Marcon Soluciones Para Impresores<\/title>\n<meta name=\"robots\" content=\"index, follow, max-snippet:-1, max-image-preview:large, max-video-preview:-1\" \/>\n<link rel=\"canonical\" href=\"https:\/\/marcon-services.com\/inicio\/productos-para-la-industria-de-procesamiento-de-papel\/\" \/>\n<meta property=\"og:locale\" content=\"es_MX\" \/>\n<meta property=\"og:type\" content=\"article\" \/>\n<meta property=\"og:title\" content=\"Productos para la industria de procesamiento de papel - Marcon Soluciones Para Impresores\" \/>\n<meta property=\"og:url\" content=\"https:\/\/marcon-services.com\/inicio\/productos-para-la-industria-de-procesamiento-de-papel\/\" \/>\n<meta property=\"og:site_name\" content=\"Marcon Soluciones Para Impresores\" \/>\n<meta property=\"article:modified_time\" content=\"2024-06-12T02:11:24+00:00\" \/>\n<meta property=\"og:image\" content=\"https:\/\/marcon-services.com\/wp-content\/uploads\/2021\/06\/Paper.jpg\" \/>\n\t<meta property=\"og:image:width\" content=\"220\" \/>\n\t<meta property=\"og:image:height\" content=\"144\" \/>\n\t<meta property=\"og:image:type\" content=\"image\/jpeg\" \/>\n<meta name=\"twitter:card\" content=\"summary_large_image\" \/>\n<script type=\"application\/ld+json\" class=\"yoast-schema-graph\">{\"@context\":\"https:\/\/schema.org\",\"@graph\":[{\"@type\":\"WebPage\",\"@id\":\"https:\/\/marcon-services.com\/inicio\/productos-para-la-industria-de-procesamiento-de-papel\/\",\"url\":\"https:\/\/marcon-services.com\/inicio\/productos-para-la-industria-de-procesamiento-de-papel\/\",\"name\":\"Productos para la industria de procesamiento de papel - Marcon Soluciones Para Impresores\",\"isPartOf\":{\"@id\":\"https:\/\/marcon-services.com\/inicio\/#website\"},\"primaryImageOfPage\":{\"@id\":\"https:\/\/marcon-services.com\/inicio\/productos-para-la-industria-de-procesamiento-de-papel\/#primaryimage\"},\"image\":{\"@id\":\"https:\/\/marcon-services.com\/inicio\/productos-para-la-industria-de-procesamiento-de-papel\/#primaryimage\"},\"thumbnailUrl\":\"https:\/\/marcon-services.com\/wp-content\/uploads\/2021\/06\/Paper.jpg\",\"datePublished\":\"2021-06-04T17:33:06+00:00\",\"dateModified\":\"2024-06-12T02:11:24+00:00\",\"breadcrumb\":{\"@id\":\"https:\/\/marcon-services.com\/inicio\/productos-para-la-industria-de-procesamiento-de-papel\/#breadcrumb\"},\"inLanguage\":\"es\",\"potentialAction\":[{\"@type\":\"ReadAction\",\"target\":[\"https:\/\/marcon-services.com\/inicio\/productos-para-la-industria-de-procesamiento-de-papel\/\"]}]},{\"@type\":\"ImageObject\",\"inLanguage\":\"es\",\"@id\":\"https:\/\/marcon-services.com\/inicio\/productos-para-la-industria-de-procesamiento-de-papel\/#primaryimage\",\"url\":\"https:\/\/marcon-services.com\/wp-content\/uploads\/2021\/06\/Paper.jpg\",\"contentUrl\":\"https:\/\/marcon-services.com\/wp-content\/uploads\/2021\/06\/Paper.jpg\",\"width\":220,\"height\":144,\"caption\":\"procesamiento de paple\"},{\"@type\":\"BreadcrumbList\",\"@id\":\"https:\/\/marcon-services.com\/inicio\/productos-para-la-industria-de-procesamiento-de-papel\/#breadcrumb\",\"itemListElement\":[{\"@type\":\"ListItem\",\"position\":1,\"name\":\"Inicio\",\"item\":\"https:\/\/marcon-services.com\/inicio\/\"},{\"@type\":\"ListItem\",\"position\":2,\"name\":\"Productos para la industria de procesamiento de papel\"}]},{\"@type\":\"WebSite\",\"@id\":\"https:\/\/marcon-services.com\/inicio\/#website\",\"url\":\"https:\/\/marcon-services.com\/inicio\/\",\"name\":\"Marcon Soluciones Para Impresores\",\"description\":\"Somos una empresa din\u00e1mica fundada en el 2006 enfocada a la industria gr\u00e1fica, pl\u00e1stica, rotograbado, textil y de empaque.  En MARCON representamos y distribuimos oficialmente en M\u00e9xico y Latinoam\u00e9rica marcas l\u00edderes en el mercado de impresi\u00f3n y pl\u00e1stico.\",\"publisher\":{\"@id\":\"https:\/\/marcon-services.com\/inicio\/#organization\"},\"potentialAction\":[{\"@type\":\"SearchAction\",\"target\":{\"@type\":\"EntryPoint\",\"urlTemplate\":\"https:\/\/marcon-services.com\/inicio\/?s={search_term_string}\"},\"query-input\":{\"@type\":\"PropertyValueSpecification\",\"valueRequired\":true,\"valueName\":\"search_term_string\"}}],\"inLanguage\":\"es\"},{\"@type\":\"Organization\",\"@id\":\"https:\/\/marcon-services.com\/inicio\/#organization\",\"name\":\"Marcon Soluciones Para Impresores\",\"url\":\"https:\/\/marcon-services.com\/inicio\/\",\"logo\":{\"@type\":\"ImageObject\",\"inLanguage\":\"es\",\"@id\":\"https:\/\/marcon-services.com\/inicio\/#\/schema\/logo\/image\/\",\"url\":\"https:\/\/marcon-services.com\/wp-content\/uploads\/2021\/10\/LOGO-marcon-soluciones-sin-fondo-1.png\",\"contentUrl\":\"https:\/\/marcon-services.com\/wp-content\/uploads\/2021\/10\/LOGO-marcon-soluciones-sin-fondo-1.png\",\"width\":2872,\"height\":805,\"caption\":\"Marcon Soluciones Para Impresores\"},\"image\":{\"@id\":\"https:\/\/marcon-services.com\/inicio\/#\/schema\/logo\/image\/\"}}]}<\/script>\n<!-- \/ Yoast SEO plugin. -->","yoast_head_json":{"title":"Productos para la industria de procesamiento de papel - Marcon Soluciones Para Impresores","robots":{"index":"index","follow":"follow","max-snippet":"max-snippet:-1","max-image-preview":"max-image-preview:large","max-video-preview":"max-video-preview:-1"},"canonical":"https:\/\/marcon-services.com\/inicio\/productos-para-la-industria-de-procesamiento-de-papel\/","og_locale":"es_MX","og_type":"article","og_title":"Productos para la industria de procesamiento de papel - Marcon Soluciones Para Impresores","og_url":"https:\/\/marcon-services.com\/inicio\/productos-para-la-industria-de-procesamiento-de-papel\/","og_site_name":"Marcon Soluciones Para Impresores","article_modified_time":"2024-06-12T02:11:24+00:00","og_image":[{"width":220,"height":144,"url":"https:\/\/marcon-services.com\/wp-content\/uploads\/2021\/06\/Paper.jpg","type":"image\/jpeg"}],"twitter_card":"summary_large_image","schema":{"@context":"https:\/\/schema.org","@graph":[{"@type":"WebPage","@id":"https:\/\/marcon-services.com\/inicio\/productos-para-la-industria-de-procesamiento-de-papel\/","url":"https:\/\/marcon-services.com\/inicio\/productos-para-la-industria-de-procesamiento-de-papel\/","name":"Productos para la industria de procesamiento de papel - Marcon Soluciones Para Impresores","isPartOf":{"@id":"https:\/\/marcon-services.com\/inicio\/#website"},"primaryImageOfPage":{"@id":"https:\/\/marcon-services.com\/inicio\/productos-para-la-industria-de-procesamiento-de-papel\/#primaryimage"},"image":{"@id":"https:\/\/marcon-services.com\/inicio\/productos-para-la-industria-de-procesamiento-de-papel\/#primaryimage"},"thumbnailUrl":"https:\/\/marcon-services.com\/wp-content\/uploads\/2021\/06\/Paper.jpg","datePublished":"2021-06-04T17:33:06+00:00","dateModified":"2024-06-12T02:11:24+00:00","breadcrumb":{"@id":"https:\/\/marcon-services.com\/inicio\/productos-para-la-industria-de-procesamiento-de-papel\/#breadcrumb"},"inLanguage":"es","potentialAction":[{"@type":"ReadAction","target":["https:\/\/marcon-services.com\/inicio\/productos-para-la-industria-de-procesamiento-de-papel\/"]}]},{"@type":"ImageObject","inLanguage":"es","@id":"https:\/\/marcon-services.com\/inicio\/productos-para-la-industria-de-procesamiento-de-papel\/#primaryimage","url":"https:\/\/marcon-services.com\/wp-content\/uploads\/2021\/06\/Paper.jpg","contentUrl":"https:\/\/marcon-services.com\/wp-content\/uploads\/2021\/06\/Paper.jpg","width":220,"height":144,"caption":"procesamiento de paple"},{"@type":"BreadcrumbList","@id":"https:\/\/marcon-services.com\/inicio\/productos-para-la-industria-de-procesamiento-de-papel\/#breadcrumb","itemListElement":[{"@type":"ListItem","position":1,"name":"Inicio","item":"https:\/\/marcon-services.com\/inicio\/"},{"@type":"ListItem","position":2,"name":"Productos para la industria de procesamiento de papel"}]},{"@type":"WebSite","@id":"https:\/\/marcon-services.com\/inicio\/#website","url":"https:\/\/marcon-services.com\/inicio\/","name":"Marcon Soluciones Para Impresores","description":"Somos una empresa din\u00e1mica fundada en el 2006 enfocada a la industria gr\u00e1fica, pl\u00e1stica, rotograbado, textil y de empaque.  En MARCON representamos y distribuimos oficialmente en M\u00e9xico y Latinoam\u00e9rica marcas l\u00edderes en el mercado de impresi\u00f3n y pl\u00e1stico.","publisher":{"@id":"https:\/\/marcon-services.com\/inicio\/#organization"},"potentialAction":[{"@type":"SearchAction","target":{"@type":"EntryPoint","urlTemplate":"https:\/\/marcon-services.com\/inicio\/?s={search_term_string}"},"query-input":{"@type":"PropertyValueSpecification","valueRequired":true,"valueName":"search_term_string"}}],"inLanguage":"es"},{"@type":"Organization","@id":"https:\/\/marcon-services.com\/inicio\/#organization","name":"Marcon Soluciones Para Impresores","url":"https:\/\/marcon-services.com\/inicio\/","logo":{"@type":"ImageObject","inLanguage":"es","@id":"https:\/\/marcon-services.com\/inicio\/#\/schema\/logo\/image\/","url":"https:\/\/marcon-services.com\/wp-content\/uploads\/2021\/10\/LOGO-marcon-soluciones-sin-fondo-1.png","contentUrl":"https:\/\/marcon-services.com\/wp-content\/uploads\/2021\/10\/LOGO-marcon-soluciones-sin-fondo-1.png","width":2872,"height":805,"caption":"Marcon Soluciones Para Impresores"},"image":{"@id":"https:\/\/marcon-services.com\/inicio\/#\/schema\/logo\/image\/"}}]}},"uagb_featured_image_src":{"full":["https:\/\/marcon-services.com\/wp-content\/uploads\/2021\/06\/Paper.jpg",220,144,false],"thumbnail":["https:\/\/marcon-services.com\/wp-content\/uploads\/2021\/06\/Paper-150x144.jpg",150,144,true],"medium":["https:\/\/marcon-services.com\/wp-content\/uploads\/2021\/06\/Paper.jpg",220,144,false],"medium_large":["https:\/\/marcon-services.com\/wp-content\/uploads\/2021\/06\/Paper.jpg",220,144,false],"large":["https:\/\/marcon-services.com\/wp-content\/uploads\/2021\/06\/Paper.jpg",220,144,false],"1536x1536":["https:\/\/marcon-services.com\/wp-content\/uploads\/2021\/06\/Paper.jpg",220,144,false],"2048x2048":["https:\/\/marcon-services.com\/wp-content\/uploads\/2021\/06\/Paper.jpg",220,144,false],"trp-custom-language-flag":["https:\/\/marcon-services.com\/wp-content\/uploads\/2021\/06\/Paper.jpg",18,12,false]},"uagb_author_info":{"display_name":"marcons-web","author_link":"https:\/\/marcon-services.com\/inicio\/author\/osvaldo\/"},"uagb_comment_info":0,"uagb_excerpt":null,"_links":{"self":[{"href":"https:\/\/marcon-services.com\/inicio\/wp-json\/wp\/v2\/pages\/1077"}],"collection":[{"href":"https:\/\/marcon-services.com\/inicio\/wp-json\/wp\/v2\/pages"}],"about":[{"href":"https:\/\/marcon-services.com\/inicio\/wp-json\/wp\/v2\/types\/page"}],"author":[{"embeddable":true,"href":"https:\/\/marcon-services.com\/inicio\/wp-json\/wp\/v2\/users\/2"}],"replies":[{"embeddable":true,"href":"https:\/\/marcon-services.com\/inicio\/wp-json\/wp\/v2\/comments?post=1077"}],"version-history":[{"count":27,"href":"https:\/\/marcon-services.com\/inicio\/wp-json\/wp\/v2\/pages\/1077\/revisions"}],"predecessor-version":[{"id":2428,"href":"https:\/\/marcon-services.com\/inicio\/wp-json\/wp\/v2\/pages\/1077\/revisions\/2428"}],"wp:featuredmedia":[{"embeddable":true,"href":"https:\/\/marcon-services.com\/inicio\/wp-json\/wp\/v2\/media\/1065"}],"wp:attachment":[{"href":"https:\/\/marcon-services.com\/inicio\/wp-json\/wp\/v2\/media?parent=1077"}],"curies":[{"name":"wp","href":"https:\/\/api.w.org\/{rel}","templated":true}]}}