{"id":1084,"date":"2021-06-04T22:15:18","date_gmt":"2021-06-05T04:15:18","guid":{"rendered":"https:\/\/marcon-services.com\/inicio\/?page_id=1084"},"modified":"2024-06-12T17:46:01","modified_gmt":"2024-06-12T23:46:01","slug":"tissue-converting-industry","status":"publish","type":"page","link":"https:\/\/marcon-services.com\/inicio\/tissue-converting-industry\/","title":{"rendered":"Tissue Converting Industry"},"content":{"rendered":"\n<div class=\"wp-block-uagb-container uagb-block-d119fd1d alignfull uagb-is-root-container\"><div class=\"uagb-container-inner-blocks-wrap\">\n<div class=\"wp-block-uagb-container uagb-block-9accd8a3\">\n<div class=\"wp-block-uagb-image aligncenter uagb-block-ad4024aa wp-block-uagb-image--layout-overlay wp-block-uagb-image--effect-zoomin wp-block-uagb-image--align-center\"><figure class=\"wp-block-uagb-image__figure\"><a class=\"\" href=\"https:\/\/marcon-services.com\/inicio\/hojas-de-sierra-para-troncos\/\" target=\"\" rel=\"noopener\"><img decoding=\"async\" srcset=\"https:\/\/marcon-services.com\/wp-content\/uploads\/2021\/06\/cuchillasdesierraparatroncos.png ,https:\/\/marcon-services.com\/wp-content\/uploads\/2021\/06\/cuchillasdesierraparatroncos.png 780w, https:\/\/marcon-services.com\/wp-content\/uploads\/2021\/06\/cuchillasdesierraparatroncos.png 360w\" sizes=\"(max-width: 480px) 150px\" src=\"https:\/\/marcon-services.com\/wp-content\/uploads\/2021\/06\/cuchillasdesierraparatroncos.png\" alt=\"\" class=\"uag-image-1182\" width=\"800\" height=\"314\" title=\"cuchillasdesierraparatroncos\" loading=\"lazy\" role=\"img\"\/><\/a><div class=\"wp-block-uagb-image--layout-overlay__color-wrapper\"><\/div><div class=\"wp-block-uagb-image--layout-overlay__inner center-center\"><a class=\"wp-block-uagb-image--layout-overlay-link \" href=\"https:\/\/marcon-services.com\/inicio\/hojas-de-sierra-para-troncos\/\" target=\"\" rel=\"noopener\"><\/a><h2 class=\"uagb-image-heading\">Hoja de sierra para tronco<\/h2><\/div><\/figure><\/div>\n<\/div>\n\n\n\n<div class=\"wp-block-uagb-container uagb-block-7b884906\">\n<div class=\"wp-block-uagb-image aligncenter uagb-block-19dae3d3 wp-block-uagb-image--layout-overlay wp-block-uagb-image--effect-zoomin wp-block-uagb-image--align-center\"><figure class=\"wp-block-uagb-image__figure\"><a class=\"\" href=\"https:\/\/marcon-services.com\/inicio\/cuchillos-de-perforacion-y-yunque\/\" target=\"\" rel=\"noopener\"><img decoding=\"async\" srcset=\"https:\/\/marcon-services.com\/wp-content\/uploads\/2021\/06\/cuchillasdeperforacionyunque.png ,https:\/\/marcon-services.com\/wp-content\/uploads\/2021\/06\/cuchillasdeperforacionyunque.png 780w, https:\/\/marcon-services.com\/wp-content\/uploads\/2021\/06\/cuchillasdeperforacionyunque.png 360w\" sizes=\"(max-width: 480px) 150px\" src=\"https:\/\/marcon-services.com\/wp-content\/uploads\/2021\/06\/cuchillasdeperforacionyunque.png\" alt=\"Cuchillos de perforaci\u00f3n y yunque\" class=\"uag-image-1192\" width=\"800\" height=\"314\" title=\"cuchillasdeperforacionyunque\" loading=\"lazy\" role=\"img\"\/><\/a><div class=\"wp-block-uagb-image--layout-overlay__color-wrapper\"><\/div><div class=\"wp-block-uagb-image--layout-overlay__inner center-center\"><a class=\"wp-block-uagb-image--layout-overlay-link \" href=\"https:\/\/marcon-services.com\/inicio\/cuchillos-de-perforacion-y-yunque\/\" target=\"\" rel=\"noopener\"><\/a><h2 class=\"uagb-image-heading\">Cuchillos de perforaci\u00f3n y yunque<\/h2><\/div><\/figure><\/div>\n<\/div>\n\n\n\n<div class=\"wp-block-uagb-container uagb-block-59059c74\">\n<div class=\"wp-block-uagb-image aligncenter uagb-block-5a82217d wp-block-uagb-image--layout-overlay wp-block-uagb-image--effect-zoomin wp-block-uagb-image--align-center\"><figure class=\"wp-block-uagb-image__figure\"><a class=\"\" href=\"https:\/\/marcon-services.com\/inicio\/muelas-abrasivas-cbn\/\" target=\"\" rel=\"noopener\"><img decoding=\"async\" srcset=\"https:\/\/marcon-services.com\/wp-content\/uploads\/2021\/06\/muelasabrasivascbn.png ,https:\/\/marcon-services.com\/wp-content\/uploads\/2021\/06\/muelasabrasivascbn.png 780w, https:\/\/marcon-services.com\/wp-content\/uploads\/2021\/06\/muelasabrasivascbn.png 360w\" sizes=\"(max-width: 480px) 150px\" src=\"https:\/\/marcon-services.com\/wp-content\/uploads\/2021\/06\/muelasabrasivascbn.png\" alt=\"muelas abrasivas cbn\" class=\"uag-image-1187\" width=\"800\" height=\"314\" title=\"muelasabrasivascbn\" loading=\"lazy\" role=\"img\"\/><\/a><div class=\"wp-block-uagb-image--layout-overlay__color-wrapper\"><\/div><div class=\"wp-block-uagb-image--layout-overlay__inner center-center\"><a class=\"wp-block-uagb-image--layout-overlay-link \" href=\"https:\/\/marcon-services.com\/inicio\/muelas-abrasivas-cbn\/\" target=\"\" rel=\"noopener\"><\/a><h2 class=\"uagb-image-heading\">Muelas abrasivas CBN<\/h2><\/div><\/figure><\/div>\n<\/div>\n\n\n\n<div class=\"wp-block-uagb-container uagb-block-22690259\">\n<div class=\"wp-block-uagb-image aligncenter uagb-block-73176185 wp-block-uagb-image--layout-overlay wp-block-uagb-image--effect-zoomin wp-block-uagb-image--align-center\"><figure class=\"wp-block-uagb-image__figure\"><a class=\"\" href=\"https:\/\/marcon-services.com\/inicio\/cuchillas-para-panuelos\/\" target=\"\" rel=\"noopener\"><img decoding=\"async\" srcset=\"https:\/\/marcon-services.com\/wp-content\/uploads\/2021\/06\/cuchillasparapanuelos.jpg ,https:\/\/marcon-services.com\/wp-content\/uploads\/2021\/06\/cuchillasparapanuelos.jpg 780w, https:\/\/marcon-services.com\/wp-content\/uploads\/2021\/06\/cuchillasparapanuelos.jpg 360w\" sizes=\"(max-width: 480px) 150px\" src=\"https:\/\/marcon-services.com\/wp-content\/uploads\/2021\/06\/cuchillasparapanuelos.jpg\" alt=\"cuchillas para pa\u00f1uelos\" class=\"uag-image-1198\" width=\"800\" height=\"314\" title=\"cuchillasparapanuelos\" loading=\"lazy\" role=\"img\"\/><\/a><div class=\"wp-block-uagb-image--layout-overlay__color-wrapper\"><\/div><div class=\"wp-block-uagb-image--layout-overlay__inner center-center\"><a class=\"wp-block-uagb-image--layout-overlay-link \" href=\"https:\/\/marcon-services.com\/inicio\/cuchillas-para-panuelos\/\" target=\"\" rel=\"noopener\"><\/a><h2 class=\"uagb-image-heading\">Cuchillos para pa\u00f1uelos<\/h2><\/div><\/figure><\/div>\n<\/div>\n\n\n\n<div class=\"wp-block-uagb-container uagb-block-99504d2e\">\n<div class=\"wp-block-uagb-image aligncenter uagb-block-0089a380 wp-block-uagb-image--layout-overlay wp-block-uagb-image--effect-zoomin wp-block-uagb-image--align-center\"><figure class=\"wp-block-uagb-image__figure\"><a class=\"\" href=\"https:\/\/marcon-services.com\/inicio\/cuchillas-de-embalaje\/\" target=\"\" rel=\"noopener\"><img decoding=\"async\" srcset=\"https:\/\/marcon-services.com\/wp-content\/uploads\/2021\/06\/cuchillasdeembalaje.png ,https:\/\/marcon-services.com\/wp-content\/uploads\/2021\/06\/cuchillasdeembalaje.png 780w, https:\/\/marcon-services.com\/wp-content\/uploads\/2021\/06\/cuchillasdeembalaje.png 360w\" sizes=\"(max-width: 480px) 150px\" src=\"https:\/\/marcon-services.com\/wp-content\/uploads\/2021\/06\/cuchillasdeembalaje.png\" alt=\"cuchillas de embalaje\" class=\"uag-image-1202\" width=\"800\" height=\"314\" title=\"cuchillasdeembalaje\" loading=\"lazy\" role=\"img\"\/><\/a><div class=\"wp-block-uagb-image--layout-overlay__color-wrapper\"><\/div><div class=\"wp-block-uagb-image--layout-overlay__inner center-center\"><a class=\"wp-block-uagb-image--layout-overlay-link \" href=\"https:\/\/marcon-services.com\/inicio\/cuchillas-de-embalaje\/\" target=\"\" rel=\"noopener\"><\/a><h2 class=\"uagb-image-heading\">Cuchillos de embalaje<\/h2><\/div><\/figure><\/div>\n<\/div>\n\n\n\n<div class=\"wp-block-uagb-container uagb-block-8d0ed46b\">\n<div class=\"wp-block-uagb-container uagb-block-0b91fc58\">\n<div class=\"wp-block-uagb-image aligncenter uagb-block-c06ebcc1 wp-block-uagb-image--layout-overlay wp-block-uagb-image--effect-zoomin wp-block-uagb-image--align-center\"><figure class=\"wp-block-uagb-image__figure\"><a class=\"\" href=\"https:\/\/marcon-services.com\/inicio\/cuchillas-para-servilletas\/\" target=\"\" rel=\"noopener\"><img decoding=\"async\" srcset=\"https:\/\/marcon-services.com\/wp-content\/uploads\/2021\/06\/cuchillasparaservilletas.png ,https:\/\/marcon-services.com\/wp-content\/uploads\/2021\/06\/cuchillasparaservilletas.png 780w, https:\/\/marcon-services.com\/wp-content\/uploads\/2021\/06\/cuchillasparaservilletas.png 360w\" sizes=\"(max-width: 480px) 150px\" src=\"https:\/\/marcon-services.com\/wp-content\/uploads\/2021\/06\/cuchillasparaservilletas.png\" alt=\"cuchillas para servilletas\" class=\"uag-image-1206\" width=\"800\" height=\"314\" title=\"cuchillasparaservilletas\" loading=\"lazy\" role=\"img\"\/><\/a><div class=\"wp-block-uagb-image--layout-overlay__color-wrapper\"><\/div><div class=\"wp-block-uagb-image--layout-overlay__inner center-center\"><a class=\"wp-block-uagb-image--layout-overlay-link \" href=\"https:\/\/marcon-services.com\/inicio\/cuchillas-para-servilletas\/\" target=\"\" rel=\"noopener\"><\/a><h2 class=\"uagb-image-heading\">Cuchillos para servilletas<\/h2><\/div><\/figure><\/div>\n<\/div>\n<\/div>\n\n\n\n<div class=\"wp-block-uagb-container uagb-block-5bdd64d5\">\n<div class=\"wp-block-uagb-container uagb-block-e8499a35\">\n<div class=\"wp-block-uagb-image aligncenter uagb-block-35653360 wp-block-uagb-image--layout-overlay wp-block-uagb-image--effect-zoomin wp-block-uagb-image--align-center\"><figure class=\"wp-block-uagb-image__figure\"><a class=\"\" href=\"https:\/\/marcon-services.com\/inicio\/sistema-de-pulverizacion-y-lubriks-05\/\" target=\"\" rel=\"noopener\"><img decoding=\"async\" srcset=\"https:\/\/marcon-services.com\/wp-content\/uploads\/2021\/06\/sistemadepuverizacionlibriks-1024x676.jpg ,https:\/\/marcon-services.com\/wp-content\/uploads\/2021\/06\/sistemadepuverizacionlibriks.jpg 780w, https:\/\/marcon-services.com\/wp-content\/uploads\/2021\/06\/sistemadepuverizacionlibriks.jpg 360w\" sizes=\"(max-width: 480px) 150px\" src=\"https:\/\/marcon-services.com\/wp-content\/uploads\/2021\/06\/sistemadepuverizacionlibriks-1024x676.jpg\" alt=\"Sistema de pulverizaci\u00f3n y &quot;Lubriks-05&quot; La utilizaci\u00f3n del sistema de lubricaci\u00f3n TKM, junto con el lubricante de desarrollo propio LUBRIKS-05 de TKM, permitir\u00e1 una mejor calidad de corte a una velocidad de corte m\u00e1s r\u00e1pida. Ventajas: El lubricante est\u00e1 certificado de acuerdo con H1 de FDA (Incidental Food Contact) Mayor eficiencia de sus m\u00e1quinas de sierra para troncos Menos contaminaci\u00f3n de cola de la hoja Menos cuchillas sobrecalentadas (productos de alta densidad) Calidad de corte mejorada\" class=\"uag-image-1212\" width=\"800\" height=\"314\" title=\"sistemadepuverizacionlibriks\" loading=\"lazy\" role=\"img\"\/><\/a><div class=\"wp-block-uagb-image--layout-overlay__color-wrapper\"><\/div><div class=\"wp-block-uagb-image--layout-overlay__inner center-center\"><a class=\"wp-block-uagb-image--layout-overlay-link \" href=\"https:\/\/marcon-services.com\/inicio\/sistema-de-pulverizacion-y-lubriks-05\/\" target=\"\" rel=\"noopener\"><\/a><h2 class=\"uagb-image-heading\">Sistema de pulverizaci\u00f3n y &#8220;Lubriks-05&#8221;<\/h2><\/div><\/figure><\/div>\n<\/div>\n<\/div>\n\n\n\n<div class=\"wp-block-uagb-container uagb-block-a11cb017\"><\/div>\n\n\n\n<div class=\"wp-block-uagb-container uagb-block-7f563290\"><\/div>\n<\/div><\/div>\n","protected":false},"excerpt":{"rendered":"","protected":false},"author":2,"featured_media":1072,"parent":0,"menu_order":0,"comment_status":"closed","ping_status":"closed","template":"","meta":{"_uag_custom_page_level_css":"","site-sidebar-layout":"no-sidebar","site-content-layout":"plain-container","ast-site-content-layout":"normal-width-container","site-content-style":"unboxed","site-sidebar-style":"unboxed","ast-global-header-display":"","ast-banner-title-visibility":"","ast-main-header-display":"","ast-hfb-above-header-display":"","ast-hfb-below-header-display":"","ast-hfb-mobile-header-display":"","site-post-title":"disabled","ast-breadcrumbs-content":"","ast-featured-img":"disabled","footer-sml-layout":"","theme-transparent-header-meta":"default","adv-header-id-meta":"","stick-header-meta":"","header-above-stick-meta":"","header-main-stick-meta":"","header-below-stick-meta":"","astra-migrate-meta-layouts":"set","ast-page-background-enabled":"default","ast-page-background-meta":{"desktop":{"background-color":"var(--ast-global-color-4)","background-image":"","background-repeat":"repeat","background-position":"center center","background-size":"auto","background-attachment":"scroll","background-type":"","background-media":"","overlay-type":"","overlay-color":"","overlay-opacity":"","overlay-gradient":""},"tablet":{"background-color":"","background-image":"","background-repeat":"repeat","background-position":"center center","background-size":"auto","background-attachment":"scroll","background-type":"","background-media":"","overlay-type":"","overlay-color":"","overlay-opacity":"","overlay-gradient":""},"mobile":{"background-color":"","background-image":"","background-repeat":"repeat","background-position":"center center","background-size":"auto","background-attachment":"scroll","background-type":"","background-media":"","overlay-type":"","overlay-color":"","overlay-opacity":"","overlay-gradient":""}},"ast-content-background-meta":{"desktop":{"background-color":"var(--ast-global-color-5)","background-image":"","background-repeat":"repeat","background-position":"center center","background-size":"auto","background-attachment":"scroll","background-type":"","background-media":"","overlay-type":"","overlay-color":"","overlay-opacity":"","overlay-gradient":""},"tablet":{"background-color":"var(--ast-global-color-5)","background-image":"","background-repeat":"repeat","background-position":"center center","background-size":"auto","background-attachment":"scroll","background-type":"","background-media":"","overlay-type":"","overlay-color":"","overlay-opacity":"","overlay-gradient":""},"mobile":{"background-color":"var(--ast-global-color-5)","background-image":"","background-repeat":"repeat","background-position":"center center","background-size":"auto","background-attachment":"scroll","background-type":"","background-media":"","overlay-type":"","overlay-color":"","overlay-opacity":"","overlay-gradient":""}},"footnotes":""},"yoast_head":"<!-- This site is optimized with the Yoast SEO plugin v23.8 - https:\/\/yoast.com\/wordpress\/plugins\/seo\/ -->\n<title>Tissue Converting Industry - Marcon Soluciones Para Impresores<\/title>\n<meta name=\"robots\" content=\"index, follow, max-snippet:-1, max-image-preview:large, max-video-preview:-1\" \/>\n<link rel=\"canonical\" href=\"https:\/\/marcon-services.com\/inicio\/tissue-converting-industry\/\" \/>\n<meta property=\"og:locale\" content=\"es_MX\" \/>\n<meta property=\"og:type\" content=\"article\" \/>\n<meta property=\"og:title\" content=\"Tissue Converting Industry - Marcon Soluciones Para Impresores\" \/>\n<meta property=\"og:url\" content=\"https:\/\/marcon-services.com\/inicio\/tissue-converting-industry\/\" \/>\n<meta property=\"og:site_name\" content=\"Marcon Soluciones Para Impresores\" \/>\n<meta property=\"article:modified_time\" content=\"2024-06-12T23:46:01+00:00\" \/>\n<meta property=\"og:image\" content=\"https:\/\/marcon-services.com\/wp-content\/uploads\/2021\/06\/Hygienepapier1-e1717982364692.jpg\" \/>\n\t<meta property=\"og:image:width\" content=\"654\" \/>\n\t<meta property=\"og:image:height\" content=\"368\" \/>\n\t<meta property=\"og:image:type\" content=\"image\/jpeg\" \/>\n<meta name=\"twitter:card\" content=\"summary_large_image\" \/>\n<script type=\"application\/ld+json\" class=\"yoast-schema-graph\">{\"@context\":\"https:\/\/schema.org\",\"@graph\":[{\"@type\":\"WebPage\",\"@id\":\"https:\/\/marcon-services.com\/inicio\/tissue-converting-industry\/\",\"url\":\"https:\/\/marcon-services.com\/inicio\/tissue-converting-industry\/\",\"name\":\"Tissue Converting Industry - Marcon Soluciones Para Impresores\",\"isPartOf\":{\"@id\":\"https:\/\/marcon-services.com\/inicio\/#website\"},\"primaryImageOfPage\":{\"@id\":\"https:\/\/marcon-services.com\/inicio\/tissue-converting-industry\/#primaryimage\"},\"image\":{\"@id\":\"https:\/\/marcon-services.com\/inicio\/tissue-converting-industry\/#primaryimage\"},\"thumbnailUrl\":\"https:\/\/marcon-services.com\/wp-content\/uploads\/2021\/06\/Hygienepapier1-e1717982364692.jpg\",\"datePublished\":\"2021-06-05T04:15:18+00:00\",\"dateModified\":\"2024-06-12T23:46:01+00:00\",\"breadcrumb\":{\"@id\":\"https:\/\/marcon-services.com\/inicio\/tissue-converting-industry\/#breadcrumb\"},\"inLanguage\":\"es\",\"potentialAction\":[{\"@type\":\"ReadAction\",\"target\":[\"https:\/\/marcon-services.com\/inicio\/tissue-converting-industry\/\"]}]},{\"@type\":\"ImageObject\",\"inLanguage\":\"es\",\"@id\":\"https:\/\/marcon-services.com\/inicio\/tissue-converting-industry\/#primaryimage\",\"url\":\"https:\/\/marcon-services.com\/wp-content\/uploads\/2021\/06\/Hygienepapier1-e1717982364692.jpg\",\"contentUrl\":\"https:\/\/marcon-services.com\/wp-content\/uploads\/2021\/06\/Hygienepapier1-e1717982364692.jpg\",\"width\":654,\"height\":368,\"caption\":\"tissue convertin industry\"},{\"@type\":\"BreadcrumbList\",\"@id\":\"https:\/\/marcon-services.com\/inicio\/tissue-converting-industry\/#breadcrumb\",\"itemListElement\":[{\"@type\":\"ListItem\",\"position\":1,\"name\":\"Inicio\",\"item\":\"https:\/\/marcon-services.com\/inicio\/\"},{\"@type\":\"ListItem\",\"position\":2,\"name\":\"Tissue Converting Industry\"}]},{\"@type\":\"WebSite\",\"@id\":\"https:\/\/marcon-services.com\/inicio\/#website\",\"url\":\"https:\/\/marcon-services.com\/inicio\/\",\"name\":\"Marcon Soluciones Para Impresores\",\"description\":\"Somos una empresa din\u00e1mica fundada en el 2006 enfocada a la industria gr\u00e1fica, pl\u00e1stica, rotograbado, textil y de empaque.  En MARCON representamos y distribuimos oficialmente en M\u00e9xico y Latinoam\u00e9rica marcas l\u00edderes en el mercado de impresi\u00f3n y pl\u00e1stico.\",\"publisher\":{\"@id\":\"https:\/\/marcon-services.com\/inicio\/#organization\"},\"potentialAction\":[{\"@type\":\"SearchAction\",\"target\":{\"@type\":\"EntryPoint\",\"urlTemplate\":\"https:\/\/marcon-services.com\/inicio\/?s={search_term_string}\"},\"query-input\":{\"@type\":\"PropertyValueSpecification\",\"valueRequired\":true,\"valueName\":\"search_term_string\"}}],\"inLanguage\":\"es\"},{\"@type\":\"Organization\",\"@id\":\"https:\/\/marcon-services.com\/inicio\/#organization\",\"name\":\"Marcon Soluciones Para Impresores\",\"url\":\"https:\/\/marcon-services.com\/inicio\/\",\"logo\":{\"@type\":\"ImageObject\",\"inLanguage\":\"es\",\"@id\":\"https:\/\/marcon-services.com\/inicio\/#\/schema\/logo\/image\/\",\"url\":\"https:\/\/marcon-services.com\/wp-content\/uploads\/2021\/10\/LOGO-marcon-soluciones-sin-fondo-1.png\",\"contentUrl\":\"https:\/\/marcon-services.com\/wp-content\/uploads\/2021\/10\/LOGO-marcon-soluciones-sin-fondo-1.png\",\"width\":2872,\"height\":805,\"caption\":\"Marcon Soluciones Para Impresores\"},\"image\":{\"@id\":\"https:\/\/marcon-services.com\/inicio\/#\/schema\/logo\/image\/\"}}]}<\/script>\n<!-- \/ Yoast SEO plugin. -->","yoast_head_json":{"title":"Tissue Converting Industry - Marcon Soluciones Para Impresores","robots":{"index":"index","follow":"follow","max-snippet":"max-snippet:-1","max-image-preview":"max-image-preview:large","max-video-preview":"max-video-preview:-1"},"canonical":"https:\/\/marcon-services.com\/inicio\/tissue-converting-industry\/","og_locale":"es_MX","og_type":"article","og_title":"Tissue Converting Industry - Marcon Soluciones Para Impresores","og_url":"https:\/\/marcon-services.com\/inicio\/tissue-converting-industry\/","og_site_name":"Marcon Soluciones Para Impresores","article_modified_time":"2024-06-12T23:46:01+00:00","og_image":[{"width":654,"height":368,"url":"https:\/\/marcon-services.com\/wp-content\/uploads\/2021\/06\/Hygienepapier1-e1717982364692.jpg","type":"image\/jpeg"}],"twitter_card":"summary_large_image","schema":{"@context":"https:\/\/schema.org","@graph":[{"@type":"WebPage","@id":"https:\/\/marcon-services.com\/inicio\/tissue-converting-industry\/","url":"https:\/\/marcon-services.com\/inicio\/tissue-converting-industry\/","name":"Tissue Converting Industry - Marcon Soluciones Para Impresores","isPartOf":{"@id":"https:\/\/marcon-services.com\/inicio\/#website"},"primaryImageOfPage":{"@id":"https:\/\/marcon-services.com\/inicio\/tissue-converting-industry\/#primaryimage"},"image":{"@id":"https:\/\/marcon-services.com\/inicio\/tissue-converting-industry\/#primaryimage"},"thumbnailUrl":"https:\/\/marcon-services.com\/wp-content\/uploads\/2021\/06\/Hygienepapier1-e1717982364692.jpg","datePublished":"2021-06-05T04:15:18+00:00","dateModified":"2024-06-12T23:46:01+00:00","breadcrumb":{"@id":"https:\/\/marcon-services.com\/inicio\/tissue-converting-industry\/#breadcrumb"},"inLanguage":"es","potentialAction":[{"@type":"ReadAction","target":["https:\/\/marcon-services.com\/inicio\/tissue-converting-industry\/"]}]},{"@type":"ImageObject","inLanguage":"es","@id":"https:\/\/marcon-services.com\/inicio\/tissue-converting-industry\/#primaryimage","url":"https:\/\/marcon-services.com\/wp-content\/uploads\/2021\/06\/Hygienepapier1-e1717982364692.jpg","contentUrl":"https:\/\/marcon-services.com\/wp-content\/uploads\/2021\/06\/Hygienepapier1-e1717982364692.jpg","width":654,"height":368,"caption":"tissue convertin industry"},{"@type":"BreadcrumbList","@id":"https:\/\/marcon-services.com\/inicio\/tissue-converting-industry\/#breadcrumb","itemListElement":[{"@type":"ListItem","position":1,"name":"Inicio","item":"https:\/\/marcon-services.com\/inicio\/"},{"@type":"ListItem","position":2,"name":"Tissue Converting Industry"}]},{"@type":"WebSite","@id":"https:\/\/marcon-services.com\/inicio\/#website","url":"https:\/\/marcon-services.com\/inicio\/","name":"Marcon Soluciones Para Impresores","description":"Somos una empresa din\u00e1mica fundada en el 2006 enfocada a la industria gr\u00e1fica, pl\u00e1stica, rotograbado, textil y de empaque.  En MARCON representamos y distribuimos oficialmente en M\u00e9xico y Latinoam\u00e9rica marcas l\u00edderes en el mercado de impresi\u00f3n y pl\u00e1stico.","publisher":{"@id":"https:\/\/marcon-services.com\/inicio\/#organization"},"potentialAction":[{"@type":"SearchAction","target":{"@type":"EntryPoint","urlTemplate":"https:\/\/marcon-services.com\/inicio\/?s={search_term_string}"},"query-input":{"@type":"PropertyValueSpecification","valueRequired":true,"valueName":"search_term_string"}}],"inLanguage":"es"},{"@type":"Organization","@id":"https:\/\/marcon-services.com\/inicio\/#organization","name":"Marcon Soluciones Para Impresores","url":"https:\/\/marcon-services.com\/inicio\/","logo":{"@type":"ImageObject","inLanguage":"es","@id":"https:\/\/marcon-services.com\/inicio\/#\/schema\/logo\/image\/","url":"https:\/\/marcon-services.com\/wp-content\/uploads\/2021\/10\/LOGO-marcon-soluciones-sin-fondo-1.png","contentUrl":"https:\/\/marcon-services.com\/wp-content\/uploads\/2021\/10\/LOGO-marcon-soluciones-sin-fondo-1.png","width":2872,"height":805,"caption":"Marcon Soluciones Para Impresores"},"image":{"@id":"https:\/\/marcon-services.com\/inicio\/#\/schema\/logo\/image\/"}}]}},"uagb_featured_image_src":{"full":["https:\/\/marcon-services.com\/wp-content\/uploads\/2021\/06\/Hygienepapier1-e1717982364692.jpg",654,368,false],"thumbnail":["https:\/\/marcon-services.com\/wp-content\/uploads\/2021\/06\/Hygienepapier1-e1717982364692.jpg",150,84,false],"medium":["https:\/\/marcon-services.com\/wp-content\/uploads\/2021\/06\/Hygienepapier1-e1717982364692.jpg",300,169,false],"medium_large":["https:\/\/marcon-services.com\/wp-content\/uploads\/2021\/06\/Hygienepapier1-e1717982364692.jpg",654,368,false],"large":["https:\/\/marcon-services.com\/wp-content\/uploads\/2021\/06\/Hygienepapier1-e1717982364692.jpg",654,368,false],"1536x1536":["https:\/\/marcon-services.com\/wp-content\/uploads\/2021\/06\/Hygienepapier1-e1717982364692.jpg",654,368,false],"2048x2048":["https:\/\/marcon-services.com\/wp-content\/uploads\/2021\/06\/Hygienepapier1-e1717982364692.jpg",654,368,false],"trp-custom-language-flag":["https:\/\/marcon-services.com\/wp-content\/uploads\/2021\/06\/Hygienepapier1-e1717982364692.jpg",18,10,false]},"uagb_author_info":{"display_name":"marcons-web","author_link":"https:\/\/marcon-services.com\/inicio\/author\/osvaldo\/"},"uagb_comment_info":0,"uagb_excerpt":null,"_links":{"self":[{"href":"https:\/\/marcon-services.com\/inicio\/wp-json\/wp\/v2\/pages\/1084"}],"collection":[{"href":"https:\/\/marcon-services.com\/inicio\/wp-json\/wp\/v2\/pages"}],"about":[{"href":"https:\/\/marcon-services.com\/inicio\/wp-json\/wp\/v2\/types\/page"}],"author":[{"embeddable":true,"href":"https:\/\/marcon-services.com\/inicio\/wp-json\/wp\/v2\/users\/2"}],"replies":[{"embeddable":true,"href":"https:\/\/marcon-services.com\/inicio\/wp-json\/wp\/v2\/comments?post=1084"}],"version-history":[{"count":13,"href":"https:\/\/marcon-services.com\/inicio\/wp-json\/wp\/v2\/pages\/1084\/revisions"}],"predecessor-version":[{"id":2483,"href":"https:\/\/marcon-services.com\/inicio\/wp-json\/wp\/v2\/pages\/1084\/revisions\/2483"}],"wp:featuredmedia":[{"embeddable":true,"href":"https:\/\/marcon-services.com\/inicio\/wp-json\/wp\/v2\/media\/1072"}],"wp:attachment":[{"href":"https:\/\/marcon-services.com\/inicio\/wp-json\/wp\/v2\/media?parent=1084"}],"curies":[{"name":"wp","href":"https:\/\/api.w.org\/{rel}","templated":true}]}}