{"id":1107,"date":"2021-06-04T23:09:41","date_gmt":"2021-06-05T05:09:41","guid":{"rendered":"https:\/\/marcon-services.com\/inicio\/?page_id=1107"},"modified":"2024-06-11T19:04:34","modified_gmt":"2024-06-12T01:04:34","slug":"bottom-sliter-knives","status":"publish","type":"page","link":"https:\/\/marcon-services.com\/inicio\/bottom-sliter-knives\/","title":{"rendered":"Cuchillas de corte inferior"},"content":{"rendered":"\n<p><h1>Cuchillas de corte inferior<\/h1><\/p>\n\n\n\n<div data-aos= \"zoom-in-down\" data-aos-duration=\"400\" data-aos-delay=\"0\" data-aos-easing=\"ease\" data-aos-once=\"true\" class=\"wp-block-uagb-container uagb-block-00460ab6 alignfull uagb-is-root-container\"><div class=\"uagb-container-inner-blocks-wrap\">\n<div class=\"wp-block-uagb-container uagb-block-99622f03\">\n<div class=\"wp-block-uagb-image uagb-block-ffb5c239 wp-block-uagb-image--layout-default wp-block-uagb-image--effect-static wp-block-uagb-image--align-none\"><figure class=\"wp-block-uagb-image__figure\"><img decoding=\"async\" srcset=\"https:\/\/marcon-services.com\/wp-content\/uploads\/2021\/06\/Kreismesser_unten_3er_Gruppe.png ,https:\/\/marcon-services.com\/wp-content\/uploads\/2021\/06\/Kreismesser_unten_3er_Gruppe.png 780w, https:\/\/marcon-services.com\/wp-content\/uploads\/2021\/06\/Kreismesser_unten_3er_Gruppe.png 360w\" sizes=\"(max-width: 480px) 150px\" src=\"https:\/\/marcon-services.com\/wp-content\/uploads\/2021\/06\/Kreismesser_unten_3er_Gruppe.png\" alt=\"Cuchillas corte inferior\" class=\"uag-image-1108\" width=\"800\" height=\"892\" title=\"Kreismesser_unten_3er_Gruppe\" loading=\"lazy\" role=\"img\"\/><\/figure><\/div>\n<\/div>\n\n\n\n<div class=\"wp-block-uagb-container uagb-block-bd388c86\">\n<p>Cuchillas Cortadoras Inferiores TKM para los siguientes tipos de m\u00e1quinas:<\/p>\n\n\n\n<figure class=\"wp-block-table is-style-regular\"><table><tbody><tr><td>\u2714 Bilom\u00e1tico<\/td><td>\u2714 Voith<\/td><\/tr><tr><td>\u2714 Valmet<\/td><td>\u2714 ECH Will<\/td><\/tr><tr><td>\u2714 Jagenberg<\/td><td>y otros<\/td><\/tr><\/tbody><\/table><\/figure>\n\n\n\n<ul>\n<li>Con punta de carburo<\/li>\n\n\n\n<li>Acero macizo (acero cromado, acero HSS o PM)<\/li>\n\n\n\n<li>Rugosidad superficial Ra 0,10 \u03bcm<\/li>\n\n\n\n<li>Bisel empotrado 4 \u00b0<\/li>\n\n\n\n<li>Desviaci\u00f3n axial 0,02 mm<\/li>\n\n\n\n<li>Desviaci\u00f3n radial 0,03 mm<\/li>\n\n\n\n<li>Paralelismo 0,01 mm<\/li>\n<\/ul>\n<\/div>\n<\/div><\/div>\n\n\n\n<p><\/p>\n","protected":false},"excerpt":{"rendered":"<p>Cuchillas de corte inferior Cuchillas Cortadoras Inferiores TKM para los siguientes tipos de m\u00e1quinas: \u2714 Bilom\u00e1tico \u2714 Voith \u2714 Valmet \u2714 ECH Will \u2714 Jagenberg y otros<\/p>\n","protected":false},"author":2,"featured_media":1108,"parent":0,"menu_order":0,"comment_status":"closed","ping_status":"closed","template":"","meta":{"_uag_custom_page_level_css":"","site-sidebar-layout":"no-sidebar","site-content-layout":"plain-container","ast-site-content-layout":"normal-width-container","site-content-style":"default","site-sidebar-style":"default","ast-global-header-display":"","ast-banner-title-visibility":"","ast-main-header-display":"","ast-hfb-above-header-display":"","ast-hfb-below-header-display":"","ast-hfb-mobile-header-display":"","site-post-title":"disabled","ast-breadcrumbs-content":"","ast-featured-img":"disabled","footer-sml-layout":"","theme-transparent-header-meta":"","adv-header-id-meta":"","stick-header-meta":"","header-above-stick-meta":"","header-main-stick-meta":"","header-below-stick-meta":"","astra-migrate-meta-layouts":"set","ast-page-background-enabled":"default","ast-page-background-meta":{"desktop":{"background-color":"var(--ast-global-color-4)","background-image":"","background-repeat":"repeat","background-position":"center center","background-size":"auto","background-attachment":"scroll","background-type":"","background-media":"","overlay-type":"","overlay-color":"","overlay-opacity":"","overlay-gradient":""},"tablet":{"background-color":"","background-image":"","background-repeat":"repeat","background-position":"center center","background-size":"auto","background-attachment":"scroll","background-type":"","background-media":"","overlay-type":"","overlay-color":"","overlay-opacity":"","overlay-gradient":""},"mobile":{"background-color":"","background-image":"","background-repeat":"repeat","background-position":"center center","background-size":"auto","background-attachment":"scroll","background-type":"","background-media":"","overlay-type":"","overlay-color":"","overlay-opacity":"","overlay-gradient":""}},"ast-content-background-meta":{"desktop":{"background-color":"var(--ast-global-color-5)","background-image":"","background-repeat":"repeat","background-position":"center center","background-size":"auto","background-attachment":"scroll","background-type":"","background-media":"","overlay-type":"","overlay-color":"","overlay-opacity":"","overlay-gradient":""},"tablet":{"background-color":"var(--ast-global-color-5)","background-image":"","background-repeat":"repeat","background-position":"center center","background-size":"auto","background-attachment":"scroll","background-type":"","background-media":"","overlay-type":"","overlay-color":"","overlay-opacity":"","overlay-gradient":""},"mobile":{"background-color":"var(--ast-global-color-5)","background-image":"","background-repeat":"repeat","background-position":"center center","background-size":"auto","background-attachment":"scroll","background-type":"","background-media":"","overlay-type":"","overlay-color":"","overlay-opacity":"","overlay-gradient":""}},"footnotes":""},"yoast_head":"<!-- This site is optimized with the Yoast SEO plugin v23.8 - https:\/\/yoast.com\/wordpress\/plugins\/seo\/ -->\n<title>Cuchillas de corte inferior - Marcon Soluciones Para Impresores<\/title>\n<meta name=\"robots\" content=\"index, follow, max-snippet:-1, max-image-preview:large, max-video-preview:-1\" \/>\n<link rel=\"canonical\" href=\"https:\/\/marcon-services.com\/inicio\/bottom-sliter-knives\/\" \/>\n<meta property=\"og:locale\" content=\"es_MX\" \/>\n<meta property=\"og:type\" content=\"article\" \/>\n<meta property=\"og:title\" content=\"Cuchillas de corte inferior - Marcon Soluciones Para Impresores\" \/>\n<meta property=\"og:description\" content=\"Cuchillas de corte inferior Cuchillas Cortadoras Inferiores TKM para los siguientes tipos de m\u00e1quinas: \u2714 Bilom\u00e1tico \u2714 Voith \u2714 Valmet \u2714 ECH Will \u2714 Jagenberg y otros\" \/>\n<meta property=\"og:url\" content=\"https:\/\/marcon-services.com\/inicio\/bottom-sliter-knives\/\" \/>\n<meta property=\"og:site_name\" content=\"Marcon Soluciones Para Impresores\" \/>\n<meta property=\"article:modified_time\" content=\"2024-06-12T01:04:34+00:00\" \/>\n<meta property=\"og:image\" content=\"https:\/\/marcon-services.com\/wp-content\/uploads\/2021\/06\/Kreismesser_unten_3er_Gruppe.png\" \/>\n\t<meta property=\"og:image:width\" content=\"800\" \/>\n\t<meta property=\"og:image:height\" content=\"892\" \/>\n\t<meta property=\"og:image:type\" content=\"image\/png\" \/>\n<meta name=\"twitter:card\" content=\"summary_large_image\" \/>\n<script type=\"application\/ld+json\" class=\"yoast-schema-graph\">{\"@context\":\"https:\/\/schema.org\",\"@graph\":[{\"@type\":\"WebPage\",\"@id\":\"https:\/\/marcon-services.com\/inicio\/bottom-sliter-knives\/\",\"url\":\"https:\/\/marcon-services.com\/inicio\/bottom-sliter-knives\/\",\"name\":\"Cuchillas de corte inferior - Marcon Soluciones Para Impresores\",\"isPartOf\":{\"@id\":\"https:\/\/marcon-services.com\/inicio\/#website\"},\"primaryImageOfPage\":{\"@id\":\"https:\/\/marcon-services.com\/inicio\/bottom-sliter-knives\/#primaryimage\"},\"image\":{\"@id\":\"https:\/\/marcon-services.com\/inicio\/bottom-sliter-knives\/#primaryimage\"},\"thumbnailUrl\":\"https:\/\/marcon-services.com\/wp-content\/uploads\/2021\/06\/Kreismesser_unten_3er_Gruppe.png\",\"datePublished\":\"2021-06-05T05:09:41+00:00\",\"dateModified\":\"2024-06-12T01:04:34+00:00\",\"breadcrumb\":{\"@id\":\"https:\/\/marcon-services.com\/inicio\/bottom-sliter-knives\/#breadcrumb\"},\"inLanguage\":\"es\",\"potentialAction\":[{\"@type\":\"ReadAction\",\"target\":[\"https:\/\/marcon-services.com\/inicio\/bottom-sliter-knives\/\"]}]},{\"@type\":\"ImageObject\",\"inLanguage\":\"es\",\"@id\":\"https:\/\/marcon-services.com\/inicio\/bottom-sliter-knives\/#primaryimage\",\"url\":\"https:\/\/marcon-services.com\/wp-content\/uploads\/2021\/06\/Kreismesser_unten_3er_Gruppe.png\",\"contentUrl\":\"https:\/\/marcon-services.com\/wp-content\/uploads\/2021\/06\/Kreismesser_unten_3er_Gruppe.png\",\"width\":800,\"height\":892,\"caption\":\"Cuchillas corte inferior\"},{\"@type\":\"BreadcrumbList\",\"@id\":\"https:\/\/marcon-services.com\/inicio\/bottom-sliter-knives\/#breadcrumb\",\"itemListElement\":[{\"@type\":\"ListItem\",\"position\":1,\"name\":\"Inicio\",\"item\":\"https:\/\/marcon-services.com\/inicio\/\"},{\"@type\":\"ListItem\",\"position\":2,\"name\":\"Cuchillas de corte inferior\"}]},{\"@type\":\"WebSite\",\"@id\":\"https:\/\/marcon-services.com\/inicio\/#website\",\"url\":\"https:\/\/marcon-services.com\/inicio\/\",\"name\":\"Marcon Soluciones Para Impresores\",\"description\":\"Somos una empresa din\u00e1mica fundada en el 2006 enfocada a la industria gr\u00e1fica, pl\u00e1stica, rotograbado, textil y de empaque.  En MARCON representamos y distribuimos oficialmente en M\u00e9xico y Latinoam\u00e9rica marcas l\u00edderes en el mercado de impresi\u00f3n y pl\u00e1stico.\",\"publisher\":{\"@id\":\"https:\/\/marcon-services.com\/inicio\/#organization\"},\"potentialAction\":[{\"@type\":\"SearchAction\",\"target\":{\"@type\":\"EntryPoint\",\"urlTemplate\":\"https:\/\/marcon-services.com\/inicio\/?s={search_term_string}\"},\"query-input\":{\"@type\":\"PropertyValueSpecification\",\"valueRequired\":true,\"valueName\":\"search_term_string\"}}],\"inLanguage\":\"es\"},{\"@type\":\"Organization\",\"@id\":\"https:\/\/marcon-services.com\/inicio\/#organization\",\"name\":\"Marcon Soluciones Para Impresores\",\"url\":\"https:\/\/marcon-services.com\/inicio\/\",\"logo\":{\"@type\":\"ImageObject\",\"inLanguage\":\"es\",\"@id\":\"https:\/\/marcon-services.com\/inicio\/#\/schema\/logo\/image\/\",\"url\":\"https:\/\/marcon-services.com\/wp-content\/uploads\/2021\/10\/LOGO-marcon-soluciones-sin-fondo-1.png\",\"contentUrl\":\"https:\/\/marcon-services.com\/wp-content\/uploads\/2021\/10\/LOGO-marcon-soluciones-sin-fondo-1.png\",\"width\":2872,\"height\":805,\"caption\":\"Marcon Soluciones Para Impresores\"},\"image\":{\"@id\":\"https:\/\/marcon-services.com\/inicio\/#\/schema\/logo\/image\/\"}}]}<\/script>\n<!-- \/ Yoast SEO plugin. -->","yoast_head_json":{"title":"Cuchillas de corte inferior - Marcon Soluciones Para Impresores","robots":{"index":"index","follow":"follow","max-snippet":"max-snippet:-1","max-image-preview":"max-image-preview:large","max-video-preview":"max-video-preview:-1"},"canonical":"https:\/\/marcon-services.com\/inicio\/bottom-sliter-knives\/","og_locale":"es_MX","og_type":"article","og_title":"Cuchillas de corte inferior - Marcon Soluciones Para Impresores","og_description":"Cuchillas de corte inferior Cuchillas Cortadoras Inferiores TKM para los siguientes tipos de m\u00e1quinas: \u2714 Bilom\u00e1tico \u2714 Voith \u2714 Valmet \u2714 ECH Will \u2714 Jagenberg y otros","og_url":"https:\/\/marcon-services.com\/inicio\/bottom-sliter-knives\/","og_site_name":"Marcon Soluciones Para Impresores","article_modified_time":"2024-06-12T01:04:34+00:00","og_image":[{"width":800,"height":892,"url":"https:\/\/marcon-services.com\/wp-content\/uploads\/2021\/06\/Kreismesser_unten_3er_Gruppe.png","type":"image\/png"}],"twitter_card":"summary_large_image","schema":{"@context":"https:\/\/schema.org","@graph":[{"@type":"WebPage","@id":"https:\/\/marcon-services.com\/inicio\/bottom-sliter-knives\/","url":"https:\/\/marcon-services.com\/inicio\/bottom-sliter-knives\/","name":"Cuchillas de corte inferior - Marcon Soluciones Para Impresores","isPartOf":{"@id":"https:\/\/marcon-services.com\/inicio\/#website"},"primaryImageOfPage":{"@id":"https:\/\/marcon-services.com\/inicio\/bottom-sliter-knives\/#primaryimage"},"image":{"@id":"https:\/\/marcon-services.com\/inicio\/bottom-sliter-knives\/#primaryimage"},"thumbnailUrl":"https:\/\/marcon-services.com\/wp-content\/uploads\/2021\/06\/Kreismesser_unten_3er_Gruppe.png","datePublished":"2021-06-05T05:09:41+00:00","dateModified":"2024-06-12T01:04:34+00:00","breadcrumb":{"@id":"https:\/\/marcon-services.com\/inicio\/bottom-sliter-knives\/#breadcrumb"},"inLanguage":"es","potentialAction":[{"@type":"ReadAction","target":["https:\/\/marcon-services.com\/inicio\/bottom-sliter-knives\/"]}]},{"@type":"ImageObject","inLanguage":"es","@id":"https:\/\/marcon-services.com\/inicio\/bottom-sliter-knives\/#primaryimage","url":"https:\/\/marcon-services.com\/wp-content\/uploads\/2021\/06\/Kreismesser_unten_3er_Gruppe.png","contentUrl":"https:\/\/marcon-services.com\/wp-content\/uploads\/2021\/06\/Kreismesser_unten_3er_Gruppe.png","width":800,"height":892,"caption":"Cuchillas corte inferior"},{"@type":"BreadcrumbList","@id":"https:\/\/marcon-services.com\/inicio\/bottom-sliter-knives\/#breadcrumb","itemListElement":[{"@type":"ListItem","position":1,"name":"Inicio","item":"https:\/\/marcon-services.com\/inicio\/"},{"@type":"ListItem","position":2,"name":"Cuchillas de corte inferior"}]},{"@type":"WebSite","@id":"https:\/\/marcon-services.com\/inicio\/#website","url":"https:\/\/marcon-services.com\/inicio\/","name":"Marcon Soluciones Para Impresores","description":"Somos una empresa din\u00e1mica fundada en el 2006 enfocada a la industria gr\u00e1fica, pl\u00e1stica, rotograbado, textil y de empaque.  En MARCON representamos y distribuimos oficialmente en M\u00e9xico y Latinoam\u00e9rica marcas l\u00edderes en el mercado de impresi\u00f3n y pl\u00e1stico.","publisher":{"@id":"https:\/\/marcon-services.com\/inicio\/#organization"},"potentialAction":[{"@type":"SearchAction","target":{"@type":"EntryPoint","urlTemplate":"https:\/\/marcon-services.com\/inicio\/?s={search_term_string}"},"query-input":{"@type":"PropertyValueSpecification","valueRequired":true,"valueName":"search_term_string"}}],"inLanguage":"es"},{"@type":"Organization","@id":"https:\/\/marcon-services.com\/inicio\/#organization","name":"Marcon Soluciones Para Impresores","url":"https:\/\/marcon-services.com\/inicio\/","logo":{"@type":"ImageObject","inLanguage":"es","@id":"https:\/\/marcon-services.com\/inicio\/#\/schema\/logo\/image\/","url":"https:\/\/marcon-services.com\/wp-content\/uploads\/2021\/10\/LOGO-marcon-soluciones-sin-fondo-1.png","contentUrl":"https:\/\/marcon-services.com\/wp-content\/uploads\/2021\/10\/LOGO-marcon-soluciones-sin-fondo-1.png","width":2872,"height":805,"caption":"Marcon Soluciones Para Impresores"},"image":{"@id":"https:\/\/marcon-services.com\/inicio\/#\/schema\/logo\/image\/"}}]}},"uagb_featured_image_src":{"full":["https:\/\/marcon-services.com\/wp-content\/uploads\/2021\/06\/Kreismesser_unten_3er_Gruppe.png",800,892,false],"thumbnail":["https:\/\/marcon-services.com\/wp-content\/uploads\/2021\/06\/Kreismesser_unten_3er_Gruppe.png",135,150,false],"medium":["https:\/\/marcon-services.com\/wp-content\/uploads\/2021\/06\/Kreismesser_unten_3er_Gruppe.png",269,300,false],"medium_large":["https:\/\/marcon-services.com\/wp-content\/uploads\/2021\/06\/Kreismesser_unten_3er_Gruppe.png",768,856,false],"large":["https:\/\/marcon-services.com\/wp-content\/uploads\/2021\/06\/Kreismesser_unten_3er_Gruppe.png",800,892,false],"1536x1536":["https:\/\/marcon-services.com\/wp-content\/uploads\/2021\/06\/Kreismesser_unten_3er_Gruppe.png",800,892,false],"2048x2048":["https:\/\/marcon-services.com\/wp-content\/uploads\/2021\/06\/Kreismesser_unten_3er_Gruppe.png",800,892,false],"trp-custom-language-flag":["https:\/\/marcon-services.com\/wp-content\/uploads\/2021\/06\/Kreismesser_unten_3er_Gruppe.png",11,12,false]},"uagb_author_info":{"display_name":"marcons-web","author_link":"https:\/\/marcon-services.com\/inicio\/author\/osvaldo\/"},"uagb_comment_info":0,"uagb_excerpt":"Cuchillas de corte inferior Cuchillas Cortadoras Inferiores TKM para los siguientes tipos de m\u00e1quinas: \u2714 Bilom\u00e1tico \u2714 Voith \u2714 Valmet \u2714 ECH Will \u2714 Jagenberg y otros","_links":{"self":[{"href":"https:\/\/marcon-services.com\/inicio\/wp-json\/wp\/v2\/pages\/1107"}],"collection":[{"href":"https:\/\/marcon-services.com\/inicio\/wp-json\/wp\/v2\/pages"}],"about":[{"href":"https:\/\/marcon-services.com\/inicio\/wp-json\/wp\/v2\/types\/page"}],"author":[{"embeddable":true,"href":"https:\/\/marcon-services.com\/inicio\/wp-json\/wp\/v2\/users\/2"}],"replies":[{"embeddable":true,"href":"https:\/\/marcon-services.com\/inicio\/wp-json\/wp\/v2\/comments?post=1107"}],"version-history":[{"count":5,"href":"https:\/\/marcon-services.com\/inicio\/wp-json\/wp\/v2\/pages\/1107\/revisions"}],"predecessor-version":[{"id":2411,"href":"https:\/\/marcon-services.com\/inicio\/wp-json\/wp\/v2\/pages\/1107\/revisions\/2411"}],"wp:featuredmedia":[{"embeddable":true,"href":"https:\/\/marcon-services.com\/inicio\/wp-json\/wp\/v2\/media\/1108"}],"wp:attachment":[{"href":"https:\/\/marcon-services.com\/inicio\/wp-json\/wp\/v2\/media?parent=1107"}],"curies":[{"name":"wp","href":"https:\/\/api.w.org\/{rel}","templated":true}]}}