{"id":1159,"date":"2021-06-18T06:37:48","date_gmt":"2021-06-18T12:37:48","guid":{"rendered":"https:\/\/marcon-services.com\/inicio\/?page_id=1159"},"modified":"2024-06-11T19:53:20","modified_gmt":"2024-06-12T01:53:20","slug":"cuchillas-de-plato-circular-y-bandas-inferiore","status":"publish","type":"page","link":"https:\/\/marcon-services.com\/inicio\/cuchillas-de-plato-circular-y-bandas-inferiore\/","title":{"rendered":"Cuchillas de plato circular y bandas inferior"},"content":{"rendered":"\n<div data-aos= \"zoom-in-down\" data-aos-duration=\"400\" data-aos-delay=\"0\" data-aos-easing=\"ease\" data-aos-once=\"true\" class=\"wp-block-uagb-container uagb-block-9414c384 alignfull uagb-is-root-container\"><div class=\"uagb-container-inner-blocks-wrap\">\n<div class=\"wp-block-uagb-container uagb-block-bdb42599\">\n<div class=\"wp-block-uagb-image uagb-block-736e7afb wp-block-uagb-image--layout-default wp-block-uagb-image--effect-static wp-block-uagb-image--align-none\"><figure class=\"wp-block-uagb-image__figure\"><img decoding=\"async\" srcset=\"https:\/\/marcon-services.com\/wp-content\/uploads\/2021\/06\/cuchillascirculares.png ,https:\/\/marcon-services.com\/wp-content\/uploads\/2021\/06\/cuchillascirculares.png 780w, https:\/\/marcon-services.com\/wp-content\/uploads\/2021\/06\/cuchillascirculares.png 360w\" sizes=\"(max-width: 480px) 150px\" src=\"https:\/\/marcon-services.com\/wp-content\/uploads\/2021\/06\/cuchillascirculares.png\" alt=\"cuchillas plato circular y banda inferior\" class=\"uag-image-1161\" width=\"800\" height=\"375\" title=\"cuchillas de plato circulares\" loading=\"lazy\" role=\"img\"\/><\/figure><\/div>\n<\/div>\n\n\n\n<div class=\"wp-block-uagb-container uagb-block-50c9b065\">\n<p style=\"font-style:normal;font-weight:700\">Producimos cuchillas de plato circular TKM y bandas inferiores para los siguientes fabricantes de m\u00e1quinas:<\/p>\n\n\n\n<figure class=\"wp-block-table\"><table><tbody><tr><td>\u2714 Kampf<\/td><td>\u2714 G\u00f6bel<\/td><\/tr><tr><td>y otros<\/td><td>&nbsp;<\/td><\/tr><\/tbody><\/table><\/figure>\n\n\n\n<p>La gama de productos tambi\u00e9n incluye cuchillos de plato circular y bandas inferiores en varias ejecuciones, configuraciones de bisel y diferentes calidades de superficie.<\/p>\n<\/div>\n\n\n\n<div class=\"wp-block-uagb-container uagb-block-e5d03c3d\">\n<div class=\"wp-block-media-text is-stacked-on-mobile\"><figure class=\"wp-block-media-text__media\"><img loading=\"lazy\" decoding=\"async\" width=\"800\" height=\"449\" src=\"https:\/\/marcon-services.com\/wp-content\/uploads\/2021\/06\/cuchillasdeplatocircular.png\" alt=\"\" class=\"wp-image-1167 size-full\" srcset=\"https:\/\/marcon-services.com\/wp-content\/uploads\/2021\/06\/cuchillasdeplatocircular.png 800w, https:\/\/marcon-services.com\/wp-content\/uploads\/2021\/06\/cuchillasdeplatocircular-300x168.png 300w, https:\/\/marcon-services.com\/wp-content\/uploads\/2021\/06\/cuchillasdeplatocircular-768x431.png 768w\" sizes=\"(max-width: 800px) 100vw, 800px\" \/><\/figure><div class=\"wp-block-media-text__content\">\n<p class=\"has-medium-font-size\" style=\"font-style:normal;font-weight:700\">Cuchillos de plato circular<\/p>\n\n\n\n<ul>\n<li>Bisel simple o doble<\/li>\n\n\n\n<li>Bisel normal<\/li>\n\n\n\n<li>Bisel fino<\/li>\n\n\n\n<li>Bisel fino, bisel c\u00f3ncavo<\/li>\n\n\n\n<li>Bisel est\u00e1ndar o pulido<\/li>\n<\/ul>\n<\/div><\/div>\n\n\n\n<div class=\"wp-block-media-text is-stacked-on-mobile\"><figure class=\"wp-block-media-text__media\"><img loading=\"lazy\" decoding=\"async\" width=\"606\" height=\"449\" src=\"https:\/\/marcon-services.com\/wp-content\/uploads\/2021\/06\/cuchillasbandasinferiores.png\" alt=\"cuchillasbandasinferiores\" class=\"wp-image-1160 size-full\" srcset=\"https:\/\/marcon-services.com\/wp-content\/uploads\/2021\/06\/cuchillasbandasinferiores.png 606w, https:\/\/marcon-services.com\/wp-content\/uploads\/2021\/06\/cuchillasbandasinferiores-300x222.png 300w\" sizes=\"(max-width: 606px) 100vw, 606px\" \/><\/figure><div class=\"wp-block-media-text__content\">\n<p class=\"has-medium-font-size\" style=\"font-style:normal;font-weight:700\">Cuchillos de plato circular<\/p>\n\n\n\n<ul>\n<li>Agujero liso para fijaci\u00f3n axial<\/li>\n\n\n\n<li>Con fijaci\u00f3n de anillo de bolas<\/li>\n\n\n\n<li>Con fijaci\u00f3n de anillo exc\u00e9ntrico<\/li>\n\n\n\n<li>Con fijaci\u00f3n por tornillo<\/li>\n<\/ul>\n<\/div><\/div>\n<\/div>\n<\/div><\/div>\n","protected":false},"excerpt":{"rendered":"<p>Producimos cuchillas de plato circular TKM y bandas inferiores para los siguientes fabricantes de m\u00e1quinas: \u2714 Kampf \u2714 G\u00f6bel y otros &nbsp; La gama de productos tambi\u00e9n incluye cuchillos de plato circular y bandas inferiores en varias ejecuciones, configuraciones de bisel y diferentes calidades de superficie. Cuchillos de plato circular Cuchillos de plato circular<\/p>\n","protected":false},"author":2,"featured_media":1161,"parent":0,"menu_order":0,"comment_status":"closed","ping_status":"closed","template":"","meta":{"_uag_custom_page_level_css":"","site-sidebar-layout":"no-sidebar","site-content-layout":"plain-container","ast-site-content-layout":"normal-width-container","site-content-style":"unboxed","site-sidebar-style":"unboxed","ast-global-header-display":"","ast-banner-title-visibility":"","ast-main-header-display":"","ast-hfb-above-header-display":"","ast-hfb-below-header-display":"","ast-hfb-mobile-header-display":"","site-post-title":"disabled","ast-breadcrumbs-content":"","ast-featured-img":"disabled","footer-sml-layout":"","theme-transparent-header-meta":"default","adv-header-id-meta":"","stick-header-meta":"","header-above-stick-meta":"","header-main-stick-meta":"","header-below-stick-meta":"","astra-migrate-meta-layouts":"set","ast-page-background-enabled":"default","ast-page-background-meta":{"desktop":{"background-color":"var(--ast-global-color-4)","background-image":"","background-repeat":"repeat","background-position":"center center","background-size":"auto","background-attachment":"scroll","background-type":"","background-media":"","overlay-type":"","overlay-color":"","overlay-opacity":"","overlay-gradient":""},"tablet":{"background-color":"","background-image":"","background-repeat":"repeat","background-position":"center center","background-size":"auto","background-attachment":"scroll","background-type":"","background-media":"","overlay-type":"","overlay-color":"","overlay-opacity":"","overlay-gradient":""},"mobile":{"background-color":"","background-image":"","background-repeat":"repeat","background-position":"center center","background-size":"auto","background-attachment":"scroll","background-type":"","background-media":"","overlay-type":"","overlay-color":"","overlay-opacity":"","overlay-gradient":""}},"ast-content-background-meta":{"desktop":{"background-color":"var(--ast-global-color-5)","background-image":"","background-repeat":"repeat","background-position":"center center","background-size":"auto","background-attachment":"scroll","background-type":"","background-media":"","overlay-type":"","overlay-color":"","overlay-opacity":"","overlay-gradient":""},"tablet":{"background-color":"var(--ast-global-color-5)","background-image":"","background-repeat":"repeat","background-position":"center center","background-size":"auto","background-attachment":"scroll","background-type":"","background-media":"","overlay-type":"","overlay-color":"","overlay-opacity":"","overlay-gradient":""},"mobile":{"background-color":"var(--ast-global-color-5)","background-image":"","background-repeat":"repeat","background-position":"center center","background-size":"auto","background-attachment":"scroll","background-type":"","background-media":"","overlay-type":"","overlay-color":"","overlay-opacity":"","overlay-gradient":""}},"footnotes":""},"yoast_head":"<!-- This site is optimized with the Yoast SEO plugin v23.8 - https:\/\/yoast.com\/wordpress\/plugins\/seo\/ -->\n<title>Cuchillas de plato circular y bandas inferior - Marcon Soluciones Para Impresores<\/title>\n<meta name=\"robots\" content=\"index, follow, max-snippet:-1, max-image-preview:large, max-video-preview:-1\" \/>\n<link rel=\"canonical\" href=\"https:\/\/marcon-services.com\/inicio\/cuchillas-de-plato-circular-y-bandas-inferiore\/\" \/>\n<meta property=\"og:locale\" content=\"es_MX\" \/>\n<meta property=\"og:type\" content=\"article\" \/>\n<meta property=\"og:title\" content=\"Cuchillas de plato circular y bandas inferior - Marcon Soluciones Para Impresores\" \/>\n<meta property=\"og:description\" content=\"Producimos cuchillas de plato circular TKM y bandas inferiores para los siguientes fabricantes de m\u00e1quinas: \u2714 Kampf \u2714 G\u00f6bel y otros &nbsp; La gama de productos tambi\u00e9n incluye cuchillos de plato circular y bandas inferiores en varias ejecuciones, configuraciones de bisel y diferentes calidades de superficie. Cuchillos de plato circular Cuchillos de plato circular\" \/>\n<meta property=\"og:url\" content=\"https:\/\/marcon-services.com\/inicio\/cuchillas-de-plato-circular-y-bandas-inferiore\/\" \/>\n<meta property=\"og:site_name\" content=\"Marcon Soluciones Para Impresores\" \/>\n<meta property=\"article:modified_time\" content=\"2024-06-12T01:53:20+00:00\" \/>\n<meta property=\"og:image\" content=\"https:\/\/marcon-services.com\/wp-content\/uploads\/2021\/06\/cuchillascirculares.png\" \/>\n\t<meta property=\"og:image:width\" content=\"800\" \/>\n\t<meta property=\"og:image:height\" content=\"375\" \/>\n\t<meta property=\"og:image:type\" content=\"image\/png\" \/>\n<meta name=\"twitter:card\" content=\"summary_large_image\" \/>\n<script type=\"application\/ld+json\" class=\"yoast-schema-graph\">{\"@context\":\"https:\/\/schema.org\",\"@graph\":[{\"@type\":\"WebPage\",\"@id\":\"https:\/\/marcon-services.com\/inicio\/cuchillas-de-plato-circular-y-bandas-inferiore\/\",\"url\":\"https:\/\/marcon-services.com\/inicio\/cuchillas-de-plato-circular-y-bandas-inferiore\/\",\"name\":\"Cuchillas de plato circular y bandas inferior - Marcon Soluciones Para Impresores\",\"isPartOf\":{\"@id\":\"https:\/\/marcon-services.com\/inicio\/#website\"},\"primaryImageOfPage\":{\"@id\":\"https:\/\/marcon-services.com\/inicio\/cuchillas-de-plato-circular-y-bandas-inferiore\/#primaryimage\"},\"image\":{\"@id\":\"https:\/\/marcon-services.com\/inicio\/cuchillas-de-plato-circular-y-bandas-inferiore\/#primaryimage\"},\"thumbnailUrl\":\"https:\/\/marcon-services.com\/wp-content\/uploads\/2021\/06\/cuchillascirculares.png\",\"datePublished\":\"2021-06-18T12:37:48+00:00\",\"dateModified\":\"2024-06-12T01:53:20+00:00\",\"breadcrumb\":{\"@id\":\"https:\/\/marcon-services.com\/inicio\/cuchillas-de-plato-circular-y-bandas-inferiore\/#breadcrumb\"},\"inLanguage\":\"es\",\"potentialAction\":[{\"@type\":\"ReadAction\",\"target\":[\"https:\/\/marcon-services.com\/inicio\/cuchillas-de-plato-circular-y-bandas-inferiore\/\"]}]},{\"@type\":\"ImageObject\",\"inLanguage\":\"es\",\"@id\":\"https:\/\/marcon-services.com\/inicio\/cuchillas-de-plato-circular-y-bandas-inferiore\/#primaryimage\",\"url\":\"https:\/\/marcon-services.com\/wp-content\/uploads\/2021\/06\/cuchillascirculares.png\",\"contentUrl\":\"https:\/\/marcon-services.com\/wp-content\/uploads\/2021\/06\/cuchillascirculares.png\",\"width\":800,\"height\":375,\"caption\":\"cuchillas plato circular y banda inferior\"},{\"@type\":\"BreadcrumbList\",\"@id\":\"https:\/\/marcon-services.com\/inicio\/cuchillas-de-plato-circular-y-bandas-inferiore\/#breadcrumb\",\"itemListElement\":[{\"@type\":\"ListItem\",\"position\":1,\"name\":\"Inicio\",\"item\":\"https:\/\/marcon-services.com\/inicio\/\"},{\"@type\":\"ListItem\",\"position\":2,\"name\":\"Cuchillas de plato circular y bandas inferior\"}]},{\"@type\":\"WebSite\",\"@id\":\"https:\/\/marcon-services.com\/inicio\/#website\",\"url\":\"https:\/\/marcon-services.com\/inicio\/\",\"name\":\"Marcon Soluciones Para Impresores\",\"description\":\"Somos una empresa din\u00e1mica fundada en el 2006 enfocada a la industria gr\u00e1fica, pl\u00e1stica, rotograbado, textil y de empaque.  En MARCON representamos y distribuimos oficialmente en M\u00e9xico y Latinoam\u00e9rica marcas l\u00edderes en el mercado de impresi\u00f3n y pl\u00e1stico.\",\"publisher\":{\"@id\":\"https:\/\/marcon-services.com\/inicio\/#organization\"},\"potentialAction\":[{\"@type\":\"SearchAction\",\"target\":{\"@type\":\"EntryPoint\",\"urlTemplate\":\"https:\/\/marcon-services.com\/inicio\/?s={search_term_string}\"},\"query-input\":{\"@type\":\"PropertyValueSpecification\",\"valueRequired\":true,\"valueName\":\"search_term_string\"}}],\"inLanguage\":\"es\"},{\"@type\":\"Organization\",\"@id\":\"https:\/\/marcon-services.com\/inicio\/#organization\",\"name\":\"Marcon Soluciones Para Impresores\",\"url\":\"https:\/\/marcon-services.com\/inicio\/\",\"logo\":{\"@type\":\"ImageObject\",\"inLanguage\":\"es\",\"@id\":\"https:\/\/marcon-services.com\/inicio\/#\/schema\/logo\/image\/\",\"url\":\"https:\/\/marcon-services.com\/wp-content\/uploads\/2021\/10\/LOGO-marcon-soluciones-sin-fondo-1.png\",\"contentUrl\":\"https:\/\/marcon-services.com\/wp-content\/uploads\/2021\/10\/LOGO-marcon-soluciones-sin-fondo-1.png\",\"width\":2872,\"height\":805,\"caption\":\"Marcon Soluciones Para Impresores\"},\"image\":{\"@id\":\"https:\/\/marcon-services.com\/inicio\/#\/schema\/logo\/image\/\"}}]}<\/script>\n<!-- \/ Yoast SEO plugin. -->","yoast_head_json":{"title":"Cuchillas de plato circular y bandas inferior - Marcon Soluciones Para Impresores","robots":{"index":"index","follow":"follow","max-snippet":"max-snippet:-1","max-image-preview":"max-image-preview:large","max-video-preview":"max-video-preview:-1"},"canonical":"https:\/\/marcon-services.com\/inicio\/cuchillas-de-plato-circular-y-bandas-inferiore\/","og_locale":"es_MX","og_type":"article","og_title":"Cuchillas de plato circular y bandas inferior - Marcon Soluciones Para Impresores","og_description":"Producimos cuchillas de plato circular TKM y bandas inferiores para los siguientes fabricantes de m\u00e1quinas: \u2714 Kampf \u2714 G\u00f6bel y otros &nbsp; La gama de productos tambi\u00e9n incluye cuchillos de plato circular y bandas inferiores en varias ejecuciones, configuraciones de bisel y diferentes calidades de superficie. Cuchillos de plato circular Cuchillos de plato circular","og_url":"https:\/\/marcon-services.com\/inicio\/cuchillas-de-plato-circular-y-bandas-inferiore\/","og_site_name":"Marcon Soluciones Para Impresores","article_modified_time":"2024-06-12T01:53:20+00:00","og_image":[{"width":800,"height":375,"url":"https:\/\/marcon-services.com\/wp-content\/uploads\/2021\/06\/cuchillascirculares.png","type":"image\/png"}],"twitter_card":"summary_large_image","schema":{"@context":"https:\/\/schema.org","@graph":[{"@type":"WebPage","@id":"https:\/\/marcon-services.com\/inicio\/cuchillas-de-plato-circular-y-bandas-inferiore\/","url":"https:\/\/marcon-services.com\/inicio\/cuchillas-de-plato-circular-y-bandas-inferiore\/","name":"Cuchillas de plato circular y bandas inferior - Marcon Soluciones Para Impresores","isPartOf":{"@id":"https:\/\/marcon-services.com\/inicio\/#website"},"primaryImageOfPage":{"@id":"https:\/\/marcon-services.com\/inicio\/cuchillas-de-plato-circular-y-bandas-inferiore\/#primaryimage"},"image":{"@id":"https:\/\/marcon-services.com\/inicio\/cuchillas-de-plato-circular-y-bandas-inferiore\/#primaryimage"},"thumbnailUrl":"https:\/\/marcon-services.com\/wp-content\/uploads\/2021\/06\/cuchillascirculares.png","datePublished":"2021-06-18T12:37:48+00:00","dateModified":"2024-06-12T01:53:20+00:00","breadcrumb":{"@id":"https:\/\/marcon-services.com\/inicio\/cuchillas-de-plato-circular-y-bandas-inferiore\/#breadcrumb"},"inLanguage":"es","potentialAction":[{"@type":"ReadAction","target":["https:\/\/marcon-services.com\/inicio\/cuchillas-de-plato-circular-y-bandas-inferiore\/"]}]},{"@type":"ImageObject","inLanguage":"es","@id":"https:\/\/marcon-services.com\/inicio\/cuchillas-de-plato-circular-y-bandas-inferiore\/#primaryimage","url":"https:\/\/marcon-services.com\/wp-content\/uploads\/2021\/06\/cuchillascirculares.png","contentUrl":"https:\/\/marcon-services.com\/wp-content\/uploads\/2021\/06\/cuchillascirculares.png","width":800,"height":375,"caption":"cuchillas plato circular y banda inferior"},{"@type":"BreadcrumbList","@id":"https:\/\/marcon-services.com\/inicio\/cuchillas-de-plato-circular-y-bandas-inferiore\/#breadcrumb","itemListElement":[{"@type":"ListItem","position":1,"name":"Inicio","item":"https:\/\/marcon-services.com\/inicio\/"},{"@type":"ListItem","position":2,"name":"Cuchillas de plato circular y bandas inferior"}]},{"@type":"WebSite","@id":"https:\/\/marcon-services.com\/inicio\/#website","url":"https:\/\/marcon-services.com\/inicio\/","name":"Marcon Soluciones Para Impresores","description":"Somos una empresa din\u00e1mica fundada en el 2006 enfocada a la industria gr\u00e1fica, pl\u00e1stica, rotograbado, textil y de empaque.  En MARCON representamos y distribuimos oficialmente en M\u00e9xico y Latinoam\u00e9rica marcas l\u00edderes en el mercado de impresi\u00f3n y pl\u00e1stico.","publisher":{"@id":"https:\/\/marcon-services.com\/inicio\/#organization"},"potentialAction":[{"@type":"SearchAction","target":{"@type":"EntryPoint","urlTemplate":"https:\/\/marcon-services.com\/inicio\/?s={search_term_string}"},"query-input":{"@type":"PropertyValueSpecification","valueRequired":true,"valueName":"search_term_string"}}],"inLanguage":"es"},{"@type":"Organization","@id":"https:\/\/marcon-services.com\/inicio\/#organization","name":"Marcon Soluciones Para Impresores","url":"https:\/\/marcon-services.com\/inicio\/","logo":{"@type":"ImageObject","inLanguage":"es","@id":"https:\/\/marcon-services.com\/inicio\/#\/schema\/logo\/image\/","url":"https:\/\/marcon-services.com\/wp-content\/uploads\/2021\/10\/LOGO-marcon-soluciones-sin-fondo-1.png","contentUrl":"https:\/\/marcon-services.com\/wp-content\/uploads\/2021\/10\/LOGO-marcon-soluciones-sin-fondo-1.png","width":2872,"height":805,"caption":"Marcon Soluciones Para Impresores"},"image":{"@id":"https:\/\/marcon-services.com\/inicio\/#\/schema\/logo\/image\/"}}]}},"uagb_featured_image_src":{"full":["https:\/\/marcon-services.com\/wp-content\/uploads\/2021\/06\/cuchillascirculares.png",800,375,false],"thumbnail":["https:\/\/marcon-services.com\/wp-content\/uploads\/2021\/06\/cuchillascirculares-150x150.png",150,150,true],"medium":["https:\/\/marcon-services.com\/wp-content\/uploads\/2021\/06\/cuchillascirculares-300x141.png",300,141,true],"medium_large":["https:\/\/marcon-services.com\/wp-content\/uploads\/2021\/06\/cuchillascirculares-768x360.png",768,360,true],"large":["https:\/\/marcon-services.com\/wp-content\/uploads\/2021\/06\/cuchillascirculares.png",800,375,false],"1536x1536":["https:\/\/marcon-services.com\/wp-content\/uploads\/2021\/06\/cuchillascirculares.png",800,375,false],"2048x2048":["https:\/\/marcon-services.com\/wp-content\/uploads\/2021\/06\/cuchillascirculares.png",800,375,false],"trp-custom-language-flag":["https:\/\/marcon-services.com\/wp-content\/uploads\/2021\/06\/cuchillascirculares.png",18,8,false]},"uagb_author_info":{"display_name":"marcons-web","author_link":"https:\/\/marcon-services.com\/inicio\/author\/osvaldo\/"},"uagb_comment_info":0,"uagb_excerpt":"Producimos cuchillas de plato circular TKM y bandas inferiores para los siguientes fabricantes de m\u00e1quinas: \u2714 Kampf \u2714 G\u00f6bel y otros &nbsp; La gama de productos tambi\u00e9n incluye cuchillos de plato circular y bandas inferiores en varias ejecuciones, configuraciones de bisel y diferentes calidades de superficie. Cuchillos de plato circular Cuchillos de plato circular","_links":{"self":[{"href":"https:\/\/marcon-services.com\/inicio\/wp-json\/wp\/v2\/pages\/1159"}],"collection":[{"href":"https:\/\/marcon-services.com\/inicio\/wp-json\/wp\/v2\/pages"}],"about":[{"href":"https:\/\/marcon-services.com\/inicio\/wp-json\/wp\/v2\/types\/page"}],"author":[{"embeddable":true,"href":"https:\/\/marcon-services.com\/inicio\/wp-json\/wp\/v2\/users\/2"}],"replies":[{"embeddable":true,"href":"https:\/\/marcon-services.com\/inicio\/wp-json\/wp\/v2\/comments?post=1159"}],"version-history":[{"count":7,"href":"https:\/\/marcon-services.com\/inicio\/wp-json\/wp\/v2\/pages\/1159\/revisions"}],"predecessor-version":[{"id":2422,"href":"https:\/\/marcon-services.com\/inicio\/wp-json\/wp\/v2\/pages\/1159\/revisions\/2422"}],"wp:featuredmedia":[{"embeddable":true,"href":"https:\/\/marcon-services.com\/inicio\/wp-json\/wp\/v2\/media\/1161"}],"wp:attachment":[{"href":"https:\/\/marcon-services.com\/inicio\/wp-json\/wp\/v2\/media?parent=1159"}],"curies":[{"name":"wp","href":"https:\/\/api.w.org\/{rel}","templated":true}]}}