{"id":1181,"date":"2021-06-18T07:30:04","date_gmt":"2021-06-18T13:30:04","guid":{"rendered":"https:\/\/marcon-services.com\/inicio\/?page_id=1181"},"modified":"2024-06-12T16:57:46","modified_gmt":"2024-06-12T22:57:46","slug":"hojas-de-sierra-para-troncos","status":"publish","type":"page","link":"https:\/\/marcon-services.com\/inicio\/hojas-de-sierra-para-troncos\/","title":{"rendered":"Hojas de sierra para troncos"},"content":{"rendered":"\n<div data-aos= \"zoom-in-down\" data-aos-duration=\"400\" data-aos-delay=\"0\" data-aos-easing=\"ease\" data-aos-once=\"true\" class=\"wp-block-uagb-container uagb-block-6b93f9e8 alignfull uagb-is-root-container\"><div class=\"uagb-container-inner-blocks-wrap\">\n<div class=\"wp-block-uagb-container uagb-block-b971588e\">\n<div class=\"wp-block-uagb-container uagb-block-bd7feebe\">\n<figure class=\"wp-block-image size-full\"><img loading=\"lazy\" decoding=\"async\" width=\"1000\" height=\"596\" src=\"https:\/\/marcon-services.com\/wp-content\/uploads\/2021\/06\/cuchillasdesierraparatroncos.png\" alt=\"\" class=\"wp-image-1182\" srcset=\"https:\/\/marcon-services.com\/wp-content\/uploads\/2021\/06\/cuchillasdesierraparatroncos.png 1000w, https:\/\/marcon-services.com\/wp-content\/uploads\/2021\/06\/cuchillasdesierraparatroncos-300x179.png 300w, https:\/\/marcon-services.com\/wp-content\/uploads\/2021\/06\/cuchillasdesierraparatroncos-768x458.png 768w\" sizes=\"(max-width: 1000px) 100vw, 1000px\" \/><\/figure>\n<\/div>\n\n\n\n<div class=\"wp-block-uagb-container uagb-block-25feaea3\">\n<h1 class=\"tw-mb-6\">Hojas de sierra para troncos<\/h1>\n<div class=\"richtext-box big-typo\">\n<p>Hojas para todas las m\u00e1quinas de sierra de troncos existentes, por ejemplo:<\/p>\n<table border=\"1\" cellpadding=\"4\">\n<tbody>\n<tr>\n<td>\u2714 Fabio Perini<\/td>\n<td>\u2714 PCMC<\/td>\n<\/tr>\n<tr>\n<td>\u2714 Futura<\/td>\n<td>\u2714 CMG (Gambini)<\/td>\n<\/tr>\n<tr>\n<td>\u2714 Kawanoe Zoki<\/td>\n<td>\u2714 Bretting<\/td>\n<\/tr>\n<tr>\n<td>\u2714 Bao Suo<\/td>\n<td>\u2714 Dechangyu<\/td>\n<\/tr>\n<tr>\n<td>\u2714 MTC<\/td>\n<td>\u00a0y otros<\/td>\n<\/tr>\n<\/tbody>\n<\/table>\n<p>Beneficios:<\/p>\n<ul>\n<li>Desviaci\u00f3n lateral 25% por debajo de la tolerancia OEM<\/li>\n<li>Producci\u00f3n completamente autom\u00e1tica<\/li>\n<li>Tratamiento t\u00e9rmico interno<\/li>\n<li>Cada cuchillo individual trazable<\/li>\n<\/ul>\n<\/div>\n<\/div>\n<\/div>\n\n\n\n<div class=\"wp-block-uagb-container uagb-block-747fd638\">\n<h3 class=\"info-text-box-title md:tw-pl-8\">Hojas de sierra para troncos TKM con revestimiento exclusivo<\/h3>\n<div class=\"richtext-box big-typo\">\n<p>La fricci\u00f3n entre la cuchilla y los rollos de papel higi\u00e9nico (especialmente los rollos AFH) calienta la cuchilla considerablemente.<br \/>TKM ha desarrollado un recubrimiento especial a base de metal que reduce significativamente la fricci\u00f3n entre la cuchilla y el rollo de papel.\u00a0Adem\u00e1s, hace que la hoja sea m\u00e1s r\u00edgida.<\/p>\n<p><strong>Beneficios:<\/strong><br \/>\u2714 Mayor productividad de la m\u00e1quina<br \/>\u2714 Mayor calidad de corte<\/p>\n<p>El desarrollo de calor relacionado con la LogSaw es una de las dificultades que se presentan con mayor frecuencia.<br \/>Vale la pena echar un vistazo a nuestro &#8220;Cat\u00e1logo de resoluci\u00f3n de problemas&#8221;.<\/p>\n<\/div>\n<\/div>\n<\/div><\/div>\n","protected":false},"excerpt":{"rendered":"<p>Hojas de sierra para troncos Hojas para todas las m\u00e1quinas de sierra de troncos existentes, por ejemplo: \u2714 Fabio Perini \u2714 PCMC \u2714 Futura \u2714 CMG (Gambini) \u2714 Kawanoe Zoki \u2714 Bretting \u2714 Bao Suo \u2714 Dechangyu \u2714 MTC \u00a0y otros Beneficios: Desviaci\u00f3n lateral 25% por debajo de la tolerancia OEM Producci\u00f3n completamente autom\u00e1tica Tratamiento [&hellip;]<\/p>\n","protected":false},"author":2,"featured_media":1182,"parent":0,"menu_order":0,"comment_status":"closed","ping_status":"closed","template":"","meta":{"_uag_custom_page_level_css":"","site-sidebar-layout":"no-sidebar","site-content-layout":"plain-container","ast-site-content-layout":"normal-width-container","site-content-style":"unboxed","site-sidebar-style":"unboxed","ast-global-header-display":"","ast-banner-title-visibility":"","ast-main-header-display":"","ast-hfb-above-header-display":"","ast-hfb-below-header-display":"","ast-hfb-mobile-header-display":"","site-post-title":"disabled","ast-breadcrumbs-content":"","ast-featured-img":"disabled","footer-sml-layout":"","theme-transparent-header-meta":"default","adv-header-id-meta":"","stick-header-meta":"","header-above-stick-meta":"","header-main-stick-meta":"","header-below-stick-meta":"","astra-migrate-meta-layouts":"set","ast-page-background-enabled":"default","ast-page-background-meta":{"desktop":{"background-color":"var(--ast-global-color-4)","background-image":"","background-repeat":"repeat","background-position":"center center","background-size":"auto","background-attachment":"scroll","background-type":"","background-media":"","overlay-type":"","overlay-color":"","overlay-opacity":"","overlay-gradient":""},"tablet":{"background-color":"","background-image":"","background-repeat":"repeat","background-position":"center center","background-size":"auto","background-attachment":"scroll","background-type":"","background-media":"","overlay-type":"","overlay-color":"","overlay-opacity":"","overlay-gradient":""},"mobile":{"background-color":"","background-image":"","background-repeat":"repeat","background-position":"center center","background-size":"auto","background-attachment":"scroll","background-type":"","background-media":"","overlay-type":"","overlay-color":"","overlay-opacity":"","overlay-gradient":""}},"ast-content-background-meta":{"desktop":{"background-color":"var(--ast-global-color-5)","background-image":"","background-repeat":"repeat","background-position":"center center","background-size":"auto","background-attachment":"scroll","background-type":"","background-media":"","overlay-type":"","overlay-color":"","overlay-opacity":"","overlay-gradient":""},"tablet":{"background-color":"var(--ast-global-color-5)","background-image":"","background-repeat":"repeat","background-position":"center center","background-size":"auto","background-attachment":"scroll","background-type":"","background-media":"","overlay-type":"","overlay-color":"","overlay-opacity":"","overlay-gradient":""},"mobile":{"background-color":"var(--ast-global-color-5)","background-image":"","background-repeat":"repeat","background-position":"center center","background-size":"auto","background-attachment":"scroll","background-type":"","background-media":"","overlay-type":"","overlay-color":"","overlay-opacity":"","overlay-gradient":""}},"footnotes":""},"yoast_head":"<!-- This site is optimized with the Yoast SEO plugin v23.8 - https:\/\/yoast.com\/wordpress\/plugins\/seo\/ -->\n<title>Hojas de sierra para troncos - Marcon Soluciones Para Impresores<\/title>\n<meta name=\"robots\" content=\"index, follow, max-snippet:-1, max-image-preview:large, max-video-preview:-1\" \/>\n<link rel=\"canonical\" href=\"https:\/\/marcon-services.com\/inicio\/hojas-de-sierra-para-troncos\/\" \/>\n<meta property=\"og:locale\" content=\"es_MX\" \/>\n<meta property=\"og:type\" content=\"article\" \/>\n<meta property=\"og:title\" content=\"Hojas de sierra para troncos - Marcon Soluciones Para Impresores\" \/>\n<meta property=\"og:description\" content=\"Hojas de sierra para troncos Hojas para todas las m\u00e1quinas de sierra de troncos existentes, por ejemplo: \u2714 Fabio Perini \u2714 PCMC \u2714 Futura \u2714 CMG (Gambini) \u2714 Kawanoe Zoki \u2714 Bretting \u2714 Bao Suo \u2714 Dechangyu \u2714 MTC \u00a0y otros Beneficios: Desviaci\u00f3n lateral 25% por debajo de la tolerancia OEM Producci\u00f3n completamente autom\u00e1tica Tratamiento [&hellip;]\" \/>\n<meta property=\"og:url\" content=\"https:\/\/marcon-services.com\/inicio\/hojas-de-sierra-para-troncos\/\" \/>\n<meta property=\"og:site_name\" content=\"Marcon Soluciones Para Impresores\" \/>\n<meta property=\"article:modified_time\" content=\"2024-06-12T22:57:46+00:00\" \/>\n<meta property=\"og:image\" content=\"https:\/\/marcon-services.com\/wp-content\/uploads\/2021\/06\/cuchillasdesierraparatroncos.png\" \/>\n\t<meta property=\"og:image:width\" content=\"1000\" \/>\n\t<meta property=\"og:image:height\" content=\"596\" \/>\n\t<meta property=\"og:image:type\" content=\"image\/png\" \/>\n<meta name=\"twitter:card\" content=\"summary_large_image\" \/>\n<meta name=\"twitter:label1\" content=\"Tiempo de lectura\" \/>\n\t<meta name=\"twitter:data1\" content=\"1 minuto\" \/>\n<script type=\"application\/ld+json\" class=\"yoast-schema-graph\">{\"@context\":\"https:\/\/schema.org\",\"@graph\":[{\"@type\":\"WebPage\",\"@id\":\"https:\/\/marcon-services.com\/inicio\/hojas-de-sierra-para-troncos\/\",\"url\":\"https:\/\/marcon-services.com\/inicio\/hojas-de-sierra-para-troncos\/\",\"name\":\"Hojas de sierra para troncos - Marcon Soluciones Para Impresores\",\"isPartOf\":{\"@id\":\"https:\/\/marcon-services.com\/inicio\/#website\"},\"primaryImageOfPage\":{\"@id\":\"https:\/\/marcon-services.com\/inicio\/hojas-de-sierra-para-troncos\/#primaryimage\"},\"image\":{\"@id\":\"https:\/\/marcon-services.com\/inicio\/hojas-de-sierra-para-troncos\/#primaryimage\"},\"thumbnailUrl\":\"https:\/\/marcon-services.com\/wp-content\/uploads\/2021\/06\/cuchillasdesierraparatroncos.png\",\"datePublished\":\"2021-06-18T13:30:04+00:00\",\"dateModified\":\"2024-06-12T22:57:46+00:00\",\"breadcrumb\":{\"@id\":\"https:\/\/marcon-services.com\/inicio\/hojas-de-sierra-para-troncos\/#breadcrumb\"},\"inLanguage\":\"es\",\"potentialAction\":[{\"@type\":\"ReadAction\",\"target\":[\"https:\/\/marcon-services.com\/inicio\/hojas-de-sierra-para-troncos\/\"]}]},{\"@type\":\"ImageObject\",\"inLanguage\":\"es\",\"@id\":\"https:\/\/marcon-services.com\/inicio\/hojas-de-sierra-para-troncos\/#primaryimage\",\"url\":\"https:\/\/marcon-services.com\/wp-content\/uploads\/2021\/06\/cuchillasdesierraparatroncos.png\",\"contentUrl\":\"https:\/\/marcon-services.com\/wp-content\/uploads\/2021\/06\/cuchillasdesierraparatroncos.png\",\"width\":1000,\"height\":596},{\"@type\":\"BreadcrumbList\",\"@id\":\"https:\/\/marcon-services.com\/inicio\/hojas-de-sierra-para-troncos\/#breadcrumb\",\"itemListElement\":[{\"@type\":\"ListItem\",\"position\":1,\"name\":\"Inicio\",\"item\":\"https:\/\/marcon-services.com\/inicio\/\"},{\"@type\":\"ListItem\",\"position\":2,\"name\":\"Hojas de sierra para troncos\"}]},{\"@type\":\"WebSite\",\"@id\":\"https:\/\/marcon-services.com\/inicio\/#website\",\"url\":\"https:\/\/marcon-services.com\/inicio\/\",\"name\":\"Marcon Soluciones Para Impresores\",\"description\":\"Somos una empresa din\u00e1mica fundada en el 2006 enfocada a la industria gr\u00e1fica, pl\u00e1stica, rotograbado, textil y de empaque.  En MARCON representamos y distribuimos oficialmente en M\u00e9xico y Latinoam\u00e9rica marcas l\u00edderes en el mercado de impresi\u00f3n y pl\u00e1stico.\",\"publisher\":{\"@id\":\"https:\/\/marcon-services.com\/inicio\/#organization\"},\"potentialAction\":[{\"@type\":\"SearchAction\",\"target\":{\"@type\":\"EntryPoint\",\"urlTemplate\":\"https:\/\/marcon-services.com\/inicio\/?s={search_term_string}\"},\"query-input\":{\"@type\":\"PropertyValueSpecification\",\"valueRequired\":true,\"valueName\":\"search_term_string\"}}],\"inLanguage\":\"es\"},{\"@type\":\"Organization\",\"@id\":\"https:\/\/marcon-services.com\/inicio\/#organization\",\"name\":\"Marcon Soluciones Para Impresores\",\"url\":\"https:\/\/marcon-services.com\/inicio\/\",\"logo\":{\"@type\":\"ImageObject\",\"inLanguage\":\"es\",\"@id\":\"https:\/\/marcon-services.com\/inicio\/#\/schema\/logo\/image\/\",\"url\":\"https:\/\/marcon-services.com\/wp-content\/uploads\/2021\/10\/LOGO-marcon-soluciones-sin-fondo-1.png\",\"contentUrl\":\"https:\/\/marcon-services.com\/wp-content\/uploads\/2021\/10\/LOGO-marcon-soluciones-sin-fondo-1.png\",\"width\":2872,\"height\":805,\"caption\":\"Marcon Soluciones Para Impresores\"},\"image\":{\"@id\":\"https:\/\/marcon-services.com\/inicio\/#\/schema\/logo\/image\/\"}}]}<\/script>\n<!-- \/ Yoast SEO plugin. -->","yoast_head_json":{"title":"Hojas de sierra para troncos - Marcon Soluciones Para Impresores","robots":{"index":"index","follow":"follow","max-snippet":"max-snippet:-1","max-image-preview":"max-image-preview:large","max-video-preview":"max-video-preview:-1"},"canonical":"https:\/\/marcon-services.com\/inicio\/hojas-de-sierra-para-troncos\/","og_locale":"es_MX","og_type":"article","og_title":"Hojas de sierra para troncos - Marcon Soluciones Para Impresores","og_description":"Hojas de sierra para troncos Hojas para todas las m\u00e1quinas de sierra de troncos existentes, por ejemplo: \u2714 Fabio Perini \u2714 PCMC \u2714 Futura \u2714 CMG (Gambini) \u2714 Kawanoe Zoki \u2714 Bretting \u2714 Bao Suo \u2714 Dechangyu \u2714 MTC \u00a0y otros Beneficios: Desviaci\u00f3n lateral 25% por debajo de la tolerancia OEM Producci\u00f3n completamente autom\u00e1tica Tratamiento [&hellip;]","og_url":"https:\/\/marcon-services.com\/inicio\/hojas-de-sierra-para-troncos\/","og_site_name":"Marcon Soluciones Para Impresores","article_modified_time":"2024-06-12T22:57:46+00:00","og_image":[{"width":1000,"height":596,"url":"https:\/\/marcon-services.com\/wp-content\/uploads\/2021\/06\/cuchillasdesierraparatroncos.png","type":"image\/png"}],"twitter_card":"summary_large_image","twitter_misc":{"Tiempo de lectura":"1 minuto"},"schema":{"@context":"https:\/\/schema.org","@graph":[{"@type":"WebPage","@id":"https:\/\/marcon-services.com\/inicio\/hojas-de-sierra-para-troncos\/","url":"https:\/\/marcon-services.com\/inicio\/hojas-de-sierra-para-troncos\/","name":"Hojas de sierra para troncos - Marcon Soluciones Para Impresores","isPartOf":{"@id":"https:\/\/marcon-services.com\/inicio\/#website"},"primaryImageOfPage":{"@id":"https:\/\/marcon-services.com\/inicio\/hojas-de-sierra-para-troncos\/#primaryimage"},"image":{"@id":"https:\/\/marcon-services.com\/inicio\/hojas-de-sierra-para-troncos\/#primaryimage"},"thumbnailUrl":"https:\/\/marcon-services.com\/wp-content\/uploads\/2021\/06\/cuchillasdesierraparatroncos.png","datePublished":"2021-06-18T13:30:04+00:00","dateModified":"2024-06-12T22:57:46+00:00","breadcrumb":{"@id":"https:\/\/marcon-services.com\/inicio\/hojas-de-sierra-para-troncos\/#breadcrumb"},"inLanguage":"es","potentialAction":[{"@type":"ReadAction","target":["https:\/\/marcon-services.com\/inicio\/hojas-de-sierra-para-troncos\/"]}]},{"@type":"ImageObject","inLanguage":"es","@id":"https:\/\/marcon-services.com\/inicio\/hojas-de-sierra-para-troncos\/#primaryimage","url":"https:\/\/marcon-services.com\/wp-content\/uploads\/2021\/06\/cuchillasdesierraparatroncos.png","contentUrl":"https:\/\/marcon-services.com\/wp-content\/uploads\/2021\/06\/cuchillasdesierraparatroncos.png","width":1000,"height":596},{"@type":"BreadcrumbList","@id":"https:\/\/marcon-services.com\/inicio\/hojas-de-sierra-para-troncos\/#breadcrumb","itemListElement":[{"@type":"ListItem","position":1,"name":"Inicio","item":"https:\/\/marcon-services.com\/inicio\/"},{"@type":"ListItem","position":2,"name":"Hojas de sierra para troncos"}]},{"@type":"WebSite","@id":"https:\/\/marcon-services.com\/inicio\/#website","url":"https:\/\/marcon-services.com\/inicio\/","name":"Marcon Soluciones Para Impresores","description":"Somos una empresa din\u00e1mica fundada en el 2006 enfocada a la industria gr\u00e1fica, pl\u00e1stica, rotograbado, textil y de empaque.  En MARCON representamos y distribuimos oficialmente en M\u00e9xico y Latinoam\u00e9rica marcas l\u00edderes en el mercado de impresi\u00f3n y pl\u00e1stico.","publisher":{"@id":"https:\/\/marcon-services.com\/inicio\/#organization"},"potentialAction":[{"@type":"SearchAction","target":{"@type":"EntryPoint","urlTemplate":"https:\/\/marcon-services.com\/inicio\/?s={search_term_string}"},"query-input":{"@type":"PropertyValueSpecification","valueRequired":true,"valueName":"search_term_string"}}],"inLanguage":"es"},{"@type":"Organization","@id":"https:\/\/marcon-services.com\/inicio\/#organization","name":"Marcon Soluciones Para Impresores","url":"https:\/\/marcon-services.com\/inicio\/","logo":{"@type":"ImageObject","inLanguage":"es","@id":"https:\/\/marcon-services.com\/inicio\/#\/schema\/logo\/image\/","url":"https:\/\/marcon-services.com\/wp-content\/uploads\/2021\/10\/LOGO-marcon-soluciones-sin-fondo-1.png","contentUrl":"https:\/\/marcon-services.com\/wp-content\/uploads\/2021\/10\/LOGO-marcon-soluciones-sin-fondo-1.png","width":2872,"height":805,"caption":"Marcon Soluciones Para Impresores"},"image":{"@id":"https:\/\/marcon-services.com\/inicio\/#\/schema\/logo\/image\/"}}]}},"uagb_featured_image_src":{"full":["https:\/\/marcon-services.com\/wp-content\/uploads\/2021\/06\/cuchillasdesierraparatroncos.png",1000,596,false],"thumbnail":["https:\/\/marcon-services.com\/wp-content\/uploads\/2021\/06\/cuchillasdesierraparatroncos-150x150.png",150,150,true],"medium":["https:\/\/marcon-services.com\/wp-content\/uploads\/2021\/06\/cuchillasdesierraparatroncos-300x179.png",300,179,true],"medium_large":["https:\/\/marcon-services.com\/wp-content\/uploads\/2021\/06\/cuchillasdesierraparatroncos-768x458.png",768,458,true],"large":["https:\/\/marcon-services.com\/wp-content\/uploads\/2021\/06\/cuchillasdesierraparatroncos.png",1000,596,false],"1536x1536":["https:\/\/marcon-services.com\/wp-content\/uploads\/2021\/06\/cuchillasdesierraparatroncos.png",1000,596,false],"2048x2048":["https:\/\/marcon-services.com\/wp-content\/uploads\/2021\/06\/cuchillasdesierraparatroncos.png",1000,596,false],"trp-custom-language-flag":["https:\/\/marcon-services.com\/wp-content\/uploads\/2021\/06\/cuchillasdesierraparatroncos.png",18,12,false]},"uagb_author_info":{"display_name":"marcons-web","author_link":"https:\/\/marcon-services.com\/inicio\/author\/osvaldo\/"},"uagb_comment_info":0,"uagb_excerpt":"Hojas de sierra para troncos Hojas para todas las m\u00e1quinas de sierra de troncos existentes, por ejemplo: \u2714 Fabio Perini \u2714 PCMC \u2714 Futura \u2714 CMG (Gambini) \u2714 Kawanoe Zoki \u2714 Bretting \u2714 Bao Suo \u2714 Dechangyu \u2714 MTC \u00a0y otros Beneficios: Desviaci\u00f3n lateral 25% por debajo de la tolerancia OEM Producci\u00f3n completamente autom\u00e1tica Tratamiento&hellip;","_links":{"self":[{"href":"https:\/\/marcon-services.com\/inicio\/wp-json\/wp\/v2\/pages\/1181"}],"collection":[{"href":"https:\/\/marcon-services.com\/inicio\/wp-json\/wp\/v2\/pages"}],"about":[{"href":"https:\/\/marcon-services.com\/inicio\/wp-json\/wp\/v2\/types\/page"}],"author":[{"embeddable":true,"href":"https:\/\/marcon-services.com\/inicio\/wp-json\/wp\/v2\/users\/2"}],"replies":[{"embeddable":true,"href":"https:\/\/marcon-services.com\/inicio\/wp-json\/wp\/v2\/comments?post=1181"}],"version-history":[{"count":6,"href":"https:\/\/marcon-services.com\/inicio\/wp-json\/wp\/v2\/pages\/1181\/revisions"}],"predecessor-version":[{"id":2486,"href":"https:\/\/marcon-services.com\/inicio\/wp-json\/wp\/v2\/pages\/1181\/revisions\/2486"}],"wp:featuredmedia":[{"embeddable":true,"href":"https:\/\/marcon-services.com\/inicio\/wp-json\/wp\/v2\/media\/1182"}],"wp:attachment":[{"href":"https:\/\/marcon-services.com\/inicio\/wp-json\/wp\/v2\/media?parent=1181"}],"curies":[{"name":"wp","href":"https:\/\/api.w.org\/{rel}","templated":true}]}}