{"id":1186,"date":"2021-06-18T10:25:04","date_gmt":"2021-06-18T16:25:04","guid":{"rendered":"https:\/\/marcon-services.com\/inicio\/?page_id=1186"},"modified":"2024-06-12T17:12:18","modified_gmt":"2024-06-12T23:12:18","slug":"muelas-abrasivas-cbn","status":"publish","type":"page","link":"https:\/\/marcon-services.com\/inicio\/muelas-abrasivas-cbn\/","title":{"rendered":"Muelas abrasivas CBN"},"content":{"rendered":"\n<div data-aos= \"zoom-in-down\" data-aos-duration=\"400\" data-aos-delay=\"0\" data-aos-easing=\"ease\" data-aos-once=\"true\" class=\"wp-block-uagb-container uagb-block-c177daec alignfull uagb-is-root-container\"><div class=\"uagb-container-inner-blocks-wrap\">\n<div class=\"wp-block-uagb-container uagb-block-7f415c56\">\n<div class=\"wp-block-uagb-container uagb-block-092f9831\">\n<figure class=\"wp-block-image size-full\"><img loading=\"lazy\" decoding=\"async\" width=\"800\" height=\"582\" src=\"https:\/\/marcon-services.com\/wp-content\/uploads\/2021\/06\/muelasabrasivascbn.png\" alt=\"muelas abrasivas cbn\" class=\"wp-image-1187\" srcset=\"https:\/\/marcon-services.com\/wp-content\/uploads\/2021\/06\/muelasabrasivascbn.png 800w, https:\/\/marcon-services.com\/wp-content\/uploads\/2021\/06\/muelasabrasivascbn-300x218.png 300w, https:\/\/marcon-services.com\/wp-content\/uploads\/2021\/06\/muelasabrasivascbn-768x559.png 768w\" sizes=\"(max-width: 800px) 100vw, 800px\" \/><\/figure>\n<\/div>\n\n\n\n<div class=\"wp-block-uagb-container uagb-block-b0da0732\">\n<h1 class=\"tw-mb-6\">Muelas abrasivas CBN<\/h1>\n<div class=\"richtext-box big-typo\">\n<p>Amplia variedad de muelas de CBN, dise\u00f1adas para complementar nuestra hoja de sierra para troncos m\u00e1s dura.<\/p>\n<p>Ofrecemos muelas de CBN de alta calidad para todo tipo de m\u00e1quinas como:<\/p>\n<table border=\"1\" cellpadding=\"4\">\n<tbody>\n<tr>\n<td>\u2714 Fabio Perini<\/td>\n<td>\u2714 PCMC<\/td>\n<\/tr>\n<tr>\n<td>\u2714 Futura<\/td>\n<td>\u2714 CMG (Gambini)<\/td>\n<\/tr>\n<tr>\n<td>\u2714 Kawanoe Zoki<\/td>\n<td>\u2714 Bretting<\/td>\n<\/tr>\n<tr>\n<td>\u2714 Bao Suo<\/td>\n<td>\u2714 Dechangyu<\/td>\n<\/tr>\n<tr>\n<td>\u2714 MTC<\/td>\n<td>y otros<\/td>\n<\/tr>\n<\/tbody>\n<\/table>\n<p>Beneficios:<\/p>\n<ul>\n<li>Producci\u00f3n propia<\/li>\n<li>Soluciones personalizadas<\/li>\n<\/ul>\n<\/div>\n<\/div>\n<\/div>\n\n\n\n<div class=\"wp-block-uagb-container uagb-block-e027f91d\">\n<h3 class=\"info-text-box-title md:tw-pl-8\">Caracter\u00edsticas importantes de las muelas abrasivas TKM CBN<\/h3>\n<div class=\"richtext-box big-typo\">\n<p>\u2714 Las\u00a0muelas abrasivas TKM producen menos chispas<br \/>\u2714 Las\u00a0muelas TKM son m\u00e1s agresivas, por lo que crean bordes de corte m\u00e1s afilados y duraderos<br \/>\u2714 Las\u00a0muelas TKM son menos sensibles a la contaminaci\u00f3n y requieren menos limpieza y preparaci\u00f3n<\/p>\n<\/div>\n<\/div>\n<\/div><\/div>\n","protected":false},"excerpt":{"rendered":"<p>Muelas abrasivas CBN Amplia variedad de muelas de CBN, dise\u00f1adas para complementar nuestra hoja de sierra para troncos m\u00e1s dura. Ofrecemos muelas de CBN de alta calidad para todo tipo de m\u00e1quinas como: \u2714 Fabio Perini \u2714 PCMC \u2714 Futura \u2714 CMG (Gambini) \u2714 Kawanoe Zoki \u2714 Bretting \u2714 Bao Suo \u2714 Dechangyu \u2714 MTC [&hellip;]<\/p>\n","protected":false},"author":2,"featured_media":1187,"parent":0,"menu_order":0,"comment_status":"closed","ping_status":"closed","template":"","meta":{"_uag_custom_page_level_css":"","site-sidebar-layout":"no-sidebar","site-content-layout":"plain-container","ast-site-content-layout":"normal-width-container","site-content-style":"unboxed","site-sidebar-style":"unboxed","ast-global-header-display":"","ast-banner-title-visibility":"","ast-main-header-display":"","ast-hfb-above-header-display":"","ast-hfb-below-header-display":"","ast-hfb-mobile-header-display":"","site-post-title":"disabled","ast-breadcrumbs-content":"","ast-featured-img":"disabled","footer-sml-layout":"","theme-transparent-header-meta":"default","adv-header-id-meta":"","stick-header-meta":"","header-above-stick-meta":"","header-main-stick-meta":"","header-below-stick-meta":"","astra-migrate-meta-layouts":"set","ast-page-background-enabled":"default","ast-page-background-meta":{"desktop":{"background-color":"var(--ast-global-color-4)","background-image":"","background-repeat":"repeat","background-position":"center center","background-size":"auto","background-attachment":"scroll","background-type":"","background-media":"","overlay-type":"","overlay-color":"","overlay-opacity":"","overlay-gradient":""},"tablet":{"background-color":"","background-image":"","background-repeat":"repeat","background-position":"center center","background-size":"auto","background-attachment":"scroll","background-type":"","background-media":"","overlay-type":"","overlay-color":"","overlay-opacity":"","overlay-gradient":""},"mobile":{"background-color":"","background-image":"","background-repeat":"repeat","background-position":"center center","background-size":"auto","background-attachment":"scroll","background-type":"","background-media":"","overlay-type":"","overlay-color":"","overlay-opacity":"","overlay-gradient":""}},"ast-content-background-meta":{"desktop":{"background-color":"var(--ast-global-color-5)","background-image":"","background-repeat":"repeat","background-position":"center center","background-size":"auto","background-attachment":"scroll","background-type":"","background-media":"","overlay-type":"","overlay-color":"","overlay-opacity":"","overlay-gradient":""},"tablet":{"background-color":"var(--ast-global-color-5)","background-image":"","background-repeat":"repeat","background-position":"center center","background-size":"auto","background-attachment":"scroll","background-type":"","background-media":"","overlay-type":"","overlay-color":"","overlay-opacity":"","overlay-gradient":""},"mobile":{"background-color":"var(--ast-global-color-5)","background-image":"","background-repeat":"repeat","background-position":"center center","background-size":"auto","background-attachment":"scroll","background-type":"","background-media":"","overlay-type":"","overlay-color":"","overlay-opacity":"","overlay-gradient":""}},"footnotes":""},"yoast_head":"<!-- This site is optimized with the Yoast SEO plugin v23.8 - https:\/\/yoast.com\/wordpress\/plugins\/seo\/ -->\n<title>Muelas abrasivas CBN - Marcon Soluciones Para Impresores<\/title>\n<meta name=\"robots\" content=\"index, follow, max-snippet:-1, max-image-preview:large, max-video-preview:-1\" \/>\n<link rel=\"canonical\" href=\"https:\/\/marcon-services.com\/inicio\/muelas-abrasivas-cbn\/\" \/>\n<meta property=\"og:locale\" content=\"es_MX\" \/>\n<meta property=\"og:type\" content=\"article\" \/>\n<meta property=\"og:title\" content=\"Muelas abrasivas CBN - Marcon Soluciones Para Impresores\" \/>\n<meta property=\"og:description\" content=\"Muelas abrasivas CBN Amplia variedad de muelas de CBN, dise\u00f1adas para complementar nuestra hoja de sierra para troncos m\u00e1s dura. Ofrecemos muelas de CBN de alta calidad para todo tipo de m\u00e1quinas como: \u2714 Fabio Perini \u2714 PCMC \u2714 Futura \u2714 CMG (Gambini) \u2714 Kawanoe Zoki \u2714 Bretting \u2714 Bao Suo \u2714 Dechangyu \u2714 MTC [&hellip;]\" \/>\n<meta property=\"og:url\" content=\"https:\/\/marcon-services.com\/inicio\/muelas-abrasivas-cbn\/\" \/>\n<meta property=\"og:site_name\" content=\"Marcon Soluciones Para Impresores\" \/>\n<meta property=\"article:modified_time\" content=\"2024-06-12T23:12:18+00:00\" \/>\n<meta property=\"og:image\" content=\"https:\/\/marcon-services.com\/wp-content\/uploads\/2021\/06\/muelasabrasivascbn.png\" \/>\n\t<meta property=\"og:image:width\" content=\"800\" \/>\n\t<meta property=\"og:image:height\" content=\"582\" \/>\n\t<meta property=\"og:image:type\" content=\"image\/png\" \/>\n<meta name=\"twitter:card\" content=\"summary_large_image\" \/>\n<meta name=\"twitter:label1\" content=\"Tiempo de lectura\" \/>\n\t<meta name=\"twitter:data1\" content=\"1 minuto\" \/>\n<script type=\"application\/ld+json\" class=\"yoast-schema-graph\">{\"@context\":\"https:\/\/schema.org\",\"@graph\":[{\"@type\":\"WebPage\",\"@id\":\"https:\/\/marcon-services.com\/inicio\/muelas-abrasivas-cbn\/\",\"url\":\"https:\/\/marcon-services.com\/inicio\/muelas-abrasivas-cbn\/\",\"name\":\"Muelas abrasivas CBN - Marcon Soluciones Para Impresores\",\"isPartOf\":{\"@id\":\"https:\/\/marcon-services.com\/inicio\/#website\"},\"primaryImageOfPage\":{\"@id\":\"https:\/\/marcon-services.com\/inicio\/muelas-abrasivas-cbn\/#primaryimage\"},\"image\":{\"@id\":\"https:\/\/marcon-services.com\/inicio\/muelas-abrasivas-cbn\/#primaryimage\"},\"thumbnailUrl\":\"https:\/\/marcon-services.com\/wp-content\/uploads\/2021\/06\/muelasabrasivascbn.png\",\"datePublished\":\"2021-06-18T16:25:04+00:00\",\"dateModified\":\"2024-06-12T23:12:18+00:00\",\"breadcrumb\":{\"@id\":\"https:\/\/marcon-services.com\/inicio\/muelas-abrasivas-cbn\/#breadcrumb\"},\"inLanguage\":\"es\",\"potentialAction\":[{\"@type\":\"ReadAction\",\"target\":[\"https:\/\/marcon-services.com\/inicio\/muelas-abrasivas-cbn\/\"]}]},{\"@type\":\"ImageObject\",\"inLanguage\":\"es\",\"@id\":\"https:\/\/marcon-services.com\/inicio\/muelas-abrasivas-cbn\/#primaryimage\",\"url\":\"https:\/\/marcon-services.com\/wp-content\/uploads\/2021\/06\/muelasabrasivascbn.png\",\"contentUrl\":\"https:\/\/marcon-services.com\/wp-content\/uploads\/2021\/06\/muelasabrasivascbn.png\",\"width\":800,\"height\":582,\"caption\":\"muelas abrasivas cbn\"},{\"@type\":\"BreadcrumbList\",\"@id\":\"https:\/\/marcon-services.com\/inicio\/muelas-abrasivas-cbn\/#breadcrumb\",\"itemListElement\":[{\"@type\":\"ListItem\",\"position\":1,\"name\":\"Inicio\",\"item\":\"https:\/\/marcon-services.com\/inicio\/\"},{\"@type\":\"ListItem\",\"position\":2,\"name\":\"Muelas abrasivas CBN\"}]},{\"@type\":\"WebSite\",\"@id\":\"https:\/\/marcon-services.com\/inicio\/#website\",\"url\":\"https:\/\/marcon-services.com\/inicio\/\",\"name\":\"Marcon Soluciones Para Impresores\",\"description\":\"Somos una empresa din\u00e1mica fundada en el 2006 enfocada a la industria gr\u00e1fica, pl\u00e1stica, rotograbado, textil y de empaque.  En MARCON representamos y distribuimos oficialmente en M\u00e9xico y Latinoam\u00e9rica marcas l\u00edderes en el mercado de impresi\u00f3n y pl\u00e1stico.\",\"publisher\":{\"@id\":\"https:\/\/marcon-services.com\/inicio\/#organization\"},\"potentialAction\":[{\"@type\":\"SearchAction\",\"target\":{\"@type\":\"EntryPoint\",\"urlTemplate\":\"https:\/\/marcon-services.com\/inicio\/?s={search_term_string}\"},\"query-input\":{\"@type\":\"PropertyValueSpecification\",\"valueRequired\":true,\"valueName\":\"search_term_string\"}}],\"inLanguage\":\"es\"},{\"@type\":\"Organization\",\"@id\":\"https:\/\/marcon-services.com\/inicio\/#organization\",\"name\":\"Marcon Soluciones Para Impresores\",\"url\":\"https:\/\/marcon-services.com\/inicio\/\",\"logo\":{\"@type\":\"ImageObject\",\"inLanguage\":\"es\",\"@id\":\"https:\/\/marcon-services.com\/inicio\/#\/schema\/logo\/image\/\",\"url\":\"https:\/\/marcon-services.com\/wp-content\/uploads\/2021\/10\/LOGO-marcon-soluciones-sin-fondo-1.png\",\"contentUrl\":\"https:\/\/marcon-services.com\/wp-content\/uploads\/2021\/10\/LOGO-marcon-soluciones-sin-fondo-1.png\",\"width\":2872,\"height\":805,\"caption\":\"Marcon Soluciones Para Impresores\"},\"image\":{\"@id\":\"https:\/\/marcon-services.com\/inicio\/#\/schema\/logo\/image\/\"}}]}<\/script>\n<!-- \/ Yoast SEO plugin. -->","yoast_head_json":{"title":"Muelas abrasivas CBN - Marcon Soluciones Para Impresores","robots":{"index":"index","follow":"follow","max-snippet":"max-snippet:-1","max-image-preview":"max-image-preview:large","max-video-preview":"max-video-preview:-1"},"canonical":"https:\/\/marcon-services.com\/inicio\/muelas-abrasivas-cbn\/","og_locale":"es_MX","og_type":"article","og_title":"Muelas abrasivas CBN - Marcon Soluciones Para Impresores","og_description":"Muelas abrasivas CBN Amplia variedad de muelas de CBN, dise\u00f1adas para complementar nuestra hoja de sierra para troncos m\u00e1s dura. Ofrecemos muelas de CBN de alta calidad para todo tipo de m\u00e1quinas como: \u2714 Fabio Perini \u2714 PCMC \u2714 Futura \u2714 CMG (Gambini) \u2714 Kawanoe Zoki \u2714 Bretting \u2714 Bao Suo \u2714 Dechangyu \u2714 MTC [&hellip;]","og_url":"https:\/\/marcon-services.com\/inicio\/muelas-abrasivas-cbn\/","og_site_name":"Marcon Soluciones Para Impresores","article_modified_time":"2024-06-12T23:12:18+00:00","og_image":[{"width":800,"height":582,"url":"https:\/\/marcon-services.com\/wp-content\/uploads\/2021\/06\/muelasabrasivascbn.png","type":"image\/png"}],"twitter_card":"summary_large_image","twitter_misc":{"Tiempo de lectura":"1 minuto"},"schema":{"@context":"https:\/\/schema.org","@graph":[{"@type":"WebPage","@id":"https:\/\/marcon-services.com\/inicio\/muelas-abrasivas-cbn\/","url":"https:\/\/marcon-services.com\/inicio\/muelas-abrasivas-cbn\/","name":"Muelas abrasivas CBN - Marcon Soluciones Para Impresores","isPartOf":{"@id":"https:\/\/marcon-services.com\/inicio\/#website"},"primaryImageOfPage":{"@id":"https:\/\/marcon-services.com\/inicio\/muelas-abrasivas-cbn\/#primaryimage"},"image":{"@id":"https:\/\/marcon-services.com\/inicio\/muelas-abrasivas-cbn\/#primaryimage"},"thumbnailUrl":"https:\/\/marcon-services.com\/wp-content\/uploads\/2021\/06\/muelasabrasivascbn.png","datePublished":"2021-06-18T16:25:04+00:00","dateModified":"2024-06-12T23:12:18+00:00","breadcrumb":{"@id":"https:\/\/marcon-services.com\/inicio\/muelas-abrasivas-cbn\/#breadcrumb"},"inLanguage":"es","potentialAction":[{"@type":"ReadAction","target":["https:\/\/marcon-services.com\/inicio\/muelas-abrasivas-cbn\/"]}]},{"@type":"ImageObject","inLanguage":"es","@id":"https:\/\/marcon-services.com\/inicio\/muelas-abrasivas-cbn\/#primaryimage","url":"https:\/\/marcon-services.com\/wp-content\/uploads\/2021\/06\/muelasabrasivascbn.png","contentUrl":"https:\/\/marcon-services.com\/wp-content\/uploads\/2021\/06\/muelasabrasivascbn.png","width":800,"height":582,"caption":"muelas abrasivas cbn"},{"@type":"BreadcrumbList","@id":"https:\/\/marcon-services.com\/inicio\/muelas-abrasivas-cbn\/#breadcrumb","itemListElement":[{"@type":"ListItem","position":1,"name":"Inicio","item":"https:\/\/marcon-services.com\/inicio\/"},{"@type":"ListItem","position":2,"name":"Muelas abrasivas CBN"}]},{"@type":"WebSite","@id":"https:\/\/marcon-services.com\/inicio\/#website","url":"https:\/\/marcon-services.com\/inicio\/","name":"Marcon Soluciones Para Impresores","description":"Somos una empresa din\u00e1mica fundada en el 2006 enfocada a la industria gr\u00e1fica, pl\u00e1stica, rotograbado, textil y de empaque.  En MARCON representamos y distribuimos oficialmente en M\u00e9xico y Latinoam\u00e9rica marcas l\u00edderes en el mercado de impresi\u00f3n y pl\u00e1stico.","publisher":{"@id":"https:\/\/marcon-services.com\/inicio\/#organization"},"potentialAction":[{"@type":"SearchAction","target":{"@type":"EntryPoint","urlTemplate":"https:\/\/marcon-services.com\/inicio\/?s={search_term_string}"},"query-input":{"@type":"PropertyValueSpecification","valueRequired":true,"valueName":"search_term_string"}}],"inLanguage":"es"},{"@type":"Organization","@id":"https:\/\/marcon-services.com\/inicio\/#organization","name":"Marcon Soluciones Para Impresores","url":"https:\/\/marcon-services.com\/inicio\/","logo":{"@type":"ImageObject","inLanguage":"es","@id":"https:\/\/marcon-services.com\/inicio\/#\/schema\/logo\/image\/","url":"https:\/\/marcon-services.com\/wp-content\/uploads\/2021\/10\/LOGO-marcon-soluciones-sin-fondo-1.png","contentUrl":"https:\/\/marcon-services.com\/wp-content\/uploads\/2021\/10\/LOGO-marcon-soluciones-sin-fondo-1.png","width":2872,"height":805,"caption":"Marcon Soluciones Para Impresores"},"image":{"@id":"https:\/\/marcon-services.com\/inicio\/#\/schema\/logo\/image\/"}}]}},"uagb_featured_image_src":{"full":["https:\/\/marcon-services.com\/wp-content\/uploads\/2021\/06\/muelasabrasivascbn.png",800,582,false],"thumbnail":["https:\/\/marcon-services.com\/wp-content\/uploads\/2021\/06\/muelasabrasivascbn-150x150.png",150,150,true],"medium":["https:\/\/marcon-services.com\/wp-content\/uploads\/2021\/06\/muelasabrasivascbn-300x218.png",300,218,true],"medium_large":["https:\/\/marcon-services.com\/wp-content\/uploads\/2021\/06\/muelasabrasivascbn-768x559.png",768,559,true],"large":["https:\/\/marcon-services.com\/wp-content\/uploads\/2021\/06\/muelasabrasivascbn.png",800,582,false],"1536x1536":["https:\/\/marcon-services.com\/wp-content\/uploads\/2021\/06\/muelasabrasivascbn.png",800,582,false],"2048x2048":["https:\/\/marcon-services.com\/wp-content\/uploads\/2021\/06\/muelasabrasivascbn.png",800,582,false],"trp-custom-language-flag":["https:\/\/marcon-services.com\/wp-content\/uploads\/2021\/06\/muelasabrasivascbn.png",16,12,false]},"uagb_author_info":{"display_name":"marcons-web","author_link":"https:\/\/marcon-services.com\/inicio\/author\/osvaldo\/"},"uagb_comment_info":0,"uagb_excerpt":"Muelas abrasivas CBN Amplia variedad de muelas de CBN, dise\u00f1adas para complementar nuestra hoja de sierra para troncos m\u00e1s dura. Ofrecemos muelas de CBN de alta calidad para todo tipo de m\u00e1quinas como: \u2714 Fabio Perini \u2714 PCMC \u2714 Futura \u2714 CMG (Gambini) \u2714 Kawanoe Zoki \u2714 Bretting \u2714 Bao Suo \u2714 Dechangyu \u2714 MTC&hellip;","_links":{"self":[{"href":"https:\/\/marcon-services.com\/inicio\/wp-json\/wp\/v2\/pages\/1186"}],"collection":[{"href":"https:\/\/marcon-services.com\/inicio\/wp-json\/wp\/v2\/pages"}],"about":[{"href":"https:\/\/marcon-services.com\/inicio\/wp-json\/wp\/v2\/types\/page"}],"author":[{"embeddable":true,"href":"https:\/\/marcon-services.com\/inicio\/wp-json\/wp\/v2\/users\/2"}],"replies":[{"embeddable":true,"href":"https:\/\/marcon-services.com\/inicio\/wp-json\/wp\/v2\/comments?post=1186"}],"version-history":[{"count":5,"href":"https:\/\/marcon-services.com\/inicio\/wp-json\/wp\/v2\/pages\/1186\/revisions"}],"predecessor-version":[{"id":2490,"href":"https:\/\/marcon-services.com\/inicio\/wp-json\/wp\/v2\/pages\/1186\/revisions\/2490"}],"wp:featuredmedia":[{"embeddable":true,"href":"https:\/\/marcon-services.com\/inicio\/wp-json\/wp\/v2\/media\/1187"}],"wp:attachment":[{"href":"https:\/\/marcon-services.com\/inicio\/wp-json\/wp\/v2\/media?parent=1186"}],"curies":[{"name":"wp","href":"https:\/\/api.w.org\/{rel}","templated":true}]}}