{"id":1201,"date":"2021-06-18T21:11:20","date_gmt":"2021-06-19T03:11:20","guid":{"rendered":"https:\/\/marcon-services.com\/inicio\/?page_id=1201"},"modified":"2024-06-12T17:23:34","modified_gmt":"2024-06-12T23:23:34","slug":"cuchillas-de-embalaje","status":"publish","type":"page","link":"https:\/\/marcon-services.com\/inicio\/cuchillas-de-embalaje\/","title":{"rendered":"Cuchillas de embalaje"},"content":{"rendered":"\n<div data-aos= \"zoom-in-down\" data-aos-duration=\"400\" data-aos-delay=\"0\" data-aos-easing=\"ease\" data-aos-once=\"true\" class=\"wp-block-uagb-container uagb-block-3a39fc60 alignfull uagb-is-root-container\"><div class=\"uagb-container-inner-blocks-wrap\">\n<div class=\"wp-block-uagb-container uagb-block-8dc6769d\">\n<figure class=\"wp-block-image size-full\"><img loading=\"lazy\" decoding=\"async\" width=\"800\" height=\"394\" src=\"https:\/\/marcon-services.com\/wp-content\/uploads\/2021\/06\/cuchillasdeembalaje.png\" alt=\"cuchillas de embalaje\" class=\"wp-image-1202\" srcset=\"https:\/\/marcon-services.com\/wp-content\/uploads\/2021\/06\/cuchillasdeembalaje.png 800w, https:\/\/marcon-services.com\/wp-content\/uploads\/2021\/06\/cuchillasdeembalaje-300x148.png 300w, https:\/\/marcon-services.com\/wp-content\/uploads\/2021\/06\/cuchillasdeembalaje-768x378.png 768w\" sizes=\"(max-width: 800px) 100vw, 800px\" \/><\/figure>\n<\/div>\n\n\n\n<div class=\"wp-block-uagb-container uagb-block-73108931\">\n<h1 class=\"tw-mb-6\">Cuchillos de embalaje<\/h1>\n<div class=\"richtext-box big-typo\">\n<p>Las cuchillas de embalaje est\u00e1n disponibles para las siguientes m\u00e1quinas:<\/p>\n<table border=\"1\" cellpadding=\"4\">\n<tbody>\n<tr>\n<td>\u2714 TMC Casmatic \/ Wrapmatic<\/td>\n<td>\u2714 Amotek<\/td>\n<\/tr>\n<tr>\n<td>\u2714 Optima<\/td>\n<td>\u2714 Senning<\/td>\n<\/tr>\n<tr>\n<td>\u2714 Serv-o-tec<\/td>\n<td>\u2714 Cassoli<\/td>\n<\/tr>\n<tr>\n<td>\u2714 y otros<\/td>\n<\/tr>\n<\/tbody>\n<\/table>\n<div>\u00a0<\/div>\n<div>TKM fabrica todos los cuchillos de acuerdo con la calidad OEM:<\/div>\n<ul>\n<li>Cuchillos largos de bimetal<\/li>\n<li>Cuchillos dentados<\/li>\n<li>Cuchillos sin aserrar<\/li>\n<li>Varios revestimientos<\/li>\n<\/ul>\n<\/div>\n<\/div>\n<\/div><\/div>\n","protected":false},"excerpt":{"rendered":"<p>Cuchillos de embalaje Las cuchillas de embalaje est\u00e1n disponibles para las siguientes m\u00e1quinas: \u2714 TMC Casmatic \/ Wrapmatic \u2714 Amotek \u2714 Optima \u2714 Senning \u2714 Serv-o-tec \u2714 Cassoli \u2714 y otros \u00a0 TKM fabrica todos los cuchillos de acuerdo con la calidad OEM: Cuchillos largos de bimetal Cuchillos dentados Cuchillos sin aserrar Varios revestimientos<\/p>\n","protected":false},"author":2,"featured_media":1202,"parent":0,"menu_order":0,"comment_status":"closed","ping_status":"closed","template":"","meta":{"_uag_custom_page_level_css":"","site-sidebar-layout":"no-sidebar","site-content-layout":"plain-container","ast-site-content-layout":"normal-width-container","site-content-style":"unboxed","site-sidebar-style":"unboxed","ast-global-header-display":"","ast-banner-title-visibility":"","ast-main-header-display":"","ast-hfb-above-header-display":"","ast-hfb-below-header-display":"","ast-hfb-mobile-header-display":"","site-post-title":"disabled","ast-breadcrumbs-content":"","ast-featured-img":"disabled","footer-sml-layout":"","theme-transparent-header-meta":"default","adv-header-id-meta":"","stick-header-meta":"","header-above-stick-meta":"","header-main-stick-meta":"","header-below-stick-meta":"","astra-migrate-meta-layouts":"set","ast-page-background-enabled":"default","ast-page-background-meta":{"desktop":{"background-color":"var(--ast-global-color-4)","background-image":"","background-repeat":"repeat","background-position":"center center","background-size":"auto","background-attachment":"scroll","background-type":"","background-media":"","overlay-type":"","overlay-color":"","overlay-opacity":"","overlay-gradient":""},"tablet":{"background-color":"","background-image":"","background-repeat":"repeat","background-position":"center center","background-size":"auto","background-attachment":"scroll","background-type":"","background-media":"","overlay-type":"","overlay-color":"","overlay-opacity":"","overlay-gradient":""},"mobile":{"background-color":"","background-image":"","background-repeat":"repeat","background-position":"center center","background-size":"auto","background-attachment":"scroll","background-type":"","background-media":"","overlay-type":"","overlay-color":"","overlay-opacity":"","overlay-gradient":""}},"ast-content-background-meta":{"desktop":{"background-color":"var(--ast-global-color-5)","background-image":"","background-repeat":"repeat","background-position":"center center","background-size":"auto","background-attachment":"scroll","background-type":"","background-media":"","overlay-type":"","overlay-color":"","overlay-opacity":"","overlay-gradient":""},"tablet":{"background-color":"var(--ast-global-color-5)","background-image":"","background-repeat":"repeat","background-position":"center center","background-size":"auto","background-attachment":"scroll","background-type":"","background-media":"","overlay-type":"","overlay-color":"","overlay-opacity":"","overlay-gradient":""},"mobile":{"background-color":"var(--ast-global-color-5)","background-image":"","background-repeat":"repeat","background-position":"center center","background-size":"auto","background-attachment":"scroll","background-type":"","background-media":"","overlay-type":"","overlay-color":"","overlay-opacity":"","overlay-gradient":""}},"footnotes":""},"yoast_head":"<!-- This site is optimized with the Yoast SEO plugin v23.8 - https:\/\/yoast.com\/wordpress\/plugins\/seo\/ -->\n<title>Cuchillas de embalaje - Marcon Soluciones Para Impresores<\/title>\n<meta name=\"robots\" content=\"index, follow, max-snippet:-1, max-image-preview:large, max-video-preview:-1\" \/>\n<link rel=\"canonical\" href=\"https:\/\/marcon-services.com\/inicio\/cuchillas-de-embalaje\/\" \/>\n<meta property=\"og:locale\" content=\"es_MX\" \/>\n<meta property=\"og:type\" content=\"article\" \/>\n<meta property=\"og:title\" content=\"Cuchillas de embalaje - Marcon Soluciones Para Impresores\" \/>\n<meta property=\"og:description\" content=\"Cuchillos de embalaje Las cuchillas de embalaje est\u00e1n disponibles para las siguientes m\u00e1quinas: \u2714 TMC Casmatic \/ Wrapmatic \u2714 Amotek \u2714 Optima \u2714 Senning \u2714 Serv-o-tec \u2714 Cassoli \u2714 y otros \u00a0 TKM fabrica todos los cuchillos de acuerdo con la calidad OEM: Cuchillos largos de bimetal Cuchillos dentados Cuchillos sin aserrar Varios revestimientos\" \/>\n<meta property=\"og:url\" content=\"https:\/\/marcon-services.com\/inicio\/cuchillas-de-embalaje\/\" \/>\n<meta property=\"og:site_name\" content=\"Marcon Soluciones Para Impresores\" \/>\n<meta property=\"article:modified_time\" content=\"2024-06-12T23:23:34+00:00\" \/>\n<meta property=\"og:image\" content=\"https:\/\/marcon-services.com\/wp-content\/uploads\/2021\/06\/cuchillasdeembalaje.png\" \/>\n\t<meta property=\"og:image:width\" content=\"800\" \/>\n\t<meta property=\"og:image:height\" content=\"394\" \/>\n\t<meta property=\"og:image:type\" content=\"image\/png\" \/>\n<meta name=\"twitter:card\" content=\"summary_large_image\" \/>\n<script type=\"application\/ld+json\" class=\"yoast-schema-graph\">{\"@context\":\"https:\/\/schema.org\",\"@graph\":[{\"@type\":\"WebPage\",\"@id\":\"https:\/\/marcon-services.com\/inicio\/cuchillas-de-embalaje\/\",\"url\":\"https:\/\/marcon-services.com\/inicio\/cuchillas-de-embalaje\/\",\"name\":\"Cuchillas de embalaje - Marcon Soluciones Para Impresores\",\"isPartOf\":{\"@id\":\"https:\/\/marcon-services.com\/inicio\/#website\"},\"primaryImageOfPage\":{\"@id\":\"https:\/\/marcon-services.com\/inicio\/cuchillas-de-embalaje\/#primaryimage\"},\"image\":{\"@id\":\"https:\/\/marcon-services.com\/inicio\/cuchillas-de-embalaje\/#primaryimage\"},\"thumbnailUrl\":\"https:\/\/marcon-services.com\/wp-content\/uploads\/2021\/06\/cuchillasdeembalaje.png\",\"datePublished\":\"2021-06-19T03:11:20+00:00\",\"dateModified\":\"2024-06-12T23:23:34+00:00\",\"breadcrumb\":{\"@id\":\"https:\/\/marcon-services.com\/inicio\/cuchillas-de-embalaje\/#breadcrumb\"},\"inLanguage\":\"es\",\"potentialAction\":[{\"@type\":\"ReadAction\",\"target\":[\"https:\/\/marcon-services.com\/inicio\/cuchillas-de-embalaje\/\"]}]},{\"@type\":\"ImageObject\",\"inLanguage\":\"es\",\"@id\":\"https:\/\/marcon-services.com\/inicio\/cuchillas-de-embalaje\/#primaryimage\",\"url\":\"https:\/\/marcon-services.com\/wp-content\/uploads\/2021\/06\/cuchillasdeembalaje.png\",\"contentUrl\":\"https:\/\/marcon-services.com\/wp-content\/uploads\/2021\/06\/cuchillasdeembalaje.png\",\"width\":800,\"height\":394,\"caption\":\"cuchillas de embalaje\"},{\"@type\":\"BreadcrumbList\",\"@id\":\"https:\/\/marcon-services.com\/inicio\/cuchillas-de-embalaje\/#breadcrumb\",\"itemListElement\":[{\"@type\":\"ListItem\",\"position\":1,\"name\":\"Inicio\",\"item\":\"https:\/\/marcon-services.com\/inicio\/\"},{\"@type\":\"ListItem\",\"position\":2,\"name\":\"Cuchillas de embalaje\"}]},{\"@type\":\"WebSite\",\"@id\":\"https:\/\/marcon-services.com\/inicio\/#website\",\"url\":\"https:\/\/marcon-services.com\/inicio\/\",\"name\":\"Marcon Soluciones Para Impresores\",\"description\":\"Somos una empresa din\u00e1mica fundada en el 2006 enfocada a la industria gr\u00e1fica, pl\u00e1stica, rotograbado, textil y de empaque.  En MARCON representamos y distribuimos oficialmente en M\u00e9xico y Latinoam\u00e9rica marcas l\u00edderes en el mercado de impresi\u00f3n y pl\u00e1stico.\",\"publisher\":{\"@id\":\"https:\/\/marcon-services.com\/inicio\/#organization\"},\"potentialAction\":[{\"@type\":\"SearchAction\",\"target\":{\"@type\":\"EntryPoint\",\"urlTemplate\":\"https:\/\/marcon-services.com\/inicio\/?s={search_term_string}\"},\"query-input\":{\"@type\":\"PropertyValueSpecification\",\"valueRequired\":true,\"valueName\":\"search_term_string\"}}],\"inLanguage\":\"es\"},{\"@type\":\"Organization\",\"@id\":\"https:\/\/marcon-services.com\/inicio\/#organization\",\"name\":\"Marcon Soluciones Para Impresores\",\"url\":\"https:\/\/marcon-services.com\/inicio\/\",\"logo\":{\"@type\":\"ImageObject\",\"inLanguage\":\"es\",\"@id\":\"https:\/\/marcon-services.com\/inicio\/#\/schema\/logo\/image\/\",\"url\":\"https:\/\/marcon-services.com\/wp-content\/uploads\/2021\/10\/LOGO-marcon-soluciones-sin-fondo-1.png\",\"contentUrl\":\"https:\/\/marcon-services.com\/wp-content\/uploads\/2021\/10\/LOGO-marcon-soluciones-sin-fondo-1.png\",\"width\":2872,\"height\":805,\"caption\":\"Marcon Soluciones Para Impresores\"},\"image\":{\"@id\":\"https:\/\/marcon-services.com\/inicio\/#\/schema\/logo\/image\/\"}}]}<\/script>\n<!-- \/ Yoast SEO plugin. -->","yoast_head_json":{"title":"Cuchillas de embalaje - Marcon Soluciones Para Impresores","robots":{"index":"index","follow":"follow","max-snippet":"max-snippet:-1","max-image-preview":"max-image-preview:large","max-video-preview":"max-video-preview:-1"},"canonical":"https:\/\/marcon-services.com\/inicio\/cuchillas-de-embalaje\/","og_locale":"es_MX","og_type":"article","og_title":"Cuchillas de embalaje - Marcon Soluciones Para Impresores","og_description":"Cuchillos de embalaje Las cuchillas de embalaje est\u00e1n disponibles para las siguientes m\u00e1quinas: \u2714 TMC Casmatic \/ Wrapmatic \u2714 Amotek \u2714 Optima \u2714 Senning \u2714 Serv-o-tec \u2714 Cassoli \u2714 y otros \u00a0 TKM fabrica todos los cuchillos de acuerdo con la calidad OEM: Cuchillos largos de bimetal Cuchillos dentados Cuchillos sin aserrar Varios revestimientos","og_url":"https:\/\/marcon-services.com\/inicio\/cuchillas-de-embalaje\/","og_site_name":"Marcon Soluciones Para Impresores","article_modified_time":"2024-06-12T23:23:34+00:00","og_image":[{"width":800,"height":394,"url":"https:\/\/marcon-services.com\/wp-content\/uploads\/2021\/06\/cuchillasdeembalaje.png","type":"image\/png"}],"twitter_card":"summary_large_image","schema":{"@context":"https:\/\/schema.org","@graph":[{"@type":"WebPage","@id":"https:\/\/marcon-services.com\/inicio\/cuchillas-de-embalaje\/","url":"https:\/\/marcon-services.com\/inicio\/cuchillas-de-embalaje\/","name":"Cuchillas de embalaje - Marcon Soluciones Para Impresores","isPartOf":{"@id":"https:\/\/marcon-services.com\/inicio\/#website"},"primaryImageOfPage":{"@id":"https:\/\/marcon-services.com\/inicio\/cuchillas-de-embalaje\/#primaryimage"},"image":{"@id":"https:\/\/marcon-services.com\/inicio\/cuchillas-de-embalaje\/#primaryimage"},"thumbnailUrl":"https:\/\/marcon-services.com\/wp-content\/uploads\/2021\/06\/cuchillasdeembalaje.png","datePublished":"2021-06-19T03:11:20+00:00","dateModified":"2024-06-12T23:23:34+00:00","breadcrumb":{"@id":"https:\/\/marcon-services.com\/inicio\/cuchillas-de-embalaje\/#breadcrumb"},"inLanguage":"es","potentialAction":[{"@type":"ReadAction","target":["https:\/\/marcon-services.com\/inicio\/cuchillas-de-embalaje\/"]}]},{"@type":"ImageObject","inLanguage":"es","@id":"https:\/\/marcon-services.com\/inicio\/cuchillas-de-embalaje\/#primaryimage","url":"https:\/\/marcon-services.com\/wp-content\/uploads\/2021\/06\/cuchillasdeembalaje.png","contentUrl":"https:\/\/marcon-services.com\/wp-content\/uploads\/2021\/06\/cuchillasdeembalaje.png","width":800,"height":394,"caption":"cuchillas de embalaje"},{"@type":"BreadcrumbList","@id":"https:\/\/marcon-services.com\/inicio\/cuchillas-de-embalaje\/#breadcrumb","itemListElement":[{"@type":"ListItem","position":1,"name":"Inicio","item":"https:\/\/marcon-services.com\/inicio\/"},{"@type":"ListItem","position":2,"name":"Cuchillas de embalaje"}]},{"@type":"WebSite","@id":"https:\/\/marcon-services.com\/inicio\/#website","url":"https:\/\/marcon-services.com\/inicio\/","name":"Marcon Soluciones Para Impresores","description":"Somos una empresa din\u00e1mica fundada en el 2006 enfocada a la industria gr\u00e1fica, pl\u00e1stica, rotograbado, textil y de empaque.  En MARCON representamos y distribuimos oficialmente en M\u00e9xico y Latinoam\u00e9rica marcas l\u00edderes en el mercado de impresi\u00f3n y pl\u00e1stico.","publisher":{"@id":"https:\/\/marcon-services.com\/inicio\/#organization"},"potentialAction":[{"@type":"SearchAction","target":{"@type":"EntryPoint","urlTemplate":"https:\/\/marcon-services.com\/inicio\/?s={search_term_string}"},"query-input":{"@type":"PropertyValueSpecification","valueRequired":true,"valueName":"search_term_string"}}],"inLanguage":"es"},{"@type":"Organization","@id":"https:\/\/marcon-services.com\/inicio\/#organization","name":"Marcon Soluciones Para Impresores","url":"https:\/\/marcon-services.com\/inicio\/","logo":{"@type":"ImageObject","inLanguage":"es","@id":"https:\/\/marcon-services.com\/inicio\/#\/schema\/logo\/image\/","url":"https:\/\/marcon-services.com\/wp-content\/uploads\/2021\/10\/LOGO-marcon-soluciones-sin-fondo-1.png","contentUrl":"https:\/\/marcon-services.com\/wp-content\/uploads\/2021\/10\/LOGO-marcon-soluciones-sin-fondo-1.png","width":2872,"height":805,"caption":"Marcon Soluciones Para Impresores"},"image":{"@id":"https:\/\/marcon-services.com\/inicio\/#\/schema\/logo\/image\/"}}]}},"uagb_featured_image_src":{"full":["https:\/\/marcon-services.com\/wp-content\/uploads\/2021\/06\/cuchillasdeembalaje.png",800,394,false],"thumbnail":["https:\/\/marcon-services.com\/wp-content\/uploads\/2021\/06\/cuchillasdeembalaje-150x150.png",150,150,true],"medium":["https:\/\/marcon-services.com\/wp-content\/uploads\/2021\/06\/cuchillasdeembalaje-300x148.png",300,148,true],"medium_large":["https:\/\/marcon-services.com\/wp-content\/uploads\/2021\/06\/cuchillasdeembalaje-768x378.png",768,378,true],"large":["https:\/\/marcon-services.com\/wp-content\/uploads\/2021\/06\/cuchillasdeembalaje.png",800,394,false],"1536x1536":["https:\/\/marcon-services.com\/wp-content\/uploads\/2021\/06\/cuchillasdeembalaje.png",800,394,false],"2048x2048":["https:\/\/marcon-services.com\/wp-content\/uploads\/2021\/06\/cuchillasdeembalaje.png",800,394,false],"trp-custom-language-flag":["https:\/\/marcon-services.com\/wp-content\/uploads\/2021\/06\/cuchillasdeembalaje.png",18,9,false]},"uagb_author_info":{"display_name":"marcons-web","author_link":"https:\/\/marcon-services.com\/inicio\/author\/osvaldo\/"},"uagb_comment_info":0,"uagb_excerpt":"Cuchillos de embalaje Las cuchillas de embalaje est\u00e1n disponibles para las siguientes m\u00e1quinas: \u2714 TMC Casmatic \/ Wrapmatic \u2714 Amotek \u2714 Optima \u2714 Senning \u2714 Serv-o-tec \u2714 Cassoli \u2714 y otros \u00a0 TKM fabrica todos los cuchillos de acuerdo con la calidad OEM: Cuchillos largos de bimetal Cuchillos dentados Cuchillos sin aserrar Varios revestimientos","_links":{"self":[{"href":"https:\/\/marcon-services.com\/inicio\/wp-json\/wp\/v2\/pages\/1201"}],"collection":[{"href":"https:\/\/marcon-services.com\/inicio\/wp-json\/wp\/v2\/pages"}],"about":[{"href":"https:\/\/marcon-services.com\/inicio\/wp-json\/wp\/v2\/types\/page"}],"author":[{"embeddable":true,"href":"https:\/\/marcon-services.com\/inicio\/wp-json\/wp\/v2\/users\/2"}],"replies":[{"embeddable":true,"href":"https:\/\/marcon-services.com\/inicio\/wp-json\/wp\/v2\/comments?post=1201"}],"version-history":[{"count":3,"href":"https:\/\/marcon-services.com\/inicio\/wp-json\/wp\/v2\/pages\/1201\/revisions"}],"predecessor-version":[{"id":2496,"href":"https:\/\/marcon-services.com\/inicio\/wp-json\/wp\/v2\/pages\/1201\/revisions\/2496"}],"wp:featuredmedia":[{"embeddable":true,"href":"https:\/\/marcon-services.com\/inicio\/wp-json\/wp\/v2\/media\/1202"}],"wp:attachment":[{"href":"https:\/\/marcon-services.com\/inicio\/wp-json\/wp\/v2\/media?parent=1201"}],"curies":[{"name":"wp","href":"https:\/\/api.w.org\/{rel}","templated":true}]}}