{"id":133,"date":"2017-07-05T16:45:55","date_gmt":"2017-07-05T22:45:55","guid":{"rendered":"http:\/\/marcon-services.com\/?page_id=133"},"modified":"2021-11-17T16:19:35","modified_gmt":"2021-11-17T22:19:35","slug":"foil","status":"publish","type":"page","link":"https:\/\/marcon-services.com\/inicio\/foil\/","title":{"rendered":"HOT FOIL Y COLD FOIL"},"content":{"rendered":"<p>[vc_row full_width=&#8221;stretch_row_content_no_spaces&#8221;][vc_column width=&#8221;5\/6&#8243; offset=&#8221;vc_col-lg-offset-3&#8243;][vc_column_text css_animation=&#8221;top-to-bottom&#8221;]<\/p>\n<h1 style=\"text-align: left;\"><strong><span style=\"color: #000000;\">\u00a0 \u00a0 \u00a0 \u00a0 \u00a0 \u00a0 \u00a0 \u00a0 \u00a0 \u00a0 \u00a0 \u00a0 \u00a0 \u00a0 \u00a0HOT FOIL Y COLD FOIL<\/span><\/strong><\/h1>\n<p>[\/vc_column_text][vc_masonry_grid post_type=&#8221;ids&#8221; gap=&#8221;35&#8243; item=&#8221;1816&#8243; grid_id=&#8221;vc_gid:1637187510370-026073d80b828838c74cce07a5889139-10&#8243; include=&#8221;1353, 1362&#8243;][\/vc_column][\/vc_row][vc_row][vc_column][vc_column_text css_animation=&#8221;top-to-bottom&#8221; trp_param_show=&#8221;true&#8221; trp_param_exclude=&#8221;true&#8221;]<\/p>\n<h3>Hot Foil\u00a0 y Cold Foil<\/h3>\n<p>Marcon ofrece la <strong>VENTA<\/strong>\u00a0 de una amplia gama de productos de Hot Foil, tambi\u00e9n conocido como pel\u00edcula para estampado en calor y Cold Foil o \u00a0pel\u00edcula para estampado en fr\u00edo para etiquetas y empaques.<\/p>\n<p>Los distintos foils o pel\u00edculas para estampado en fr\u00edo y pel\u00edculas para estampado en calor\u00a0 est\u00e1n seleccionados adecuado al dise\u00f1o gr\u00e1fico los diferentes sustratos, para garantizar la calidad requerido de su cliente y la eficiencia de su empresa.<\/p>\n<p>Las pel\u00edculas de Marcon son usados alrededor del mundo por las marcas l\u00edderes. Diversos mercados usan las pel\u00edculas para sus productos para obtener un valor agregado y para diferenciase de sus competidores.<\/p>\n<h4>Aplicaciones t\u00e9cnicas<\/h4>\n<h5>Tenemos Hot Stamping Foil\u00a0 y Cold\u00a0 Stamping Foil para<\/h5>\n<ul>\n<li aria-level=\"1\">Flexografia en banda angosta, rotativa<\/li>\n<li aria-level=\"1\">Offset online, rotativa<\/li>\n<li aria-level=\"1\">Offset offline, plano<\/li>\n<li aria-level=\"1\">Mangas termoencogibles \/ shrink foil, rotativa y plano<\/li>\n<\/ul>\n<h4>Aplicaciones industriales<\/h4>\n<ul>\n<li aria-level=\"1\">Etiquetas y Empaques: Farmac\u00e9uticas, Vino, Cerveza, Espirituosas<\/li>\n<li aria-level=\"1\">Empaques flexibles y etiquetas: Alimentos, bebidas no alcoh\u00f3licas y dulces<\/li>\n<li aria-level=\"1\">Empaque r\u00edgido: Tabaco, Empaque de cigarrillos<\/li>\n<\/ul>\n<h4>Gama de productos<\/h4>\n<p>Hot foil y Cold foil en diferentes colores dorados brillantes y mates, as\u00ed como en colores platas y dise\u00f1os hologr\u00e1ficos. Dichas pel\u00edculas tenemos en diferentes calidades y los distintos dise\u00f1os gr\u00e1ficos y los diferentes sustratos y tintas.<\/p>\n<p>Siempre se deben hacer pruebas con el foil, pregunten por sus muestras y cotizaci\u00f3n.<\/p>\n<p><a href=\"https:\/\/www.univacco.com.tw\/es\/market.php\">https:\/\/www.univacco.com.tw\/es\/market.php<\/a>[\/vc_column_text][\/vc_column][\/vc_row][vc_row][vc_column][vc_single_image image=&#8221;2209&#8243; img_size=&#8221;full&#8221; alignment=&#8221;center&#8221; css_animation=&#8221;appear&#8221; trp_param_exclude_languages=&#8221;&#8221; trp_param_show=&#8221;true&#8221; trp_param_exclude=&#8221;true&#8221;][\/vc_column][\/vc_row][vc_row][vc_column][vc_video link=&#8221;https:\/\/www.youtube.com\/watch?v=HVuTMMvpny0&#8243; el_width=&#8221;50&#8243; el_aspect=&#8221;43&#8243; align=&#8221;center&#8221;][\/vc_column][\/vc_row]<\/p>\n","protected":false},"excerpt":{"rendered":"<p>[vc_row full_width=&#8221;stretch_row_content_no_spaces&#8221;][vc_column width=&#8221;5\/6&#8243; offset=&#8221;vc_col-lg-offset-3&#8243;][vc_column_text css_animation=&#8221;top-to-bottom&#8221;] \u00a0 \u00a0 \u00a0 \u00a0 \u00a0 \u00a0 \u00a0 \u00a0 \u00a0 \u00a0 \u00a0 \u00a0 \u00a0 \u00a0 \u00a0HOT FOIL Y COLD FOIL [\/vc_column_text][vc_masonry_grid post_type=&#8221;ids&#8221; gap=&#8221;35&#8243; item=&#8221;1816&#8243; grid_id=&#8221;vc_gid:1637187510370-026073d80b828838c74cce07a5889139-10&#8243; include=&#8221;1353, 1362&#8243;][\/vc_column][\/vc_row][vc_row][vc_column][vc_column_text css_animation=&#8221;top-to-bottom&#8221; trp_param_show=&#8221;true&#8221; trp_param_exclude=&#8221;true&#8221;] Hot Foil\u00a0 y Cold Foil Marcon ofrece la VENTA\u00a0 de una amplia gama de productos de Hot Foil, tambi\u00e9n conocido como [&hellip;]<\/p>\n","protected":false},"author":1,"featured_media":0,"parent":0,"menu_order":0,"comment_status":"closed","ping_status":"closed","template":"","meta":{"_uag_custom_page_level_css":"","site-sidebar-layout":"no-sidebar","site-content-layout":"plain-container","ast-site-content-layout":"","site-content-style":"default","site-sidebar-style":"default","ast-global-header-display":"","ast-banner-title-visibility":"","ast-main-header-display":"","ast-hfb-above-header-display":"","ast-hfb-below-header-display":"","ast-hfb-mobile-header-display":"","site-post-title":"disabled","ast-breadcrumbs-content":"","ast-featured-img":"disabled","footer-sml-layout":"","theme-transparent-header-meta":"default","adv-header-id-meta":"","stick-header-meta":"","header-above-stick-meta":"","header-main-stick-meta":"","header-below-stick-meta":"","astra-migrate-meta-layouts":"default","ast-page-background-enabled":"default","ast-page-background-meta":{"desktop":{"background-color":"var(--ast-global-color-4)","background-image":"","background-repeat":"repeat","background-position":"center center","background-size":"auto","background-attachment":"scroll","background-type":"","background-media":"","overlay-type":"","overlay-color":"","overlay-opacity":"","overlay-gradient":""},"tablet":{"background-color":"","background-image":"","background-repeat":"repeat","background-position":"center center","background-size":"auto","background-attachment":"scroll","background-type":"","background-media":"","overlay-type":"","overlay-color":"","overlay-opacity":"","overlay-gradient":""},"mobile":{"background-color":"","background-image":"","background-repeat":"repeat","background-position":"center center","background-size":"auto","background-attachment":"scroll","background-type":"","background-media":"","overlay-type":"","overlay-color":"","overlay-opacity":"","overlay-gradient":""}},"ast-content-background-meta":{"desktop":{"background-color":"var(--ast-global-color-5)","background-image":"","background-repeat":"repeat","background-position":"center center","background-size":"auto","background-attachment":"scroll","background-type":"","background-media":"","overlay-type":"","overlay-color":"","overlay-opacity":"","overlay-gradient":""},"tablet":{"background-color":"var(--ast-global-color-5)","background-image":"","background-repeat":"repeat","background-position":"center center","background-size":"auto","background-attachment":"scroll","background-type":"","background-media":"","overlay-type":"","overlay-color":"","overlay-opacity":"","overlay-gradient":""},"mobile":{"background-color":"var(--ast-global-color-5)","background-image":"","background-repeat":"repeat","background-position":"center center","background-size":"auto","background-attachment":"scroll","background-type":"","background-media":"","overlay-type":"","overlay-color":"","overlay-opacity":"","overlay-gradient":""}},"footnotes":""},"yoast_head":"<!-- This site is optimized with the Yoast SEO plugin v23.8 - https:\/\/yoast.com\/wordpress\/plugins\/seo\/ -->\n<title>HOT FOIL Y COLD FOIL - Marcon Soluciones Para Impresores<\/title>\n<meta name=\"robots\" content=\"index, follow, max-snippet:-1, max-image-preview:large, max-video-preview:-1\" \/>\n<link rel=\"canonical\" href=\"https:\/\/marcon-services.com\/inicio\/foil\/\" \/>\n<meta property=\"og:locale\" content=\"es_MX\" \/>\n<meta property=\"og:type\" content=\"article\" \/>\n<meta property=\"og:title\" content=\"HOT FOIL Y COLD FOIL - Marcon Soluciones Para Impresores\" \/>\n<meta property=\"og:description\" content=\"[vc_row full_width=&#8221;stretch_row_content_no_spaces&#8221;][vc_column width=&#8221;5\/6&#8243; offset=&#8221;vc_col-lg-offset-3&#8243;][vc_column_text css_animation=&#8221;top-to-bottom&#8221;] \u00a0 \u00a0 \u00a0 \u00a0 \u00a0 \u00a0 \u00a0 \u00a0 \u00a0 \u00a0 \u00a0 \u00a0 \u00a0 \u00a0 \u00a0HOT FOIL Y COLD FOIL [\/vc_column_text][vc_masonry_grid post_type=&#8221;ids&#8221; gap=&#8221;35&#8243; item=&#8221;1816&#8243; grid_id=&#8221;vc_gid:1637187510370-026073d80b828838c74cce07a5889139-10&#8243; include=&#8221;1353, 1362&#8243;][\/vc_column][\/vc_row][vc_row][vc_column][vc_column_text css_animation=&#8221;top-to-bottom&#8221; trp_param_show=&#8221;true&#8221; trp_param_exclude=&#8221;true&#8221;] Hot Foil\u00a0 y Cold Foil Marcon ofrece la VENTA\u00a0 de una amplia gama de productos de Hot Foil, tambi\u00e9n conocido como [&hellip;]\" \/>\n<meta property=\"og:url\" content=\"https:\/\/marcon-services.com\/inicio\/foil\/\" \/>\n<meta property=\"og:site_name\" content=\"Marcon Soluciones Para Impresores\" \/>\n<meta property=\"article:modified_time\" content=\"2021-11-17T22:19:35+00:00\" \/>\n<meta name=\"twitter:card\" content=\"summary_large_image\" \/>\n<meta name=\"twitter:label1\" content=\"Tiempo de lectura\" \/>\n\t<meta name=\"twitter:data1\" content=\"2 minutos\" \/>\n<script type=\"application\/ld+json\" class=\"yoast-schema-graph\">{\"@context\":\"https:\/\/schema.org\",\"@graph\":[{\"@type\":\"WebPage\",\"@id\":\"https:\/\/marcon-services.com\/inicio\/foil\/\",\"url\":\"https:\/\/marcon-services.com\/inicio\/foil\/\",\"name\":\"HOT FOIL Y COLD FOIL - Marcon Soluciones Para Impresores\",\"isPartOf\":{\"@id\":\"https:\/\/marcon-services.com\/inicio\/#website\"},\"datePublished\":\"2017-07-05T22:45:55+00:00\",\"dateModified\":\"2021-11-17T22:19:35+00:00\",\"breadcrumb\":{\"@id\":\"https:\/\/marcon-services.com\/inicio\/foil\/#breadcrumb\"},\"inLanguage\":\"es\",\"potentialAction\":[{\"@type\":\"ReadAction\",\"target\":[\"https:\/\/marcon-services.com\/inicio\/foil\/\"]}]},{\"@type\":\"BreadcrumbList\",\"@id\":\"https:\/\/marcon-services.com\/inicio\/foil\/#breadcrumb\",\"itemListElement\":[{\"@type\":\"ListItem\",\"position\":1,\"name\":\"Inicio\",\"item\":\"https:\/\/marcon-services.com\/inicio\/\"},{\"@type\":\"ListItem\",\"position\":2,\"name\":\"HOT FOIL Y COLD FOIL\"}]},{\"@type\":\"WebSite\",\"@id\":\"https:\/\/marcon-services.com\/inicio\/#website\",\"url\":\"https:\/\/marcon-services.com\/inicio\/\",\"name\":\"Marcon Soluciones Para Impresores\",\"description\":\"Somos una empresa din\u00e1mica fundada en el 2006 enfocada a la industria gr\u00e1fica, pl\u00e1stica, rotograbado, textil y de empaque.  En MARCON representamos y distribuimos oficialmente en M\u00e9xico y Latinoam\u00e9rica marcas l\u00edderes en el mercado de impresi\u00f3n y pl\u00e1stico.\",\"publisher\":{\"@id\":\"https:\/\/marcon-services.com\/inicio\/#organization\"},\"potentialAction\":[{\"@type\":\"SearchAction\",\"target\":{\"@type\":\"EntryPoint\",\"urlTemplate\":\"https:\/\/marcon-services.com\/inicio\/?s={search_term_string}\"},\"query-input\":{\"@type\":\"PropertyValueSpecification\",\"valueRequired\":true,\"valueName\":\"search_term_string\"}}],\"inLanguage\":\"es\"},{\"@type\":\"Organization\",\"@id\":\"https:\/\/marcon-services.com\/inicio\/#organization\",\"name\":\"Marcon Soluciones Para Impresores\",\"url\":\"https:\/\/marcon-services.com\/inicio\/\",\"logo\":{\"@type\":\"ImageObject\",\"inLanguage\":\"es\",\"@id\":\"https:\/\/marcon-services.com\/inicio\/#\/schema\/logo\/image\/\",\"url\":\"https:\/\/marcon-services.com\/wp-content\/uploads\/2021\/10\/LOGO-marcon-soluciones-sin-fondo-1.png\",\"contentUrl\":\"https:\/\/marcon-services.com\/wp-content\/uploads\/2021\/10\/LOGO-marcon-soluciones-sin-fondo-1.png\",\"width\":2872,\"height\":805,\"caption\":\"Marcon Soluciones Para Impresores\"},\"image\":{\"@id\":\"https:\/\/marcon-services.com\/inicio\/#\/schema\/logo\/image\/\"}}]}<\/script>\n<!-- \/ Yoast SEO plugin. -->","yoast_head_json":{"title":"HOT FOIL Y COLD FOIL - Marcon Soluciones Para Impresores","robots":{"index":"index","follow":"follow","max-snippet":"max-snippet:-1","max-image-preview":"max-image-preview:large","max-video-preview":"max-video-preview:-1"},"canonical":"https:\/\/marcon-services.com\/inicio\/foil\/","og_locale":"es_MX","og_type":"article","og_title":"HOT FOIL Y COLD FOIL - Marcon Soluciones Para Impresores","og_description":"[vc_row full_width=&#8221;stretch_row_content_no_spaces&#8221;][vc_column width=&#8221;5\/6&#8243; offset=&#8221;vc_col-lg-offset-3&#8243;][vc_column_text css_animation=&#8221;top-to-bottom&#8221;] \u00a0 \u00a0 \u00a0 \u00a0 \u00a0 \u00a0 \u00a0 \u00a0 \u00a0 \u00a0 \u00a0 \u00a0 \u00a0 \u00a0 \u00a0HOT FOIL Y COLD FOIL [\/vc_column_text][vc_masonry_grid post_type=&#8221;ids&#8221; gap=&#8221;35&#8243; item=&#8221;1816&#8243; grid_id=&#8221;vc_gid:1637187510370-026073d80b828838c74cce07a5889139-10&#8243; include=&#8221;1353, 1362&#8243;][\/vc_column][\/vc_row][vc_row][vc_column][vc_column_text css_animation=&#8221;top-to-bottom&#8221; trp_param_show=&#8221;true&#8221; trp_param_exclude=&#8221;true&#8221;] Hot Foil\u00a0 y Cold Foil Marcon ofrece la VENTA\u00a0 de una amplia gama de productos de Hot Foil, tambi\u00e9n conocido como [&hellip;]","og_url":"https:\/\/marcon-services.com\/inicio\/foil\/","og_site_name":"Marcon Soluciones Para Impresores","article_modified_time":"2021-11-17T22:19:35+00:00","twitter_card":"summary_large_image","twitter_misc":{"Tiempo de lectura":"2 minutos"},"schema":{"@context":"https:\/\/schema.org","@graph":[{"@type":"WebPage","@id":"https:\/\/marcon-services.com\/inicio\/foil\/","url":"https:\/\/marcon-services.com\/inicio\/foil\/","name":"HOT FOIL Y COLD FOIL - Marcon Soluciones Para Impresores","isPartOf":{"@id":"https:\/\/marcon-services.com\/inicio\/#website"},"datePublished":"2017-07-05T22:45:55+00:00","dateModified":"2021-11-17T22:19:35+00:00","breadcrumb":{"@id":"https:\/\/marcon-services.com\/inicio\/foil\/#breadcrumb"},"inLanguage":"es","potentialAction":[{"@type":"ReadAction","target":["https:\/\/marcon-services.com\/inicio\/foil\/"]}]},{"@type":"BreadcrumbList","@id":"https:\/\/marcon-services.com\/inicio\/foil\/#breadcrumb","itemListElement":[{"@type":"ListItem","position":1,"name":"Inicio","item":"https:\/\/marcon-services.com\/inicio\/"},{"@type":"ListItem","position":2,"name":"HOT FOIL Y COLD FOIL"}]},{"@type":"WebSite","@id":"https:\/\/marcon-services.com\/inicio\/#website","url":"https:\/\/marcon-services.com\/inicio\/","name":"Marcon Soluciones Para Impresores","description":"Somos una empresa din\u00e1mica fundada en el 2006 enfocada a la industria gr\u00e1fica, pl\u00e1stica, rotograbado, textil y de empaque.  En MARCON representamos y distribuimos oficialmente en M\u00e9xico y Latinoam\u00e9rica marcas l\u00edderes en el mercado de impresi\u00f3n y pl\u00e1stico.","publisher":{"@id":"https:\/\/marcon-services.com\/inicio\/#organization"},"potentialAction":[{"@type":"SearchAction","target":{"@type":"EntryPoint","urlTemplate":"https:\/\/marcon-services.com\/inicio\/?s={search_term_string}"},"query-input":{"@type":"PropertyValueSpecification","valueRequired":true,"valueName":"search_term_string"}}],"inLanguage":"es"},{"@type":"Organization","@id":"https:\/\/marcon-services.com\/inicio\/#organization","name":"Marcon Soluciones Para Impresores","url":"https:\/\/marcon-services.com\/inicio\/","logo":{"@type":"ImageObject","inLanguage":"es","@id":"https:\/\/marcon-services.com\/inicio\/#\/schema\/logo\/image\/","url":"https:\/\/marcon-services.com\/wp-content\/uploads\/2021\/10\/LOGO-marcon-soluciones-sin-fondo-1.png","contentUrl":"https:\/\/marcon-services.com\/wp-content\/uploads\/2021\/10\/LOGO-marcon-soluciones-sin-fondo-1.png","width":2872,"height":805,"caption":"Marcon Soluciones Para Impresores"},"image":{"@id":"https:\/\/marcon-services.com\/inicio\/#\/schema\/logo\/image\/"}}]}},"uagb_featured_image_src":{"full":false,"thumbnail":false,"medium":false,"medium_large":false,"large":false,"1536x1536":false,"2048x2048":false,"trp-custom-language-flag":false},"uagb_author_info":{"display_name":"marcon-services","author_link":"https:\/\/marcon-services.com\/inicio\/author\/marcon-services\/"},"uagb_comment_info":0,"uagb_excerpt":"[vc_row full_width=&#8221;stretch_row_content_no_spaces&#8221;][vc_column width=&#8221;5\/6&#8243; offset=&#8221;vc_col-lg-offset-3&#8243;][vc_column_text css_animation=&#8221;top-to-bottom&#8221;] \u00a0 \u00a0 \u00a0 \u00a0 \u00a0 \u00a0 \u00a0 \u00a0 \u00a0 \u00a0 \u00a0 \u00a0 \u00a0 \u00a0 \u00a0HOT FOIL Y COLD FOIL [\/vc_column_text][vc_masonry_grid post_type=&#8221;ids&#8221; gap=&#8221;35&#8243; item=&#8221;1816&#8243; grid_id=&#8221;vc_gid:1637187510370-026073d80b828838c74cce07a5889139-10&#8243; include=&#8221;1353, 1362&#8243;][\/vc_column][\/vc_row][vc_row][vc_column][vc_column_text css_animation=&#8221;top-to-bottom&#8221; trp_param_show=&#8221;true&#8221; trp_param_exclude=&#8221;true&#8221;] Hot Foil\u00a0 y Cold Foil Marcon ofrece la VENTA\u00a0 de una amplia gama de productos de Hot Foil, tambi\u00e9n conocido como&hellip;","_links":{"self":[{"href":"https:\/\/marcon-services.com\/inicio\/wp-json\/wp\/v2\/pages\/133"}],"collection":[{"href":"https:\/\/marcon-services.com\/inicio\/wp-json\/wp\/v2\/pages"}],"about":[{"href":"https:\/\/marcon-services.com\/inicio\/wp-json\/wp\/v2\/types\/page"}],"author":[{"embeddable":true,"href":"https:\/\/marcon-services.com\/inicio\/wp-json\/wp\/v2\/users\/1"}],"replies":[{"embeddable":true,"href":"https:\/\/marcon-services.com\/inicio\/wp-json\/wp\/v2\/comments?post=133"}],"version-history":[{"count":68,"href":"https:\/\/marcon-services.com\/inicio\/wp-json\/wp\/v2\/pages\/133\/revisions"}],"predecessor-version":[{"id":2210,"href":"https:\/\/marcon-services.com\/inicio\/wp-json\/wp\/v2\/pages\/133\/revisions\/2210"}],"wp:attachment":[{"href":"https:\/\/marcon-services.com\/inicio\/wp-json\/wp\/v2\/media?parent=133"}],"curies":[{"name":"wp","href":"https:\/\/api.w.org\/{rel}","templated":true}]}}