{"id":2558,"date":"2024-11-11T10:29:27","date_gmt":"2024-11-11T16:29:27","guid":{"rendered":"https:\/\/marcon-services.com\/inicio\/?page_id=2558"},"modified":"2024-11-11T10:52:23","modified_gmt":"2024-11-11T16:52:23","slug":"tkm-softflex","status":"publish","type":"page","link":"https:\/\/marcon-services.com\/inicio\/tkm-softflex\/","title":{"rendered":"Rasqueta TKM Softflex"},"content":{"rendered":"\n<div class=\"wp-block-uagb-container uagb-block-b2283065 alignfull uagb-is-root-container\"><div class=\"uagb-container-inner-blocks-wrap\">\n<div data-aos= \"slide-right\" data-aos-duration=\"400\" data-aos-delay=\"0\" data-aos-easing=\"ease\" data-aos-once=\"true\" class=\"wp-block-uagb-container uagb-block-ea2221fa\">\n<figure class=\"wp-block-image size-full is-resized\"><img loading=\"lazy\" decoding=\"async\" width=\"300\" height=\"200\" src=\"https:\/\/marcon-services.com\/wp-content\/uploads\/2024\/11\/softflex.png\" alt=\"tkm softflex rasqueta\" class=\"wp-image-2555\" style=\"aspect-ratio:3\/2;object-fit:cover;width:399px;height:auto\" srcset=\"https:\/\/marcon-services.com\/wp-content\/uploads\/2024\/11\/softflex.png 300w, https:\/\/marcon-services.com\/wp-content\/uploads\/2024\/11\/softflex-18x12.png 18w\" sizes=\"(max-width: 300px) 100vw, 300px\" \/><\/figure>\n<\/div>\n\n\n\n<div data-aos= \"slide-left\" data-aos-duration=\"400\" data-aos-delay=\"0\" data-aos-easing=\"ease\" data-aos-once=\"true\" class=\"wp-block-uagb-container uagb-block-c37d8da5\">\n<p class=\"has-large-font-size\">Rasqueta <strong>TKM Softflex<\/strong><\/p>\n\n\n\n<p>SoftFlex es una rasqueta altamente lisa y en la zona de contacto extremamente pulida. Por motivo se est\u00e1n reduciendo los costos de desperdicio de pel\u00edcula o papel y tinta en el momento de arranque de la maquina. Desgaste uniforme sin crear rebaba. Resuelve problemas de \u201cpinlines\u201d.<\/p>\n<\/div>\n<\/div><\/div>\n\n\n\n<div data-aos= \"fade\" data-aos-duration=\"400\" data-aos-delay=\"0\" data-aos-easing=\"ease\" data-aos-once=\"true\" class=\"wp-block-uagb-container uagb-block-432ab7d4 alignfull uagb-is-root-container\"><div class=\"uagb-container-inner-blocks-wrap\">\n<p><strong>Caracter\u00edsticas y ventajas<\/strong><\/p>\n\n\n\n<ul>\n<li>Alto rendimiento<\/li>\n\n\n\n<li>Econ\u00f3mico<\/li>\n\n\n\n<li>Filo redondeado para arranque r\u00e1pido<\/li>\n\n\n\n<li>Excelentes caracter\u00edsticas debido a la pureza en la escoria del acero<\/li>\n\n\n\n<li>Altamente rentable<\/li>\n<\/ul>\n\n\n\n<p><strong>Obtenga resultados de impresi\u00f3n de calidad a\u00fan mayor con ESP<\/strong><\/p>\n\n\n\n<p>El tratamiento ESP TKM aumentar\u00e1n la durabilidad de sus cuchillas dosificadoras y sus cilindros, lo que conducir\u00e1 a resultados de impresi\u00f3n de calidad significativamente mayor, con las siguientes ventajas:<\/p>\n\n\n\n<ul>\n<li>Zona de contacto con la mayor calidad de superficie posible<\/li>\n\n\n\n<li>Menor formaci\u00f3n de rebabas<\/li>\n\n\n\n<li>Protecci\u00f3n contra la corrosi\u00f3n<\/li>\n\n\n\n<li>Menos Residuos<\/li>\n\n\n\n<li>Ahorro de tiempo en la puesta en marcha<\/li>\n\n\n\n<li>Menos desgaste<\/li>\n\n\n\n<li>Mayor durabilidad<\/li>\n\n\n\n<li><\/li>\n<\/ul>\n<\/div><\/div>\n","protected":false},"excerpt":{"rendered":"<p>Rasqueta TKM Softflex SoftFlex es una rasqueta altamente lisa y en la zona de contacto extremamente pulida. Por motivo se est\u00e1n reduciendo los costos de desperdicio de pel\u00edcula o papel y tinta en el momento de arranque de la maquina. Desgaste uniforme sin crear rebaba. Resuelve problemas de \u201cpinlines\u201d. Caracter\u00edsticas y ventajas Obtenga resultados de [&hellip;]<\/p>\n","protected":false},"author":2,"featured_media":0,"parent":0,"menu_order":0,"comment_status":"closed","ping_status":"closed","template":"","meta":{"_uag_custom_page_level_css":"","site-sidebar-layout":"default","site-content-layout":"","ast-site-content-layout":"default","site-content-style":"default","site-sidebar-style":"default","ast-global-header-display":"","ast-banner-title-visibility":"","ast-main-header-display":"","ast-hfb-above-header-display":"","ast-hfb-below-header-display":"","ast-hfb-mobile-header-display":"","site-post-title":"disabled","ast-breadcrumbs-content":"","ast-featured-img":"","footer-sml-layout":"","theme-transparent-header-meta":"","adv-header-id-meta":"","stick-header-meta":"","header-above-stick-meta":"","header-main-stick-meta":"","header-below-stick-meta":"","astra-migrate-meta-layouts":"set","ast-page-background-enabled":"default","ast-page-background-meta":{"desktop":{"background-color":"var(--ast-global-color-4)","background-image":"","background-repeat":"repeat","background-position":"center center","background-size":"auto","background-attachment":"scroll","background-type":"","background-media":"","overlay-type":"","overlay-color":"","overlay-opacity":"","overlay-gradient":""},"tablet":{"background-color":"","background-image":"","background-repeat":"repeat","background-position":"center center","background-size":"auto","background-attachment":"scroll","background-type":"","background-media":"","overlay-type":"","overlay-color":"","overlay-opacity":"","overlay-gradient":""},"mobile":{"background-color":"","background-image":"","background-repeat":"repeat","background-position":"center center","background-size":"auto","background-attachment":"scroll","background-type":"","background-media":"","overlay-type":"","overlay-color":"","overlay-opacity":"","overlay-gradient":""}},"ast-content-background-meta":{"desktop":{"background-color":"var(--ast-global-color-5)","background-image":"","background-repeat":"repeat","background-position":"center center","background-size":"auto","background-attachment":"scroll","background-type":"","background-media":"","overlay-type":"","overlay-color":"","overlay-opacity":"","overlay-gradient":""},"tablet":{"background-color":"var(--ast-global-color-5)","background-image":"","background-repeat":"repeat","background-position":"center center","background-size":"auto","background-attachment":"scroll","background-type":"","background-media":"","overlay-type":"","overlay-color":"","overlay-opacity":"","overlay-gradient":""},"mobile":{"background-color":"var(--ast-global-color-5)","background-image":"","background-repeat":"repeat","background-position":"center center","background-size":"auto","background-attachment":"scroll","background-type":"","background-media":"","overlay-type":"","overlay-color":"","overlay-opacity":"","overlay-gradient":""}},"footnotes":""},"yoast_head":"<!-- This site is optimized with the Yoast SEO plugin v23.8 - https:\/\/yoast.com\/wordpress\/plugins\/seo\/ -->\n<title>Rasqueta TKM Softflex - Marcon Soluciones Para Impresores<\/title>\n<meta name=\"robots\" content=\"index, follow, max-snippet:-1, max-image-preview:large, max-video-preview:-1\" \/>\n<link rel=\"canonical\" href=\"https:\/\/marcon-services.com\/inicio\/tkm-softflex\/\" \/>\n<meta property=\"og:locale\" content=\"es_MX\" \/>\n<meta property=\"og:type\" content=\"article\" \/>\n<meta property=\"og:title\" content=\"Rasqueta TKM Softflex - Marcon Soluciones Para Impresores\" \/>\n<meta property=\"og:description\" content=\"Rasqueta TKM Softflex SoftFlex es una rasqueta altamente lisa y en la zona de contacto extremamente pulida. Por motivo se est\u00e1n reduciendo los costos de desperdicio de pel\u00edcula o papel y tinta en el momento de arranque de la maquina. Desgaste uniforme sin crear rebaba. Resuelve problemas de \u201cpinlines\u201d. Caracter\u00edsticas y ventajas Obtenga resultados de [&hellip;]\" \/>\n<meta property=\"og:url\" content=\"https:\/\/marcon-services.com\/inicio\/tkm-softflex\/\" \/>\n<meta property=\"og:site_name\" content=\"Marcon Soluciones Para Impresores\" \/>\n<meta property=\"article:modified_time\" content=\"2024-11-11T16:52:23+00:00\" \/>\n<meta property=\"og:image\" content=\"https:\/\/marcon-services.com\/wp-content\/uploads\/2024\/11\/softflex.png\" \/>\n\t<meta property=\"og:image:width\" content=\"300\" \/>\n\t<meta property=\"og:image:height\" content=\"200\" \/>\n\t<meta property=\"og:image:type\" content=\"image\/png\" \/>\n<meta name=\"twitter:card\" content=\"summary_large_image\" \/>\n<meta name=\"twitter:label1\" content=\"Tiempo de lectura\" \/>\n\t<meta name=\"twitter:data1\" content=\"1 minuto\" \/>\n<script type=\"application\/ld+json\" class=\"yoast-schema-graph\">{\"@context\":\"https:\/\/schema.org\",\"@graph\":[{\"@type\":\"WebPage\",\"@id\":\"https:\/\/marcon-services.com\/inicio\/tkm-softflex\/\",\"url\":\"https:\/\/marcon-services.com\/inicio\/tkm-softflex\/\",\"name\":\"Rasqueta TKM Softflex - Marcon Soluciones Para Impresores\",\"isPartOf\":{\"@id\":\"https:\/\/marcon-services.com\/inicio\/#website\"},\"primaryImageOfPage\":{\"@id\":\"https:\/\/marcon-services.com\/inicio\/tkm-softflex\/#primaryimage\"},\"image\":{\"@id\":\"https:\/\/marcon-services.com\/inicio\/tkm-softflex\/#primaryimage\"},\"thumbnailUrl\":\"https:\/\/marcon-services.com\/wp-content\/uploads\/2024\/11\/softflex.png\",\"datePublished\":\"2024-11-11T16:29:27+00:00\",\"dateModified\":\"2024-11-11T16:52:23+00:00\",\"breadcrumb\":{\"@id\":\"https:\/\/marcon-services.com\/inicio\/tkm-softflex\/#breadcrumb\"},\"inLanguage\":\"es\",\"potentialAction\":[{\"@type\":\"ReadAction\",\"target\":[\"https:\/\/marcon-services.com\/inicio\/tkm-softflex\/\"]}]},{\"@type\":\"ImageObject\",\"inLanguage\":\"es\",\"@id\":\"https:\/\/marcon-services.com\/inicio\/tkm-softflex\/#primaryimage\",\"url\":\"https:\/\/marcon-services.com\/wp-content\/uploads\/2024\/11\/softflex.png\",\"contentUrl\":\"https:\/\/marcon-services.com\/wp-content\/uploads\/2024\/11\/softflex.png\"},{\"@type\":\"BreadcrumbList\",\"@id\":\"https:\/\/marcon-services.com\/inicio\/tkm-softflex\/#breadcrumb\",\"itemListElement\":[{\"@type\":\"ListItem\",\"position\":1,\"name\":\"Inicio\",\"item\":\"https:\/\/marcon-services.com\/inicio\/\"},{\"@type\":\"ListItem\",\"position\":2,\"name\":\"Rasqueta TKM Softflex\"}]},{\"@type\":\"WebSite\",\"@id\":\"https:\/\/marcon-services.com\/inicio\/#website\",\"url\":\"https:\/\/marcon-services.com\/inicio\/\",\"name\":\"Marcon Soluciones Para Impresores\",\"description\":\"Somos una empresa din\u00e1mica fundada en el 2006 enfocada a la industria gr\u00e1fica, pl\u00e1stica, rotograbado, textil y de empaque.  En MARCON representamos y distribuimos oficialmente en M\u00e9xico y Latinoam\u00e9rica marcas l\u00edderes en el mercado de impresi\u00f3n y pl\u00e1stico.\",\"publisher\":{\"@id\":\"https:\/\/marcon-services.com\/inicio\/#organization\"},\"potentialAction\":[{\"@type\":\"SearchAction\",\"target\":{\"@type\":\"EntryPoint\",\"urlTemplate\":\"https:\/\/marcon-services.com\/inicio\/?s={search_term_string}\"},\"query-input\":{\"@type\":\"PropertyValueSpecification\",\"valueRequired\":true,\"valueName\":\"search_term_string\"}}],\"inLanguage\":\"es\"},{\"@type\":\"Organization\",\"@id\":\"https:\/\/marcon-services.com\/inicio\/#organization\",\"name\":\"Marcon Soluciones Para Impresores\",\"url\":\"https:\/\/marcon-services.com\/inicio\/\",\"logo\":{\"@type\":\"ImageObject\",\"inLanguage\":\"es\",\"@id\":\"https:\/\/marcon-services.com\/inicio\/#\/schema\/logo\/image\/\",\"url\":\"https:\/\/marcon-services.com\/wp-content\/uploads\/2021\/10\/LOGO-marcon-soluciones-sin-fondo-1.png\",\"contentUrl\":\"https:\/\/marcon-services.com\/wp-content\/uploads\/2021\/10\/LOGO-marcon-soluciones-sin-fondo-1.png\",\"width\":2872,\"height\":805,\"caption\":\"Marcon Soluciones Para Impresores\"},\"image\":{\"@id\":\"https:\/\/marcon-services.com\/inicio\/#\/schema\/logo\/image\/\"}}]}<\/script>\n<!-- \/ Yoast SEO plugin. -->","yoast_head_json":{"title":"Rasqueta TKM Softflex - Marcon Soluciones Para Impresores","robots":{"index":"index","follow":"follow","max-snippet":"max-snippet:-1","max-image-preview":"max-image-preview:large","max-video-preview":"max-video-preview:-1"},"canonical":"https:\/\/marcon-services.com\/inicio\/tkm-softflex\/","og_locale":"es_MX","og_type":"article","og_title":"Rasqueta TKM Softflex - Marcon Soluciones Para Impresores","og_description":"Rasqueta TKM Softflex SoftFlex es una rasqueta altamente lisa y en la zona de contacto extremamente pulida. Por motivo se est\u00e1n reduciendo los costos de desperdicio de pel\u00edcula o papel y tinta en el momento de arranque de la maquina. Desgaste uniforme sin crear rebaba. Resuelve problemas de \u201cpinlines\u201d. Caracter\u00edsticas y ventajas Obtenga resultados de [&hellip;]","og_url":"https:\/\/marcon-services.com\/inicio\/tkm-softflex\/","og_site_name":"Marcon Soluciones Para Impresores","article_modified_time":"2024-11-11T16:52:23+00:00","og_image":[{"width":300,"height":200,"url":"https:\/\/marcon-services.com\/wp-content\/uploads\/2024\/11\/softflex.png","type":"image\/png"}],"twitter_card":"summary_large_image","twitter_misc":{"Tiempo de lectura":"1 minuto"},"schema":{"@context":"https:\/\/schema.org","@graph":[{"@type":"WebPage","@id":"https:\/\/marcon-services.com\/inicio\/tkm-softflex\/","url":"https:\/\/marcon-services.com\/inicio\/tkm-softflex\/","name":"Rasqueta TKM Softflex - Marcon Soluciones Para Impresores","isPartOf":{"@id":"https:\/\/marcon-services.com\/inicio\/#website"},"primaryImageOfPage":{"@id":"https:\/\/marcon-services.com\/inicio\/tkm-softflex\/#primaryimage"},"image":{"@id":"https:\/\/marcon-services.com\/inicio\/tkm-softflex\/#primaryimage"},"thumbnailUrl":"https:\/\/marcon-services.com\/wp-content\/uploads\/2024\/11\/softflex.png","datePublished":"2024-11-11T16:29:27+00:00","dateModified":"2024-11-11T16:52:23+00:00","breadcrumb":{"@id":"https:\/\/marcon-services.com\/inicio\/tkm-softflex\/#breadcrumb"},"inLanguage":"es","potentialAction":[{"@type":"ReadAction","target":["https:\/\/marcon-services.com\/inicio\/tkm-softflex\/"]}]},{"@type":"ImageObject","inLanguage":"es","@id":"https:\/\/marcon-services.com\/inicio\/tkm-softflex\/#primaryimage","url":"https:\/\/marcon-services.com\/wp-content\/uploads\/2024\/11\/softflex.png","contentUrl":"https:\/\/marcon-services.com\/wp-content\/uploads\/2024\/11\/softflex.png"},{"@type":"BreadcrumbList","@id":"https:\/\/marcon-services.com\/inicio\/tkm-softflex\/#breadcrumb","itemListElement":[{"@type":"ListItem","position":1,"name":"Inicio","item":"https:\/\/marcon-services.com\/inicio\/"},{"@type":"ListItem","position":2,"name":"Rasqueta TKM Softflex"}]},{"@type":"WebSite","@id":"https:\/\/marcon-services.com\/inicio\/#website","url":"https:\/\/marcon-services.com\/inicio\/","name":"Marcon Soluciones Para Impresores","description":"Somos una empresa din\u00e1mica fundada en el 2006 enfocada a la industria gr\u00e1fica, pl\u00e1stica, rotograbado, textil y de empaque.  En MARCON representamos y distribuimos oficialmente en M\u00e9xico y Latinoam\u00e9rica marcas l\u00edderes en el mercado de impresi\u00f3n y pl\u00e1stico.","publisher":{"@id":"https:\/\/marcon-services.com\/inicio\/#organization"},"potentialAction":[{"@type":"SearchAction","target":{"@type":"EntryPoint","urlTemplate":"https:\/\/marcon-services.com\/inicio\/?s={search_term_string}"},"query-input":{"@type":"PropertyValueSpecification","valueRequired":true,"valueName":"search_term_string"}}],"inLanguage":"es"},{"@type":"Organization","@id":"https:\/\/marcon-services.com\/inicio\/#organization","name":"Marcon Soluciones Para Impresores","url":"https:\/\/marcon-services.com\/inicio\/","logo":{"@type":"ImageObject","inLanguage":"es","@id":"https:\/\/marcon-services.com\/inicio\/#\/schema\/logo\/image\/","url":"https:\/\/marcon-services.com\/wp-content\/uploads\/2021\/10\/LOGO-marcon-soluciones-sin-fondo-1.png","contentUrl":"https:\/\/marcon-services.com\/wp-content\/uploads\/2021\/10\/LOGO-marcon-soluciones-sin-fondo-1.png","width":2872,"height":805,"caption":"Marcon Soluciones Para Impresores"},"image":{"@id":"https:\/\/marcon-services.com\/inicio\/#\/schema\/logo\/image\/"}}]}},"uagb_featured_image_src":{"full":false,"thumbnail":false,"medium":false,"medium_large":false,"large":false,"1536x1536":false,"2048x2048":false,"trp-custom-language-flag":false},"uagb_author_info":{"display_name":"marcons-web","author_link":"https:\/\/marcon-services.com\/inicio\/author\/osvaldo\/"},"uagb_comment_info":0,"uagb_excerpt":"Rasqueta TKM Softflex SoftFlex es una rasqueta altamente lisa y en la zona de contacto extremamente pulida. Por motivo se est\u00e1n reduciendo los costos de desperdicio de pel\u00edcula o papel y tinta en el momento de arranque de la maquina. Desgaste uniforme sin crear rebaba. Resuelve problemas de \u201cpinlines\u201d. Caracter\u00edsticas y ventajas Obtenga resultados de&hellip;","_links":{"self":[{"href":"https:\/\/marcon-services.com\/inicio\/wp-json\/wp\/v2\/pages\/2558"}],"collection":[{"href":"https:\/\/marcon-services.com\/inicio\/wp-json\/wp\/v2\/pages"}],"about":[{"href":"https:\/\/marcon-services.com\/inicio\/wp-json\/wp\/v2\/types\/page"}],"author":[{"embeddable":true,"href":"https:\/\/marcon-services.com\/inicio\/wp-json\/wp\/v2\/users\/2"}],"replies":[{"embeddable":true,"href":"https:\/\/marcon-services.com\/inicio\/wp-json\/wp\/v2\/comments?post=2558"}],"version-history":[{"count":3,"href":"https:\/\/marcon-services.com\/inicio\/wp-json\/wp\/v2\/pages\/2558\/revisions"}],"predecessor-version":[{"id":2564,"href":"https:\/\/marcon-services.com\/inicio\/wp-json\/wp\/v2\/pages\/2558\/revisions\/2564"}],"wp:attachment":[{"href":"https:\/\/marcon-services.com\/inicio\/wp-json\/wp\/v2\/media?parent=2558"}],"curies":[{"name":"wp","href":"https:\/\/api.w.org\/{rel}","templated":true}]}}