{"id":357,"date":"2018-01-05T13:20:45","date_gmt":"2018-01-05T19:20:45","guid":{"rendered":"http:\/\/marcon-services.com\/?page_id=357"},"modified":"2024-06-13T15:02:41","modified_gmt":"2024-06-13T21:02:41","slug":"recursos-humanos","status":"publish","type":"page","link":"https:\/\/marcon-services.com\/inicio\/recursos-humanos\/","title":{"rendered":"Recursos Humanos"},"content":{"rendered":"\n<div data-aos= \"zoom-in-down\" data-aos-duration=\"400\" data-aos-delay=\"0\" data-aos-easing=\"ease\" data-aos-once=\"true\" class=\"wp-block-uagb-container uagb-block-5efdb253 alignfull uagb-is-root-container\"><div class=\"uagb-container-inner-blocks-wrap\">\n<div class=\"wp-block-uagb-container uagb-block-b0d8a30a\">\n<figure class=\"wp-block-image size-full\"><img loading=\"lazy\" decoding=\"async\" width=\"488\" height=\"471\" src=\"https:\/\/marcon-services.com\/wp-content\/uploads\/2018\/07\/rh1-1.png\" alt=\"\" class=\"wp-image-490\" srcset=\"https:\/\/marcon-services.com\/wp-content\/uploads\/2018\/07\/rh1-1.png 488w, https:\/\/marcon-services.com\/wp-content\/uploads\/2018\/07\/rh1-1-300x290.png 300w\" sizes=\"(max-width: 488px) 100vw, 488px\" \/><\/figure>\n<\/div>\n\n\n\n<div class=\"wp-block-uagb-container uagb-block-6ab5ed6d\">\n<p>Marcon Services est\u00e1 en constante crecimiento y buscamos personas de ventas en toda la Rep\u00fablica y personal administrativo en Guadalajara.<\/p>\n<p>Favor de enviar su curriculum: <a href=\"mailto:administracion@marcon-services.com\">administracion@marcon-services.com<\/a><\/p>\n<p>Tel\u00e9fono directo 33 10779538<\/p>\n<h3 style=\"text-align: center;\">Ofertas de trabajo<\/h3>\n<p>\u00a0<\/p>\n<p style=\"text-align: left;\"><a href=\"https:\/\/marcon-services.com\/wp-content\/uploads\/2021\/07\/VACANTE-VENTA-MEX-210720-mr-final.pdf\"><strong>ESPECIALISTA EN VENTA <\/strong>CDMX, EDOMEX, Puebla, Morelos, Hidalgo<\/a><\/p>\n<p><a href=\"https:\/\/marcon-services.com\/wp-content\/uploads\/2021\/07\/VACANTE-VENTA-Bajio-210720-mr-final.pdf\"><strong>ESPECIALISTA EN VENTA <\/strong>Quer\u00e9taro, Guanajuato, San Luis Potos\u00ed<\/a><\/p>\n<\/div>\n<\/div><\/div>\n","protected":false},"excerpt":{"rendered":"<p>Marcon Services est\u00e1 en constante crecimiento y buscamos personas de ventas en toda la Rep\u00fablica y personal administrativo en Guadalajara. Favor de enviar su curriculum: administracion@marcon-services.com Tel\u00e9fono directo 33 10779538 Ofertas de trabajo \u00a0 ESPECIALISTA EN VENTA CDMX, EDOMEX, Puebla, Morelos, Hidalgo ESPECIALISTA EN VENTA Quer\u00e9taro, Guanajuato, San Luis Potos\u00ed<\/p>\n","protected":false},"author":2,"featured_media":0,"parent":0,"menu_order":0,"comment_status":"closed","ping_status":"closed","template":"","meta":{"_uag_custom_page_level_css":"","site-sidebar-layout":"no-sidebar","site-content-layout":"plain-container","ast-site-content-layout":"normal-width-container","site-content-style":"unboxed","site-sidebar-style":"unboxed","ast-global-header-display":"","ast-banner-title-visibility":"","ast-main-header-display":"","ast-hfb-above-header-display":"","ast-hfb-below-header-display":"","ast-hfb-mobile-header-display":"","site-post-title":"disabled","ast-breadcrumbs-content":"","ast-featured-img":"disabled","footer-sml-layout":"","theme-transparent-header-meta":"","adv-header-id-meta":"","stick-header-meta":"","header-above-stick-meta":"","header-main-stick-meta":"","header-below-stick-meta":"","astra-migrate-meta-layouts":"set","ast-page-background-enabled":"default","ast-page-background-meta":{"desktop":{"background-color":"var(--ast-global-color-4)","background-image":"","background-repeat":"repeat","background-position":"center center","background-size":"auto","background-attachment":"scroll","background-type":"","background-media":"","overlay-type":"","overlay-color":"","overlay-opacity":"","overlay-gradient":""},"tablet":{"background-color":"","background-image":"","background-repeat":"repeat","background-position":"center center","background-size":"auto","background-attachment":"scroll","background-type":"","background-media":"","overlay-type":"","overlay-color":"","overlay-opacity":"","overlay-gradient":""},"mobile":{"background-color":"","background-image":"","background-repeat":"repeat","background-position":"center center","background-size":"auto","background-attachment":"scroll","background-type":"","background-media":"","overlay-type":"","overlay-color":"","overlay-opacity":"","overlay-gradient":""}},"ast-content-background-meta":{"desktop":{"background-color":"var(--ast-global-color-5)","background-image":"","background-repeat":"repeat","background-position":"center center","background-size":"auto","background-attachment":"scroll","background-type":"","background-media":"","overlay-type":"","overlay-color":"","overlay-opacity":"","overlay-gradient":""},"tablet":{"background-color":"var(--ast-global-color-5)","background-image":"","background-repeat":"repeat","background-position":"center center","background-size":"auto","background-attachment":"scroll","background-type":"","background-media":"","overlay-type":"","overlay-color":"","overlay-opacity":"","overlay-gradient":""},"mobile":{"background-color":"var(--ast-global-color-5)","background-image":"","background-repeat":"repeat","background-position":"center center","background-size":"auto","background-attachment":"scroll","background-type":"","background-media":"","overlay-type":"","overlay-color":"","overlay-opacity":"","overlay-gradient":""}},"footnotes":""},"yoast_head":"<!-- This site is optimized with the Yoast SEO plugin v23.8 - https:\/\/yoast.com\/wordpress\/plugins\/seo\/ -->\n<title>Recursos Humanos - Marcon Soluciones Para Impresores<\/title>\n<meta name=\"robots\" content=\"index, follow, max-snippet:-1, max-image-preview:large, max-video-preview:-1\" \/>\n<link rel=\"canonical\" href=\"https:\/\/marcon-services.com\/inicio\/recursos-humanos\/\" \/>\n<meta property=\"og:locale\" content=\"es_MX\" \/>\n<meta property=\"og:type\" content=\"article\" \/>\n<meta property=\"og:title\" content=\"Recursos Humanos - Marcon Soluciones Para Impresores\" \/>\n<meta property=\"og:description\" content=\"Marcon Services est\u00e1 en constante crecimiento y buscamos personas de ventas en toda la Rep\u00fablica y personal administrativo en Guadalajara. Favor de enviar su curriculum: administracion@marcon-services.com Tel\u00e9fono directo 33 10779538 Ofertas de trabajo \u00a0 ESPECIALISTA EN VENTA CDMX, EDOMEX, Puebla, Morelos, Hidalgo ESPECIALISTA EN VENTA Quer\u00e9taro, Guanajuato, San Luis Potos\u00ed\" \/>\n<meta property=\"og:url\" content=\"https:\/\/marcon-services.com\/inicio\/recursos-humanos\/\" \/>\n<meta property=\"og:site_name\" content=\"Marcon Soluciones Para Impresores\" \/>\n<meta property=\"article:modified_time\" content=\"2024-06-13T21:02:41+00:00\" \/>\n<meta property=\"og:image\" content=\"https:\/\/marcon-services.com\/wp-content\/uploads\/2018\/07\/rh1-1.png\" \/>\n<meta name=\"twitter:card\" content=\"summary_large_image\" \/>\n<script type=\"application\/ld+json\" class=\"yoast-schema-graph\">{\"@context\":\"https:\/\/schema.org\",\"@graph\":[{\"@type\":\"WebPage\",\"@id\":\"https:\/\/marcon-services.com\/inicio\/recursos-humanos\/\",\"url\":\"https:\/\/marcon-services.com\/inicio\/recursos-humanos\/\",\"name\":\"Recursos Humanos - Marcon Soluciones Para Impresores\",\"isPartOf\":{\"@id\":\"https:\/\/marcon-services.com\/inicio\/#website\"},\"primaryImageOfPage\":{\"@id\":\"https:\/\/marcon-services.com\/inicio\/recursos-humanos\/#primaryimage\"},\"image\":{\"@id\":\"https:\/\/marcon-services.com\/inicio\/recursos-humanos\/#primaryimage\"},\"thumbnailUrl\":\"https:\/\/marcon-services.com\/wp-content\/uploads\/2018\/07\/rh1-1.png\",\"datePublished\":\"2018-01-05T19:20:45+00:00\",\"dateModified\":\"2024-06-13T21:02:41+00:00\",\"breadcrumb\":{\"@id\":\"https:\/\/marcon-services.com\/inicio\/recursos-humanos\/#breadcrumb\"},\"inLanguage\":\"es\",\"potentialAction\":[{\"@type\":\"ReadAction\",\"target\":[\"https:\/\/marcon-services.com\/inicio\/recursos-humanos\/\"]}]},{\"@type\":\"ImageObject\",\"inLanguage\":\"es\",\"@id\":\"https:\/\/marcon-services.com\/inicio\/recursos-humanos\/#primaryimage\",\"url\":\"https:\/\/marcon-services.com\/wp-content\/uploads\/2018\/07\/rh1-1.png\",\"contentUrl\":\"https:\/\/marcon-services.com\/wp-content\/uploads\/2018\/07\/rh1-1.png\"},{\"@type\":\"BreadcrumbList\",\"@id\":\"https:\/\/marcon-services.com\/inicio\/recursos-humanos\/#breadcrumb\",\"itemListElement\":[{\"@type\":\"ListItem\",\"position\":1,\"name\":\"Inicio\",\"item\":\"https:\/\/marcon-services.com\/inicio\/\"},{\"@type\":\"ListItem\",\"position\":2,\"name\":\"Recursos Humanos\"}]},{\"@type\":\"WebSite\",\"@id\":\"https:\/\/marcon-services.com\/inicio\/#website\",\"url\":\"https:\/\/marcon-services.com\/inicio\/\",\"name\":\"Marcon Soluciones Para Impresores\",\"description\":\"Somos una empresa din\u00e1mica fundada en el 2006 enfocada a la industria gr\u00e1fica, pl\u00e1stica, rotograbado, textil y de empaque.  En MARCON representamos y distribuimos oficialmente en M\u00e9xico y Latinoam\u00e9rica marcas l\u00edderes en el mercado de impresi\u00f3n y pl\u00e1stico.\",\"publisher\":{\"@id\":\"https:\/\/marcon-services.com\/inicio\/#organization\"},\"potentialAction\":[{\"@type\":\"SearchAction\",\"target\":{\"@type\":\"EntryPoint\",\"urlTemplate\":\"https:\/\/marcon-services.com\/inicio\/?s={search_term_string}\"},\"query-input\":{\"@type\":\"PropertyValueSpecification\",\"valueRequired\":true,\"valueName\":\"search_term_string\"}}],\"inLanguage\":\"es\"},{\"@type\":\"Organization\",\"@id\":\"https:\/\/marcon-services.com\/inicio\/#organization\",\"name\":\"Marcon Soluciones Para Impresores\",\"url\":\"https:\/\/marcon-services.com\/inicio\/\",\"logo\":{\"@type\":\"ImageObject\",\"inLanguage\":\"es\",\"@id\":\"https:\/\/marcon-services.com\/inicio\/#\/schema\/logo\/image\/\",\"url\":\"https:\/\/marcon-services.com\/wp-content\/uploads\/2021\/10\/LOGO-marcon-soluciones-sin-fondo-1.png\",\"contentUrl\":\"https:\/\/marcon-services.com\/wp-content\/uploads\/2021\/10\/LOGO-marcon-soluciones-sin-fondo-1.png\",\"width\":2872,\"height\":805,\"caption\":\"Marcon Soluciones Para Impresores\"},\"image\":{\"@id\":\"https:\/\/marcon-services.com\/inicio\/#\/schema\/logo\/image\/\"}}]}<\/script>\n<!-- \/ Yoast SEO plugin. -->","yoast_head_json":{"title":"Recursos Humanos - Marcon Soluciones Para Impresores","robots":{"index":"index","follow":"follow","max-snippet":"max-snippet:-1","max-image-preview":"max-image-preview:large","max-video-preview":"max-video-preview:-1"},"canonical":"https:\/\/marcon-services.com\/inicio\/recursos-humanos\/","og_locale":"es_MX","og_type":"article","og_title":"Recursos Humanos - Marcon Soluciones Para Impresores","og_description":"Marcon Services est\u00e1 en constante crecimiento y buscamos personas de ventas en toda la Rep\u00fablica y personal administrativo en Guadalajara. Favor de enviar su curriculum: administracion@marcon-services.com Tel\u00e9fono directo 33 10779538 Ofertas de trabajo \u00a0 ESPECIALISTA EN VENTA CDMX, EDOMEX, Puebla, Morelos, Hidalgo ESPECIALISTA EN VENTA Quer\u00e9taro, Guanajuato, San Luis Potos\u00ed","og_url":"https:\/\/marcon-services.com\/inicio\/recursos-humanos\/","og_site_name":"Marcon Soluciones Para Impresores","article_modified_time":"2024-06-13T21:02:41+00:00","og_image":[{"url":"https:\/\/marcon-services.com\/wp-content\/uploads\/2018\/07\/rh1-1.png"}],"twitter_card":"summary_large_image","schema":{"@context":"https:\/\/schema.org","@graph":[{"@type":"WebPage","@id":"https:\/\/marcon-services.com\/inicio\/recursos-humanos\/","url":"https:\/\/marcon-services.com\/inicio\/recursos-humanos\/","name":"Recursos Humanos - Marcon Soluciones Para Impresores","isPartOf":{"@id":"https:\/\/marcon-services.com\/inicio\/#website"},"primaryImageOfPage":{"@id":"https:\/\/marcon-services.com\/inicio\/recursos-humanos\/#primaryimage"},"image":{"@id":"https:\/\/marcon-services.com\/inicio\/recursos-humanos\/#primaryimage"},"thumbnailUrl":"https:\/\/marcon-services.com\/wp-content\/uploads\/2018\/07\/rh1-1.png","datePublished":"2018-01-05T19:20:45+00:00","dateModified":"2024-06-13T21:02:41+00:00","breadcrumb":{"@id":"https:\/\/marcon-services.com\/inicio\/recursos-humanos\/#breadcrumb"},"inLanguage":"es","potentialAction":[{"@type":"ReadAction","target":["https:\/\/marcon-services.com\/inicio\/recursos-humanos\/"]}]},{"@type":"ImageObject","inLanguage":"es","@id":"https:\/\/marcon-services.com\/inicio\/recursos-humanos\/#primaryimage","url":"https:\/\/marcon-services.com\/wp-content\/uploads\/2018\/07\/rh1-1.png","contentUrl":"https:\/\/marcon-services.com\/wp-content\/uploads\/2018\/07\/rh1-1.png"},{"@type":"BreadcrumbList","@id":"https:\/\/marcon-services.com\/inicio\/recursos-humanos\/#breadcrumb","itemListElement":[{"@type":"ListItem","position":1,"name":"Inicio","item":"https:\/\/marcon-services.com\/inicio\/"},{"@type":"ListItem","position":2,"name":"Recursos Humanos"}]},{"@type":"WebSite","@id":"https:\/\/marcon-services.com\/inicio\/#website","url":"https:\/\/marcon-services.com\/inicio\/","name":"Marcon Soluciones Para Impresores","description":"Somos una empresa din\u00e1mica fundada en el 2006 enfocada a la industria gr\u00e1fica, pl\u00e1stica, rotograbado, textil y de empaque.  En MARCON representamos y distribuimos oficialmente en M\u00e9xico y Latinoam\u00e9rica marcas l\u00edderes en el mercado de impresi\u00f3n y pl\u00e1stico.","publisher":{"@id":"https:\/\/marcon-services.com\/inicio\/#organization"},"potentialAction":[{"@type":"SearchAction","target":{"@type":"EntryPoint","urlTemplate":"https:\/\/marcon-services.com\/inicio\/?s={search_term_string}"},"query-input":{"@type":"PropertyValueSpecification","valueRequired":true,"valueName":"search_term_string"}}],"inLanguage":"es"},{"@type":"Organization","@id":"https:\/\/marcon-services.com\/inicio\/#organization","name":"Marcon Soluciones Para Impresores","url":"https:\/\/marcon-services.com\/inicio\/","logo":{"@type":"ImageObject","inLanguage":"es","@id":"https:\/\/marcon-services.com\/inicio\/#\/schema\/logo\/image\/","url":"https:\/\/marcon-services.com\/wp-content\/uploads\/2021\/10\/LOGO-marcon-soluciones-sin-fondo-1.png","contentUrl":"https:\/\/marcon-services.com\/wp-content\/uploads\/2021\/10\/LOGO-marcon-soluciones-sin-fondo-1.png","width":2872,"height":805,"caption":"Marcon Soluciones Para Impresores"},"image":{"@id":"https:\/\/marcon-services.com\/inicio\/#\/schema\/logo\/image\/"}}]}},"uagb_featured_image_src":{"full":false,"thumbnail":false,"medium":false,"medium_large":false,"large":false,"1536x1536":false,"2048x2048":false,"trp-custom-language-flag":false},"uagb_author_info":{"display_name":"marcons-web","author_link":"https:\/\/marcon-services.com\/inicio\/author\/osvaldo\/"},"uagb_comment_info":0,"uagb_excerpt":"Marcon Services est\u00e1 en constante crecimiento y buscamos personas de ventas en toda la Rep\u00fablica y personal administrativo en Guadalajara. Favor de enviar su curriculum: administracion@marcon-services.com Tel\u00e9fono directo 33 10779538 Ofertas de trabajo \u00a0 ESPECIALISTA EN VENTA CDMX, EDOMEX, Puebla, Morelos, Hidalgo ESPECIALISTA EN VENTA Quer\u00e9taro, Guanajuato, San Luis Potos\u00ed","_links":{"self":[{"href":"https:\/\/marcon-services.com\/inicio\/wp-json\/wp\/v2\/pages\/357"}],"collection":[{"href":"https:\/\/marcon-services.com\/inicio\/wp-json\/wp\/v2\/pages"}],"about":[{"href":"https:\/\/marcon-services.com\/inicio\/wp-json\/wp\/v2\/types\/page"}],"author":[{"embeddable":true,"href":"https:\/\/marcon-services.com\/inicio\/wp-json\/wp\/v2\/users\/2"}],"replies":[{"embeddable":true,"href":"https:\/\/marcon-services.com\/inicio\/wp-json\/wp\/v2\/comments?post=357"}],"version-history":[{"count":9,"href":"https:\/\/marcon-services.com\/inicio\/wp-json\/wp\/v2\/pages\/357\/revisions"}],"predecessor-version":[{"id":2530,"href":"https:\/\/marcon-services.com\/inicio\/wp-json\/wp\/v2\/pages\/357\/revisions\/2530"}],"wp:attachment":[{"href":"https:\/\/marcon-services.com\/inicio\/wp-json\/wp\/v2\/media?parent=357"}],"curies":[{"name":"wp","href":"https:\/\/api.w.org\/{rel}","templated":true}]}}