{"id":8,"date":"2016-03-27T20:10:08","date_gmt":"2016-03-27T20:10:08","guid":{"rendered":"http:\/\/marcon-services.com\/?page_id=8"},"modified":"2024-06-13T11:01:18","modified_gmt":"2024-06-13T17:01:18","slug":"enpurex","status":"publish","type":"page","link":"https:\/\/marcon-services.com\/inicio\/enpurex\/","title":{"rendered":"LIMPIADOR DE RODILLOS ANILOX ENPUREX"},"content":{"rendered":"\n<div data-aos= \"zoom-in-down\" data-aos-duration=\"400\" data-aos-delay=\"0\" data-aos-easing=\"ease\" data-aos-once=\"true\" class=\"wp-block-uagb-container uagb-block-85ad5392 alignfull uagb-is-root-container\"><div class=\"uagb-container-inner-blocks-wrap\">\n<div class=\"wp-block-uagb-container uagb-block-e16bd3c1\">\n<div class=\"wp-block-uagb-container uagb-block-cf9272e1\">\n<figure class=\"wp-block-image aligncenter size-full is-resized\"><img loading=\"lazy\" decoding=\"async\" width=\"301\" height=\"504\" src=\"https:\/\/marcon-services.com\/wp-content\/uploads\/2020\/08\/enpurexpro.png\" alt=\"\" class=\"wp-image-647\" style=\"width:319px;height:auto\" srcset=\"https:\/\/marcon-services.com\/wp-content\/uploads\/2020\/08\/enpurexpro.png 301w, https:\/\/marcon-services.com\/wp-content\/uploads\/2020\/08\/enpurexpro-179x300.png 179w\" sizes=\"(max-width: 301px) 100vw, 301px\" \/><\/figure>\n<\/div>\n\n\n\n<div class=\"wp-block-uagb-container uagb-block-11d05797\">\n<p class=\"strong\"><strong>Enpurex limpiadorores<\/strong><\/p>\n<p>Los limpiadores de rodillos anilox est\u00e1n\u00a0 hechos\u00a0 a base de agua. Son \u00fatiles para tintas a base de agua, lacas UV, tintas con 2 componentes, tintas a bases de solvente y lacas\/tintas met\u00e1licas.<\/p>\n<p>La composici\u00f3n del limpiador\u00a0 de rodillos ENPUREX no diluye la tinta sino, fragmenta la tinta incrustada, de esta manera la remueve de los rodillos.<\/p>\n<p>Caracter\u00edsticas:<\/p>\n<ul>\n<li><i class=\"icon-ok\"><\/i>Base de agua<\/li>\n<li><i class=\"icon-ok\"><\/i>Biodegradable<\/li>\n<li><i class=\"icon-ok\"><\/i>PH Neutral<\/li>\n<li><i class=\"icon-ok\"><\/i>Dermatol\u00f3gicamente aprobados<\/li>\n<li>\u00a0Amigables con el aluminio<\/li>\n<li><i class=\"icon-ok\"><\/i>Limpieza profunda esperar de 5 a 8 minutos (dependiendo el grado de suciedad)<\/li>\n<\/ul>\n<\/div>\n<\/div>\n\n\n\n<div class=\"wp-block-uagb-container uagb-block-05628c04\">\n<figure class=\"wp-block-embed is-type-video is-provider-youtube wp-block-embed-youtube wp-embed-aspect-16-9 wp-has-aspect-ratio\"><div class=\"wp-block-embed__wrapper\">\n<div class=\"ast-oembed-container \" style=\"height: 100%;\"><iframe loading=\"lazy\" title=\"TKM Enpurex - Intelligent Anilox Cleaning Fluid from TKM. www.tkmgroup.com\" width=\"500\" height=\"281\" src=\"https:\/\/www.youtube.com\/embed\/giCC8eulq80?feature=oembed\" frameborder=\"0\" allow=\"accelerometer; autoplay; clipboard-write; encrypted-media; gyroscope; picture-in-picture; web-share\" referrerpolicy=\"strict-origin-when-cross-origin\" allowfullscreen><\/iframe><\/div>\n<\/div><\/figure>\n<\/div>\n<\/div><\/div>\n","protected":false},"excerpt":{"rendered":"<p>Enpurex limpiadorores Los limpiadores de rodillos anilox est\u00e1n\u00a0 hechos\u00a0 a base de agua. Son \u00fatiles para tintas a base de agua, lacas UV, tintas con 2 componentes, tintas a bases de solvente y lacas\/tintas met\u00e1licas. La composici\u00f3n del limpiador\u00a0 de rodillos ENPUREX no diluye la tinta sino, fragmenta la tinta incrustada, de esta manera la [&hellip;]<\/p>\n","protected":false},"author":1,"featured_media":0,"parent":0,"menu_order":0,"comment_status":"closed","ping_status":"closed","template":"","meta":{"_uag_custom_page_level_css":"","site-sidebar-layout":"no-sidebar","site-content-layout":"plain-container","ast-site-content-layout":"normal-width-container","site-content-style":"unboxed","site-sidebar-style":"unboxed","ast-global-header-display":"","ast-banner-title-visibility":"","ast-main-header-display":"","ast-hfb-above-header-display":"","ast-hfb-below-header-display":"","ast-hfb-mobile-header-display":"","site-post-title":"disabled","ast-breadcrumbs-content":"","ast-featured-img":"disabled","footer-sml-layout":"","theme-transparent-header-meta":"default","adv-header-id-meta":"","stick-header-meta":"","header-above-stick-meta":"","header-main-stick-meta":"","header-below-stick-meta":"","astra-migrate-meta-layouts":"set","ast-page-background-enabled":"default","ast-page-background-meta":{"desktop":{"background-color":"var(--ast-global-color-4)","background-image":"","background-repeat":"repeat","background-position":"center center","background-size":"auto","background-attachment":"scroll","background-type":"","background-media":"","overlay-type":"","overlay-color":"","overlay-opacity":"","overlay-gradient":""},"tablet":{"background-color":"","background-image":"","background-repeat":"repeat","background-position":"center center","background-size":"auto","background-attachment":"scroll","background-type":"","background-media":"","overlay-type":"","overlay-color":"","overlay-opacity":"","overlay-gradient":""},"mobile":{"background-color":"","background-image":"","background-repeat":"repeat","background-position":"center center","background-size":"auto","background-attachment":"scroll","background-type":"","background-media":"","overlay-type":"","overlay-color":"","overlay-opacity":"","overlay-gradient":""}},"ast-content-background-meta":{"desktop":{"background-color":"var(--ast-global-color-5)","background-image":"","background-repeat":"repeat","background-position":"center center","background-size":"auto","background-attachment":"scroll","background-type":"","background-media":"","overlay-type":"","overlay-color":"","overlay-opacity":"","overlay-gradient":""},"tablet":{"background-color":"var(--ast-global-color-5)","background-image":"","background-repeat":"repeat","background-position":"center center","background-size":"auto","background-attachment":"scroll","background-type":"","background-media":"","overlay-type":"","overlay-color":"","overlay-opacity":"","overlay-gradient":""},"mobile":{"background-color":"var(--ast-global-color-5)","background-image":"","background-repeat":"repeat","background-position":"center center","background-size":"auto","background-attachment":"scroll","background-type":"","background-media":"","overlay-type":"","overlay-color":"","overlay-opacity":"","overlay-gradient":""}},"footnotes":""},"yoast_head":"<!-- This site is optimized with the Yoast SEO plugin v23.8 - https:\/\/yoast.com\/wordpress\/plugins\/seo\/ -->\n<title>LIMPIADOR DE RODILLOS ANILOX ENPUREX - Marcon Soluciones Para Impresores<\/title>\n<meta name=\"robots\" content=\"index, follow, max-snippet:-1, max-image-preview:large, max-video-preview:-1\" \/>\n<link rel=\"canonical\" href=\"https:\/\/marcon-services.com\/inicio\/enpurex\/\" \/>\n<meta property=\"og:locale\" content=\"es_MX\" \/>\n<meta property=\"og:type\" content=\"article\" \/>\n<meta property=\"og:title\" content=\"LIMPIADOR DE RODILLOS ANILOX ENPUREX - Marcon Soluciones Para Impresores\" \/>\n<meta property=\"og:description\" content=\"Enpurex limpiadorores Los limpiadores de rodillos anilox est\u00e1n\u00a0 hechos\u00a0 a base de agua. Son \u00fatiles para tintas a base de agua, lacas UV, tintas con 2 componentes, tintas a bases de solvente y lacas\/tintas met\u00e1licas. La composici\u00f3n del limpiador\u00a0 de rodillos ENPUREX no diluye la tinta sino, fragmenta la tinta incrustada, de esta manera la [&hellip;]\" \/>\n<meta property=\"og:url\" content=\"https:\/\/marcon-services.com\/inicio\/enpurex\/\" \/>\n<meta property=\"og:site_name\" content=\"Marcon Soluciones Para Impresores\" \/>\n<meta property=\"article:modified_time\" content=\"2024-06-13T17:01:18+00:00\" \/>\n<meta property=\"og:image\" content=\"https:\/\/marcon-services.com\/wp-content\/uploads\/2020\/08\/enpurexpro.png\" \/>\n<meta name=\"twitter:card\" content=\"summary_large_image\" \/>\n<meta name=\"twitter:label1\" content=\"Tiempo de lectura\" \/>\n\t<meta name=\"twitter:data1\" content=\"1 minuto\" \/>\n<script type=\"application\/ld+json\" class=\"yoast-schema-graph\">{\"@context\":\"https:\/\/schema.org\",\"@graph\":[{\"@type\":\"WebPage\",\"@id\":\"https:\/\/marcon-services.com\/inicio\/enpurex\/\",\"url\":\"https:\/\/marcon-services.com\/inicio\/enpurex\/\",\"name\":\"LIMPIADOR DE RODILLOS ANILOX ENPUREX - Marcon Soluciones Para Impresores\",\"isPartOf\":{\"@id\":\"https:\/\/marcon-services.com\/inicio\/#website\"},\"primaryImageOfPage\":{\"@id\":\"https:\/\/marcon-services.com\/inicio\/enpurex\/#primaryimage\"},\"image\":{\"@id\":\"https:\/\/marcon-services.com\/inicio\/enpurex\/#primaryimage\"},\"thumbnailUrl\":\"https:\/\/marcon-services.com\/wp-content\/uploads\/2020\/08\/enpurexpro.png\",\"datePublished\":\"2016-03-27T20:10:08+00:00\",\"dateModified\":\"2024-06-13T17:01:18+00:00\",\"breadcrumb\":{\"@id\":\"https:\/\/marcon-services.com\/inicio\/enpurex\/#breadcrumb\"},\"inLanguage\":\"es\",\"potentialAction\":[{\"@type\":\"ReadAction\",\"target\":[\"https:\/\/marcon-services.com\/inicio\/enpurex\/\"]}]},{\"@type\":\"ImageObject\",\"inLanguage\":\"es\",\"@id\":\"https:\/\/marcon-services.com\/inicio\/enpurex\/#primaryimage\",\"url\":\"https:\/\/marcon-services.com\/wp-content\/uploads\/2020\/08\/enpurexpro.png\",\"contentUrl\":\"https:\/\/marcon-services.com\/wp-content\/uploads\/2020\/08\/enpurexpro.png\"},{\"@type\":\"BreadcrumbList\",\"@id\":\"https:\/\/marcon-services.com\/inicio\/enpurex\/#breadcrumb\",\"itemListElement\":[{\"@type\":\"ListItem\",\"position\":1,\"name\":\"Inicio\",\"item\":\"https:\/\/marcon-services.com\/inicio\/\"},{\"@type\":\"ListItem\",\"position\":2,\"name\":\"LIMPIADOR DE RODILLOS ANILOX ENPUREX\"}]},{\"@type\":\"WebSite\",\"@id\":\"https:\/\/marcon-services.com\/inicio\/#website\",\"url\":\"https:\/\/marcon-services.com\/inicio\/\",\"name\":\"Marcon Soluciones Para Impresores\",\"description\":\"Somos una empresa din\u00e1mica fundada en el 2006 enfocada a la industria gr\u00e1fica, pl\u00e1stica, rotograbado, textil y de empaque.  En MARCON representamos y distribuimos oficialmente en M\u00e9xico y Latinoam\u00e9rica marcas l\u00edderes en el mercado de impresi\u00f3n y pl\u00e1stico.\",\"publisher\":{\"@id\":\"https:\/\/marcon-services.com\/inicio\/#organization\"},\"potentialAction\":[{\"@type\":\"SearchAction\",\"target\":{\"@type\":\"EntryPoint\",\"urlTemplate\":\"https:\/\/marcon-services.com\/inicio\/?s={search_term_string}\"},\"query-input\":{\"@type\":\"PropertyValueSpecification\",\"valueRequired\":true,\"valueName\":\"search_term_string\"}}],\"inLanguage\":\"es\"},{\"@type\":\"Organization\",\"@id\":\"https:\/\/marcon-services.com\/inicio\/#organization\",\"name\":\"Marcon Soluciones Para Impresores\",\"url\":\"https:\/\/marcon-services.com\/inicio\/\",\"logo\":{\"@type\":\"ImageObject\",\"inLanguage\":\"es\",\"@id\":\"https:\/\/marcon-services.com\/inicio\/#\/schema\/logo\/image\/\",\"url\":\"https:\/\/marcon-services.com\/wp-content\/uploads\/2021\/10\/LOGO-marcon-soluciones-sin-fondo-1.png\",\"contentUrl\":\"https:\/\/marcon-services.com\/wp-content\/uploads\/2021\/10\/LOGO-marcon-soluciones-sin-fondo-1.png\",\"width\":2872,\"height\":805,\"caption\":\"Marcon Soluciones Para Impresores\"},\"image\":{\"@id\":\"https:\/\/marcon-services.com\/inicio\/#\/schema\/logo\/image\/\"}}]}<\/script>\n<!-- \/ Yoast SEO plugin. -->","yoast_head_json":{"title":"LIMPIADOR DE RODILLOS ANILOX ENPUREX - Marcon Soluciones Para Impresores","robots":{"index":"index","follow":"follow","max-snippet":"max-snippet:-1","max-image-preview":"max-image-preview:large","max-video-preview":"max-video-preview:-1"},"canonical":"https:\/\/marcon-services.com\/inicio\/enpurex\/","og_locale":"es_MX","og_type":"article","og_title":"LIMPIADOR DE RODILLOS ANILOX ENPUREX - Marcon Soluciones Para Impresores","og_description":"Enpurex limpiadorores Los limpiadores de rodillos anilox est\u00e1n\u00a0 hechos\u00a0 a base de agua. Son \u00fatiles para tintas a base de agua, lacas UV, tintas con 2 componentes, tintas a bases de solvente y lacas\/tintas met\u00e1licas. La composici\u00f3n del limpiador\u00a0 de rodillos ENPUREX no diluye la tinta sino, fragmenta la tinta incrustada, de esta manera la [&hellip;]","og_url":"https:\/\/marcon-services.com\/inicio\/enpurex\/","og_site_name":"Marcon Soluciones Para Impresores","article_modified_time":"2024-06-13T17:01:18+00:00","og_image":[{"url":"https:\/\/marcon-services.com\/wp-content\/uploads\/2020\/08\/enpurexpro.png"}],"twitter_card":"summary_large_image","twitter_misc":{"Tiempo de lectura":"1 minuto"},"schema":{"@context":"https:\/\/schema.org","@graph":[{"@type":"WebPage","@id":"https:\/\/marcon-services.com\/inicio\/enpurex\/","url":"https:\/\/marcon-services.com\/inicio\/enpurex\/","name":"LIMPIADOR DE RODILLOS ANILOX ENPUREX - Marcon Soluciones Para Impresores","isPartOf":{"@id":"https:\/\/marcon-services.com\/inicio\/#website"},"primaryImageOfPage":{"@id":"https:\/\/marcon-services.com\/inicio\/enpurex\/#primaryimage"},"image":{"@id":"https:\/\/marcon-services.com\/inicio\/enpurex\/#primaryimage"},"thumbnailUrl":"https:\/\/marcon-services.com\/wp-content\/uploads\/2020\/08\/enpurexpro.png","datePublished":"2016-03-27T20:10:08+00:00","dateModified":"2024-06-13T17:01:18+00:00","breadcrumb":{"@id":"https:\/\/marcon-services.com\/inicio\/enpurex\/#breadcrumb"},"inLanguage":"es","potentialAction":[{"@type":"ReadAction","target":["https:\/\/marcon-services.com\/inicio\/enpurex\/"]}]},{"@type":"ImageObject","inLanguage":"es","@id":"https:\/\/marcon-services.com\/inicio\/enpurex\/#primaryimage","url":"https:\/\/marcon-services.com\/wp-content\/uploads\/2020\/08\/enpurexpro.png","contentUrl":"https:\/\/marcon-services.com\/wp-content\/uploads\/2020\/08\/enpurexpro.png"},{"@type":"BreadcrumbList","@id":"https:\/\/marcon-services.com\/inicio\/enpurex\/#breadcrumb","itemListElement":[{"@type":"ListItem","position":1,"name":"Inicio","item":"https:\/\/marcon-services.com\/inicio\/"},{"@type":"ListItem","position":2,"name":"LIMPIADOR DE RODILLOS ANILOX ENPUREX"}]},{"@type":"WebSite","@id":"https:\/\/marcon-services.com\/inicio\/#website","url":"https:\/\/marcon-services.com\/inicio\/","name":"Marcon Soluciones Para Impresores","description":"Somos una empresa din\u00e1mica fundada en el 2006 enfocada a la industria gr\u00e1fica, pl\u00e1stica, rotograbado, textil y de empaque.  En MARCON representamos y distribuimos oficialmente en M\u00e9xico y Latinoam\u00e9rica marcas l\u00edderes en el mercado de impresi\u00f3n y pl\u00e1stico.","publisher":{"@id":"https:\/\/marcon-services.com\/inicio\/#organization"},"potentialAction":[{"@type":"SearchAction","target":{"@type":"EntryPoint","urlTemplate":"https:\/\/marcon-services.com\/inicio\/?s={search_term_string}"},"query-input":{"@type":"PropertyValueSpecification","valueRequired":true,"valueName":"search_term_string"}}],"inLanguage":"es"},{"@type":"Organization","@id":"https:\/\/marcon-services.com\/inicio\/#organization","name":"Marcon Soluciones Para Impresores","url":"https:\/\/marcon-services.com\/inicio\/","logo":{"@type":"ImageObject","inLanguage":"es","@id":"https:\/\/marcon-services.com\/inicio\/#\/schema\/logo\/image\/","url":"https:\/\/marcon-services.com\/wp-content\/uploads\/2021\/10\/LOGO-marcon-soluciones-sin-fondo-1.png","contentUrl":"https:\/\/marcon-services.com\/wp-content\/uploads\/2021\/10\/LOGO-marcon-soluciones-sin-fondo-1.png","width":2872,"height":805,"caption":"Marcon Soluciones Para Impresores"},"image":{"@id":"https:\/\/marcon-services.com\/inicio\/#\/schema\/logo\/image\/"}}]}},"uagb_featured_image_src":{"full":false,"thumbnail":false,"medium":false,"medium_large":false,"large":false,"1536x1536":false,"2048x2048":false,"trp-custom-language-flag":false},"uagb_author_info":{"display_name":"marcon-services","author_link":"https:\/\/marcon-services.com\/inicio\/author\/marcon-services\/"},"uagb_comment_info":0,"uagb_excerpt":"Enpurex limpiadorores Los limpiadores de rodillos anilox est\u00e1n\u00a0 hechos\u00a0 a base de agua. Son \u00fatiles para tintas a base de agua, lacas UV, tintas con 2 componentes, tintas a bases de solvente y lacas\/tintas met\u00e1licas. La composici\u00f3n del limpiador\u00a0 de rodillos ENPUREX no diluye la tinta sino, fragmenta la tinta incrustada, de esta manera la&hellip;","_links":{"self":[{"href":"https:\/\/marcon-services.com\/inicio\/wp-json\/wp\/v2\/pages\/8"}],"collection":[{"href":"https:\/\/marcon-services.com\/inicio\/wp-json\/wp\/v2\/pages"}],"about":[{"href":"https:\/\/marcon-services.com\/inicio\/wp-json\/wp\/v2\/types\/page"}],"author":[{"embeddable":true,"href":"https:\/\/marcon-services.com\/inicio\/wp-json\/wp\/v2\/users\/1"}],"replies":[{"embeddable":true,"href":"https:\/\/marcon-services.com\/inicio\/wp-json\/wp\/v2\/comments?post=8"}],"version-history":[{"count":43,"href":"https:\/\/marcon-services.com\/inicio\/wp-json\/wp\/v2\/pages\/8\/revisions"}],"predecessor-version":[{"id":2515,"href":"https:\/\/marcon-services.com\/inicio\/wp-json\/wp\/v2\/pages\/8\/revisions\/2515"}],"wp:attachment":[{"href":"https:\/\/marcon-services.com\/inicio\/wp-json\/wp\/v2\/media?parent=8"}],"curies":[{"name":"wp","href":"https:\/\/api.w.org\/{rel}","templated":true}]}}